{"id":579,"date":"2023-02-16T10:18:39","date_gmt":"2023-02-16T10:18:39","guid":{"rendered":"https:\/\/www.oliferm.com\/die-genossenschaft\/"},"modified":"2024-02-19T08:29:33","modified_gmt":"2024-02-19T08:29:33","slug":"die-genossenschaft","status":"publish","type":"page","link":"https:\/\/www.oliferm.com\/de\/die-genossenschaft\/","title":{"rendered":"Die Cooperativa"},"content":{"rendered":"<p><img loading=\"lazy\" decoding=\"async\" class=\"alignnone size-medium wp-image-60\" src=\"https:\/\/www.oliferm.com\/wp-content\/uploads\/2022\/02\/logo-coop-1-300x204.png\" alt=\"\" width=\"300\" height=\"204\" srcset=\"https:\/\/www.oliferm.com\/wp-content\/uploads\/2022\/02\/logo-coop-1-300x204.png 300w, https:\/\/www.oliferm.com\/wp-content\/uploads\/2022\/02\/logo-coop-1-600x408.png 600w, https:\/\/www.oliferm.com\/wp-content\/uploads\/2022\/02\/logo-coop-1-1024x696.png 1024w, https:\/\/www.oliferm.com\/wp-content\/uploads\/2022\/02\/logo-coop-1-768x522.png 768w, https:\/\/www.oliferm.com\/wp-content\/uploads\/2022\/02\/logo-coop-1-1536x1044.png 1536w, https:\/\/www.oliferm.com\/wp-content\/uploads\/2022\/02\/logo-coop-1-2048x1392.png 2048w\" sizes=\"auto, (max-width: 300px) 100vw, 300px\" \/><\/p>\n<p>&nbsp;<\/p>\n<p>Die Genossenschaft Camp de <a href=\"https:\/\/www.femturisme.cat\/es\/contacto?ref=\/es\/pueblos\/castelldans\">Castelldans<\/a> liegt im Herzen einer Region, die f\u00fcr ihren \u00d6ltourismus bekannt ist, und ist stolz darauf, die Seele hinter <strong><span class=\"hiddenSpellError\">OliFERM<\/span><\/strong> zu sein, einem fl\u00fcssigen Schatz, der die Essenz unseres symboltr\u00e4chtigsten Produkts einf\u00e4ngt: Oliven\u00f6l.<\/p>\n<p>Mit jahrzehntelanger Leidenschaft und Expertise in der Herstellung von Produkten aus unserem Land pr\u00e4sentieren wir Ihnen eine Geschichte, die \u00fcber das Gew\u00f6hnliche hinausgeht. Bei <strong><span class=\"hiddenSpellError\">OliFERM<\/span><\/strong> ist jeder Tropfen unseres nativen Oliven\u00f6ls extra eine Symphonie aus Geschmack und Tradition. Dar\u00fcber hinaus liegt unser Geheimnis in der ausgew\u00e4hlten, zu 100 % einheimischen Arbequina-Olive, deren einzigartige organoleptische Eigenschaften zur Seele unserer Felder werden.<\/p>\n<p>Andererseits haben wir im Laufe der Jahre die Kunst der \u00d6lherstellung in der Genossenschaft perfektioniert. <strong><span class=\"hiddenSpellError\">OliFERM<\/span><\/strong> ist nicht nur ein Produkt; Es ist das Erbe von Generationen, ein Fest der Exzellenz. Mit sorgf\u00e4ltigen mechanischen Extraktionsmethoden garantieren wir, dass jede Flasche <strong><span class=\"hiddenSpellError\">OliFERM<\/span><\/strong> die Reinheit und die inneren Vorz\u00fcge unserer Oliven bewahrt.<\/p>\n<p>Wenn Sie sich also f\u00fcr <strong><span class=\"hiddenSpellError\">OliFERM<\/span><\/strong> entscheiden, entscheiden Sie sich nicht nur f\u00fcr ein Oliven\u00f6l; Sie entscheiden sich f\u00fcr eine Geschichte voller Qualit\u00e4t, Hingabe und Respekt vor der Natur. Jede Verwendung ist eine Sinnesreise, eine Gelegenheit, sich mit der Erde und den Geschenken zu verbinden. Lassen Sie sich abschlie\u00dfend von der Magie von <strong><span class=\"hiddenSpellError\">OliFERM<\/span><\/strong> verf\u00fchren und verwandeln Sie jedes Gericht in ein kulinarisches Meisterwerk.<\/p>\n<p>&nbsp;<\/p>\n","protected":false},"excerpt":{"rendered":"<p>&nbsp; Die Genossenschaft Camp de Castelldans liegt im Herzen einer Region, die f\u00fcr ihren \u00d6ltourismus bekannt ist, und ist stolz darauf, die Seele hinter OliFERM zu sein, einem fl\u00fcssigen Schatz, der die Essenz unseres symboltr\u00e4chtigsten Produkts einf\u00e4ngt: Oliven\u00f6l. Mit jahrzehntelanger Leidenschaft und Expertise in der Herstellung von Produkten aus unserem Land pr\u00e4sentieren wir Ihnen eine [&hellip;]<\/p>\n","protected":false},"author":1,"featured_media":504,"parent":0,"menu_order":0,"comment_status":"closed","ping_status":"closed","template":"page-custom2.php","meta":{"_acf_changed":false,"footnotes":""},"class_list":["post-579","page","type-page","status-publish","has-post-thumbnail","hentry"],"acf":[],"yoast_head":"<!-- This site is optimized with the Yoast SEO plugin v27.4 - https:\/\/yoast.com\/product\/yoast-seo-wordpress\/ -->\n<title>Die Cooperativa - OliFERM - Oli d&#039;Oliva Verge Extra<\/title>\n<meta name=\"description\" content=\"Die Genossenschaft Camp de Castelldans ist die Seele hinter OliFERM, das die Essenz des symboltr\u00e4chtigsten Produkts einf\u00e4ngt: Oliven\u00f6l.\" \/>\n<meta name=\"robots\" content=\"index, follow, max-snippet:-1, max-image-preview:large, max-video-preview:-1\" \/>\n<link rel=\"canonical\" href=\"https:\/\/www.oliferm.com\/de\/die-genossenschaft\/\" \/>\n<meta property=\"og:locale\" content=\"de_DE\" \/>\n<meta property=\"og:type\" content=\"article\" \/>\n<meta property=\"og:title\" content=\"Die Cooperativa - OliFERM - Oli d&#039;Oliva Verge Extra\" \/>\n<meta property=\"og:description\" content=\"Die Genossenschaft Camp de Castelldans ist die Seele hinter OliFERM, das die Essenz des symboltr\u00e4chtigsten Produkts einf\u00e4ngt: Oliven\u00f6l.\" \/>\n<meta property=\"og:url\" content=\"https:\/\/www.oliferm.com\/de\/die-genossenschaft\/\" \/>\n<meta property=\"og:site_name\" content=\"OliFERM - Oli d&#039;Oliva Verge Extra\" \/>\n<meta property=\"article:publisher\" content=\"https:\/\/www.facebook.com\/oliferm\" \/>\n<meta property=\"article:modified_time\" content=\"2024-02-19T08:29:33+00:00\" \/>\n<meta property=\"og:image\" content=\"https:\/\/www.oliferm.com\/wp-content\/uploads\/2022\/02\/JVE_9344_7e729287-21c5-4379-a5c2-173c540545e1-scaled.jpeg\" \/>\n\t<meta property=\"og:image:width\" content=\"2560\" \/>\n\t<meta property=\"og:image:height\" content=\"1706\" \/>\n\t<meta property=\"og:image:type\" content=\"image\/jpeg\" \/>\n<meta name=\"twitter:card\" content=\"summary_large_image\" \/>\n<meta name=\"twitter:label1\" content=\"Gesch\u00e4tzte Lesezeit\" \/>\n\t<meta name=\"twitter:data1\" content=\"1\u00a0Minute\" \/>\n<!-- \/ Yoast SEO plugin. -->","yoast_head_json":{"title":"Die Cooperativa - OliFERM - Oli d&#039;Oliva Verge Extra","description":"Die Genossenschaft Camp de Castelldans ist die Seele hinter OliFERM, das die Essenz des symboltr\u00e4chtigsten Produkts einf\u00e4ngt: Oliven\u00f6l.","robots":{"index":"index","follow":"follow","max-snippet":"max-snippet:-1","max-image-preview":"max-image-preview:large","max-video-preview":"max-video-preview:-1"},"canonical":"https:\/\/www.oliferm.com\/de\/die-genossenschaft\/","og_locale":"de_DE","og_type":"article","og_title":"Die Cooperativa - OliFERM - Oli d&#039;Oliva Verge Extra","og_description":"Die Genossenschaft Camp de Castelldans ist die Seele hinter OliFERM, das die Essenz des symboltr\u00e4chtigsten Produkts einf\u00e4ngt: Oliven\u00f6l.","og_url":"https:\/\/www.oliferm.com\/de\/die-genossenschaft\/","og_site_name":"OliFERM - Oli d&#039;Oliva Verge Extra","article_publisher":"https:\/\/www.facebook.com\/oliferm","article_modified_time":"2024-02-19T08:29:33+00:00","og_image":[{"width":2560,"height":1706,"url":"https:\/\/www.oliferm.com\/wp-content\/uploads\/2022\/02\/JVE_9344_7e729287-21c5-4379-a5c2-173c540545e1-scaled.jpeg","type":"image\/jpeg"}],"twitter_card":"summary_large_image","twitter_misc":{"Gesch\u00e4tzte Lesezeit":"1\u00a0Minute"},"schema":{"@context":"https:\/\/schema.org","@graph":[{"@type":"WebPage","@id":"https:\/\/www.oliferm.com\/de\/die-genossenschaft\/","url":"https:\/\/www.oliferm.com\/de\/die-genossenschaft\/","name":"Die Cooperativa - OliFERM - Oli d&#039;Oliva Verge Extra","isPartOf":{"@id":"https:\/\/www.oliferm.com\/#website"},"primaryImageOfPage":{"@id":"https:\/\/www.oliferm.com\/de\/die-genossenschaft\/#primaryimage"},"image":{"@id":"https:\/\/www.oliferm.com\/de\/die-genossenschaft\/#primaryimage"},"thumbnailUrl":"https:\/\/www.oliferm.com\/wp-content\/uploads\/2022\/02\/JVE_9344_7e729287-21c5-4379-a5c2-173c540545e1-scaled.jpeg","datePublished":"2023-02-16T10:18:39+00:00","dateModified":"2024-02-19T08:29:33+00:00","description":"Die Genossenschaft Camp de Castelldans ist die Seele hinter OliFERM, das die Essenz des symboltr\u00e4chtigsten Produkts einf\u00e4ngt: Oliven\u00f6l.","breadcrumb":{"@id":"https:\/\/www.oliferm.com\/de\/die-genossenschaft\/#breadcrumb"},"inLanguage":"de","potentialAction":[{"@type":"ReadAction","target":["https:\/\/www.oliferm.com\/de\/die-genossenschaft\/"]}]},{"@type":"ImageObject","inLanguage":"de","@id":"https:\/\/www.oliferm.com\/de\/die-genossenschaft\/#primaryimage","url":"https:\/\/www.oliferm.com\/wp-content\/uploads\/2022\/02\/JVE_9344_7e729287-21c5-4379-a5c2-173c540545e1-scaled.jpeg","contentUrl":"https:\/\/www.oliferm.com\/wp-content\/uploads\/2022\/02\/JVE_9344_7e729287-21c5-4379-a5c2-173c540545e1-scaled.jpeg","width":2560,"height":1706,"caption":"diferentes botellas de oliferm en un campo de olivos en castelldans"},{"@type":"BreadcrumbList","@id":"https:\/\/www.oliferm.com\/de\/die-genossenschaft\/#breadcrumb","itemListElement":[{"@type":"ListItem","position":1,"name":"Inici","item":"https:\/\/www.oliferm.com\/de\/"},{"@type":"ListItem","position":2,"name":"Die Cooperativa"}]},{"@type":"WebSite","@id":"https:\/\/www.oliferm.com\/#website","url":"https:\/\/www.oliferm.com\/","name":"OliFERM - Oli d&#039;Oliva Verge Extra","description":"Cooperativa de Castelldans","publisher":{"@id":"https:\/\/www.oliferm.com\/#organization"},"potentialAction":[{"@type":"SearchAction","target":{"@type":"EntryPoint","urlTemplate":"https:\/\/www.oliferm.com\/?s={search_term_string}"},"query-input":{"@type":"PropertyValueSpecification","valueRequired":true,"valueName":"search_term_string"}}],"inLanguage":"de"},{"@type":"Organization","@id":"https:\/\/www.oliferm.com\/#organization","name":"OliFERM - Cooperativa de Castelldans","url":"https:\/\/www.oliferm.com\/","logo":{"@type":"ImageObject","inLanguage":"de","@id":"https:\/\/www.oliferm.com\/#\/schema\/logo\/image\/","url":"https:\/\/www.oliferm.com\/wp-content\/uploads\/2022\/02\/logo-ppal.png","contentUrl":"https:\/\/www.oliferm.com\/wp-content\/uploads\/2022\/02\/logo-ppal.png","width":700,"height":542,"caption":"OliFERM - Cooperativa de Castelldans"},"image":{"@id":"https:\/\/www.oliferm.com\/#\/schema\/logo\/image\/"},"sameAs":["https:\/\/www.facebook.com\/oliferm","https:\/\/www.instagram.com\/cooperativacastelldans\/"]}]}},"_links":{"self":[{"href":"https:\/\/www.oliferm.com\/de\/wp-json\/wp\/v2\/pages\/579","targetHints":{"allow":["GET"]}}],"collection":[{"href":"https:\/\/www.oliferm.com\/de\/wp-json\/wp\/v2\/pages"}],"about":[{"href":"https:\/\/www.oliferm.com\/de\/wp-json\/wp\/v2\/types\/page"}],"author":[{"embeddable":true,"href":"https:\/\/www.oliferm.com\/de\/wp-json\/wp\/v2\/users\/1"}],"replies":[{"embeddable":true,"href":"https:\/\/www.oliferm.com\/de\/wp-json\/wp\/v2\/comments?post=579"}],"version-history":[{"count":0,"href":"https:\/\/www.oliferm.com\/de\/wp-json\/wp\/v2\/pages\/579\/revisions"}],"wp:featuredmedia":[{"embeddable":true,"href":"https:\/\/www.oliferm.com\/de\/wp-json\/wp\/v2\/media\/504"}],"wp:attachment":[{"href":"https:\/\/www.oliferm.com\/de\/wp-json\/wp\/v2\/media?parent=579"}],"curies":[{"name":"wp","href":"https:\/\/api.w.org\/{rel}","templated":true}]}}