{"id":583,"date":"2023-02-16T10:18:46","date_gmt":"2023-02-16T10:18:46","guid":{"rendered":"https:\/\/www.oliferm.com\/datenschutz-bestimmungen\/"},"modified":"2024-09-18T06:59:49","modified_gmt":"2024-09-18T06:59:49","slug":"datenschutz-bestimmungen","status":"publish","type":"page","link":"https:\/\/www.oliferm.com\/de\/datenschutz-bestimmungen\/","title":{"rendered":"Datenschutz-Bestimmungen"},"content":{"rendered":"<p>El seu consentiment pot ser revocat en qualsevol moment.\u00a0<strong><em>COOP.\u00a0CAMP DE CASTELLDANS, SCCL<\/em><\/strong>\u00a0, utilitza eines per analitzar perfils, comportaments o prefer\u00e8ncies dels usuaris i posteriorment realitzar campanyes dirigides en funci\u00f3 d&#8217;aquests dades.<\/p>\n<p><strong>PROVE\u00cfMENT DE LA POL\u00cdTICA DE PROTECCI\u00d3 DE DADES PERSONALS.<\/strong><strong>\u00a0<\/strong><\/p>\n<p>Aquesta pol\u00edtica de protecci\u00f3 de dades de car\u00e0cter personal abasta qualsevol tractament de dades que es pugui produir en navegar o interaccionar per qualsevol de les nostres p\u00e0gines WEB o les xarxes socials on puguem tenir pres\u00e8ncia (Facebook, Twitter, Instagram, etc.) .\u00a0Al final d&#8217;aquest document s&#8217;especifica informaci\u00f3 especial al cas de l&#8217;\u00fas de les xarxes socials.\u00a0Tamb\u00e9 s&#8217;aplicar\u00e0 a qualsevol procediment intern de l&#8217;empresa que requereixi la recollida de dades, ja sigui en formularis en format paper o qualsevol altre sistema.\u00a0En qualsevol d&#8217;aquests mitjans, podeu consultar informaci\u00f3, i en alguns casos omplir formularis, contestar encuestas, participar en concursos, realitzar consultes, enviar fotografies, fer comentaris, etc.\u00a0&#8230; i, per tant, proporcionar-nos informaci\u00f3 de dades de car\u00e0cter personal.<\/p>\n<p><strong>QUI \u00c9S EL RESPONSABLE DEL TRACTAMENT DE LES SEVES DADES PERSONALS?<\/strong><strong>\u00a0<\/strong><\/p>\n<p>En compliment del que estableix el Reglament (UE) 2016\/679 del Parlament Europeu i del Consell de 27 d&#8217;abril de 2016 ii la Llei Org\u00e0nica 3\/2018, de 5 de desembre, de Protecci\u00f3 de Dades Personals i garantia dels drets digitals, informem, que les dades de car\u00e0cter personal que ens proporcioni seran tractades per\u00a0<strong><em>COOP.\u00a0CAMP DE CASTELLDANS, SCCL<\/em><\/strong>\u00a0, amb domicili social Cam\u00ed Ermita, s\/n 25154 CIF F25011040, Correu electr\u00f2nic\u00a0<a class=\"js-no-transition\" href=\"mailto:castelldanscoop@gmail.com\">castelldanscoop@gmail.com<\/a>\u00a0.<\/p>\n<p><strong>\u00a0<\/strong><\/p>\n<p><strong>QUINES DADES PERSONALS ES RECULLEN I FINALITAT DELS MATEIXOS?<\/strong><strong>\u00a0<\/strong><\/p>\n<p>Detallem les dades personals que gestiona, aix\u00ed com les seves finalitats.<\/p>\n<div>\n<table>\n<tbody>\n<tr>\n<td width=\"142\"><strong>Apartat<\/strong><\/td>\n<td width=\"142\"><strong>Dades<\/strong><\/td>\n<td width=\"142\"><strong>Finalitat i legitimaci\u00f3<\/strong><\/td>\n<td width=\"142\"><strong>Destinatari<\/strong><\/td>\n<\/tr>\n<tr>\n<td width=\"142\"><strong>Formulari de contacte<\/strong><\/td>\n<td width=\"142\">Correu electr\u00f2nic<\/td>\n<td width=\"142\">Contestar a la vostra pregunta, legitimada en la vostra petici\u00f3 pr\u00e8via.<\/td>\n<td width=\"142\">La nostra empresa<\/td>\n<\/tr>\n<tr>\n<td width=\"142\"><strong>Alta d&#8217;usuari<\/strong><\/td>\n<td width=\"142\">Nom, adre\u00e7a, tel\u00e8fon i correu electr\u00f2nic<\/td>\n<td width=\"142\">Creaci\u00f3 d&#8217;una compte per registrar els seus comandaments, legitimat per la relaci\u00f3 contractual entre les dues parts<\/td>\n<td width=\"142\">La nostra empresa<\/td>\n<\/tr>\n<\/tbody>\n<\/table>\n<\/div>\n<p><strong>\u00a0<\/strong><br \/>\nEl seu consentiment pot ser revocat en qualsevol moment.\u00a0<strong><em>COOP.\u00a0CAMP DE CASTELLDANS, SCCL<\/em><\/strong>\u00a0, utilitza eines per analitzar perfils, comportaments o prefer\u00e8ncies dels usuaris i posteriorment realitzar campanyes dirigides en funci\u00f3 d&#8217;aquests dades.<br \/>\n<strong>\u00a0<\/strong><\/p>\n<p><strong>PER QU\u00c8 RA\u00d3 UTILITZEM LES SEVES DADES PERSONALS?<\/strong><\/p>\n<p>A continuaci\u00f3 us expliquem la base legal que ens permet tractar les vostres dades personals.<\/p>\n<p>1.- En compliment d&#8217;una relaci\u00f3 contractual<\/p>\n<p>2.- Quan ens dona el seu consentiment.<\/p>\n<p>3.- Per inter\u00e8s leg\u00edtim de la\u00a0<strong><em>COOP.\u00a0CAMP DE CASTELLDANS, SCCL<\/em><\/strong>\u00a0, per mostrar serveis, productes i iniciatives que puguin interessar<\/p>\n<p>4.- Compliment d&#8217;obligacions imposades per llei.\u00a0Us recordem que podeu revocar el vostre consentiment en qualsevol moment a la seg\u00fcent adre\u00e7a:\u00a0<a class=\"js-no-transition\" href=\"mailto:castelldanscoop@gmail.com\">castelldanscoop@gmail.com<\/a>\u00a0.<strong>\u00a0<\/strong><\/p>\n<p><strong>PUBLICACIONS DE FOTOS O V\u00cdDEOS DE LA P\u00c0GINA WEB OA LES XARXES SOCIALS.<\/strong><\/p>\n<p>Per a la publicaci\u00f3 de fotografies o v\u00eddeos dels nostres treballadors, clients, usuaris o menors al WEB o xarxes socials, igual que per recopilar dades per realitzar un concurs o tractar qualsevol altra donaci\u00f3 personal, pr\u00e8viament obtindrem el consentiment previ, expl\u00edcit, indiscutible i informat del titular que, en el cas dels menors de 14 anys, s&#8217;atorga pels parells o tutors legals.\u00a0El tractament d&#8217;aquestes fotos, acata el principi de proporcionalitat, \u00e9s a dir, nom\u00e9s es tracta estrictament per a la finalitat per a la qual s&#8217;ha prestat el consentiment.<strong>\u00a0<\/strong><\/p>\n<p><strong>DATS NO PERTINENTS.<\/strong><\/p>\n<p><strong><em>COOP.\u00a0CAMP DE CASTELLDANS, SCCL<\/em><\/strong>\u00a0, adverteix a l&#8217;usuari que, tret de l&#8217;exist\u00e8ncia d&#8217;una representaci\u00f3 legalment constituida, cap usuari pot utilitzar la identitat d&#8217;una altra persona i comunicar les seves dades personals, de manera que l&#8217;usuari en tot moment haur\u00e0 de tenir en compte que nom\u00e9s pot proporcionar dades personals corresponents a la seva pr\u00f2pia identitat i que siguin adequades, pertinents, actuals, exactes i veritables<\/p>\n<p><strong>QUANT DE TEMPS CONSERVAREM LES SEVES DADES?<\/strong><\/p>\n<p><strong><em>COOP.\u00a0CAMP DE CASTELLDANS, SCCL<\/em><\/strong>\u00a0, guarda les seves dades personals mentre sigui necessari per a la fi per al qual van ser recopilades.\u00a0Si la directriu \u00e9s diferent de la indicada en aquesta pol\u00edtica es detalla al document pertinent.<\/p>\n<p><strong>A QUI COMUNICAREM LES SEVES DADES?<\/strong><\/p>\n<p><strong><em>COOP.\u00a0CAMP DE CASTELLDANS, SCCL<\/em><\/strong>\u00a0, nom\u00e9s cedir\u00e0 les vostres dades en aquells serveis en qu\u00e8 s&#8217;indica i en els casos previstos per una llei.\u00a0No es realitzaran transfer\u00e8ncies internacionals de les dades personals.\u00a0En el cas de les xarxes socials, tota la informaci\u00f3 i continguts publicats per lusuari seran objecte de comunicaci\u00f3 i compartits amb la resta dels usuaris que consultin aquesta xarxa social, per la pr\u00f2pia naturalesa del servei.<\/p>\n<p><strong>MESURES DE SEGURETAT.<\/strong><\/p>\n<p><strong><em>COOP.\u00a0CAMP DE CASTELLDANS, SCCL<\/em><\/strong>\u00a0, assegura l&#8217;absoluta confidencialitat i privacitat de les dades personals recollides i per aix\u00f2 s&#8217;han adoptat mesures essencials de seguretat per evitar l&#8217;alteraci\u00f3, p\u00e8rdua, tractament o acc\u00e9s no autoritzat i garantir aix\u00ed la seva integritat i seguretat .\u00a0L&#8217;usuari es compromet a fer un \u00fas diligent ia no posar a disposici\u00f3 de tercers el seu nom d&#8217;usuari i contrasenya, aix\u00ed mateix es compromet a informar a l&#8217;empresa de qualsevol robatori, p\u00e8rdua o risc d&#8217;acc\u00e9s de tercers a l&#8217;usuari.<\/p>\n<p><strong>QUINS SON ELS SEUS DRETS QUAN ENS FACILITA LES SEVES DADES PERSONALS?<\/strong><\/p>\n<div>\n<table>\n<tbody>\n<tr>\n<td width=\"141\"><strong>DRET<\/strong><\/td>\n<td width=\"236\"><strong>CONTINGUT<\/strong><\/td>\n<td width=\"189\"><strong>CANAL D&#8217;ATENCI\u00d3<\/strong><\/td>\n<\/tr>\n<tr>\n<td width=\"141\">Acc\u00e9s<\/td>\n<td width=\"236\">Podr\u00e0 consultar les dades personals gestionades per nosaltres<\/td>\n<td rowspan=\"6\" width=\"189\"><sub>\u00a0<\/sub><\/p>\n<p><sub>\u00a0<\/sub><\/p>\n<p><sub>\u00a0<\/sub><\/p>\n<p><sub>\u00a0<\/sub><\/p>\n<p><a class=\"js-no-transition\" href=\"mailto:castelldanscoop@gmail.com\">castelldanscoop@gmail.com<\/a>\u00a0.<\/td>\n<\/tr>\n<tr>\n<td width=\"141\">Rectificaci\u00f3<\/td>\n<td width=\"236\">Podr\u00e0 modificar les dades quan no siguin correctes<\/td>\n<\/tr>\n<tr>\n<td width=\"141\">Supressi\u00f3<\/td>\n<td width=\"236\">Podr\u00e0 demanar l&#8217;eliminaci\u00f3 de dades de car\u00e0cter personal<\/td>\n<\/tr>\n<tr>\n<td width=\"141\">Oposici\u00f3<\/td>\n<td width=\"236\">Podr\u00e0 demanar que no es tractin les dades de car\u00e0cter personal<\/td>\n<\/tr>\n<tr>\n<td width=\"141\">Limitaci\u00f3 del tractament<\/td>\n<td width=\"236\">Es pot sol\u00b7licitar la limitaci\u00f3 quan:- Es comprova la impugnaci\u00f3 a l&#8217;exactitud de les teves dades<\/p>\n<p>&#8211; Quan no necessitem tractar les vostres dades, per\u00f2 vost\u00e8 us necessiti per l&#8217;exercici o defensa de reclamacions o drets<\/td>\n<\/tr>\n<tr>\n<td width=\"141\">Portabilitat<\/td>\n<td width=\"236\">Podr\u00e0 rebre en format electr\u00f2nic les dades que ens hagi facilitat<\/td>\n<\/tr>\n<tr>\n<td colspan=\"3\" width=\"566\">Si considereu que no hem tractat els vostres dades personals d&#8217;acord amb la normativa, podeu presentar una reclamaci\u00f3 a l&#8217;Ag\u00e8ncia Espanyola de Protecci\u00f3 de Dades (\u00a0<strong><a href=\"http:\/\/www.agpd.es\/\">www.agpd.es<\/a><\/strong>\u00a0)Per exercitar els seus drets acompanyeu la vostra sol\u00b7licitud amb una c\u00f2pia del DNI o document similar.<\/p>\n<p>L&#8217;exercici dels seus drets \u00e9s gratu\u00eft.<\/td>\n<\/tr>\n<\/tbody>\n<\/table>\n<\/div>\n<p><strong>XARXES SOCIALS.<\/strong><\/p>\n<p>El funcionament de les xarxes socials no est\u00e0 sota el control directe de la\u00a0<strong><em>COOP.\u00a0CAMP DE CASTELLDANS, SCCL<\/em><\/strong>\u00a0, i per tant la informaci\u00f3 que publiqui ser\u00e0 compartida per tots els usuaris que els consultin.\u00a0Aix\u00ed mateix, aquestes xarxes permeten la interacci\u00f3 amb altres usuaris, i per tant, a continuaci\u00f3, es detallen unes premisses que cal tenir en compte.\u00a0L&#8217;objecte de la utilitzaci\u00f3 de les xarxes socials \u00e9s donar visibilitat i difusi\u00f3 dels productes que desenvolupa\u00a0<strong><em>COOP.\u00a0CAMP DE CASTELLDANS, SCCL<\/em><\/strong>\u00a0\u00a0En principi, s&#8217;aplica la mateixa pol\u00edtica de protecci\u00f3 de dades especificada en aquest document, pel que fa a la recollida, tractament i cessi\u00f3 de dades.\u00a0L&#8217;usuari s&#8217;ha de comprometre a:<\/p>\n<p>\u2022 No publicar informacions que no responguin als requisits de veracitat, inter\u00e8s p\u00fablic i respecte a la dignitat de les persones.\u00a0Especialment, l&#8217;usuari haur\u00e0 d&#8217;evitar tota conducta que pugui atemptar contra el principi de no discriminaci\u00f3 per raons de sexe, raza, religi\u00f3, ideologia o qualsevol altra circumst\u00e0ncia personal o social, i contra la intimitat, l&#8217;honor i la pr\u00f2pia imatge , sent el responsable final sobre la veracitat i legalitat dels continguts que publiqui<\/p>\n<p>\u2022 No enregistrar ni publicar imatges, v\u00eddeos o qualsevol altre tipus de registre sense el consentiment dels afectats\u00a0\u00a0<strong><em>COOP.\u00a0CAMP DE CASTELLDANS, SCCL<\/em><\/strong>\u00a0no s&#8217;identifica amb les opinions expressades per altres ni amb la ideologia dels perfils amb qu\u00e8 tingui amistat a cap xarxa social.\u00a0\u00a0<strong><em>COOP.\u00a0CAMP DE CASTELLDANS, SCCL<\/em><\/strong>\u00a0es reserva el dret d&#8217;eliminar de les seves xarxes socials qualsevol informaci\u00f3 publicada per altres que vulneri la legalitat, inciti a fer-ho, o contingui missatges que atemptin contra la dignitat de persones o institucions.\u00a0Aix\u00ed com de bloquejar o denunciar el perfil autor dels missatges.<\/p>\n<p><strong>RECOMANACIONS ALS USUARIS \/ USU\u00c0RIES.<\/strong><\/p>\n<p>\u2022 Reviseu i arribeu a les condicions generals d&#8217;\u00fas i la pol\u00edtica de privacitat de la xarxa social en el moment de registrar-vos.<\/p>\n<p>\u2022 Aprendre les possibilitats de configuraci\u00f3 i \u00fas que la xarxa ofereixi.<\/p>\n<p>\u2022 Configureu adequadament el grau de privacitat del perfil d&#8217;usuari a la xarxa social.<\/p>\n<p>\u2022 No publiqueu informaci\u00f3 excessiva sobre la seva vida personal i familiar.<\/p>\n<p>\u2022 Aneu amb compte amb la publicaci\u00f3 de continguts audiovisuals i gr\u00e0fics al seu perfil, especialment si s&#8217;allotjaran imatges relatives a terceres persones.<\/p>\n<p>\u2022 No oferir dades de tercers sense el previ consentiment d&#8217;aquests.\u00a0Les xarxes socials gestionades per EMPRESA s\u00f3n:<\/p>\n<div>\n<table width=\"595\">\n<tbody>\n<tr>\n<td width=\"94\"><strong>Xarxa<\/strong><\/td>\n<td width=\"501\"><strong>Adre\u00e7a<\/strong><\/td>\n<\/tr>\n<tr>\n<td width=\"94\"><strong>Facebook<\/strong><\/td>\n<td width=\"501\"><a href=\"https:\/\/www.facebook.com\/search\/top\/?q=sant%20fortunat%20castelldans&amp;epa=SEARCH_BOX\">https:\/\/www.facebook.com\/search\/top\/?q=sant%20fortunat%20castelldans&amp;epa=SEARCH_BOX<\/a><\/td>\n<\/tr>\n<\/tbody>\n<\/table>\n<\/div>\n","protected":false},"excerpt":{"rendered":"<p>El seu consentiment pot ser revocat en qualsevol moment.\u00a0COOP.\u00a0CAMP DE CASTELLDANS, SCCL\u00a0, utilitza eines per analitzar perfils, comportaments o prefer\u00e8ncies dels usuaris i posteriorment realitzar campanyes dirigides en funci\u00f3 d&#8217;aquests dades. PROVE\u00cfMENT DE LA POL\u00cdTICA DE PROTECCI\u00d3 DE DADES PERSONALS.\u00a0 Aquesta pol\u00edtica de protecci\u00f3 de dades de car\u00e0cter personal abasta qualsevol tractament de dades que [&hellip;]<\/p>\n","protected":false},"author":1,"featured_media":0,"parent":0,"menu_order":0,"comment_status":"closed","ping_status":"closed","template":"","meta":{"_acf_changed":false,"footnotes":""},"class_list":["post-583","page","type-page","status-publish","hentry"],"acf":[],"yoast_head":"<!-- This site is optimized with the Yoast SEO plugin v27.4 - https:\/\/yoast.com\/product\/yoast-seo-wordpress\/ -->\n<title>Datenschutz-Bestimmungen - OliFERM - Oli d&#039;Oliva Verge Extra<\/title>\n<meta name=\"robots\" content=\"index, follow, max-snippet:-1, max-image-preview:large, max-video-preview:-1\" \/>\n<link rel=\"canonical\" href=\"https:\/\/www.oliferm.com\/de\/datenschutz-bestimmungen\/\" \/>\n<meta property=\"og:locale\" content=\"de_DE\" \/>\n<meta property=\"og:type\" content=\"article\" \/>\n<meta property=\"og:title\" content=\"Datenschutz-Bestimmungen - OliFERM - Oli d&#039;Oliva Verge Extra\" \/>\n<meta property=\"og:description\" content=\"El seu consentiment pot ser revocat en qualsevol moment.\u00a0COOP.\u00a0CAMP DE CASTELLDANS, SCCL\u00a0, utilitza eines per analitzar perfils, comportaments o prefer\u00e8ncies dels usuaris i posteriorment realitzar campanyes dirigides en funci\u00f3 d&#8217;aquests dades. PROVE\u00cfMENT DE LA POL\u00cdTICA DE PROTECCI\u00d3 DE DADES PERSONALS.\u00a0 Aquesta pol\u00edtica de protecci\u00f3 de dades de car\u00e0cter personal abasta qualsevol tractament de dades que [&hellip;]\" \/>\n<meta property=\"og:url\" content=\"https:\/\/www.oliferm.com\/de\/datenschutz-bestimmungen\/\" \/>\n<meta property=\"og:site_name\" content=\"OliFERM - Oli d&#039;Oliva Verge Extra\" \/>\n<meta property=\"article:publisher\" content=\"https:\/\/www.facebook.com\/oliferm\" \/>\n<meta property=\"article:modified_time\" content=\"2024-09-18T06:59:49+00:00\" \/>\n<meta name=\"twitter:card\" content=\"summary_large_image\" \/>\n<meta name=\"twitter:label1\" content=\"Gesch\u00e4tzte Lesezeit\" \/>\n\t<meta name=\"twitter:data1\" content=\"7\u00a0Minuten\" \/>\n<!-- \/ Yoast SEO plugin. -->","yoast_head_json":{"title":"Datenschutz-Bestimmungen - OliFERM - Oli d&#039;Oliva Verge Extra","robots":{"index":"index","follow":"follow","max-snippet":"max-snippet:-1","max-image-preview":"max-image-preview:large","max-video-preview":"max-video-preview:-1"},"canonical":"https:\/\/www.oliferm.com\/de\/datenschutz-bestimmungen\/","og_locale":"de_DE","og_type":"article","og_title":"Datenschutz-Bestimmungen - OliFERM - Oli d&#039;Oliva Verge Extra","og_description":"El seu consentiment pot ser revocat en qualsevol moment.\u00a0COOP.\u00a0CAMP DE CASTELLDANS, SCCL\u00a0, utilitza eines per analitzar perfils, comportaments o prefer\u00e8ncies dels usuaris i posteriorment realitzar campanyes dirigides en funci\u00f3 d&#8217;aquests dades. PROVE\u00cfMENT DE LA POL\u00cdTICA DE PROTECCI\u00d3 DE DADES PERSONALS.\u00a0 Aquesta pol\u00edtica de protecci\u00f3 de dades de car\u00e0cter personal abasta qualsevol tractament de dades que [&hellip;]","og_url":"https:\/\/www.oliferm.com\/de\/datenschutz-bestimmungen\/","og_site_name":"OliFERM - Oli d&#039;Oliva Verge Extra","article_publisher":"https:\/\/www.facebook.com\/oliferm","article_modified_time":"2024-09-18T06:59:49+00:00","twitter_card":"summary_large_image","twitter_misc":{"Gesch\u00e4tzte Lesezeit":"7\u00a0Minuten"},"schema":{"@context":"https:\/\/schema.org","@graph":[{"@type":"WebPage","@id":"https:\/\/www.oliferm.com\/de\/datenschutz-bestimmungen\/","url":"https:\/\/www.oliferm.com\/de\/datenschutz-bestimmungen\/","name":"Datenschutz-Bestimmungen - OliFERM - Oli d&#039;Oliva Verge Extra","isPartOf":{"@id":"https:\/\/www.oliferm.com\/#website"},"datePublished":"2023-02-16T10:18:46+00:00","dateModified":"2024-09-18T06:59:49+00:00","breadcrumb":{"@id":"https:\/\/www.oliferm.com\/de\/datenschutz-bestimmungen\/#breadcrumb"},"inLanguage":"de","potentialAction":[{"@type":"ReadAction","target":["https:\/\/www.oliferm.com\/de\/datenschutz-bestimmungen\/"]}]},{"@type":"BreadcrumbList","@id":"https:\/\/www.oliferm.com\/de\/datenschutz-bestimmungen\/#breadcrumb","itemListElement":[{"@type":"ListItem","position":1,"name":"Inici","item":"https:\/\/www.oliferm.com\/de\/"},{"@type":"ListItem","position":2,"name":"Datenschutz-Bestimmungen"}]},{"@type":"WebSite","@id":"https:\/\/www.oliferm.com\/#website","url":"https:\/\/www.oliferm.com\/","name":"OliFERM - Oli d&#039;Oliva Verge Extra","description":"Cooperativa de Castelldans","publisher":{"@id":"https:\/\/www.oliferm.com\/#organization"},"potentialAction":[{"@type":"SearchAction","target":{"@type":"EntryPoint","urlTemplate":"https:\/\/www.oliferm.com\/?s={search_term_string}"},"query-input":{"@type":"PropertyValueSpecification","valueRequired":true,"valueName":"search_term_string"}}],"inLanguage":"de"},{"@type":"Organization","@id":"https:\/\/www.oliferm.com\/#organization","name":"OliFERM - Cooperativa de Castelldans","url":"https:\/\/www.oliferm.com\/","logo":{"@type":"ImageObject","inLanguage":"de","@id":"https:\/\/www.oliferm.com\/#\/schema\/logo\/image\/","url":"https:\/\/www.oliferm.com\/wp-content\/uploads\/2022\/02\/logo-ppal.png","contentUrl":"https:\/\/www.oliferm.com\/wp-content\/uploads\/2022\/02\/logo-ppal.png","width":700,"height":542,"caption":"OliFERM - Cooperativa de Castelldans"},"image":{"@id":"https:\/\/www.oliferm.com\/#\/schema\/logo\/image\/"},"sameAs":["https:\/\/www.facebook.com\/oliferm","https:\/\/www.instagram.com\/cooperativacastelldans\/"]}]}},"_links":{"self":[{"href":"https:\/\/www.oliferm.com\/de\/wp-json\/wp\/v2\/pages\/583","targetHints":{"allow":["GET"]}}],"collection":[{"href":"https:\/\/www.oliferm.com\/de\/wp-json\/wp\/v2\/pages"}],"about":[{"href":"https:\/\/www.oliferm.com\/de\/wp-json\/wp\/v2\/types\/page"}],"author":[{"embeddable":true,"href":"https:\/\/www.oliferm.com\/de\/wp-json\/wp\/v2\/users\/1"}],"replies":[{"embeddable":true,"href":"https:\/\/www.oliferm.com\/de\/wp-json\/wp\/v2\/comments?post=583"}],"version-history":[{"count":0,"href":"https:\/\/www.oliferm.com\/de\/wp-json\/wp\/v2\/pages\/583\/revisions"}],"wp:attachment":[{"href":"https:\/\/www.oliferm.com\/de\/wp-json\/wp\/v2\/media?parent=583"}],"curies":[{"name":"wp","href":"https:\/\/api.w.org\/{rel}","templated":true}]}}