{"id":1116,"date":"2024-01-05T11:26:46","date_gmt":"2024-01-05T11:26:46","guid":{"rendered":"https:\/\/www.oliferm.com\/?post_type=product&#038;p=1116"},"modified":"2025-05-29T07:08:35","modified_gmt":"2025-05-29T07:08:35","slug":"2l-oliferm-flasche-copia","status":"publish","type":"product","link":"https:\/\/www.oliferm.com\/de\/producte\/2l-oliferm-flasche-copia\/","title":{"rendered":"1L OliFERM-Pet-Flasche"},"content":{"rendered":"<p data-start=\"0\" data-end=\"76\"><strong data-start=\"0\" data-end=\"76\">OliFERM 1-Liter Oliven\u00f6l Extra Nativ, 100 % Arbequina Oliven \u2013 F\u00fcr die Exzellenz in deiner K\u00fcche<\/strong><\/p>\n<p data-start=\"78\" data-end=\"364\">Entdecke die Kraft der mediterranen K\u00fcche mit dem OliFERM 1-Liter Oliven\u00f6l Extra Nativ. Dieses hochwertige Oliven\u00f6l ist die perfekte Wahl f\u00fcr alle, die ihrem Kochen das Beste bieten m\u00f6chten \u2013 ein unverwechselbarer Geschmack und ein Hauch von Authentizit\u00e4t, der jedes Gericht bereichert.<\/p>\n<p data-start=\"366\" data-end=\"384\"><strong data-start=\"366\" data-end=\"384\">Warum OliFERM?<\/strong><\/p>\n<ul data-start=\"385\" data-end=\"1079\">\n<li data-start=\"385\" data-end=\"617\">\n<p data-start=\"387\" data-end=\"617\"><strong data-start=\"387\" data-end=\"411\">Hochwertige Qualit\u00e4t<\/strong>: OliFERM wird aus den besten, sorgf\u00e4ltig ausgew\u00e4hlten Oliven gewonnen und garantiert dir ein \u00d6l von h\u00f6chster Qualit\u00e4t \u2013 ideal f\u00fcr alle Arten von Zubereitungen, von Salaten bis hin zu Pasta oder zum Braten.<\/p>\n<\/li>\n<li data-start=\"618\" data-end=\"856\">\n<p data-start=\"620\" data-end=\"856\"><strong data-start=\"620\" data-end=\"642\">Reich an Vitaminen<\/strong>: Mit einem hohen Gehalt an den Vitaminen A, D, E und K tr\u00e4gt OliFERM nicht nur zur geschmacklichen Verfeinerung bei, sondern unterst\u00fctzt auch deine gesunde Ern\u00e4hrung und liefert wichtige N\u00e4hrstoffe f\u00fcr den K\u00f6rper.<\/p>\n<\/li>\n<li data-start=\"857\" data-end=\"1076\">\n<p data-start=\"859\" data-end=\"1076\"><strong data-start=\"859\" data-end=\"883\">Ideal f\u00fcr jede K\u00fcche<\/strong>: Der praktische 1-Liter-Pack bietet die perfekte Balance zwischen Volumen und Qualit\u00e4t. So hast du immer genug von deinem Lieblings\u00f6l, ohne Kompromisse bei der Frische und Qualit\u00e4t einzugehen.<\/p>\n<\/li>\n<\/ul>\n<p data-start=\"1080\" data-end=\"1109\"><strong data-start=\"1080\" data-end=\"1108\">Vorteile auf einen Blick<\/strong>:<\/p>\n<ul data-start=\"1110\" data-end=\"1336\">\n<li data-start=\"1110\" data-end=\"1146\">\n<p data-start=\"1112\" data-end=\"1146\">Extra nativ \u2013 100% reines Oliven\u00f6l<\/p>\n<\/li>\n<li data-start=\"1147\" data-end=\"1186\">\n<p data-start=\"1149\" data-end=\"1186\">Reich an Antioxidantien und Vitaminen<\/p>\n<\/li>\n<li data-start=\"1187\" data-end=\"1222\">\n<p data-start=\"1189\" data-end=\"1222\">F\u00f6rdert ein gesundes Essverhalten<\/p>\n<\/li>\n<li data-start=\"1223\" data-end=\"1286\">\n<p data-start=\"1225\" data-end=\"1286\">Verleiht jedem Gericht ein Extra an Geschmack und N\u00e4hrstoffen<\/p>\n<\/li>\n<li data-start=\"1287\" data-end=\"1336\">\n<p data-start=\"1289\" data-end=\"1336\">Perfekt f\u00fcr den t\u00e4glichen Gebrauch in der K\u00fcche<\/p>\n<\/li>\n<\/ul>\n<blockquote>\n<p data-start=\"1338\" data-end=\"1480\" data-is-last-node=\"\" data-is-only-node=\"\">Verleihe deinen Gerichten das Extra an Geschmack und N\u00e4hrstoffen \u2013 mit OliFERM 1-Liter Oliven\u00f6l Extra Nativ.<\/p>\n<h3 data-start=\"1626\" data-end=\"1838\">= &gt;\u00a0 \u00a0Deine gesunde K\u00fcche beginnt hier!<\/h3>\n<\/blockquote>\n<p>&nbsp;<\/p>\n<p>&nbsp;<\/p>\n<p><img loading=\"lazy\" decoding=\"async\" class=\"wp-image-1313 aligncenter\" src=\"https:\/\/www.oliferm.com\/wp-content\/uploads\/2024\/03\/VENDA-DE-PROXIMITAT-300x300.webp\" alt=\"Logo f\u00fcr den Nahverkauf\" width=\"91\" height=\"91\" \/><\/p>\n","protected":false},"excerpt":{"rendered":"<p><img loading=\"lazy\" decoding=\"async\" class=\"alignnone size-medium wp-image-1125\" src=\"https:\/\/www.oliferm.com\/wp-content\/uploads\/2024\/01\/BOT.-1-L-1-300x263.jpg\" alt=\"\" width=\"300\" height=\"263\" srcset=\"https:\/\/www.oliferm.com\/wp-content\/uploads\/2024\/01\/BOT.-1-L-1-300x263.jpg 300w, https:\/\/www.oliferm.com\/wp-content\/uploads\/2024\/01\/BOT.-1-L-1-768x672.jpg 768w, https:\/\/www.oliferm.com\/wp-content\/uploads\/2024\/01\/BOT.-1-L-1-600x525.jpg 600w, https:\/\/www.oliferm.com\/wp-content\/uploads\/2024\/01\/BOT.-1-L-1.jpg 770w\" sizes=\"auto, (max-width: 300px) 100vw, 300px\" \/><\/p>\n","protected":false},"featured_media":1128,"comment_status":"open","ping_status":"closed","template":"","meta":{"_acf_changed":false},"product_brand":[],"product_cat":[60],"product_tag":[122,123,124],"class_list":{"0":"post-1116","1":"product","2":"type-product","3":"status-publish","4":"has-post-thumbnail","6":"product_cat-natives-olivenol-extra","7":"product_tag-evoo-de","8":"product_tag-extra-native-qualitat","9":"product_tag-olivenol","10":"product_shipping_class-0-kg-de","12":"first","13":"instock","14":"taxable","15":"shipping-taxable","16":"purchasable","17":"product-type-simple"},"acf":[],"yoast_head":"<!-- This site is optimized with the Yoast SEO plugin v27.5 - https:\/\/yoast.com\/product\/yoast-seo-wordpress\/ -->\n<title>1L OliFERM-Pet-Flasche - OliFERM - Oli d&#039;Oliva Verge Extra<\/title>\n<meta name=\"description\" content=\"Die 1L OliFERM Karaffe ist die perfekte Wahl f\u00fcr alle, die einen Hauch von Au\u00dfergew\u00f6hnlichkeit und Authentizit\u00e4t in ihre t\u00e4gliche K\u00fcche integrieren m\u00f6chten.\" \/>\n<meta name=\"robots\" content=\"index, follow, max-snippet:-1, max-image-preview:large, max-video-preview:-1\" \/>\n<link rel=\"canonical\" href=\"https:\/\/www.oliferm.com\/producte\/garrafa-1l-oliferm\/\" \/>\n<meta property=\"og:locale\" content=\"de_DE\" \/>\n<meta property=\"og:type\" content=\"article\" \/>\n<meta property=\"og:title\" content=\"1L OliFERM-Pet-Flasche - OliFERM - Oli d&#039;Oliva Verge Extra\" \/>\n<meta property=\"og:description\" content=\"Die 1L OliFERM Karaffe ist die perfekte Wahl f\u00fcr alle, die einen Hauch von Au\u00dfergew\u00f6hnlichkeit und Authentizit\u00e4t in ihre t\u00e4gliche K\u00fcche integrieren m\u00f6chten.\" \/>\n<meta property=\"og:url\" content=\"https:\/\/www.oliferm.com\/producte\/garrafa-1l-oliferm\/\" \/>\n<meta property=\"og:site_name\" content=\"OliFERM - Oli d&#039;Oliva Verge Extra\" \/>\n<meta property=\"article:publisher\" content=\"https:\/\/www.facebook.com\/oliferm\" \/>\n<meta property=\"article:modified_time\" content=\"2025-05-29T07:08:35+00:00\" \/>\n<meta property=\"og:image\" content=\"https:\/\/www.oliferm.com\/wp-content\/uploads\/2024\/01\/BOT.-1-L-1.jpg\" \/>\n\t<meta property=\"og:image:width\" content=\"770\" \/>\n\t<meta property=\"og:image:height\" content=\"674\" \/>\n\t<meta property=\"og:image:type\" content=\"image\/jpeg\" \/>\n<meta name=\"twitter:card\" content=\"summary_large_image\" \/>\n<meta name=\"twitter:label1\" content=\"Gesch\u00e4tzte Lesezeit\" \/>\n\t<meta name=\"twitter:data1\" content=\"2\u00a0Minuten\" \/>\n<!-- \/ Yoast SEO plugin. -->","yoast_head_json":{"title":"1L OliFERM-Pet-Flasche - OliFERM - Oli d&#039;Oliva Verge Extra","description":"Die 1L OliFERM Karaffe ist die perfekte Wahl f\u00fcr alle, die einen Hauch von Au\u00dfergew\u00f6hnlichkeit und Authentizit\u00e4t in ihre t\u00e4gliche K\u00fcche integrieren m\u00f6chten.","robots":{"index":"index","follow":"follow","max-snippet":"max-snippet:-1","max-image-preview":"max-image-preview:large","max-video-preview":"max-video-preview:-1"},"canonical":"https:\/\/www.oliferm.com\/producte\/garrafa-1l-oliferm\/","og_locale":"de_DE","og_type":"article","og_title":"1L OliFERM-Pet-Flasche - OliFERM - Oli d&#039;Oliva Verge Extra","og_description":"Die 1L OliFERM Karaffe ist die perfekte Wahl f\u00fcr alle, die einen Hauch von Au\u00dfergew\u00f6hnlichkeit und Authentizit\u00e4t in ihre t\u00e4gliche K\u00fcche integrieren m\u00f6chten.","og_url":"https:\/\/www.oliferm.com\/producte\/garrafa-1l-oliferm\/","og_site_name":"OliFERM - Oli d&#039;Oliva Verge Extra","article_publisher":"https:\/\/www.facebook.com\/oliferm","article_modified_time":"2025-05-29T07:08:35+00:00","og_image":[{"width":770,"height":674,"url":"https:\/\/www.oliferm.com\/wp-content\/uploads\/2024\/01\/BOT.-1-L-1.jpg","type":"image\/jpeg"}],"twitter_card":"summary_large_image","twitter_misc":{"Gesch\u00e4tzte Lesezeit":"2\u00a0Minuten"},"schema":{"@context":"https:\/\/schema.org","@graph":[{"@type":"WebPage","@id":"https:\/\/www.oliferm.com\/producte\/garrafa-1l-oliferm\/","url":"https:\/\/www.oliferm.com\/producte\/garrafa-1l-oliferm\/","name":"1L OliFERM-Pet-Flasche - OliFERM - Oli d&#039;Oliva Verge Extra","isPartOf":{"@id":"https:\/\/www.oliferm.com\/#website"},"primaryImageOfPage":{"@id":"https:\/\/www.oliferm.com\/producte\/garrafa-1l-oliferm\/#primaryimage"},"image":{"@id":"https:\/\/www.oliferm.com\/producte\/garrafa-1l-oliferm\/#primaryimage"},"thumbnailUrl":"https:\/\/www.oliferm.com\/wp-content\/uploads\/2024\/01\/BOT.-1-L-1.jpg","datePublished":"2024-01-05T11:26:46+00:00","dateModified":"2025-05-29T07:08:35+00:00","description":"Die 1L OliFERM Karaffe ist die perfekte Wahl f\u00fcr alle, die einen Hauch von Au\u00dfergew\u00f6hnlichkeit und Authentizit\u00e4t in ihre t\u00e4gliche K\u00fcche integrieren m\u00f6chten.","breadcrumb":{"@id":"https:\/\/www.oliferm.com\/producte\/garrafa-1l-oliferm\/#breadcrumb"},"inLanguage":"de","potentialAction":[{"@type":"ReadAction","target":["https:\/\/www.oliferm.com\/producte\/garrafa-1l-oliferm\/"]}]},{"@type":"ImageObject","inLanguage":"de","@id":"https:\/\/www.oliferm.com\/producte\/garrafa-1l-oliferm\/#primaryimage","url":"https:\/\/www.oliferm.com\/wp-content\/uploads\/2024\/01\/BOT.-1-L-1.jpg","contentUrl":"https:\/\/www.oliferm.com\/wp-content\/uploads\/2024\/01\/BOT.-1-L-1.jpg","width":770,"height":674,"caption":"1L Oliferm Plastikflasche"},{"@type":"BreadcrumbList","@id":"https:\/\/www.oliferm.com\/producte\/garrafa-1l-oliferm\/#breadcrumb","itemListElement":[{"@type":"ListItem","position":1,"name":"Inici","item":"https:\/\/www.oliferm.com\/de\/"},{"@type":"ListItem","position":2,"name":"Alle Produkte","item":"https:\/\/www.oliferm.com\/tots-els-productes\/"},{"@type":"ListItem","position":3,"name":"Oli d'Oliva verge extra","item":"https:\/\/www.oliferm.com\/categoria-producte\/oli-doliva-verge-extra\/"},{"@type":"ListItem","position":4,"name":"1L OliFERM-Pet-Flasche"}]},{"@type":"WebSite","@id":"https:\/\/www.oliferm.com\/#website","url":"https:\/\/www.oliferm.com\/","name":"OliFERM - Oli d&#039;Oliva Verge Extra","description":"Cooperativa de Castelldans","publisher":{"@id":"https:\/\/www.oliferm.com\/#organization"},"potentialAction":[{"@type":"SearchAction","target":{"@type":"EntryPoint","urlTemplate":"https:\/\/www.oliferm.com\/?s={search_term_string}"},"query-input":{"@type":"PropertyValueSpecification","valueRequired":true,"valueName":"search_term_string"}}],"inLanguage":"de"},{"@type":"Organization","@id":"https:\/\/www.oliferm.com\/#organization","name":"OliFERM - Cooperativa de Castelldans","url":"https:\/\/www.oliferm.com\/","logo":{"@type":"ImageObject","inLanguage":"de","@id":"https:\/\/www.oliferm.com\/#\/schema\/logo\/image\/","url":"https:\/\/www.oliferm.com\/wp-content\/uploads\/2022\/02\/logo-ppal.png","contentUrl":"https:\/\/www.oliferm.com\/wp-content\/uploads\/2022\/02\/logo-ppal.png","width":700,"height":542,"caption":"OliFERM - Cooperativa de Castelldans"},"image":{"@id":"https:\/\/www.oliferm.com\/#\/schema\/logo\/image\/"},"sameAs":["https:\/\/www.facebook.com\/oliferm","https:\/\/www.instagram.com\/cooperativacastelldans\/"]}]}},"_links":{"self":[{"href":"https:\/\/www.oliferm.com\/de\/wp-json\/wp\/v2\/product\/1116","targetHints":{"allow":["GET"]}}],"collection":[{"href":"https:\/\/www.oliferm.com\/de\/wp-json\/wp\/v2\/product"}],"about":[{"href":"https:\/\/www.oliferm.com\/de\/wp-json\/wp\/v2\/types\/product"}],"replies":[{"embeddable":true,"href":"https:\/\/www.oliferm.com\/de\/wp-json\/wp\/v2\/comments?post=1116"}],"wp:featuredmedia":[{"embeddable":true,"href":"https:\/\/www.oliferm.com\/de\/wp-json\/wp\/v2\/media\/1128"}],"wp:attachment":[{"href":"https:\/\/www.oliferm.com\/de\/wp-json\/wp\/v2\/media?parent=1116"}],"wp:term":[{"taxonomy":"product_brand","embeddable":true,"href":"https:\/\/www.oliferm.com\/de\/wp-json\/wp\/v2\/product_brand?post=1116"},{"taxonomy":"product_cat","embeddable":true,"href":"https:\/\/www.oliferm.com\/de\/wp-json\/wp\/v2\/product_cat?post=1116"},{"taxonomy":"product_tag","embeddable":true,"href":"https:\/\/www.oliferm.com\/de\/wp-json\/wp\/v2\/product_tag?post=1116"}],"curies":[{"name":"wp","href":"https:\/\/api.w.org\/{rel}","templated":true}]}}