{"id":2649,"date":"2025-02-10T08:10:08","date_gmt":"2025-02-10T08:10:08","guid":{"rendered":"https:\/\/www.oliferm.com\/?post_type=product&#038;p=2649"},"modified":"2025-05-29T07:59:03","modified_gmt":"2025-05-29T07:59:03","slug":"gerostete-mandeln-500gr-copia","status":"publish","type":"product","link":"https:\/\/www.oliferm.com\/de\/producte\/gerostete-mandeln-500gr-copia\/","title":{"rendered":"Rohe Mandeln, nicht gesch\u00e4lt 500gr"},"content":{"rendered":"<p data-start=\"123\" data-end=\"185\"><strong data-start=\"123\" data-end=\"185\">Rohe Mandeln aus der Region um Castelldans \u2013 500 g Packung<\/strong><\/p>\n<p data-start=\"187\" data-end=\"541\">Unsere <strong data-start=\"194\" data-end=\"211\">rohen Mandeln<\/strong> stammen aus der idyllischen Region rund um <strong data-start=\"255\" data-end=\"270\">Castelldans<\/strong> in Katalonien, wo das mediterrane Klima und die fruchtbare Erde ideale Bedingungen f\u00fcr den Anbau dieser edlen N\u00fcsse bieten. Diese Mandeln sind unger\u00f6stet, ohne Schale und enthalten keinerlei Zusatzstoffe \u2013 einfach pure, nat\u00fcrliche Mandeln in ihrer urspr\u00fcnglichsten Form.<\/p>\n<p data-start=\"543\" data-end=\"569\"><strong data-start=\"543\" data-end=\"569\">Herkunft und Qualit\u00e4t:<\/strong><\/p>\n<ul data-start=\"570\" data-end=\"1029\">\n<li data-start=\"570\" data-end=\"754\">\n<p data-start=\"572\" data-end=\"754\"><strong data-start=\"572\" data-end=\"605\">Aus der Region um Castelldans<\/strong>: In den sonnenverw\u00f6hnten Anbaugebieten rund um Castelldans geerntet, bieten diese Mandeln eine unverwechselbare Frische und ein einzigartiges Aroma.<\/p>\n<\/li>\n<li data-start=\"755\" data-end=\"877\">\n<p data-start=\"757\" data-end=\"877\"><strong data-start=\"757\" data-end=\"771\">100% Natur<\/strong>: Unsere Mandeln sind unger\u00f6stet und ungesch\u00e4lt \u2013 sie bieten den vollen, nat\u00fcrlichen Geschmack der Region.<\/p>\n<\/li>\n<li data-start=\"878\" data-end=\"1029\">\n<p data-start=\"880\" data-end=\"1029\"><strong data-start=\"880\" data-end=\"906\">Schonende Verarbeitung<\/strong>: Nach der Ernte werden die Mandeln mit gr\u00f6\u00dfter Sorgfalt verarbeitet, um ihre wertvollen N\u00e4hrstoffe und Aromen zu bewahren.<\/p>\n<\/li>\n<\/ul>\n<p data-start=\"1031\" data-end=\"1060\"><strong data-start=\"1031\" data-end=\"1060\">Gesundheitliche Vorteile:<\/strong><\/p>\n<ul data-start=\"1061\" data-end=\"1573\">\n<li data-start=\"1061\" data-end=\"1242\">\n<p data-start=\"1063\" data-end=\"1242\"><strong data-start=\"1063\" data-end=\"1091\">Reich an gesunden Fetten<\/strong>: Mandeln sind eine ausgezeichnete Quelle f\u00fcr unges\u00e4ttigte Fetts\u00e4uren, die das Herz-Kreislaufsystem unterst\u00fctzen und den Cholesterinspiegel regulieren.<\/p>\n<\/li>\n<li data-start=\"1243\" data-end=\"1417\">\n<p data-start=\"1245\" data-end=\"1417\"><strong data-start=\"1245\" data-end=\"1293\">Vollgepackt mit Vitaminen und Mineralstoffen<\/strong>: Besonders reich an Vitamin E, Magnesium und Ballaststoffen, die die Gesundheit f\u00f6rdern und f\u00fcr nachhaltige Energie sorgen.<\/p>\n<\/li>\n<li data-start=\"1418\" data-end=\"1573\">\n<p data-start=\"1420\" data-end=\"1573\"><strong data-start=\"1420\" data-end=\"1459\">F\u00f6rdert das allgemeine Wohlbefinden<\/strong>: Eine gesunde Erg\u00e4nzung f\u00fcr jede Ern\u00e4hrung, die sowohl die Verdauung unterst\u00fctzt als auch das Immunsystem st\u00e4rkt.<\/p>\n<\/li>\n<\/ul>\n<p data-start=\"1575\" data-end=\"1624\"><strong data-start=\"1575\" data-end=\"1624\">Vielseitig und lecker \u2013 F\u00fcr jede Gelegenheit:<\/strong><\/p>\n<ul data-start=\"1625\" data-end=\"1947\">\n<li data-start=\"1625\" data-end=\"1711\">\n<p data-start=\"1627\" data-end=\"1711\"><strong data-start=\"1627\" data-end=\"1648\">Perfekt als Snack<\/strong>: Einfach so genie\u00dfen \u2013 knackig, nahrhaft und voller Geschmack.<\/p>\n<\/li>\n<li data-start=\"1712\" data-end=\"1795\">\n<p data-start=\"1714\" data-end=\"1795\"><strong data-start=\"1714\" data-end=\"1739\">F\u00fcr Backen und Kochen<\/strong>: Ideal als Zutat f\u00fcr Kuchen, Geb\u00e4ck, Salate oder M\u00fcsli.<\/p>\n<\/li>\n<li data-start=\"1796\" data-end=\"1947\">\n<p data-start=\"1798\" data-end=\"1947\"><strong data-start=\"1798\" data-end=\"1832\">F\u00fcr eine ausgewogene Ern\u00e4hrung<\/strong>: Diese Mandeln sind ideal f\u00fcr eine pflanzenbasierte Ern\u00e4hrung und bieten eine gesunde, nahrhafte Zwischenmahlzeit.<\/p>\n<\/li>\n<\/ul>\n<p data-start=\"1949\" data-end=\"2293\">Unsere <strong data-start=\"1956\" data-end=\"1973\">rohen Mandeln<\/strong> aus der Region um <strong data-start=\"1992\" data-end=\"2007\">Castelldans<\/strong> in der praktischen <strong data-start=\"2027\" data-end=\"2044\">500 g Packung<\/strong> sind die perfekte Wahl f\u00fcr alle, die auf der Suche nach hochwertigen, nat\u00fcrlichen Zutaten sind. Ob als gesunder Snack, zum Backen oder als Erg\u00e4nzung in vielen Rezepten \u2013 diese Mandeln bieten Ihnen alles, was Sie f\u00fcr eine gesunde Ern\u00e4hrung brauchen.<\/p>\n","protected":false},"excerpt":{"rendered":"<p>Rohe Mandeln aus der Region um Castelldans \u2013 500 g Packung Unsere rohen Mandeln stammen aus der idyllischen Region rund um Castelldans in Katalonien, wo das mediterrane Klima und die fruchtbare Erde ideale Bedingungen f\u00fcr den Anbau dieser edlen N\u00fcsse bieten. Diese Mandeln sind unger\u00f6stet, ohne Schale und enthalten keinerlei Zusatzstoffe \u2013 einfach pure, nat\u00fcrliche [&hellip;]<\/p>\n","protected":false},"featured_media":2654,"comment_status":"open","ping_status":"closed","template":"","meta":{"_acf_changed":false},"product_brand":[],"product_cat":[62],"product_tag":[],"class_list":{"0":"post-2649","1":"product","2":"type-product","3":"status-publish","4":"has-post-thumbnail","6":"product_cat-mandeln-und-honig","8":"first","9":"outofstock","10":"taxable","11":"shipping-taxable","12":"purchasable","13":"product-type-simple"},"acf":[],"yoast_head":"<!-- This site is optimized with the Yoast SEO plugin v27.5 - https:\/\/yoast.com\/product\/yoast-seo-wordpress\/ -->\n<title>Rohe Mandeln, nicht gesch\u00e4lt 500gr - OliFERM - Oli d&#039;Oliva Verge Extra<\/title>\n<meta name=\"robots\" content=\"index, follow, max-snippet:-1, max-image-preview:large, max-video-preview:-1\" \/>\n<link rel=\"canonical\" href=\"https:\/\/www.oliferm.com\/producte\/ametlles-crua-pell-500gr\/\" \/>\n<meta property=\"og:locale\" content=\"de_DE\" \/>\n<meta property=\"og:type\" content=\"article\" \/>\n<meta property=\"og:title\" content=\"Rohe Mandeln, nicht gesch\u00e4lt 500gr - OliFERM - Oli d&#039;Oliva Verge Extra\" \/>\n<meta property=\"og:description\" content=\"Rohe Mandeln aus der Region um Castelldans \u2013 500 g Packung Unsere rohen Mandeln stammen aus der idyllischen Region rund um Castelldans in Katalonien, wo das mediterrane Klima und die fruchtbare Erde ideale Bedingungen f\u00fcr den Anbau dieser edlen N\u00fcsse bieten. Diese Mandeln sind unger\u00f6stet, ohne Schale und enthalten keinerlei Zusatzstoffe \u2013 einfach pure, nat\u00fcrliche [&hellip;]\" \/>\n<meta property=\"og:url\" content=\"https:\/\/www.oliferm.com\/producte\/ametlles-crua-pell-500gr\/\" \/>\n<meta property=\"og:site_name\" content=\"OliFERM - Oli d&#039;Oliva Verge Extra\" \/>\n<meta property=\"article:publisher\" content=\"https:\/\/www.facebook.com\/oliferm\" \/>\n<meta property=\"article:modified_time\" content=\"2025-05-29T07:59:03+00:00\" \/>\n<meta property=\"og:image\" content=\"https:\/\/www.oliferm.com\/wp-content\/uploads\/2025\/02\/Imagen-de-WhatsApp-2025-02-10-a-las-09.14.46_d04846d0-e1739175592115.jpg\" \/>\n\t<meta property=\"og:image:width\" content=\"1200\" \/>\n\t<meta property=\"og:image:height\" content=\"1600\" \/>\n\t<meta property=\"og:image:type\" content=\"image\/jpeg\" \/>\n<meta name=\"twitter:card\" content=\"summary_large_image\" \/>\n<meta name=\"twitter:label1\" content=\"Gesch\u00e4tzte Lesezeit\" \/>\n\t<meta name=\"twitter:data1\" content=\"2\u00a0Minuten\" \/>\n<!-- \/ Yoast SEO plugin. -->","yoast_head_json":{"title":"Rohe Mandeln, nicht gesch\u00e4lt 500gr - OliFERM - Oli d&#039;Oliva Verge Extra","robots":{"index":"index","follow":"follow","max-snippet":"max-snippet:-1","max-image-preview":"max-image-preview:large","max-video-preview":"max-video-preview:-1"},"canonical":"https:\/\/www.oliferm.com\/producte\/ametlles-crua-pell-500gr\/","og_locale":"de_DE","og_type":"article","og_title":"Rohe Mandeln, nicht gesch\u00e4lt 500gr - OliFERM - Oli d&#039;Oliva Verge Extra","og_description":"Rohe Mandeln aus der Region um Castelldans \u2013 500 g Packung Unsere rohen Mandeln stammen aus der idyllischen Region rund um Castelldans in Katalonien, wo das mediterrane Klima und die fruchtbare Erde ideale Bedingungen f\u00fcr den Anbau dieser edlen N\u00fcsse bieten. Diese Mandeln sind unger\u00f6stet, ohne Schale und enthalten keinerlei Zusatzstoffe \u2013 einfach pure, nat\u00fcrliche [&hellip;]","og_url":"https:\/\/www.oliferm.com\/producte\/ametlles-crua-pell-500gr\/","og_site_name":"OliFERM - Oli d&#039;Oliva Verge Extra","article_publisher":"https:\/\/www.facebook.com\/oliferm","article_modified_time":"2025-05-29T07:59:03+00:00","og_image":[{"width":1200,"height":1600,"url":"https:\/\/www.oliferm.com\/wp-content\/uploads\/2025\/02\/Imagen-de-WhatsApp-2025-02-10-a-las-09.14.46_d04846d0-e1739175592115.jpg","type":"image\/jpeg"}],"twitter_card":"summary_large_image","twitter_misc":{"Gesch\u00e4tzte Lesezeit":"2\u00a0Minuten"},"schema":{"@context":"https:\/\/schema.org","@graph":[{"@type":"WebPage","@id":"https:\/\/www.oliferm.com\/producte\/ametlles-crua-pell-500gr\/","url":"https:\/\/www.oliferm.com\/producte\/ametlles-crua-pell-500gr\/","name":"Rohe Mandeln, nicht gesch\u00e4lt 500gr - OliFERM - Oli d&#039;Oliva Verge Extra","isPartOf":{"@id":"https:\/\/www.oliferm.com\/#website"},"primaryImageOfPage":{"@id":"https:\/\/www.oliferm.com\/producte\/ametlles-crua-pell-500gr\/#primaryimage"},"image":{"@id":"https:\/\/www.oliferm.com\/producte\/ametlles-crua-pell-500gr\/#primaryimage"},"thumbnailUrl":"https:\/\/www.oliferm.com\/wp-content\/uploads\/2025\/02\/Imagen-de-WhatsApp-2025-02-10-a-las-09.14.46_d04846d0-e1739175592115.jpg","datePublished":"2025-02-10T08:10:08+00:00","dateModified":"2025-05-29T07:59:03+00:00","breadcrumb":{"@id":"https:\/\/www.oliferm.com\/producte\/ametlles-crua-pell-500gr\/#breadcrumb"},"inLanguage":"de","potentialAction":[{"@type":"ReadAction","target":["https:\/\/www.oliferm.com\/producte\/ametlles-crua-pell-500gr\/"]}]},{"@type":"ImageObject","inLanguage":"de","@id":"https:\/\/www.oliferm.com\/producte\/ametlles-crua-pell-500gr\/#primaryimage","url":"https:\/\/www.oliferm.com\/wp-content\/uploads\/2025\/02\/Imagen-de-WhatsApp-2025-02-10-a-las-09.14.46_d04846d0-e1739175592115.jpg","contentUrl":"https:\/\/www.oliferm.com\/wp-content\/uploads\/2025\/02\/Imagen-de-WhatsApp-2025-02-10-a-las-09.14.46_d04846d0-e1739175592115.jpg","width":1200,"height":1600},{"@type":"BreadcrumbList","@id":"https:\/\/www.oliferm.com\/producte\/ametlles-crua-pell-500gr\/#breadcrumb","itemListElement":[{"@type":"ListItem","position":1,"name":"Inici","item":"https:\/\/www.oliferm.com\/de\/"},{"@type":"ListItem","position":2,"name":"Alle Produkte","item":"https:\/\/www.oliferm.com\/tots-els-productes\/"},{"@type":"ListItem","position":3,"name":"Ametlles i Mel","item":"https:\/\/www.oliferm.com\/categoria-producte\/ametlles-i-mel\/"},{"@type":"ListItem","position":4,"name":"Rohe Mandeln, nicht gesch\u00e4lt 500gr"}]},{"@type":"WebSite","@id":"https:\/\/www.oliferm.com\/#website","url":"https:\/\/www.oliferm.com\/","name":"OliFERM - Oli d&#039;Oliva Verge Extra","description":"Cooperativa de Castelldans","publisher":{"@id":"https:\/\/www.oliferm.com\/#organization"},"potentialAction":[{"@type":"SearchAction","target":{"@type":"EntryPoint","urlTemplate":"https:\/\/www.oliferm.com\/?s={search_term_string}"},"query-input":{"@type":"PropertyValueSpecification","valueRequired":true,"valueName":"search_term_string"}}],"inLanguage":"de"},{"@type":"Organization","@id":"https:\/\/www.oliferm.com\/#organization","name":"OliFERM - Cooperativa de Castelldans","url":"https:\/\/www.oliferm.com\/","logo":{"@type":"ImageObject","inLanguage":"de","@id":"https:\/\/www.oliferm.com\/#\/schema\/logo\/image\/","url":"https:\/\/www.oliferm.com\/wp-content\/uploads\/2022\/02\/logo-ppal.png","contentUrl":"https:\/\/www.oliferm.com\/wp-content\/uploads\/2022\/02\/logo-ppal.png","width":700,"height":542,"caption":"OliFERM - Cooperativa de Castelldans"},"image":{"@id":"https:\/\/www.oliferm.com\/#\/schema\/logo\/image\/"},"sameAs":["https:\/\/www.facebook.com\/oliferm","https:\/\/www.instagram.com\/cooperativacastelldans\/"]}]}},"_links":{"self":[{"href":"https:\/\/www.oliferm.com\/de\/wp-json\/wp\/v2\/product\/2649","targetHints":{"allow":["GET"]}}],"collection":[{"href":"https:\/\/www.oliferm.com\/de\/wp-json\/wp\/v2\/product"}],"about":[{"href":"https:\/\/www.oliferm.com\/de\/wp-json\/wp\/v2\/types\/product"}],"replies":[{"embeddable":true,"href":"https:\/\/www.oliferm.com\/de\/wp-json\/wp\/v2\/comments?post=2649"}],"wp:featuredmedia":[{"embeddable":true,"href":"https:\/\/www.oliferm.com\/de\/wp-json\/wp\/v2\/media\/2654"}],"wp:attachment":[{"href":"https:\/\/www.oliferm.com\/de\/wp-json\/wp\/v2\/media?parent=2649"}],"wp:term":[{"taxonomy":"product_brand","embeddable":true,"href":"https:\/\/www.oliferm.com\/de\/wp-json\/wp\/v2\/product_brand?post=2649"},{"taxonomy":"product_cat","embeddable":true,"href":"https:\/\/www.oliferm.com\/de\/wp-json\/wp\/v2\/product_cat?post=2649"},{"taxonomy":"product_tag","embeddable":true,"href":"https:\/\/www.oliferm.com\/de\/wp-json\/wp\/v2\/product_tag?post=2649"}],"curies":[{"name":"wp","href":"https:\/\/api.w.org\/{rel}","templated":true}]}}