{"id":2884,"date":"2022-02-24T12:10:42","date_gmt":"2025-04-16T17:51:11","guid":{"rendered":"https:\/\/www.oliferm.com\/producte\/rotwein-bodeferm-2l\/"},"modified":"2025-05-29T09:00:26","modified_gmt":"2025-05-29T09:00:26","slug":"rotwein-bodeferm-2l","status":"publish","type":"product","link":"https:\/\/www.oliferm.com\/de\/producte\/rotwein-bodeferm-2l\/","title":{"rendered":"Rotwein BOdeFERM 2L"},"content":{"rendered":"<p data-start=\"0\" data-end=\"78\"><strong data-start=\"0\" data-end=\"78\">BODEFERM 2-Liter Rotwein \u2013 Perfekter Genuss f\u00fcr Jeden Tag, auch gut gek\u00fchlt<\/strong><\/p>\n<p data-start=\"80\" data-end=\"401\">Der <strong data-start=\"0\" data-end=\"61\">BODEFERM<\/strong><strong data-start=\"84\" data-end=\"111\">\u00a02-Liter Rotwein<\/strong> aus der <strong data-start=\"120\" data-end=\"137\">Region Lleida<\/strong> bietet dir einen vollmundigen, fruchtigen Geschmack, der sich hervorragend f\u00fcr den t\u00e4glichen Genuss eignet \u2013 auch gut gek\u00fchlt! Mit seinem ausgewogenen Charakter und angenehmen Tanninen ist dieser Wein der ideale Begleiter f\u00fcr jede Mahlzeit oder gesellige Anl\u00e4sse.<\/p>\n<p data-start=\"403\" data-end=\"437\"><strong data-start=\"403\" data-end=\"437\">Warum BODEFERM 2-Liter Rotwein?<\/strong><\/p>\n<ul data-start=\"438\" data-end=\"711\">\n<li data-start=\"438\" data-end=\"529\">\n<p data-start=\"440\" data-end=\"529\"><strong data-start=\"440\" data-end=\"465\">Vielseitig &amp; Fruchtig<\/strong> \u2013 Ideal zu Pasta, Fleisch oder einfach als erfrischender Genuss<\/p>\n<\/li>\n<li data-start=\"530\" data-end=\"618\">\n<p data-start=\"532\" data-end=\"618\"><strong data-start=\"532\" data-end=\"552\">Gek\u00fchlt genie\u00dfen<\/strong> \u2013 Perfekt f\u00fcr warme Tage oder einfach als erfrischenden Begleiter<\/p>\n<\/li>\n<li data-start=\"619\" data-end=\"711\">\n<p data-start=\"621\" data-end=\"711\"><strong data-start=\"621\" data-end=\"640\">Herkunft Lleida<\/strong> \u2013 Ein authentischer Wein aus einer der besten Weinregionen Kataloniens<\/p>\n<\/li>\n<\/ul>\n<p data-start=\"713\" data-end=\"846\" data-is-last-node=\"\" data-is-only-node=\"\">Genie\u00dfe den <strong data-start=\"0\" data-end=\"61\">BODEFERM<\/strong><strong data-start=\"725\" data-end=\"752\">\u00a02-Liter Rotwein<\/strong> \u2013 auch gek\u00fchlt ein Genuss, der beste Geschmack bei hervorragendem Preis-Leistungs-Verh\u00e4ltnis!<\/p>\n","protected":false},"excerpt":{"rendered":"<p>BODEFERM 2-Liter Rotwein \u2013 Perfekter Genuss f\u00fcr Jeden Tag, auch gut gek\u00fchlt Der BODEFERM\u00a02-Liter Rotwein aus der Region Lleida bietet dir einen vollmundigen, fruchtigen Geschmack, der sich hervorragend f\u00fcr den t\u00e4glichen Genuss eignet \u2013 auch gut gek\u00fchlt! Mit seinem ausgewogenen Charakter und angenehmen Tanninen ist dieser Wein der ideale Begleiter f\u00fcr jede Mahlzeit oder gesellige [&hellip;]<\/p>\n","protected":false},"featured_media":531,"comment_status":"open","ping_status":"closed","template":"","meta":{"_acf_changed":false},"product_brand":[],"product_cat":[61],"product_tag":[],"class_list":{"0":"post-2884","1":"product","2":"type-product","3":"status-publish","4":"has-post-thumbnail","6":"product_cat-wein-wermut-und-essig","8":"first","9":"instock","10":"taxable","11":"shipping-taxable","12":"purchasable","13":"product-type-simple"},"acf":[],"yoast_head":"<!-- This site is optimized with the Yoast SEO plugin v27.5 - https:\/\/yoast.com\/product\/yoast-seo-wordpress\/ -->\n<title>Rotwein BOdeFERM 2L - OliFERM - Oli d&#039;Oliva Verge Extra<\/title>\n<meta name=\"description\" content=\"BOdeFERM Rotwein in einer 2-Liter-Karaffe, handgefertigt aus Trauben, die aus unserer eigenen Ernte in Castelldans, Lleida, stammen.\" \/>\n<meta name=\"robots\" content=\"index, follow, max-snippet:-1, max-image-preview:large, max-video-preview:-1\" \/>\n<link rel=\"canonical\" href=\"https:\/\/www.oliferm.com\/de\/producte\/rotwein-bodeferm-2l\/\" \/>\n<meta property=\"og:locale\" content=\"de_DE\" \/>\n<meta property=\"og:type\" content=\"article\" \/>\n<meta property=\"og:title\" content=\"Rotwein BOdeFERM 2L - OliFERM - Oli d&#039;Oliva Verge Extra\" \/>\n<meta property=\"og:description\" content=\"BOdeFERM Rotwein in einer 2-Liter-Karaffe, handgefertigt aus Trauben, die aus unserer eigenen Ernte in Castelldans, Lleida, stammen.\" \/>\n<meta property=\"og:url\" content=\"https:\/\/www.oliferm.com\/de\/producte\/rotwein-bodeferm-2l\/\" \/>\n<meta property=\"og:site_name\" content=\"OliFERM - Oli d&#039;Oliva Verge Extra\" \/>\n<meta property=\"article:publisher\" content=\"https:\/\/www.facebook.com\/oliferm\" \/>\n<meta property=\"article:modified_time\" content=\"2025-05-29T09:00:26+00:00\" \/>\n<meta property=\"og:image\" content=\"https:\/\/www.oliferm.com\/wp-content\/uploads\/2022\/02\/8.jpg\" \/>\n\t<meta property=\"og:image:width\" content=\"900\" \/>\n\t<meta property=\"og:image:height\" content=\"900\" \/>\n\t<meta property=\"og:image:type\" content=\"image\/jpeg\" \/>\n<meta name=\"twitter:card\" content=\"summary_large_image\" \/>\n<meta name=\"twitter:label1\" content=\"Gesch\u00e4tzte Lesezeit\" \/>\n\t<meta name=\"twitter:data1\" content=\"1\u00a0Minute\" \/>\n<!-- \/ Yoast SEO plugin. -->","yoast_head_json":{"title":"Rotwein BOdeFERM 2L - OliFERM - Oli d&#039;Oliva Verge Extra","description":"BOdeFERM Rotwein in einer 2-Liter-Karaffe, handgefertigt aus Trauben, die aus unserer eigenen Ernte in Castelldans, Lleida, stammen.","robots":{"index":"index","follow":"follow","max-snippet":"max-snippet:-1","max-image-preview":"max-image-preview:large","max-video-preview":"max-video-preview:-1"},"canonical":"https:\/\/www.oliferm.com\/de\/producte\/rotwein-bodeferm-2l\/","og_locale":"de_DE","og_type":"article","og_title":"Rotwein BOdeFERM 2L - OliFERM - Oli d&#039;Oliva Verge Extra","og_description":"BOdeFERM Rotwein in einer 2-Liter-Karaffe, handgefertigt aus Trauben, die aus unserer eigenen Ernte in Castelldans, Lleida, stammen.","og_url":"https:\/\/www.oliferm.com\/de\/producte\/rotwein-bodeferm-2l\/","og_site_name":"OliFERM - Oli d&#039;Oliva Verge Extra","article_publisher":"https:\/\/www.facebook.com\/oliferm","article_modified_time":"2025-05-29T09:00:26+00:00","og_image":[{"width":900,"height":900,"url":"https:\/\/www.oliferm.com\/wp-content\/uploads\/2022\/02\/8.jpg","type":"image\/jpeg"}],"twitter_card":"summary_large_image","twitter_misc":{"Gesch\u00e4tzte Lesezeit":"1\u00a0Minute"},"schema":{"@context":"https:\/\/schema.org","@graph":[{"@type":"WebPage","@id":"https:\/\/www.oliferm.com\/de\/producte\/rotwein-bodeferm-2l\/","url":"https:\/\/www.oliferm.com\/de\/producte\/rotwein-bodeferm-2l\/","name":"Rotwein BOdeFERM 2L - OliFERM - Oli d&#039;Oliva Verge Extra","isPartOf":{"@id":"https:\/\/www.oliferm.com\/#website"},"primaryImageOfPage":{"@id":"https:\/\/www.oliferm.com\/de\/producte\/rotwein-bodeferm-2l\/#primaryimage"},"image":{"@id":"https:\/\/www.oliferm.com\/de\/producte\/rotwein-bodeferm-2l\/#primaryimage"},"thumbnailUrl":"https:\/\/www.oliferm.com\/wp-content\/uploads\/2022\/02\/8.jpg","datePublished":"2025-04-16T17:51:11+00:00","dateModified":"2025-05-29T09:00:26+00:00","description":"BOdeFERM Rotwein in einer 2-Liter-Karaffe, handgefertigt aus Trauben, die aus unserer eigenen Ernte in Castelldans, Lleida, stammen.","breadcrumb":{"@id":"https:\/\/www.oliferm.com\/de\/producte\/rotwein-bodeferm-2l\/#breadcrumb"},"inLanguage":"de","potentialAction":[{"@type":"ReadAction","target":["https:\/\/www.oliferm.com\/de\/producte\/rotwein-bodeferm-2l\/"]}]},{"@type":"ImageObject","inLanguage":"de","@id":"https:\/\/www.oliferm.com\/de\/producte\/rotwein-bodeferm-2l\/#primaryimage","url":"https:\/\/www.oliferm.com\/wp-content\/uploads\/2022\/02\/8.jpg","contentUrl":"https:\/\/www.oliferm.com\/wp-content\/uploads\/2022\/02\/8.jpg","width":900,"height":900,"caption":"Schwarzer Wermut 2l Flasche"},{"@type":"BreadcrumbList","@id":"https:\/\/www.oliferm.com\/de\/producte\/rotwein-bodeferm-2l\/#breadcrumb","itemListElement":[{"@type":"ListItem","position":1,"name":"Inici","item":"https:\/\/www.oliferm.com\/de\/"},{"@type":"ListItem","position":2,"name":"Alle Produkte","item":"https:\/\/www.oliferm.com\/tots-els-productes\/"},{"@type":"ListItem","position":3,"name":"Vi, vermut i vinagre","item":"https:\/\/www.oliferm.com\/categoria-producte\/vi-vermut-i-vinagre\/"},{"@type":"ListItem","position":4,"name":"Rotwein BOdeFERM 2L"}]},{"@type":"WebSite","@id":"https:\/\/www.oliferm.com\/#website","url":"https:\/\/www.oliferm.com\/","name":"OliFERM - Oli d&#039;Oliva Verge Extra","description":"Cooperativa de Castelldans","publisher":{"@id":"https:\/\/www.oliferm.com\/#organization"},"potentialAction":[{"@type":"SearchAction","target":{"@type":"EntryPoint","urlTemplate":"https:\/\/www.oliferm.com\/?s={search_term_string}"},"query-input":{"@type":"PropertyValueSpecification","valueRequired":true,"valueName":"search_term_string"}}],"inLanguage":"de"},{"@type":"Organization","@id":"https:\/\/www.oliferm.com\/#organization","name":"OliFERM - Cooperativa de Castelldans","url":"https:\/\/www.oliferm.com\/","logo":{"@type":"ImageObject","inLanguage":"de","@id":"https:\/\/www.oliferm.com\/#\/schema\/logo\/image\/","url":"https:\/\/www.oliferm.com\/wp-content\/uploads\/2022\/02\/logo-ppal.png","contentUrl":"https:\/\/www.oliferm.com\/wp-content\/uploads\/2022\/02\/logo-ppal.png","width":700,"height":542,"caption":"OliFERM - Cooperativa de Castelldans"},"image":{"@id":"https:\/\/www.oliferm.com\/#\/schema\/logo\/image\/"},"sameAs":["https:\/\/www.facebook.com\/oliferm","https:\/\/www.instagram.com\/cooperativacastelldans\/"]}]}},"_links":{"self":[{"href":"https:\/\/www.oliferm.com\/de\/wp-json\/wp\/v2\/product\/2884","targetHints":{"allow":["GET"]}}],"collection":[{"href":"https:\/\/www.oliferm.com\/de\/wp-json\/wp\/v2\/product"}],"about":[{"href":"https:\/\/www.oliferm.com\/de\/wp-json\/wp\/v2\/types\/product"}],"replies":[{"embeddable":true,"href":"https:\/\/www.oliferm.com\/de\/wp-json\/wp\/v2\/comments?post=2884"}],"wp:featuredmedia":[{"embeddable":true,"href":"https:\/\/www.oliferm.com\/de\/wp-json\/wp\/v2\/media\/531"}],"wp:attachment":[{"href":"https:\/\/www.oliferm.com\/de\/wp-json\/wp\/v2\/media?parent=2884"}],"wp:term":[{"taxonomy":"product_brand","embeddable":true,"href":"https:\/\/www.oliferm.com\/de\/wp-json\/wp\/v2\/product_brand?post=2884"},{"taxonomy":"product_cat","embeddable":true,"href":"https:\/\/www.oliferm.com\/de\/wp-json\/wp\/v2\/product_cat?post=2884"},{"taxonomy":"product_tag","embeddable":true,"href":"https:\/\/www.oliferm.com\/de\/wp-json\/wp\/v2\/product_tag?post=2884"}],"curies":[{"name":"wp","href":"https:\/\/api.w.org\/{rel}","templated":true}]}}