{"id":608,"date":"2022-11-15T14:42:59","date_gmt":"2022-11-15T14:42:59","guid":{"rendered":"https:\/\/www.oliferm.com\/producte\/oliferm-del-raig-2l-flasche\/"},"modified":"2025-11-07T08:20:54","modified_gmt":"2025-11-07T08:20:54","slug":"karaffe-2l-oliferm-del-raig","status":"publish","type":"product","link":"https:\/\/www.oliferm.com\/de\/producte\/karaffe-2l-oliferm-del-raig\/","title":{"rendered":"OliFERM del Raig 2L Karaffe &#8211; Neue Ernte \ud83d\udc9a"},"content":{"rendered":"<p data-end=\"117\" data-start=\"0\"><strong data-end=\"117\" data-start=\"0\">OliFERM 2-Liter PET Karaffe \u2013 Primer Raig, Erste Pressung, Ungefiltert \u2013 Katalanische Spezialit\u00e4t aus Castelldans, 100% Arbequina Oliven<\/strong><\/p>\n<p data-end=\"475\" data-start=\"119\">Genie\u00dfe das au\u00dfergew\u00f6hnliche <strong data-end=\"171\" data-start=\"148\">OliFERM Primer Raig<\/strong>, ein hochwertiges, ungefiltertes Oliven\u00f6l aus der ersten Pressung der erstem Oliven der Saison. Hergestellt aus Oliven aus <strong data-end=\"315\" data-start=\"300\">Castelldans<\/strong>, einem renommierten Olivenanbaugebiet in Katalonien, bietet dieses Oliven\u00f6l einen intensiven, fruchtigen Geschmack und bleibt in seiner reinsten Form erhalten.<\/p>\n<p data-end=\"515\" data-start=\"477\"><strong data-end=\"515\" data-start=\"477\">Warum OliFERM 2-Liter PET Karaffe?<\/strong><\/p>\n<ul data-end=\"839\" data-start=\"516\">\n<li data-end=\"588\" data-start=\"516\">\n<p data-end=\"588\" data-start=\"518\"><strong data-end=\"550\" data-start=\"518\">Erste Pressung &amp; Ungefiltert<\/strong> \u2013 h\u00f6chster Geschmack und volle Aromen<\/p>\n<\/li>\n<li data-end=\"670\" data-start=\"589\">\n<p data-end=\"670\" data-start=\"591\"><strong data-end=\"615\" data-start=\"591\">Herkunft Castelldans<\/strong> \u2013 aus einer der besten Olivenanbauregionen Kataloniens<\/p>\n<\/li>\n<li data-end=\"756\" data-start=\"671\">\n<p data-end=\"756\" data-start=\"673\"><strong data-end=\"697\" data-start=\"673\">Reich an N\u00e4hrstoffen<\/strong> \u2013 voller Antioxidantien, Vitaminen und gesunden Fetts\u00e4uren<\/p>\n<\/li>\n<li data-end=\"839\" data-start=\"757\">\n<p data-end=\"839\" data-start=\"759\"><strong data-end=\"793\" data-start=\"759\">Praktische 2-Liter PET Karaffe<\/strong> \u2013 ideal f\u00fcr Haushalte und Gastronomiebetriebe<\/p>\n<\/li>\n<\/ul>\n<p>Mit dem OliFERM Primer Raig 2-Liter PET Karaffe genie\u00dft du nicht nur ein au\u00dfergew\u00f6hnliches Oliven\u00f6l, sondern auch ein St\u00fcck katalanischer Tradition und Handwerkskunst. Perfekt f\u00fcr alle, die h\u00f6chste Qualit\u00e4t, intensiven Geschmack und Nachhaltigkeit sch\u00e4tzen \u2013 und dabei auf ein Produkt aus einer der besten Olivenanbauregionen Spaniens setzen.<\/p>\n<p data-end=\"934\" data-start=\"841\" data-is-only-node=\"\" data-is-last-node=\"\">Erlebe die authentische katalanische Oliven\u00f6ltradition \u2013 pur, gesund und von bester Qualit\u00e4t!<\/p>\n<p>\u00a0 \u00a0 \u00a0 <img loading=\"lazy\" decoding=\"async\" class=\"wp-image-1313 aligncenter\" src=\"https:\/\/www.oliferm.com\/wp-content\/uploads\/2024\/03\/VENDA-DE-PROXIMITAT-300x300.webp\" alt=\"Logo f\u00fcr den Nahverkauf\" width=\"97\" height=\"97\" \/><\/p>\n","protected":false},"excerpt":{"rendered":"<p>OliFERM 2-Liter PET Karaffe \u2013 Primer Raig, Erste Pressung, Ungefiltert \u2013 Katalanische Spezialit\u00e4t aus Castelldans, 100% Arbequina Oliven Genie\u00dfe das au\u00dfergew\u00f6hnliche OliFERM Primer Raig, ein hochwertiges, ungefiltertes Oliven\u00f6l aus der ersten Pressung der erstem Oliven der Saison. Hergestellt aus Oliven aus Castelldans, einem renommierten Olivenanbaugebiet in Katalonien, bietet dieses Oliven\u00f6l einen intensiven, fruchtigen Geschmack und [&hellip;]<\/p>\n","protected":false},"featured_media":809,"comment_status":"open","ping_status":"closed","template":"","meta":{"_acf_changed":false},"product_brand":[],"product_cat":[60],"product_tag":[],"class_list":{"0":"post-608","1":"product","2":"type-product","3":"status-publish","4":"has-post-thumbnail","6":"product_cat-natives-olivenol-extra","7":"product_shipping_class-0-kg-de","9":"first","10":"outofstock","11":"taxable","12":"shipping-taxable","13":"purchasable","14":"product-type-simple"},"acf":[],"yoast_head":"<!-- This site is optimized with the Yoast SEO plugin v27.5 - https:\/\/yoast.com\/product\/yoast-seo-wordpress\/ -->\n<title>OliFERM del Raig 2L Karaffe - Neue Ernte \ud83d\udc9a - OliFERM - Oli d&#039;Oliva Verge Extra<\/title>\n<meta name=\"description\" content=\"Oliferms Primer Raig-\u00d6l im 2-Liter-Format: der authentische Geschmack der ersten Ernte, mit frischen und fruchtigen Noten.\" \/>\n<meta name=\"robots\" content=\"index, follow, max-snippet:-1, max-image-preview:large, max-video-preview:-1\" \/>\n<link rel=\"canonical\" href=\"https:\/\/www.oliferm.com\/de\/producte\/karaffe-2l-oliferm-del-raig\/\" \/>\n<meta property=\"og:locale\" content=\"de_DE\" \/>\n<meta property=\"og:type\" content=\"article\" \/>\n<meta property=\"og:title\" content=\"OliFERM del Raig 2L Karaffe - Neue Ernte \ud83d\udc9a - OliFERM - Oli d&#039;Oliva Verge Extra\" \/>\n<meta property=\"og:description\" content=\"Oliferms Primer Raig-\u00d6l im 2-Liter-Format: der authentische Geschmack der ersten Ernte, mit frischen und fruchtigen Noten.\" \/>\n<meta property=\"og:url\" content=\"https:\/\/www.oliferm.com\/de\/producte\/karaffe-2l-oliferm-del-raig\/\" \/>\n<meta property=\"og:site_name\" content=\"OliFERM - Oli d&#039;Oliva Verge Extra\" \/>\n<meta property=\"article:publisher\" content=\"https:\/\/www.facebook.com\/oliferm\" \/>\n<meta property=\"article:modified_time\" content=\"2025-11-07T08:20:54+00:00\" \/>\n<meta property=\"og:image\" content=\"https:\/\/www.oliferm.com\/wp-content\/uploads\/2023\/07\/2l-raig.2-684x1024.png\" \/>\n\t<meta property=\"og:image:width\" content=\"684\" \/>\n\t<meta property=\"og:image:height\" content=\"1024\" \/>\n\t<meta property=\"og:image:type\" content=\"image\/png\" \/>\n<meta name=\"twitter:card\" content=\"summary_large_image\" \/>\n<meta name=\"twitter:label1\" content=\"Gesch\u00e4tzte Lesezeit\" \/>\n\t<meta name=\"twitter:data1\" content=\"2\u00a0Minuten\" \/>\n<!-- \/ Yoast SEO plugin. -->","yoast_head_json":{"title":"OliFERM del Raig 2L Karaffe - Neue Ernte \ud83d\udc9a - OliFERM - Oli d&#039;Oliva Verge Extra","description":"Oliferms Primer Raig-\u00d6l im 2-Liter-Format: der authentische Geschmack der ersten Ernte, mit frischen und fruchtigen Noten.","robots":{"index":"index","follow":"follow","max-snippet":"max-snippet:-1","max-image-preview":"max-image-preview:large","max-video-preview":"max-video-preview:-1"},"canonical":"https:\/\/www.oliferm.com\/de\/producte\/karaffe-2l-oliferm-del-raig\/","og_locale":"de_DE","og_type":"article","og_title":"OliFERM del Raig 2L Karaffe - Neue Ernte \ud83d\udc9a - OliFERM - Oli d&#039;Oliva Verge Extra","og_description":"Oliferms Primer Raig-\u00d6l im 2-Liter-Format: der authentische Geschmack der ersten Ernte, mit frischen und fruchtigen Noten.","og_url":"https:\/\/www.oliferm.com\/de\/producte\/karaffe-2l-oliferm-del-raig\/","og_site_name":"OliFERM - Oli d&#039;Oliva Verge Extra","article_publisher":"https:\/\/www.facebook.com\/oliferm","article_modified_time":"2025-11-07T08:20:54+00:00","og_image":[{"width":684,"height":1024,"url":"https:\/\/www.oliferm.com\/wp-content\/uploads\/2023\/07\/2l-raig.2-684x1024.png","type":"image\/png"}],"twitter_card":"summary_large_image","twitter_misc":{"Gesch\u00e4tzte Lesezeit":"2\u00a0Minuten"},"schema":{"@context":"https:\/\/schema.org","@graph":[{"@type":"WebPage","@id":"https:\/\/www.oliferm.com\/de\/producte\/karaffe-2l-oliferm-del-raig\/","url":"https:\/\/www.oliferm.com\/de\/producte\/karaffe-2l-oliferm-del-raig\/","name":"OliFERM del Raig 2L Karaffe - Neue Ernte \ud83d\udc9a - OliFERM - Oli d&#039;Oliva Verge Extra","isPartOf":{"@id":"https:\/\/www.oliferm.com\/#website"},"primaryImageOfPage":{"@id":"https:\/\/www.oliferm.com\/de\/producte\/karaffe-2l-oliferm-del-raig\/#primaryimage"},"image":{"@id":"https:\/\/www.oliferm.com\/de\/producte\/karaffe-2l-oliferm-del-raig\/#primaryimage"},"thumbnailUrl":"https:\/\/www.oliferm.com\/wp-content\/uploads\/2023\/07\/2l-raig.2.png","datePublished":"2022-11-15T14:42:59+00:00","dateModified":"2025-11-07T08:20:54+00:00","description":"Oliferms Primer Raig-\u00d6l im 2-Liter-Format: der authentische Geschmack der ersten Ernte, mit frischen und fruchtigen Noten.","breadcrumb":{"@id":"https:\/\/www.oliferm.com\/de\/producte\/karaffe-2l-oliferm-del-raig\/#breadcrumb"},"inLanguage":"de","potentialAction":[{"@type":"ReadAction","target":["https:\/\/www.oliferm.com\/de\/producte\/karaffe-2l-oliferm-del-raig\/"]}]},{"@type":"ImageObject","inLanguage":"de","@id":"https:\/\/www.oliferm.com\/de\/producte\/karaffe-2l-oliferm-del-raig\/#primaryimage","url":"https:\/\/www.oliferm.com\/wp-content\/uploads\/2023\/07\/2l-raig.2.png","contentUrl":"https:\/\/www.oliferm.com\/wp-content\/uploads\/2023\/07\/2l-raig.2.png","width":3247,"height":4863,"caption":"2l Jet-\u00d6lflasche"},{"@type":"BreadcrumbList","@id":"https:\/\/www.oliferm.com\/de\/producte\/karaffe-2l-oliferm-del-raig\/#breadcrumb","itemListElement":[{"@type":"ListItem","position":1,"name":"Inici","item":"https:\/\/www.oliferm.com\/de\/"},{"@type":"ListItem","position":2,"name":"Alle Produkte","item":"https:\/\/www.oliferm.com\/tots-els-productes\/"},{"@type":"ListItem","position":3,"name":"Oli d'Oliva verge extra","item":"https:\/\/www.oliferm.com\/categoria-producte\/oli-doliva-verge-extra\/"},{"@type":"ListItem","position":4,"name":"OliFERM del Raig 2L Karaffe &#8211; Neue Ernte \ud83d\udc9a"}]},{"@type":"WebSite","@id":"https:\/\/www.oliferm.com\/#website","url":"https:\/\/www.oliferm.com\/","name":"OliFERM - Oli d&#039;Oliva Verge Extra","description":"Cooperativa de Castelldans","publisher":{"@id":"https:\/\/www.oliferm.com\/#organization"},"potentialAction":[{"@type":"SearchAction","target":{"@type":"EntryPoint","urlTemplate":"https:\/\/www.oliferm.com\/?s={search_term_string}"},"query-input":{"@type":"PropertyValueSpecification","valueRequired":true,"valueName":"search_term_string"}}],"inLanguage":"de"},{"@type":"Organization","@id":"https:\/\/www.oliferm.com\/#organization","name":"OliFERM - Cooperativa de Castelldans","url":"https:\/\/www.oliferm.com\/","logo":{"@type":"ImageObject","inLanguage":"de","@id":"https:\/\/www.oliferm.com\/#\/schema\/logo\/image\/","url":"https:\/\/www.oliferm.com\/wp-content\/uploads\/2022\/02\/logo-ppal.png","contentUrl":"https:\/\/www.oliferm.com\/wp-content\/uploads\/2022\/02\/logo-ppal.png","width":700,"height":542,"caption":"OliFERM - Cooperativa de Castelldans"},"image":{"@id":"https:\/\/www.oliferm.com\/#\/schema\/logo\/image\/"},"sameAs":["https:\/\/www.facebook.com\/oliferm","https:\/\/www.instagram.com\/cooperativacastelldans\/"]}]}},"_links":{"self":[{"href":"https:\/\/www.oliferm.com\/de\/wp-json\/wp\/v2\/product\/608","targetHints":{"allow":["GET"]}}],"collection":[{"href":"https:\/\/www.oliferm.com\/de\/wp-json\/wp\/v2\/product"}],"about":[{"href":"https:\/\/www.oliferm.com\/de\/wp-json\/wp\/v2\/types\/product"}],"replies":[{"embeddable":true,"href":"https:\/\/www.oliferm.com\/de\/wp-json\/wp\/v2\/comments?post=608"}],"wp:featuredmedia":[{"embeddable":true,"href":"https:\/\/www.oliferm.com\/de\/wp-json\/wp\/v2\/media\/809"}],"wp:attachment":[{"href":"https:\/\/www.oliferm.com\/de\/wp-json\/wp\/v2\/media?parent=608"}],"wp:term":[{"taxonomy":"product_brand","embeddable":true,"href":"https:\/\/www.oliferm.com\/de\/wp-json\/wp\/v2\/product_brand?post=608"},{"taxonomy":"product_cat","embeddable":true,"href":"https:\/\/www.oliferm.com\/de\/wp-json\/wp\/v2\/product_cat?post=608"},{"taxonomy":"product_tag","embeddable":true,"href":"https:\/\/www.oliferm.com\/de\/wp-json\/wp\/v2\/product_tag?post=608"}],"curies":[{"name":"wp","href":"https:\/\/api.w.org\/{rel}","templated":true}]}}