{"id":609,"date":"2022-05-23T08:40:30","date_gmt":"2022-05-23T08:40:30","guid":{"rendered":"https:\/\/www.oliferm.com\/producte\/bodeferm-balsamessig-250ml\/"},"modified":"2025-05-29T08:08:16","modified_gmt":"2025-05-29T08:08:16","slug":"essig-balsamico-bodeferm-250ml","status":"publish","type":"product","link":"https:\/\/www.oliferm.com\/de\/producte\/essig-balsamico-bodeferm-250ml\/","title":{"rendered":"BOdeFERM Balsamico Essig &#8211; 250ml"},"content":{"rendered":"<p data-start=\"54\" data-end=\"115\"><strong data-start=\"54\" data-end=\"115\">Balsamico-Essig aus Modena \u2013 Abgef\u00fcllt in Lleida \u2013 250 ml<\/strong><\/p>\n<p data-start=\"117\" data-end=\"417\">Unser <strong data-start=\"123\" data-end=\"153\">Balsamico-Essig aus Modena<\/strong> wird in der renommierten Region Modena, Italien, nach traditionellem Rezept hergestellt und in Lleida, Spanien, abgef\u00fcllt. Durch die schonende Reifung entwickelt er einen vollmundigen Geschmack, der sich durch eine perfekte Balance von S\u00fc\u00dfe und S\u00e4ure auszeichnet.<\/p>\n<p data-start=\"419\" data-end=\"443\"><strong data-start=\"419\" data-end=\"443\">Herkunft &amp; Qualit\u00e4t:<\/strong><\/p>\n<ul data-start=\"444\" data-end=\"740\">\n<li data-start=\"444\" data-end=\"530\">\n<p data-start=\"446\" data-end=\"530\"><strong data-start=\"446\" data-end=\"460\">Aus Modena<\/strong>: Traditionell hergestellt aus ausgew\u00e4hlten Trauben der Region Modena.<\/p>\n<\/li>\n<li data-start=\"531\" data-end=\"634\">\n<p data-start=\"533\" data-end=\"634\"><strong data-start=\"533\" data-end=\"556\">Abgef\u00fcllt in Lleida<\/strong>: In Lleida mit gr\u00f6\u00dfter Sorgfalt abgef\u00fcllt, um Frische und Aromen zu bewahren.<\/p>\n<\/li>\n<li data-start=\"635\" data-end=\"740\">\n<p data-start=\"637\" data-end=\"740\"><strong data-start=\"637\" data-end=\"662\">Vielseitig einsetzbar<\/strong>: Ideal f\u00fcr Salate, Marinaden, Saucen oder als Topping f\u00fcr Gem\u00fcse und Fleisch.<\/p>\n<\/li>\n<li data-start=\"635\" data-end=\"740\">\n<p data-start=\"637\" data-end=\"740\"><strong data-start=\"1063\" data-end=\"1098\">Reicher, vollmundiger Geschmack<\/strong>: Mit einer perfekten Balance aus S\u00fc\u00dfe und S\u00e4ure eignet sich der Balsamico-Essig f\u00fcr eine Vielzahl von Gerichten.<\/p>\n<\/li>\n<li data-start=\"635\" data-end=\"740\"><strong data-start=\"1373\" data-end=\"1404\">Hoher Anteil an Traubenmost<\/strong>: Der hohe Anteil an Traubenmost sorgt f\u00fcr eine samtige Textur und einen einzigartigen Geschmack.<\/li>\n<\/ul>\n<p data-start=\"742\" data-end=\"771\"><strong data-start=\"742\" data-end=\"771\">Gesundheitliche Vorteile:<\/strong><\/p>\n<ul data-start=\"772\" data-end=\"952\">\n<li data-start=\"772\" data-end=\"876\">\n<p data-start=\"774\" data-end=\"876\"><strong data-start=\"774\" data-end=\"792\">Antioxidantien<\/strong>: Balsamico-Essig enth\u00e4lt nat\u00fcrliche Antioxidantien, die die Zellen sch\u00fctzen k\u00f6nnen.<\/p>\n<\/li>\n<li data-start=\"877\" data-end=\"952\">\n<p data-start=\"879\" data-end=\"952\"><strong data-start=\"879\" data-end=\"904\">F\u00f6rdert die Verdauung<\/strong>: Ein Essl\u00f6ffel kann die Verdauung unterst\u00fctzen.<\/p>\n<\/li>\n<\/ul>\n<p data-start=\"954\" data-end=\"1087\">Genie\u00dfen Sie den authentischen Geschmack des <strong data-start=\"999\" data-end=\"1030\">Balsamico-Essigs aus Modena<\/strong> \u2013 ein unverzichtbares K\u00fcchenhighlight f\u00fcr Feinschmecker.<\/p>\n","protected":false},"excerpt":{"rendered":"<p>Balsamico-Essig aus Modena \u2013 Abgef\u00fcllt in Lleida \u2013 250 ml Unser Balsamico-Essig aus Modena wird in der renommierten Region Modena, Italien, nach traditionellem Rezept hergestellt und in Lleida, Spanien, abgef\u00fcllt. Durch die schonende Reifung entwickelt er einen vollmundigen Geschmack, der sich durch eine perfekte Balance von S\u00fc\u00dfe und S\u00e4ure auszeichnet. Herkunft &amp; Qualit\u00e4t: Aus Modena: [&hellip;]<\/p>\n","protected":false},"featured_media":541,"comment_status":"open","ping_status":"closed","template":"","meta":{"_acf_changed":false},"product_brand":[],"product_cat":[61],"product_tag":[],"class_list":{"0":"post-609","1":"product","2":"type-product","3":"status-publish","4":"has-post-thumbnail","6":"product_cat-wein-wermut-und-essig","7":"product_shipping_class-0-kg-de","9":"first","10":"instock","11":"taxable","12":"shipping-taxable","13":"purchasable","14":"product-type-simple"},"acf":[],"yoast_head":"<!-- This site is optimized with the Yoast SEO plugin v27.5 - https:\/\/yoast.com\/product\/yoast-seo-wordpress\/ -->\n<title>BOdeFERM Balsamico Essig - 250ml - OliFERM - Oli d&#039;Oliva Verge Extra<\/title>\n<meta name=\"description\" content=\"BOdeFERM Balsamico-Essig 250 ml ist mehr als ein Gew\u00fcrz, es ist eine Einladung, die reichen und komplexen Aromen eines handwerklich hergestellten Produkts zu erkunden.\" \/>\n<meta name=\"robots\" content=\"index, follow, max-snippet:-1, max-image-preview:large, max-video-preview:-1\" \/>\n<link rel=\"canonical\" href=\"https:\/\/www.oliferm.com\/de\/producte\/essig-balsamico-bodeferm-250ml\/\" \/>\n<meta property=\"og:locale\" content=\"de_DE\" \/>\n<meta property=\"og:type\" content=\"article\" \/>\n<meta property=\"og:title\" content=\"BOdeFERM Balsamico Essig - 250ml - OliFERM - Oli d&#039;Oliva Verge Extra\" \/>\n<meta property=\"og:description\" content=\"BOdeFERM Balsamico-Essig 250 ml ist mehr als ein Gew\u00fcrz, es ist eine Einladung, die reichen und komplexen Aromen eines handwerklich hergestellten Produkts zu erkunden.\" \/>\n<meta property=\"og:url\" content=\"https:\/\/www.oliferm.com\/de\/producte\/essig-balsamico-bodeferm-250ml\/\" \/>\n<meta property=\"og:site_name\" content=\"OliFERM - Oli d&#039;Oliva Verge Extra\" \/>\n<meta property=\"article:publisher\" content=\"https:\/\/www.facebook.com\/oliferm\" \/>\n<meta property=\"article:modified_time\" content=\"2025-05-29T08:08:16+00:00\" \/>\n<meta property=\"og:image\" content=\"https:\/\/www.oliferm.com\/wp-content\/uploads\/2022\/05\/WhatsApp-Image-2022-05-23-at-10.14.56.jpeg\" \/>\n\t<meta property=\"og:image:width\" content=\"1068\" \/>\n\t<meta property=\"og:image:height\" content=\"1600\" \/>\n\t<meta property=\"og:image:type\" content=\"image\/jpeg\" \/>\n<meta name=\"twitter:card\" content=\"summary_large_image\" \/>\n<meta name=\"twitter:label1\" content=\"Gesch\u00e4tzte Lesezeit\" \/>\n\t<meta name=\"twitter:data1\" content=\"2\u00a0Minuten\" \/>\n<!-- \/ Yoast SEO plugin. -->","yoast_head_json":{"title":"BOdeFERM Balsamico Essig - 250ml - OliFERM - Oli d&#039;Oliva Verge Extra","description":"BOdeFERM Balsamico-Essig 250 ml ist mehr als ein Gew\u00fcrz, es ist eine Einladung, die reichen und komplexen Aromen eines handwerklich hergestellten Produkts zu erkunden.","robots":{"index":"index","follow":"follow","max-snippet":"max-snippet:-1","max-image-preview":"max-image-preview:large","max-video-preview":"max-video-preview:-1"},"canonical":"https:\/\/www.oliferm.com\/de\/producte\/essig-balsamico-bodeferm-250ml\/","og_locale":"de_DE","og_type":"article","og_title":"BOdeFERM Balsamico Essig - 250ml - OliFERM - Oli d&#039;Oliva Verge Extra","og_description":"BOdeFERM Balsamico-Essig 250 ml ist mehr als ein Gew\u00fcrz, es ist eine Einladung, die reichen und komplexen Aromen eines handwerklich hergestellten Produkts zu erkunden.","og_url":"https:\/\/www.oliferm.com\/de\/producte\/essig-balsamico-bodeferm-250ml\/","og_site_name":"OliFERM - Oli d&#039;Oliva Verge Extra","article_publisher":"https:\/\/www.facebook.com\/oliferm","article_modified_time":"2025-05-29T08:08:16+00:00","og_image":[{"width":1068,"height":1600,"url":"https:\/\/www.oliferm.com\/wp-content\/uploads\/2022\/05\/WhatsApp-Image-2022-05-23-at-10.14.56.jpeg","type":"image\/jpeg"}],"twitter_card":"summary_large_image","twitter_misc":{"Gesch\u00e4tzte Lesezeit":"2\u00a0Minuten"},"schema":{"@context":"https:\/\/schema.org","@graph":[{"@type":"WebPage","@id":"https:\/\/www.oliferm.com\/de\/producte\/essig-balsamico-bodeferm-250ml\/","url":"https:\/\/www.oliferm.com\/de\/producte\/essig-balsamico-bodeferm-250ml\/","name":"BOdeFERM Balsamico Essig - 250ml - OliFERM - Oli d&#039;Oliva Verge Extra","isPartOf":{"@id":"https:\/\/www.oliferm.com\/#website"},"primaryImageOfPage":{"@id":"https:\/\/www.oliferm.com\/de\/producte\/essig-balsamico-bodeferm-250ml\/#primaryimage"},"image":{"@id":"https:\/\/www.oliferm.com\/de\/producte\/essig-balsamico-bodeferm-250ml\/#primaryimage"},"thumbnailUrl":"https:\/\/www.oliferm.com\/wp-content\/uploads\/2022\/05\/WhatsApp-Image-2022-05-23-at-10.14.56.jpeg","datePublished":"2022-05-23T08:40:30+00:00","dateModified":"2025-05-29T08:08:16+00:00","description":"BOdeFERM Balsamico-Essig 250 ml ist mehr als ein Gew\u00fcrz, es ist eine Einladung, die reichen und komplexen Aromen eines handwerklich hergestellten Produkts zu erkunden.","breadcrumb":{"@id":"https:\/\/www.oliferm.com\/de\/producte\/essig-balsamico-bodeferm-250ml\/#breadcrumb"},"inLanguage":"de","potentialAction":[{"@type":"ReadAction","target":["https:\/\/www.oliferm.com\/de\/producte\/essig-balsamico-bodeferm-250ml\/"]}]},{"@type":"ImageObject","inLanguage":"de","@id":"https:\/\/www.oliferm.com\/de\/producte\/essig-balsamico-bodeferm-250ml\/#primaryimage","url":"https:\/\/www.oliferm.com\/wp-content\/uploads\/2022\/05\/WhatsApp-Image-2022-05-23-at-10.14.56.jpeg","contentUrl":"https:\/\/www.oliferm.com\/wp-content\/uploads\/2022\/05\/WhatsApp-Image-2022-05-23-at-10.14.56.jpeg","width":1068,"height":1600,"caption":"250 ml Glasflasche Oliferm"},{"@type":"BreadcrumbList","@id":"https:\/\/www.oliferm.com\/de\/producte\/essig-balsamico-bodeferm-250ml\/#breadcrumb","itemListElement":[{"@type":"ListItem","position":1,"name":"Inici","item":"https:\/\/www.oliferm.com\/de\/"},{"@type":"ListItem","position":2,"name":"Alle Produkte","item":"https:\/\/www.oliferm.com\/tots-els-productes\/"},{"@type":"ListItem","position":3,"name":"Vi, vermut i vinagre","item":"https:\/\/www.oliferm.com\/categoria-producte\/vi-vermut-i-vinagre\/"},{"@type":"ListItem","position":4,"name":"BOdeFERM Balsamico Essig &#8211; 250ml"}]},{"@type":"WebSite","@id":"https:\/\/www.oliferm.com\/#website","url":"https:\/\/www.oliferm.com\/","name":"OliFERM - Oli d&#039;Oliva Verge Extra","description":"Cooperativa de Castelldans","publisher":{"@id":"https:\/\/www.oliferm.com\/#organization"},"potentialAction":[{"@type":"SearchAction","target":{"@type":"EntryPoint","urlTemplate":"https:\/\/www.oliferm.com\/?s={search_term_string}"},"query-input":{"@type":"PropertyValueSpecification","valueRequired":true,"valueName":"search_term_string"}}],"inLanguage":"de"},{"@type":"Organization","@id":"https:\/\/www.oliferm.com\/#organization","name":"OliFERM - Cooperativa de Castelldans","url":"https:\/\/www.oliferm.com\/","logo":{"@type":"ImageObject","inLanguage":"de","@id":"https:\/\/www.oliferm.com\/#\/schema\/logo\/image\/","url":"https:\/\/www.oliferm.com\/wp-content\/uploads\/2022\/02\/logo-ppal.png","contentUrl":"https:\/\/www.oliferm.com\/wp-content\/uploads\/2022\/02\/logo-ppal.png","width":700,"height":542,"caption":"OliFERM - Cooperativa de Castelldans"},"image":{"@id":"https:\/\/www.oliferm.com\/#\/schema\/logo\/image\/"},"sameAs":["https:\/\/www.facebook.com\/oliferm","https:\/\/www.instagram.com\/cooperativacastelldans\/"]}]}},"_links":{"self":[{"href":"https:\/\/www.oliferm.com\/de\/wp-json\/wp\/v2\/product\/609","targetHints":{"allow":["GET"]}}],"collection":[{"href":"https:\/\/www.oliferm.com\/de\/wp-json\/wp\/v2\/product"}],"about":[{"href":"https:\/\/www.oliferm.com\/de\/wp-json\/wp\/v2\/types\/product"}],"replies":[{"embeddable":true,"href":"https:\/\/www.oliferm.com\/de\/wp-json\/wp\/v2\/comments?post=609"}],"wp:featuredmedia":[{"embeddable":true,"href":"https:\/\/www.oliferm.com\/de\/wp-json\/wp\/v2\/media\/541"}],"wp:attachment":[{"href":"https:\/\/www.oliferm.com\/de\/wp-json\/wp\/v2\/media?parent=609"}],"wp:term":[{"taxonomy":"product_brand","embeddable":true,"href":"https:\/\/www.oliferm.com\/de\/wp-json\/wp\/v2\/product_brand?post=609"},{"taxonomy":"product_cat","embeddable":true,"href":"https:\/\/www.oliferm.com\/de\/wp-json\/wp\/v2\/product_cat?post=609"},{"taxonomy":"product_tag","embeddable":true,"href":"https:\/\/www.oliferm.com\/de\/wp-json\/wp\/v2\/product_tag?post=609"}],"curies":[{"name":"wp","href":"https:\/\/api.w.org\/{rel}","templated":true}]}}