{"id":617,"date":"2022-02-24T11:55:16","date_gmt":"2023-02-22T11:18:11","guid":{"rendered":"https:\/\/www.oliferm.com\/producte\/bodeferm-rosmarinhonig-500gr\/"},"modified":"2025-05-29T09:22:28","modified_gmt":"2025-05-29T09:22:28","slug":"rosmarin-honig-bodeferm-500gr","status":"publish","type":"product","link":"https:\/\/www.oliferm.com\/de\/producte\/rosmarin-honig-bodeferm-500gr\/","title":{"rendered":"BOdeFERM Wilder Rosmarin-Honig 500gr"},"content":{"rendered":"<p data-start=\"0\" data-end=\"74\"><strong data-start=\"0\" data-end=\"74\">BOdeFERM Wilder Rosmarin-Honig 500g \u2013 Ein Hauch der katalanischen H\u00fcgel<\/strong><\/p>\n<p data-start=\"76\" data-end=\"384\">Der <strong data-start=\"0\" data-end=\"74\">BOdeFERM<\/strong><strong data-start=\"80\" data-end=\"113\">\u00a0Wilder Rosmarin-Honig<\/strong> f\u00e4ngt das einzigartige Flair der <strong data-start=\"147\" data-end=\"183\">h\u00fcgeligen Landschaft Kataloniens<\/strong> ein. Hier, wo der wilde Rosmarin als typisches Wildkraut die Natur pr\u00e4gt, sammeln die Bienen den Nektar und verwandeln ihn in einen Honig, der die sanften Aromen der mediterranen Flora widerspiegelt.<\/p>\n<p data-start=\"386\" data-end=\"426\"><strong data-start=\"386\" data-end=\"426\">Warum BOdeFERM Wilder Rosmarin-Honig?<\/strong><\/p>\n<ul data-start=\"427\" data-end=\"841\">\n<li data-start=\"427\" data-end=\"576\">\n<p data-start=\"429\" data-end=\"576\"><strong data-start=\"429\" data-end=\"448\">Wilder Rosmarin<\/strong> \u2013 Das aromatische Wildkraut, das in den h\u00fcgeligen Regionen Kataloniens gedeiht, verleiht diesem Honig eine zarte, w\u00fcrzige Note.<\/p>\n<\/li>\n<li data-start=\"577\" data-end=\"727\">\n<p data-start=\"579\" data-end=\"727\"><strong data-start=\"579\" data-end=\"607\">Nat\u00fcrlich &amp; Unverf\u00e4lscht<\/strong> \u2013 100% reiner Honig, ohne Zuckerzusatz oder k\u00fcnstliche Aromen, der den authentischen Geschmack der Natur widerspiegelt.<\/p>\n<\/li>\n<li data-start=\"728\" data-end=\"841\">\n<p data-start=\"730\" data-end=\"841\"><strong data-start=\"730\" data-end=\"746\">500g im Glas<\/strong> \u2013 Eine Gr\u00f6\u00dfe, die den Tag vers\u00fc\u00dft und auch als kleines, pers\u00f6nliches Geschenk Freude bereitet.<\/p>\n<\/li>\n<\/ul>\n<p data-start=\"843\" data-end=\"1056\" data-is-last-node=\"\" data-is-only-node=\"\">Lass dich von dem <strong data-start=\"0\" data-end=\"74\">BOdeFERM<\/strong><strong data-start=\"861\" data-end=\"894\">\u00a0Wilder Rosmarin-Honig<\/strong> entf\u00fchren \u2013 ein L\u00f6ffel davon ist wie ein Spaziergang durch die bl\u00fchenden H\u00fcgel Kataloniens. Ideal f\u00fcr Tee, Joghurt oder einfach als s\u00fc\u00dfer Moment der Entspannung.<\/p>\n","protected":false},"excerpt":{"rendered":"<p>BOdeFERM Wilder Rosmarin-Honig 500g \u2013 Ein Hauch der katalanischen H\u00fcgel Der BOdeFERM\u00a0Wilder Rosmarin-Honig f\u00e4ngt das einzigartige Flair der h\u00fcgeligen Landschaft Kataloniens ein. Hier, wo der wilde Rosmarin als typisches Wildkraut die Natur pr\u00e4gt, sammeln die Bienen den Nektar und verwandeln ihn in einen Honig, der die sanften Aromen der mediterranen Flora widerspiegelt. Warum BOdeFERM Wilder [&hellip;]<\/p>\n","protected":false},"featured_media":527,"comment_status":"open","ping_status":"closed","template":"","meta":{"_acf_changed":false},"product_brand":[],"product_cat":[62],"product_tag":[],"class_list":{"0":"post-617","1":"product","2":"type-product","3":"status-publish","4":"has-post-thumbnail","6":"product_cat-mandeln-und-honig","7":"product_shipping_class-0-kg-de","9":"first","10":"instock","11":"taxable","12":"shipping-taxable","13":"purchasable","14":"product-type-simple"},"acf":[],"yoast_head":"<!-- This site is optimized with the Yoast SEO plugin v27.5 - https:\/\/yoast.com\/product\/yoast-seo-wordpress\/ -->\n<title>BOdeFERM Wilder Rosmarin-Honig 500gr - OliFERM - Oli d&#039;Oliva Verge Extra<\/title>\n<meta name=\"robots\" content=\"index, follow, max-snippet:-1, max-image-preview:large, max-video-preview:-1\" \/>\n<link rel=\"canonical\" href=\"https:\/\/www.oliferm.com\/de\/producte\/rosmarin-honig-bodeferm-500gr\/\" \/>\n<meta property=\"og:locale\" content=\"de_DE\" \/>\n<meta property=\"og:type\" content=\"article\" \/>\n<meta property=\"og:title\" content=\"BOdeFERM Wilder Rosmarin-Honig 500gr - OliFERM - Oli d&#039;Oliva Verge Extra\" \/>\n<meta property=\"og:description\" content=\"BOdeFERM Wilder Rosmarin-Honig 500g \u2013 Ein Hauch der katalanischen H\u00fcgel Der BOdeFERM\u00a0Wilder Rosmarin-Honig f\u00e4ngt das einzigartige Flair der h\u00fcgeligen Landschaft Kataloniens ein. Hier, wo der wilde Rosmarin als typisches Wildkraut die Natur pr\u00e4gt, sammeln die Bienen den Nektar und verwandeln ihn in einen Honig, der die sanften Aromen der mediterranen Flora widerspiegelt. Warum BOdeFERM Wilder [&hellip;]\" \/>\n<meta property=\"og:url\" content=\"https:\/\/www.oliferm.com\/de\/producte\/rosmarin-honig-bodeferm-500gr\/\" \/>\n<meta property=\"og:site_name\" content=\"OliFERM - Oli d&#039;Oliva Verge Extra\" \/>\n<meta property=\"article:publisher\" content=\"https:\/\/www.facebook.com\/oliferm\" \/>\n<meta property=\"article:modified_time\" content=\"2025-05-29T09:22:28+00:00\" \/>\n<meta property=\"og:image\" content=\"https:\/\/www.oliferm.com\/wp-content\/uploads\/2022\/02\/4.png\" \/>\n\t<meta property=\"og:image:width\" content=\"900\" \/>\n\t<meta property=\"og:image:height\" content=\"900\" \/>\n\t<meta property=\"og:image:type\" content=\"image\/png\" \/>\n<meta name=\"twitter:card\" content=\"summary_large_image\" \/>\n<meta name=\"twitter:label1\" content=\"Gesch\u00e4tzte Lesezeit\" \/>\n\t<meta name=\"twitter:data1\" content=\"1\u00a0Minute\" \/>\n<!-- \/ Yoast SEO plugin. -->","yoast_head_json":{"title":"BOdeFERM Wilder Rosmarin-Honig 500gr - OliFERM - Oli d&#039;Oliva Verge Extra","robots":{"index":"index","follow":"follow","max-snippet":"max-snippet:-1","max-image-preview":"max-image-preview:large","max-video-preview":"max-video-preview:-1"},"canonical":"https:\/\/www.oliferm.com\/de\/producte\/rosmarin-honig-bodeferm-500gr\/","og_locale":"de_DE","og_type":"article","og_title":"BOdeFERM Wilder Rosmarin-Honig 500gr - OliFERM - Oli d&#039;Oliva Verge Extra","og_description":"BOdeFERM Wilder Rosmarin-Honig 500g \u2013 Ein Hauch der katalanischen H\u00fcgel Der BOdeFERM\u00a0Wilder Rosmarin-Honig f\u00e4ngt das einzigartige Flair der h\u00fcgeligen Landschaft Kataloniens ein. Hier, wo der wilde Rosmarin als typisches Wildkraut die Natur pr\u00e4gt, sammeln die Bienen den Nektar und verwandeln ihn in einen Honig, der die sanften Aromen der mediterranen Flora widerspiegelt. Warum BOdeFERM Wilder [&hellip;]","og_url":"https:\/\/www.oliferm.com\/de\/producte\/rosmarin-honig-bodeferm-500gr\/","og_site_name":"OliFERM - Oli d&#039;Oliva Verge Extra","article_publisher":"https:\/\/www.facebook.com\/oliferm","article_modified_time":"2025-05-29T09:22:28+00:00","og_image":[{"width":900,"height":900,"url":"https:\/\/www.oliferm.com\/wp-content\/uploads\/2022\/02\/4.png","type":"image\/png"}],"twitter_card":"summary_large_image","twitter_misc":{"Gesch\u00e4tzte Lesezeit":"1\u00a0Minute"},"schema":{"@context":"https:\/\/schema.org","@graph":[{"@type":"WebPage","@id":"https:\/\/www.oliferm.com\/de\/producte\/rosmarin-honig-bodeferm-500gr\/","url":"https:\/\/www.oliferm.com\/de\/producte\/rosmarin-honig-bodeferm-500gr\/","name":"BOdeFERM Wilder Rosmarin-Honig 500gr - OliFERM - Oli d&#039;Oliva Verge Extra","isPartOf":{"@id":"https:\/\/www.oliferm.com\/#website"},"primaryImageOfPage":{"@id":"https:\/\/www.oliferm.com\/de\/producte\/rosmarin-honig-bodeferm-500gr\/#primaryimage"},"image":{"@id":"https:\/\/www.oliferm.com\/de\/producte\/rosmarin-honig-bodeferm-500gr\/#primaryimage"},"thumbnailUrl":"https:\/\/www.oliferm.com\/wp-content\/uploads\/2022\/02\/4.png","datePublished":"2023-02-22T11:18:11+00:00","dateModified":"2025-05-29T09:22:28+00:00","breadcrumb":{"@id":"https:\/\/www.oliferm.com\/de\/producte\/rosmarin-honig-bodeferm-500gr\/#breadcrumb"},"inLanguage":"de","potentialAction":[{"@type":"ReadAction","target":["https:\/\/www.oliferm.com\/de\/producte\/rosmarin-honig-bodeferm-500gr\/"]}]},{"@type":"ImageObject","inLanguage":"de","@id":"https:\/\/www.oliferm.com\/de\/producte\/rosmarin-honig-bodeferm-500gr\/#primaryimage","url":"https:\/\/www.oliferm.com\/wp-content\/uploads\/2022\/02\/4.png","contentUrl":"https:\/\/www.oliferm.com\/wp-content\/uploads\/2022\/02\/4.png","width":900,"height":900,"caption":"Bote de miel de romero Bo de Ferm"},{"@type":"BreadcrumbList","@id":"https:\/\/www.oliferm.com\/de\/producte\/rosmarin-honig-bodeferm-500gr\/#breadcrumb","itemListElement":[{"@type":"ListItem","position":1,"name":"Inici","item":"https:\/\/www.oliferm.com\/de\/"},{"@type":"ListItem","position":2,"name":"Alle Produkte","item":"https:\/\/www.oliferm.com\/tots-els-productes\/"},{"@type":"ListItem","position":3,"name":"Ametlles i Mel","item":"https:\/\/www.oliferm.com\/categoria-producte\/ametlles-i-mel\/"},{"@type":"ListItem","position":4,"name":"BOdeFERM Wilder Rosmarin-Honig 500gr"}]},{"@type":"WebSite","@id":"https:\/\/www.oliferm.com\/#website","url":"https:\/\/www.oliferm.com\/","name":"OliFERM - Oli d&#039;Oliva Verge Extra","description":"Cooperativa de Castelldans","publisher":{"@id":"https:\/\/www.oliferm.com\/#organization"},"potentialAction":[{"@type":"SearchAction","target":{"@type":"EntryPoint","urlTemplate":"https:\/\/www.oliferm.com\/?s={search_term_string}"},"query-input":{"@type":"PropertyValueSpecification","valueRequired":true,"valueName":"search_term_string"}}],"inLanguage":"de"},{"@type":"Organization","@id":"https:\/\/www.oliferm.com\/#organization","name":"OliFERM - Cooperativa de Castelldans","url":"https:\/\/www.oliferm.com\/","logo":{"@type":"ImageObject","inLanguage":"de","@id":"https:\/\/www.oliferm.com\/#\/schema\/logo\/image\/","url":"https:\/\/www.oliferm.com\/wp-content\/uploads\/2022\/02\/logo-ppal.png","contentUrl":"https:\/\/www.oliferm.com\/wp-content\/uploads\/2022\/02\/logo-ppal.png","width":700,"height":542,"caption":"OliFERM - Cooperativa de Castelldans"},"image":{"@id":"https:\/\/www.oliferm.com\/#\/schema\/logo\/image\/"},"sameAs":["https:\/\/www.facebook.com\/oliferm","https:\/\/www.instagram.com\/cooperativacastelldans\/"]}]}},"_links":{"self":[{"href":"https:\/\/www.oliferm.com\/de\/wp-json\/wp\/v2\/product\/617","targetHints":{"allow":["GET"]}}],"collection":[{"href":"https:\/\/www.oliferm.com\/de\/wp-json\/wp\/v2\/product"}],"about":[{"href":"https:\/\/www.oliferm.com\/de\/wp-json\/wp\/v2\/types\/product"}],"replies":[{"embeddable":true,"href":"https:\/\/www.oliferm.com\/de\/wp-json\/wp\/v2\/comments?post=617"}],"wp:featuredmedia":[{"embeddable":true,"href":"https:\/\/www.oliferm.com\/de\/wp-json\/wp\/v2\/media\/527"}],"wp:attachment":[{"href":"https:\/\/www.oliferm.com\/de\/wp-json\/wp\/v2\/media?parent=617"}],"wp:term":[{"taxonomy":"product_brand","embeddable":true,"href":"https:\/\/www.oliferm.com\/de\/wp-json\/wp\/v2\/product_brand?post=617"},{"taxonomy":"product_cat","embeddable":true,"href":"https:\/\/www.oliferm.com\/de\/wp-json\/wp\/v2\/product_cat?post=617"},{"taxonomy":"product_tag","embeddable":true,"href":"https:\/\/www.oliferm.com\/de\/wp-json\/wp\/v2\/product_tag?post=617"}],"curies":[{"name":"wp","href":"https:\/\/api.w.org\/{rel}","templated":true}]}}