{"id":619,"date":"2022-02-24T11:47:25","date_gmt":"2023-02-22T11:18:22","guid":{"rendered":"https:\/\/www.oliferm.com\/producte\/honig-der-tausend-blumen-bodeferm-980gr\/"},"modified":"2025-05-29T09:31:38","modified_gmt":"2025-05-29T09:31:38","slug":"honig-von-tausend-blumen-bodeferm-980gr","status":"publish","type":"product","link":"https:\/\/www.oliferm.com\/de\/producte\/honig-von-tausend-blumen-bodeferm-980gr\/","title":{"rendered":"Honig aus Tausend Blumen BOdeFERM 950gr"},"content":{"rendered":"<p data-start=\"0\" data-end=\"64\"><strong data-start=\"0\" data-end=\"64\">BodeFERM Tausend Bl\u00fcten Honig 950g \u2013 Der Geschmack der Natur<\/strong><\/p>\n<p data-start=\"66\" data-end=\"397\">Unser <strong data-start=\"72\" data-end=\"105\">BodeFERM Tausend Bl\u00fcten Honig<\/strong> in der gro\u00dfz\u00fcgigen <strong data-start=\"125\" data-end=\"133\">950g<\/strong>-Gr\u00f6\u00dfe f\u00e4ngt die Vielfalt der Natur ein. Dieser Honig wird aus dem Nektar einer Vielzahl von Blumen aus den unber\u00fchrten Wiesen und Feldern Kataloniens gewonnen. Er bietet ein harmonisches Zusammenspiel aus s\u00fc\u00dfen und blumigen Aromen \u2013 ein wahres Geschmackserlebnis.<\/p>\n<p data-start=\"399\" data-end=\"444\"><strong data-start=\"399\" data-end=\"444\">Warum BodeFERM Tausend Bl\u00fcten Honig 950g?<\/strong><\/p>\n<ul data-start=\"445\" data-end=\"800\">\n<li data-start=\"445\" data-end=\"599\">\n<p data-start=\"447\" data-end=\"599\"><strong data-start=\"447\" data-end=\"470\">Vielfalt der Bl\u00fcten<\/strong> \u2013 Der Honig stammt aus den Nektaren zahlreicher Wildblumen und Kr\u00e4uter, was ihm eine komplexe und harmonische Aromatik verleiht.<\/p>\n<\/li>\n<li data-start=\"600\" data-end=\"700\">\n<p data-start=\"602\" data-end=\"700\"><strong data-start=\"602\" data-end=\"620\">100% Nat\u00fcrlich<\/strong> \u2013 Ohne Zuckerzusatz oder k\u00fcnstliche Aromen \u2013 einfach reiner, nat\u00fcrlicher Honig.<\/p>\n<\/li>\n<li data-start=\"701\" data-end=\"800\">\n<p data-start=\"703\" data-end=\"800\"><strong data-start=\"703\" data-end=\"723\">Gro\u00dfes 950g Glas<\/strong> \u2013 Ideal f\u00fcr den t\u00e4glichen Gebrauch, als Zutat oder als gro\u00dfz\u00fcgiges Geschenk.<\/p>\n<\/li>\n<\/ul>\n<p data-start=\"802\" data-end=\"977\" data-is-last-node=\"\" data-is-only-node=\"\">Der <strong data-start=\"806\" data-end=\"844\">BodeFERM Tausend Bl\u00fcten Honig 950g<\/strong> ist der perfekte Honig f\u00fcr alle, die den authentischen Geschmack der Natur lieben \u2013 ideal f\u00fcr Tee, Joghurt, Geb\u00e4ck oder einfach pur!<\/p>\n","protected":false},"excerpt":{"rendered":"<p>BodeFERM Tausend Bl\u00fcten Honig 950g \u2013 Der Geschmack der Natur Unser BodeFERM Tausend Bl\u00fcten Honig in der gro\u00dfz\u00fcgigen 950g-Gr\u00f6\u00dfe f\u00e4ngt die Vielfalt der Natur ein. Dieser Honig wird aus dem Nektar einer Vielzahl von Blumen aus den unber\u00fchrten Wiesen und Feldern Kataloniens gewonnen. Er bietet ein harmonisches Zusammenspiel aus s\u00fc\u00dfen und blumigen Aromen \u2013 ein [&hellip;]<\/p>\n","protected":false},"featured_media":524,"comment_status":"open","ping_status":"closed","template":"","meta":{"_acf_changed":false},"product_brand":[],"product_cat":[62],"product_tag":[],"class_list":{"0":"post-619","1":"product","2":"type-product","3":"status-publish","4":"has-post-thumbnail","6":"product_cat-mandeln-und-honig","7":"product_shipping_class-0-kg-de","9":"first","10":"instock","11":"taxable","12":"shipping-taxable","13":"purchasable","14":"product-type-simple"},"acf":[],"yoast_head":"<!-- This site is optimized with the Yoast SEO plugin v27.5 - https:\/\/yoast.com\/product\/yoast-seo-wordpress\/ -->\n<title>Honig aus Tausend Blumen BOdeFERM 950gr - OliFERM - Oli d&#039;Oliva Verge Extra<\/title>\n<meta name=\"robots\" content=\"index, follow, max-snippet:-1, max-image-preview:large, max-video-preview:-1\" \/>\n<link rel=\"canonical\" href=\"https:\/\/www.oliferm.com\/de\/producte\/honig-von-tausend-blumen-bodeferm-980gr\/\" \/>\n<meta property=\"og:locale\" content=\"de_DE\" \/>\n<meta property=\"og:type\" content=\"article\" \/>\n<meta property=\"og:title\" content=\"Honig aus Tausend Blumen BOdeFERM 950gr - OliFERM - Oli d&#039;Oliva Verge Extra\" \/>\n<meta property=\"og:description\" content=\"BodeFERM Tausend Bl\u00fcten Honig 950g \u2013 Der Geschmack der Natur Unser BodeFERM Tausend Bl\u00fcten Honig in der gro\u00dfz\u00fcgigen 950g-Gr\u00f6\u00dfe f\u00e4ngt die Vielfalt der Natur ein. Dieser Honig wird aus dem Nektar einer Vielzahl von Blumen aus den unber\u00fchrten Wiesen und Feldern Kataloniens gewonnen. Er bietet ein harmonisches Zusammenspiel aus s\u00fc\u00dfen und blumigen Aromen \u2013 ein [&hellip;]\" \/>\n<meta property=\"og:url\" content=\"https:\/\/www.oliferm.com\/de\/producte\/honig-von-tausend-blumen-bodeferm-980gr\/\" \/>\n<meta property=\"og:site_name\" content=\"OliFERM - Oli d&#039;Oliva Verge Extra\" \/>\n<meta property=\"article:publisher\" content=\"https:\/\/www.facebook.com\/oliferm\" \/>\n<meta property=\"article:modified_time\" content=\"2025-05-29T09:31:38+00:00\" \/>\n<meta property=\"og:image\" content=\"https:\/\/www.oliferm.com\/wp-content\/uploads\/2022\/02\/1.png\" \/>\n\t<meta property=\"og:image:width\" content=\"1080\" \/>\n\t<meta property=\"og:image:height\" content=\"1201\" \/>\n\t<meta property=\"og:image:type\" content=\"image\/png\" \/>\n<meta name=\"twitter:card\" content=\"summary_large_image\" \/>\n<meta name=\"twitter:label1\" content=\"Gesch\u00e4tzte Lesezeit\" \/>\n\t<meta name=\"twitter:data1\" content=\"1\u00a0Minute\" \/>\n<!-- \/ Yoast SEO plugin. -->","yoast_head_json":{"title":"Honig aus Tausend Blumen BOdeFERM 950gr - OliFERM - Oli d&#039;Oliva Verge Extra","robots":{"index":"index","follow":"follow","max-snippet":"max-snippet:-1","max-image-preview":"max-image-preview:large","max-video-preview":"max-video-preview:-1"},"canonical":"https:\/\/www.oliferm.com\/de\/producte\/honig-von-tausend-blumen-bodeferm-980gr\/","og_locale":"de_DE","og_type":"article","og_title":"Honig aus Tausend Blumen BOdeFERM 950gr - OliFERM - Oli d&#039;Oliva Verge Extra","og_description":"BodeFERM Tausend Bl\u00fcten Honig 950g \u2013 Der Geschmack der Natur Unser BodeFERM Tausend Bl\u00fcten Honig in der gro\u00dfz\u00fcgigen 950g-Gr\u00f6\u00dfe f\u00e4ngt die Vielfalt der Natur ein. Dieser Honig wird aus dem Nektar einer Vielzahl von Blumen aus den unber\u00fchrten Wiesen und Feldern Kataloniens gewonnen. Er bietet ein harmonisches Zusammenspiel aus s\u00fc\u00dfen und blumigen Aromen \u2013 ein [&hellip;]","og_url":"https:\/\/www.oliferm.com\/de\/producte\/honig-von-tausend-blumen-bodeferm-980gr\/","og_site_name":"OliFERM - Oli d&#039;Oliva Verge Extra","article_publisher":"https:\/\/www.facebook.com\/oliferm","article_modified_time":"2025-05-29T09:31:38+00:00","og_image":[{"width":1080,"height":1201,"url":"https:\/\/www.oliferm.com\/wp-content\/uploads\/2022\/02\/1.png","type":"image\/png"}],"twitter_card":"summary_large_image","twitter_misc":{"Gesch\u00e4tzte Lesezeit":"1\u00a0Minute"},"schema":{"@context":"https:\/\/schema.org","@graph":[{"@type":"WebPage","@id":"https:\/\/www.oliferm.com\/de\/producte\/honig-von-tausend-blumen-bodeferm-980gr\/","url":"https:\/\/www.oliferm.com\/de\/producte\/honig-von-tausend-blumen-bodeferm-980gr\/","name":"Honig aus Tausend Blumen BOdeFERM 950gr - OliFERM - Oli d&#039;Oliva Verge Extra","isPartOf":{"@id":"https:\/\/www.oliferm.com\/#website"},"primaryImageOfPage":{"@id":"https:\/\/www.oliferm.com\/de\/producte\/honig-von-tausend-blumen-bodeferm-980gr\/#primaryimage"},"image":{"@id":"https:\/\/www.oliferm.com\/de\/producte\/honig-von-tausend-blumen-bodeferm-980gr\/#primaryimage"},"thumbnailUrl":"https:\/\/www.oliferm.com\/wp-content\/uploads\/2022\/02\/1.png","datePublished":"2023-02-22T11:18:22+00:00","dateModified":"2025-05-29T09:31:38+00:00","breadcrumb":{"@id":"https:\/\/www.oliferm.com\/de\/producte\/honig-von-tausend-blumen-bodeferm-980gr\/#breadcrumb"},"inLanguage":"de","potentialAction":[{"@type":"ReadAction","target":["https:\/\/www.oliferm.com\/de\/producte\/honig-von-tausend-blumen-bodeferm-980gr\/"]}]},{"@type":"ImageObject","inLanguage":"de","@id":"https:\/\/www.oliferm.com\/de\/producte\/honig-von-tausend-blumen-bodeferm-980gr\/#primaryimage","url":"https:\/\/www.oliferm.com\/wp-content\/uploads\/2022\/02\/1.png","contentUrl":"https:\/\/www.oliferm.com\/wp-content\/uploads\/2022\/02\/1.png","width":1080,"height":1201,"caption":"miel de flores Bo de Ferm"},{"@type":"BreadcrumbList","@id":"https:\/\/www.oliferm.com\/de\/producte\/honig-von-tausend-blumen-bodeferm-980gr\/#breadcrumb","itemListElement":[{"@type":"ListItem","position":1,"name":"Inici","item":"https:\/\/www.oliferm.com\/de\/"},{"@type":"ListItem","position":2,"name":"Alle Produkte","item":"https:\/\/www.oliferm.com\/tots-els-productes\/"},{"@type":"ListItem","position":3,"name":"Ametlles i Mel","item":"https:\/\/www.oliferm.com\/categoria-producte\/ametlles-i-mel\/"},{"@type":"ListItem","position":4,"name":"Honig aus Tausend Blumen BOdeFERM 950gr"}]},{"@type":"WebSite","@id":"https:\/\/www.oliferm.com\/#website","url":"https:\/\/www.oliferm.com\/","name":"OliFERM - Oli d&#039;Oliva Verge Extra","description":"Cooperativa de Castelldans","publisher":{"@id":"https:\/\/www.oliferm.com\/#organization"},"potentialAction":[{"@type":"SearchAction","target":{"@type":"EntryPoint","urlTemplate":"https:\/\/www.oliferm.com\/?s={search_term_string}"},"query-input":{"@type":"PropertyValueSpecification","valueRequired":true,"valueName":"search_term_string"}}],"inLanguage":"de"},{"@type":"Organization","@id":"https:\/\/www.oliferm.com\/#organization","name":"OliFERM - Cooperativa de Castelldans","url":"https:\/\/www.oliferm.com\/","logo":{"@type":"ImageObject","inLanguage":"de","@id":"https:\/\/www.oliferm.com\/#\/schema\/logo\/image\/","url":"https:\/\/www.oliferm.com\/wp-content\/uploads\/2022\/02\/logo-ppal.png","contentUrl":"https:\/\/www.oliferm.com\/wp-content\/uploads\/2022\/02\/logo-ppal.png","width":700,"height":542,"caption":"OliFERM - Cooperativa de Castelldans"},"image":{"@id":"https:\/\/www.oliferm.com\/#\/schema\/logo\/image\/"},"sameAs":["https:\/\/www.facebook.com\/oliferm","https:\/\/www.instagram.com\/cooperativacastelldans\/"]}]}},"_links":{"self":[{"href":"https:\/\/www.oliferm.com\/de\/wp-json\/wp\/v2\/product\/619","targetHints":{"allow":["GET"]}}],"collection":[{"href":"https:\/\/www.oliferm.com\/de\/wp-json\/wp\/v2\/product"}],"about":[{"href":"https:\/\/www.oliferm.com\/de\/wp-json\/wp\/v2\/types\/product"}],"replies":[{"embeddable":true,"href":"https:\/\/www.oliferm.com\/de\/wp-json\/wp\/v2\/comments?post=619"}],"wp:featuredmedia":[{"embeddable":true,"href":"https:\/\/www.oliferm.com\/de\/wp-json\/wp\/v2\/media\/524"}],"wp:attachment":[{"href":"https:\/\/www.oliferm.com\/de\/wp-json\/wp\/v2\/media?parent=619"}],"wp:term":[{"taxonomy":"product_brand","embeddable":true,"href":"https:\/\/www.oliferm.com\/de\/wp-json\/wp\/v2\/product_brand?post=619"},{"taxonomy":"product_cat","embeddable":true,"href":"https:\/\/www.oliferm.com\/de\/wp-json\/wp\/v2\/product_cat?post=619"},{"taxonomy":"product_tag","embeddable":true,"href":"https:\/\/www.oliferm.com\/de\/wp-json\/wp\/v2\/product_tag?post=619"}],"curies":[{"name":"wp","href":"https:\/\/api.w.org\/{rel}","templated":true}]}}