{"id":620,"date":"2022-02-24T11:50:04","date_gmt":"2023-02-22T11:18:24","guid":{"rendered":"https:\/\/www.oliferm.com\/producte\/rosmarinhonig-bodeferm-980gr\/"},"modified":"2025-05-29T09:29:57","modified_gmt":"2025-05-29T09:29:57","slug":"rosmarinhonig-bodeferm-980gr","status":"publish","type":"product","link":"https:\/\/www.oliferm.com\/de\/producte\/rosmarinhonig-bodeferm-980gr\/","title":{"rendered":"Wilder Rosmarin-Honig BOdeFERM 950gr"},"content":{"rendered":"<p data-start=\"0\" data-end=\"73\"><strong data-start=\"0\" data-end=\"73\">BodeFERM Wilder Rosmarin-Honig 950g \u2013 Die Essenz des wilden Rosmarins<\/strong><\/p>\n<p data-start=\"75\" data-end=\"469\">Unser <strong data-start=\"81\" data-end=\"115\">BodeFERM Wilder Rosmarin-Honig<\/strong> in der gro\u00dfz\u00fcgigen <strong data-start=\"135\" data-end=\"143\">950g<\/strong>-Gr\u00f6\u00dfe bringt dir den intensiven, leicht w\u00fcrzigen Geschmack des wilden Rosmarins direkt aus den h\u00fcgeligen Regionen Kataloniens. Hier sammeln die Bienen den Nektar aus den bl\u00fchenden Rosmarinstr\u00e4uchern und verwandeln ihn in einen aromatischen, nat\u00fcrlichen Honig, der die pure Sch\u00f6nheit der mediterranen Landschaft widerspiegelt.<\/p>\n<p data-start=\"471\" data-end=\"517\"><strong data-start=\"471\" data-end=\"517\">Warum BodeFERM Wilder Rosmarin-Honig 950g?<\/strong><\/p>\n<ul data-start=\"518\" data-end=\"911\">\n<li data-start=\"518\" data-end=\"685\">\n<p data-start=\"520\" data-end=\"685\"><strong data-start=\"520\" data-end=\"539\">Wilder Rosmarin<\/strong> \u2013 Der Nektar stammt aus unber\u00fchrten Rosmarinb\u00fcschel in den katalanischen H\u00fcgeln, was dem Honig eine unverwechselbare, fein w\u00fcrzige Note verleiht.<\/p>\n<\/li>\n<li data-start=\"686\" data-end=\"822\">\n<p data-start=\"688\" data-end=\"822\"><strong data-start=\"688\" data-end=\"708\">Nat\u00fcrlich &amp; Rein<\/strong> \u2013 100% reiner Honig ohne Zuckerzusatz oder k\u00fcnstliche Aromen, der den authentischen Geschmack der Natur einf\u00e4ngt.<\/p>\n<\/li>\n<li data-start=\"823\" data-end=\"911\">\n<p data-start=\"825\" data-end=\"911\"><strong data-start=\"825\" data-end=\"845\">Gro\u00dfes 950g Glas<\/strong> \u2013 Ideal f\u00fcr den t\u00e4glichen Gebrauch oder als gro\u00dfz\u00fcgiges Geschenk.<\/p>\n<\/li>\n<\/ul>\n<p data-start=\"913\" data-end=\"1088\" data-is-last-node=\"\" data-is-only-node=\"\">Genie\u00dfe den <strong data-start=\"925\" data-end=\"964\">BodeFERM Wilder Rosmarin-Honig 950g<\/strong> als perfekte Zutat f\u00fcr Tee, Geb\u00e4ck oder einfach pur \u2013 ein L\u00f6ffel Natur, der dich direkt in die mediterranen H\u00fcgel entf\u00fchrt.<\/p>\n","protected":false},"excerpt":{"rendered":"<p>BodeFERM Wilder Rosmarin-Honig 950g \u2013 Die Essenz des wilden Rosmarins Unser BodeFERM Wilder Rosmarin-Honig in der gro\u00dfz\u00fcgigen 950g-Gr\u00f6\u00dfe bringt dir den intensiven, leicht w\u00fcrzigen Geschmack des wilden Rosmarins direkt aus den h\u00fcgeligen Regionen Kataloniens. Hier sammeln die Bienen den Nektar aus den bl\u00fchenden Rosmarinstr\u00e4uchern und verwandeln ihn in einen aromatischen, nat\u00fcrlichen Honig, der die pure [&hellip;]<\/p>\n","protected":false},"featured_media":525,"comment_status":"open","ping_status":"closed","template":"","meta":{"_acf_changed":false},"product_brand":[],"product_cat":[62],"product_tag":[],"class_list":{"0":"post-620","1":"product","2":"type-product","3":"status-publish","4":"has-post-thumbnail","6":"product_cat-mandeln-und-honig","7":"product_shipping_class-0-kg-de","9":"first","10":"instock","11":"taxable","12":"shipping-taxable","13":"purchasable","14":"product-type-simple"},"acf":[],"yoast_head":"<!-- This site is optimized with the Yoast SEO plugin v27.5 - https:\/\/yoast.com\/product\/yoast-seo-wordpress\/ -->\n<title>Wilder Rosmarin-Honig BOdeFERM 950gr - OliFERM - Oli d&#039;Oliva Verge Extra<\/title>\n<meta name=\"description\" content=\"Rosmarinhonig, der die Aromen der Landschaft und die Tradition unseres Landes hervorruft. Genie\u00dfen Sie es mit Ihrer Familie oder als authentisches und nat\u00fcrliches Geschenk.\" \/>\n<meta name=\"robots\" content=\"index, follow, max-snippet:-1, max-image-preview:large, max-video-preview:-1\" \/>\n<link rel=\"canonical\" href=\"https:\/\/www.oliferm.com\/de\/producte\/rosmarinhonig-bodeferm-980gr\/\" \/>\n<meta property=\"og:locale\" content=\"de_DE\" \/>\n<meta property=\"og:type\" content=\"article\" \/>\n<meta property=\"og:title\" content=\"Wilder Rosmarin-Honig BOdeFERM 950gr - OliFERM - Oli d&#039;Oliva Verge Extra\" \/>\n<meta property=\"og:description\" content=\"Rosmarinhonig, der die Aromen der Landschaft und die Tradition unseres Landes hervorruft. Genie\u00dfen Sie es mit Ihrer Familie oder als authentisches und nat\u00fcrliches Geschenk.\" \/>\n<meta property=\"og:url\" content=\"https:\/\/www.oliferm.com\/de\/producte\/rosmarinhonig-bodeferm-980gr\/\" \/>\n<meta property=\"og:site_name\" content=\"OliFERM - Oli d&#039;Oliva Verge Extra\" \/>\n<meta property=\"article:publisher\" content=\"https:\/\/www.facebook.com\/oliferm\" \/>\n<meta property=\"article:modified_time\" content=\"2025-05-29T09:29:57+00:00\" \/>\n<meta property=\"og:image\" content=\"https:\/\/www.oliferm.com\/wp-content\/uploads\/2022\/02\/2.png\" \/>\n\t<meta property=\"og:image:width\" content=\"1080\" \/>\n\t<meta property=\"og:image:height\" content=\"1200\" \/>\n\t<meta property=\"og:image:type\" content=\"image\/png\" \/>\n<meta name=\"twitter:card\" content=\"summary_large_image\" \/>\n<meta name=\"twitter:label1\" content=\"Gesch\u00e4tzte Lesezeit\" \/>\n\t<meta name=\"twitter:data1\" content=\"1\u00a0Minute\" \/>\n<!-- \/ Yoast SEO plugin. -->","yoast_head_json":{"title":"Wilder Rosmarin-Honig BOdeFERM 950gr - OliFERM - Oli d&#039;Oliva Verge Extra","description":"Rosmarinhonig, der die Aromen der Landschaft und die Tradition unseres Landes hervorruft. Genie\u00dfen Sie es mit Ihrer Familie oder als authentisches und nat\u00fcrliches Geschenk.","robots":{"index":"index","follow":"follow","max-snippet":"max-snippet:-1","max-image-preview":"max-image-preview:large","max-video-preview":"max-video-preview:-1"},"canonical":"https:\/\/www.oliferm.com\/de\/producte\/rosmarinhonig-bodeferm-980gr\/","og_locale":"de_DE","og_type":"article","og_title":"Wilder Rosmarin-Honig BOdeFERM 950gr - OliFERM - Oli d&#039;Oliva Verge Extra","og_description":"Rosmarinhonig, der die Aromen der Landschaft und die Tradition unseres Landes hervorruft. Genie\u00dfen Sie es mit Ihrer Familie oder als authentisches und nat\u00fcrliches Geschenk.","og_url":"https:\/\/www.oliferm.com\/de\/producte\/rosmarinhonig-bodeferm-980gr\/","og_site_name":"OliFERM - Oli d&#039;Oliva Verge Extra","article_publisher":"https:\/\/www.facebook.com\/oliferm","article_modified_time":"2025-05-29T09:29:57+00:00","og_image":[{"width":1080,"height":1200,"url":"https:\/\/www.oliferm.com\/wp-content\/uploads\/2022\/02\/2.png","type":"image\/png"}],"twitter_card":"summary_large_image","twitter_misc":{"Gesch\u00e4tzte Lesezeit":"1\u00a0Minute"},"schema":{"@context":"https:\/\/schema.org","@graph":[{"@type":"WebPage","@id":"https:\/\/www.oliferm.com\/de\/producte\/rosmarinhonig-bodeferm-980gr\/","url":"https:\/\/www.oliferm.com\/de\/producte\/rosmarinhonig-bodeferm-980gr\/","name":"Wilder Rosmarin-Honig BOdeFERM 950gr - OliFERM - Oli d&#039;Oliva Verge Extra","isPartOf":{"@id":"https:\/\/www.oliferm.com\/#website"},"primaryImageOfPage":{"@id":"https:\/\/www.oliferm.com\/de\/producte\/rosmarinhonig-bodeferm-980gr\/#primaryimage"},"image":{"@id":"https:\/\/www.oliferm.com\/de\/producte\/rosmarinhonig-bodeferm-980gr\/#primaryimage"},"thumbnailUrl":"https:\/\/www.oliferm.com\/wp-content\/uploads\/2022\/02\/2.png","datePublished":"2023-02-22T11:18:24+00:00","dateModified":"2025-05-29T09:29:57+00:00","description":"Rosmarinhonig, der die Aromen der Landschaft und die Tradition unseres Landes hervorruft. Genie\u00dfen Sie es mit Ihrer Familie oder als authentisches und nat\u00fcrliches Geschenk.","breadcrumb":{"@id":"https:\/\/www.oliferm.com\/de\/producte\/rosmarinhonig-bodeferm-980gr\/#breadcrumb"},"inLanguage":"de","potentialAction":[{"@type":"ReadAction","target":["https:\/\/www.oliferm.com\/de\/producte\/rosmarinhonig-bodeferm-980gr\/"]}]},{"@type":"ImageObject","inLanguage":"de","@id":"https:\/\/www.oliferm.com\/de\/producte\/rosmarinhonig-bodeferm-980gr\/#primaryimage","url":"https:\/\/www.oliferm.com\/wp-content\/uploads\/2022\/02\/2.png","contentUrl":"https:\/\/www.oliferm.com\/wp-content\/uploads\/2022\/02\/2.png","width":1080,"height":1200,"caption":"und Rosmarinhonig Bo de Ferm"},{"@type":"BreadcrumbList","@id":"https:\/\/www.oliferm.com\/de\/producte\/rosmarinhonig-bodeferm-980gr\/#breadcrumb","itemListElement":[{"@type":"ListItem","position":1,"name":"Inici","item":"https:\/\/www.oliferm.com\/de\/"},{"@type":"ListItem","position":2,"name":"Alle Produkte","item":"https:\/\/www.oliferm.com\/tots-els-productes\/"},{"@type":"ListItem","position":3,"name":"Ametlles i Mel","item":"https:\/\/www.oliferm.com\/categoria-producte\/ametlles-i-mel\/"},{"@type":"ListItem","position":4,"name":"Wilder Rosmarin-Honig BOdeFERM 950gr"}]},{"@type":"WebSite","@id":"https:\/\/www.oliferm.com\/#website","url":"https:\/\/www.oliferm.com\/","name":"OliFERM - Oli d&#039;Oliva Verge Extra","description":"Cooperativa de Castelldans","publisher":{"@id":"https:\/\/www.oliferm.com\/#organization"},"potentialAction":[{"@type":"SearchAction","target":{"@type":"EntryPoint","urlTemplate":"https:\/\/www.oliferm.com\/?s={search_term_string}"},"query-input":{"@type":"PropertyValueSpecification","valueRequired":true,"valueName":"search_term_string"}}],"inLanguage":"de"},{"@type":"Organization","@id":"https:\/\/www.oliferm.com\/#organization","name":"OliFERM - Cooperativa de Castelldans","url":"https:\/\/www.oliferm.com\/","logo":{"@type":"ImageObject","inLanguage":"de","@id":"https:\/\/www.oliferm.com\/#\/schema\/logo\/image\/","url":"https:\/\/www.oliferm.com\/wp-content\/uploads\/2022\/02\/logo-ppal.png","contentUrl":"https:\/\/www.oliferm.com\/wp-content\/uploads\/2022\/02\/logo-ppal.png","width":700,"height":542,"caption":"OliFERM - Cooperativa de Castelldans"},"image":{"@id":"https:\/\/www.oliferm.com\/#\/schema\/logo\/image\/"},"sameAs":["https:\/\/www.facebook.com\/oliferm","https:\/\/www.instagram.com\/cooperativacastelldans\/"]}]}},"_links":{"self":[{"href":"https:\/\/www.oliferm.com\/de\/wp-json\/wp\/v2\/product\/620","targetHints":{"allow":["GET"]}}],"collection":[{"href":"https:\/\/www.oliferm.com\/de\/wp-json\/wp\/v2\/product"}],"about":[{"href":"https:\/\/www.oliferm.com\/de\/wp-json\/wp\/v2\/types\/product"}],"replies":[{"embeddable":true,"href":"https:\/\/www.oliferm.com\/de\/wp-json\/wp\/v2\/comments?post=620"}],"wp:featuredmedia":[{"embeddable":true,"href":"https:\/\/www.oliferm.com\/de\/wp-json\/wp\/v2\/media\/525"}],"wp:attachment":[{"href":"https:\/\/www.oliferm.com\/de\/wp-json\/wp\/v2\/media?parent=620"}],"wp:term":[{"taxonomy":"product_brand","embeddable":true,"href":"https:\/\/www.oliferm.com\/de\/wp-json\/wp\/v2\/product_brand?post=620"},{"taxonomy":"product_cat","embeddable":true,"href":"https:\/\/www.oliferm.com\/de\/wp-json\/wp\/v2\/product_cat?post=620"},{"taxonomy":"product_tag","embeddable":true,"href":"https:\/\/www.oliferm.com\/de\/wp-json\/wp\/v2\/product_tag?post=620"}],"curies":[{"name":"wp","href":"https:\/\/api.w.org\/{rel}","templated":true}]}}