{"id":621,"date":"2022-02-24T11:43:34","date_gmt":"2023-02-22T11:18:44","guid":{"rendered":"https:\/\/www.oliferm.com\/producte\/bodeferm-gesalzene-mandeln-350gr\/"},"modified":"2025-05-29T09:58:29","modified_gmt":"2025-05-29T09:58:29","slug":"mandeln-gesalzen-bodeferm-350gr","status":"publish","type":"product","link":"https:\/\/www.oliferm.com\/de\/producte\/mandeln-gesalzen-bodeferm-350gr\/","title":{"rendered":"Gesalzene Mandeln 500gr"},"content":{"rendered":"<p data-start=\"0\" data-end=\"71\"><strong data-start=\"0\" data-end=\"71\">BodeFERM Gesalzene Mandeln 500g \u2013 Direkt aus der Region Castelldans<\/strong><\/p>\n<p data-start=\"73\" data-end=\"486\">Unsere <strong data-start=\"80\" data-end=\"111\">BodeFERM Gesalzenen Mandeln<\/strong> stammen aus der Region rund um <strong data-start=\"143\" data-end=\"158\">Castelldans<\/strong>, bekannt f\u00fcr ihre zahlreichen <strong data-start=\"189\" data-end=\"204\">Mandelb\u00e4ume<\/strong>. Die Mandeln wachsen in dieser idyllischen Gegend, die durch ihr mildes Klima und die n\u00e4hrstoffreichen B\u00f6den ideal f\u00fcr den Anbau dieser edlen N\u00fcsse ist. Sorgf\u00e4ltig ger\u00f6stet und mit einer feinen Salzkruste veredelt, bieten diese Mandeln einen unverwechselbaren, aromatischen Genuss.<\/p>\n<p data-start=\"488\" data-end=\"530\"><strong data-start=\"488\" data-end=\"530\">Warum BodeFERM Gesalzene Mandeln 500g?<\/strong><\/p>\n<ul data-start=\"531\" data-end=\"942\">\n<li data-start=\"531\" data-end=\"648\">\n<p data-start=\"533\" data-end=\"648\"><strong data-start=\"533\" data-end=\"561\">Herkunft aus Castelldans<\/strong> \u2013 Die Mandeln kommen aus der Region, die f\u00fcr ihre fruchtbaren Mandelhaine bekannt ist.<\/p>\n<\/li>\n<li data-start=\"649\" data-end=\"738\">\n<p data-start=\"651\" data-end=\"738\"><strong data-start=\"651\" data-end=\"676\">Knusprig &amp; Aromatisch<\/strong> \u2013 Fein ger\u00f6stet und mit einer dezenten Salzkruste verfeinert.<\/p>\n<\/li>\n<li data-start=\"739\" data-end=\"838\">\n<p data-start=\"741\" data-end=\"838\"><strong data-start=\"741\" data-end=\"763\">Nat\u00fcrlicher Genuss<\/strong> \u2013 Ohne k\u00fcnstliche Zus\u00e4tze, f\u00fcr einen gesunden und authentischen Geschmack.<\/p>\n<\/li>\n<li data-start=\"839\" data-end=\"942\">\n<p data-start=\"841\" data-end=\"942\"><strong data-start=\"841\" data-end=\"859\">500g im Beutel<\/strong> \u2013 Ideal f\u00fcr den t\u00e4glichen Genuss oder als kleine Leckerei bei geselligen Momenten.<\/p>\n<\/li>\n<\/ul>\n<p data-start=\"944\" data-end=\"1156\" data-is-last-node=\"\" data-is-only-node=\"\">Genie\u00dfe den <strong data-start=\"956\" data-end=\"992\">BodeFERM Gesalzenen Mandeln 500g<\/strong> \u2013 ein St\u00fcck authentische mediterrane Natur aus den Mandelhainen rund um Castelldans. Perfekt f\u00fcr eine Pause, als Begleiter zu Getr\u00e4nken oder einfach zwischendurch!<\/p>\n","protected":false},"excerpt":{"rendered":"<p>BodeFERM Gesalzene Mandeln 500g \u2013 Direkt aus der Region Castelldans Unsere BodeFERM Gesalzenen Mandeln stammen aus der Region rund um Castelldans, bekannt f\u00fcr ihre zahlreichen Mandelb\u00e4ume. Die Mandeln wachsen in dieser idyllischen Gegend, die durch ihr mildes Klima und die n\u00e4hrstoffreichen B\u00f6den ideal f\u00fcr den Anbau dieser edlen N\u00fcsse ist. Sorgf\u00e4ltig ger\u00f6stet und mit einer [&hellip;]<\/p>\n","protected":false},"featured_media":821,"comment_status":"open","ping_status":"closed","template":"","meta":{"_acf_changed":false},"product_brand":[],"product_cat":[62],"product_tag":[],"class_list":{"0":"post-621","1":"product","2":"type-product","3":"status-publish","4":"has-post-thumbnail","6":"product_cat-mandeln-und-honig","8":"first","9":"instock","10":"taxable","11":"shipping-taxable","12":"purchasable","13":"product-type-simple"},"acf":[],"yoast_head":"<!-- This site is optimized with the Yoast SEO plugin v27.5 - https:\/\/yoast.com\/product\/yoast-seo-wordpress\/ -->\n<title>Gesalzene Mandeln 500gr - OliFERM - Oli d&#039;Oliva Verge Extra<\/title>\n<meta name=\"robots\" content=\"index, follow, max-snippet:-1, max-image-preview:large, max-video-preview:-1\" \/>\n<link rel=\"canonical\" href=\"https:\/\/www.oliferm.com\/de\/producte\/mandeln-gesalzen-bodeferm-350gr\/\" \/>\n<meta property=\"og:locale\" content=\"de_DE\" \/>\n<meta property=\"og:type\" content=\"article\" \/>\n<meta property=\"og:title\" content=\"Gesalzene Mandeln 500gr - OliFERM - Oli d&#039;Oliva Verge Extra\" \/>\n<meta property=\"og:description\" content=\"BodeFERM Gesalzene Mandeln 500g \u2013 Direkt aus der Region Castelldans Unsere BodeFERM Gesalzenen Mandeln stammen aus der Region rund um Castelldans, bekannt f\u00fcr ihre zahlreichen Mandelb\u00e4ume. Die Mandeln wachsen in dieser idyllischen Gegend, die durch ihr mildes Klima und die n\u00e4hrstoffreichen B\u00f6den ideal f\u00fcr den Anbau dieser edlen N\u00fcsse ist. Sorgf\u00e4ltig ger\u00f6stet und mit einer [&hellip;]\" \/>\n<meta property=\"og:url\" content=\"https:\/\/www.oliferm.com\/de\/producte\/mandeln-gesalzen-bodeferm-350gr\/\" \/>\n<meta property=\"og:site_name\" content=\"OliFERM - Oli d&#039;Oliva Verge Extra\" \/>\n<meta property=\"article:publisher\" content=\"https:\/\/www.facebook.com\/oliferm\" \/>\n<meta property=\"article:modified_time\" content=\"2025-05-29T09:58:29+00:00\" \/>\n<meta property=\"og:image\" content=\"https:\/\/www.oliferm.com\/wp-content\/uploads\/2023\/07\/AMETLLERS_MARCONA.jpg\" \/>\n\t<meta property=\"og:image:width\" content=\"768\" \/>\n\t<meta property=\"og:image:height\" content=\"1024\" \/>\n\t<meta property=\"og:image:type\" content=\"image\/jpeg\" \/>\n<meta name=\"twitter:card\" content=\"summary_large_image\" \/>\n<meta name=\"twitter:label1\" content=\"Gesch\u00e4tzte Lesezeit\" \/>\n\t<meta name=\"twitter:data1\" content=\"2\u00a0Minuten\" \/>\n<!-- \/ Yoast SEO plugin. -->","yoast_head_json":{"title":"Gesalzene Mandeln 500gr - OliFERM - Oli d&#039;Oliva Verge Extra","robots":{"index":"index","follow":"follow","max-snippet":"max-snippet:-1","max-image-preview":"max-image-preview:large","max-video-preview":"max-video-preview:-1"},"canonical":"https:\/\/www.oliferm.com\/de\/producte\/mandeln-gesalzen-bodeferm-350gr\/","og_locale":"de_DE","og_type":"article","og_title":"Gesalzene Mandeln 500gr - OliFERM - Oli d&#039;Oliva Verge Extra","og_description":"BodeFERM Gesalzene Mandeln 500g \u2013 Direkt aus der Region Castelldans Unsere BodeFERM Gesalzenen Mandeln stammen aus der Region rund um Castelldans, bekannt f\u00fcr ihre zahlreichen Mandelb\u00e4ume. Die Mandeln wachsen in dieser idyllischen Gegend, die durch ihr mildes Klima und die n\u00e4hrstoffreichen B\u00f6den ideal f\u00fcr den Anbau dieser edlen N\u00fcsse ist. Sorgf\u00e4ltig ger\u00f6stet und mit einer [&hellip;]","og_url":"https:\/\/www.oliferm.com\/de\/producte\/mandeln-gesalzen-bodeferm-350gr\/","og_site_name":"OliFERM - Oli d&#039;Oliva Verge Extra","article_publisher":"https:\/\/www.facebook.com\/oliferm","article_modified_time":"2025-05-29T09:58:29+00:00","og_image":[{"width":768,"height":1024,"url":"https:\/\/www.oliferm.com\/wp-content\/uploads\/2023\/07\/AMETLLERS_MARCONA.jpg","type":"image\/jpeg"}],"twitter_card":"summary_large_image","twitter_misc":{"Gesch\u00e4tzte Lesezeit":"2\u00a0Minuten"},"schema":{"@context":"https:\/\/schema.org","@graph":[{"@type":"WebPage","@id":"https:\/\/www.oliferm.com\/de\/producte\/mandeln-gesalzen-bodeferm-350gr\/","url":"https:\/\/www.oliferm.com\/de\/producte\/mandeln-gesalzen-bodeferm-350gr\/","name":"Gesalzene Mandeln 500gr - OliFERM - Oli d&#039;Oliva Verge Extra","isPartOf":{"@id":"https:\/\/www.oliferm.com\/#website"},"primaryImageOfPage":{"@id":"https:\/\/www.oliferm.com\/de\/producte\/mandeln-gesalzen-bodeferm-350gr\/#primaryimage"},"image":{"@id":"https:\/\/www.oliferm.com\/de\/producte\/mandeln-gesalzen-bodeferm-350gr\/#primaryimage"},"thumbnailUrl":"https:\/\/www.oliferm.com\/wp-content\/uploads\/2023\/07\/AMETLLERS_MARCONA.jpg","datePublished":"2023-02-22T11:18:44+00:00","dateModified":"2025-05-29T09:58:29+00:00","breadcrumb":{"@id":"https:\/\/www.oliferm.com\/de\/producte\/mandeln-gesalzen-bodeferm-350gr\/#breadcrumb"},"inLanguage":"de","potentialAction":[{"@type":"ReadAction","target":["https:\/\/www.oliferm.com\/de\/producte\/mandeln-gesalzen-bodeferm-350gr\/"]}]},{"@type":"ImageObject","inLanguage":"de","@id":"https:\/\/www.oliferm.com\/de\/producte\/mandeln-gesalzen-bodeferm-350gr\/#primaryimage","url":"https:\/\/www.oliferm.com\/wp-content\/uploads\/2023\/07\/AMETLLERS_MARCONA.jpg","contentUrl":"https:\/\/www.oliferm.com\/wp-content\/uploads\/2023\/07\/AMETLLERS_MARCONA.jpg","width":768,"height":1024,"caption":"MANDELB\u00c4UME Marcona"},{"@type":"BreadcrumbList","@id":"https:\/\/www.oliferm.com\/de\/producte\/mandeln-gesalzen-bodeferm-350gr\/#breadcrumb","itemListElement":[{"@type":"ListItem","position":1,"name":"Inici","item":"https:\/\/www.oliferm.com\/de\/"},{"@type":"ListItem","position":2,"name":"Alle Produkte","item":"https:\/\/www.oliferm.com\/tots-els-productes\/"},{"@type":"ListItem","position":3,"name":"Ametlles i Mel","item":"https:\/\/www.oliferm.com\/categoria-producte\/ametlles-i-mel\/"},{"@type":"ListItem","position":4,"name":"Gesalzene Mandeln 500gr"}]},{"@type":"WebSite","@id":"https:\/\/www.oliferm.com\/#website","url":"https:\/\/www.oliferm.com\/","name":"OliFERM - Oli d&#039;Oliva Verge Extra","description":"Cooperativa de Castelldans","publisher":{"@id":"https:\/\/www.oliferm.com\/#organization"},"potentialAction":[{"@type":"SearchAction","target":{"@type":"EntryPoint","urlTemplate":"https:\/\/www.oliferm.com\/?s={search_term_string}"},"query-input":{"@type":"PropertyValueSpecification","valueRequired":true,"valueName":"search_term_string"}}],"inLanguage":"de"},{"@type":"Organization","@id":"https:\/\/www.oliferm.com\/#organization","name":"OliFERM - Cooperativa de Castelldans","url":"https:\/\/www.oliferm.com\/","logo":{"@type":"ImageObject","inLanguage":"de","@id":"https:\/\/www.oliferm.com\/#\/schema\/logo\/image\/","url":"https:\/\/www.oliferm.com\/wp-content\/uploads\/2022\/02\/logo-ppal.png","contentUrl":"https:\/\/www.oliferm.com\/wp-content\/uploads\/2022\/02\/logo-ppal.png","width":700,"height":542,"caption":"OliFERM - Cooperativa de Castelldans"},"image":{"@id":"https:\/\/www.oliferm.com\/#\/schema\/logo\/image\/"},"sameAs":["https:\/\/www.facebook.com\/oliferm","https:\/\/www.instagram.com\/cooperativacastelldans\/"]}]}},"_links":{"self":[{"href":"https:\/\/www.oliferm.com\/de\/wp-json\/wp\/v2\/product\/621","targetHints":{"allow":["GET"]}}],"collection":[{"href":"https:\/\/www.oliferm.com\/de\/wp-json\/wp\/v2\/product"}],"about":[{"href":"https:\/\/www.oliferm.com\/de\/wp-json\/wp\/v2\/types\/product"}],"replies":[{"embeddable":true,"href":"https:\/\/www.oliferm.com\/de\/wp-json\/wp\/v2\/comments?post=621"}],"wp:featuredmedia":[{"embeddable":true,"href":"https:\/\/www.oliferm.com\/de\/wp-json\/wp\/v2\/media\/821"}],"wp:attachment":[{"href":"https:\/\/www.oliferm.com\/de\/wp-json\/wp\/v2\/media?parent=621"}],"wp:term":[{"taxonomy":"product_brand","embeddable":true,"href":"https:\/\/www.oliferm.com\/de\/wp-json\/wp\/v2\/product_brand?post=621"},{"taxonomy":"product_cat","embeddable":true,"href":"https:\/\/www.oliferm.com\/de\/wp-json\/wp\/v2\/product_cat?post=621"},{"taxonomy":"product_tag","embeddable":true,"href":"https:\/\/www.oliferm.com\/de\/wp-json\/wp\/v2\/product_tag?post=621"}],"curies":[{"name":"wp","href":"https:\/\/api.w.org\/{rel}","templated":true}]}}