{"id":623,"date":"2022-02-24T11:36:51","date_gmt":"2022-02-24T11:36:51","guid":{"rendered":"https:\/\/www.oliferm.com\/producte\/bodeferm-oliven-450gr\/"},"modified":"2025-05-29T10:04:00","modified_gmt":"2025-05-29T10:04:00","slug":"oliven-bodeferm-450gr","status":"publish","type":"product","link":"https:\/\/www.oliferm.com\/de\/producte\/oliven-bodeferm-450gr\/","title":{"rendered":"BOdeFERM Arbequina-Oliven 450gr"},"content":{"rendered":"<article class=\"text-token-text-primary w-full\" dir=\"auto\" data-testid=\"conversation-turn-86\" data-scroll-anchor=\"true\">\n<h6 class=\"sr-only\">ChatGPT Plus<\/h6>\n<div class=\"text-base my-auto mx-auto py-5 [--thread-content-margin:--spacing(4)] @[37rem]:[--thread-content-margin:--spacing(6)] @[72rem]:[--thread-content-margin:--spacing(16)] px-(--thread-content-margin)\">\n<div class=\"[--thread-content-max-width:32rem] @[34rem]:[--thread-content-max-width:40rem] @[64rem]:[--thread-content-max-width:48rem] mx-auto flex max-w-(--thread-content-max-width) flex-1 text-base gap-4 md:gap-5 lg:gap-6 group\/turn-messages focus-visible:outline-hidden\" tabindex=\"-1\">\n<div class=\"group\/conversation-turn relative flex w-full min-w-0 flex-col agent-turn\">\n<div class=\"relative flex-col gap-1 md:gap-3\">\n<div class=\"flex max-w-full flex-col grow\">\n<div class=\"min-h-8 text-message relative flex w-full flex-col items-end gap-2 text-start break-words whitespace-normal [.text-message+&amp;]:mt-5\" dir=\"auto\" data-message-author-role=\"assistant\" data-message-id=\"2702f46a-73f4-43c2-ab7d-7c49f8088440\" data-message-model-slug=\"gpt-4-1-mini\">\n<div class=\"flex w-full flex-col gap-1 empty:hidden first:pt-[3px]\">\n<div class=\"markdown prose dark:prose-invert w-full break-words light\">\n<p data-start=\"0\" data-end=\"78\"><strong data-start=\"0\" data-end=\"78\">BodeFERM Arbequina-Oliven 450g \u2013 Der Geschmack der katalanischen Tradition<\/strong><\/p>\n<p data-start=\"80\" data-end=\"441\">Unsere <strong data-start=\"87\" data-end=\"116\">BodeFERM Arbequina-Oliven<\/strong> stammen aus den sonnigen Olivenhainen Kataloniens, wo die <strong data-start=\"175\" data-end=\"194\">Arbequina-Olive<\/strong> seit Jahrhunderten in dieser Region heimisch ist. Diese autochthone Sorte zeichnet sich durch ihre kleine Gr\u00f6\u00dfe, den milden, fruchtigen Geschmack und die zarte Textur aus \u2013 ideal f\u00fcr alle, die den authentischen Geschmack Spaniens erleben m\u00f6chten.<\/p>\n<p data-start=\"443\" data-end=\"484\"><strong data-start=\"443\" data-end=\"484\">Warum BodeFERM Arbequina-Oliven 450g?<\/strong><\/p>\n<ul data-start=\"485\" data-end=\"964\">\n<li data-start=\"485\" data-end=\"650\">\n<p data-start=\"487\" data-end=\"650\"><strong data-start=\"487\" data-end=\"515\">Autochthon in Katalonien<\/strong> \u2013 Die Arbequina-Olive ist eine traditionelle, in Katalonien heimische Olivensorte, die perfekt an das mediterrane Klima angepasst ist.<\/p>\n<\/li>\n<li data-start=\"651\" data-end=\"776\">\n<p data-start=\"653\" data-end=\"776\"><strong data-start=\"653\" data-end=\"685\">Milder, Fruchtiger Geschmack<\/strong> \u2013 Diese Oliven bieten eine harmonische Kombination aus S\u00fc\u00dfe und einer leichten Salzigkeit.<\/p>\n<\/li>\n<li data-start=\"777\" data-end=\"882\">\n<p data-start=\"779\" data-end=\"882\"><strong data-start=\"779\" data-end=\"810\">Ideal f\u00fcr Tapas oder Salate<\/strong> \u2013 Perfekt als Snack, in mediterranen Gerichten oder zu einem Glas Wein.<\/p>\n<\/li>\n<li data-start=\"883\" data-end=\"964\">\n<p data-start=\"885\" data-end=\"964\"><strong data-start=\"885\" data-end=\"901\">450g im Glas<\/strong> \u2013 Praktische Gr\u00f6\u00dfe f\u00fcr den t\u00e4glichen Genuss oder als Geschenk.<\/p>\n<\/li>\n<\/ul>\n<p data-start=\"966\" data-end=\"1145\" data-is-last-node=\"\" data-is-only-node=\"\">Genie\u00dfe die <strong data-start=\"978\" data-end=\"1012\">BodeFERM Arbequina-Oliven 450g<\/strong> \u2013 ein St\u00fcck katalanischer Tradition, das den authentischen Geschmack dieser autochthonen Olivensorte direkt auf deinen Tisch bringt.<\/p>\n<\/div>\n<\/div>\n<\/div>\n<\/div>\n<\/div>\n<\/div>\n<\/div>\n<\/div>\n<\/article>\n","protected":false},"excerpt":{"rendered":"<p>ChatGPT Plus BodeFERM Arbequina-Oliven 450g \u2013 Der Geschmack der katalanischen Tradition Unsere BodeFERM Arbequina-Oliven stammen aus den sonnigen Olivenhainen Kataloniens, wo die Arbequina-Olive seit Jahrhunderten in dieser Region heimisch ist. Diese autochthone Sorte zeichnet sich durch ihre kleine Gr\u00f6\u00dfe, den milden, fruchtigen Geschmack und die zarte Textur aus \u2013 ideal f\u00fcr alle, die den authentischen [&hellip;]<\/p>\n","protected":false},"featured_media":521,"comment_status":"open","ping_status":"closed","template":"","meta":{"_acf_changed":false},"product_brand":[],"product_cat":[63],"product_tag":[],"class_list":{"0":"post-623","1":"product","2":"type-product","3":"status-publish","4":"has-post-thumbnail","6":"product_cat-oliven-und-pasteten","7":"product_shipping_class-0-kg-de","9":"first","10":"instock","11":"taxable","12":"shipping-taxable","13":"purchasable","14":"product-type-simple"},"acf":[],"yoast_head":"<!-- This site is optimized with the Yoast SEO plugin v27.5 - https:\/\/yoast.com\/product\/yoast-seo-wordpress\/ -->\n<title>BOdeFERM Arbequina-Oliven 450gr - OliFERM - Oli d&#039;Oliva Verge Extra<\/title>\n<meta name=\"robots\" content=\"index, follow, max-snippet:-1, max-image-preview:large, max-video-preview:-1\" \/>\n<link rel=\"canonical\" href=\"https:\/\/www.oliferm.com\/de\/producte\/oliven-bodeferm-450gr\/\" \/>\n<meta property=\"og:locale\" content=\"de_DE\" \/>\n<meta property=\"og:type\" content=\"article\" \/>\n<meta property=\"og:title\" content=\"BOdeFERM Arbequina-Oliven 450gr - OliFERM - Oli d&#039;Oliva Verge Extra\" \/>\n<meta property=\"og:description\" content=\"ChatGPT Plus BodeFERM Arbequina-Oliven 450g \u2013 Der Geschmack der katalanischen Tradition Unsere BodeFERM Arbequina-Oliven stammen aus den sonnigen Olivenhainen Kataloniens, wo die Arbequina-Olive seit Jahrhunderten in dieser Region heimisch ist. Diese autochthone Sorte zeichnet sich durch ihre kleine Gr\u00f6\u00dfe, den milden, fruchtigen Geschmack und die zarte Textur aus \u2013 ideal f\u00fcr alle, die den authentischen [&hellip;]\" \/>\n<meta property=\"og:url\" content=\"https:\/\/www.oliferm.com\/de\/producte\/oliven-bodeferm-450gr\/\" \/>\n<meta property=\"og:site_name\" content=\"OliFERM - Oli d&#039;Oliva Verge Extra\" \/>\n<meta property=\"article:publisher\" content=\"https:\/\/www.facebook.com\/oliferm\" \/>\n<meta property=\"article:modified_time\" content=\"2025-05-29T10:04:00+00:00\" \/>\n<meta property=\"og:image\" content=\"https:\/\/www.oliferm.com\/wp-content\/uploads\/2022\/02\/ARBEQUIN-KG_2048x-1024x1024.png\" \/>\n\t<meta property=\"og:image:width\" content=\"1024\" \/>\n\t<meta property=\"og:image:height\" content=\"1024\" \/>\n\t<meta property=\"og:image:type\" content=\"image\/png\" \/>\n<meta name=\"twitter:card\" content=\"summary_large_image\" \/>\n<meta name=\"twitter:label1\" content=\"Gesch\u00e4tzte Lesezeit\" \/>\n\t<meta name=\"twitter:data1\" content=\"1\u00a0Minute\" \/>\n<!-- \/ Yoast SEO plugin. -->","yoast_head_json":{"title":"BOdeFERM Arbequina-Oliven 450gr - OliFERM - Oli d&#039;Oliva Verge Extra","robots":{"index":"index","follow":"follow","max-snippet":"max-snippet:-1","max-image-preview":"max-image-preview:large","max-video-preview":"max-video-preview:-1"},"canonical":"https:\/\/www.oliferm.com\/de\/producte\/oliven-bodeferm-450gr\/","og_locale":"de_DE","og_type":"article","og_title":"BOdeFERM Arbequina-Oliven 450gr - OliFERM - Oli d&#039;Oliva Verge Extra","og_description":"ChatGPT Plus BodeFERM Arbequina-Oliven 450g \u2013 Der Geschmack der katalanischen Tradition Unsere BodeFERM Arbequina-Oliven stammen aus den sonnigen Olivenhainen Kataloniens, wo die Arbequina-Olive seit Jahrhunderten in dieser Region heimisch ist. Diese autochthone Sorte zeichnet sich durch ihre kleine Gr\u00f6\u00dfe, den milden, fruchtigen Geschmack und die zarte Textur aus \u2013 ideal f\u00fcr alle, die den authentischen [&hellip;]","og_url":"https:\/\/www.oliferm.com\/de\/producte\/oliven-bodeferm-450gr\/","og_site_name":"OliFERM - Oli d&#039;Oliva Verge Extra","article_publisher":"https:\/\/www.facebook.com\/oliferm","article_modified_time":"2025-05-29T10:04:00+00:00","og_image":[{"width":1024,"height":1024,"url":"https:\/\/www.oliferm.com\/wp-content\/uploads\/2022\/02\/ARBEQUIN-KG_2048x-1024x1024.png","type":"image\/png"}],"twitter_card":"summary_large_image","twitter_misc":{"Gesch\u00e4tzte Lesezeit":"1\u00a0Minute"},"schema":{"@context":"https:\/\/schema.org","@graph":[{"@type":"WebPage","@id":"https:\/\/www.oliferm.com\/de\/producte\/oliven-bodeferm-450gr\/","url":"https:\/\/www.oliferm.com\/de\/producte\/oliven-bodeferm-450gr\/","name":"BOdeFERM Arbequina-Oliven 450gr - OliFERM - Oli d&#039;Oliva Verge Extra","isPartOf":{"@id":"https:\/\/www.oliferm.com\/#website"},"primaryImageOfPage":{"@id":"https:\/\/www.oliferm.com\/de\/producte\/oliven-bodeferm-450gr\/#primaryimage"},"image":{"@id":"https:\/\/www.oliferm.com\/de\/producte\/oliven-bodeferm-450gr\/#primaryimage"},"thumbnailUrl":"https:\/\/www.oliferm.com\/wp-content\/uploads\/2022\/02\/ARBEQUIN-KG_2048x.png","datePublished":"2022-02-24T11:36:51+00:00","dateModified":"2025-05-29T10:04:00+00:00","breadcrumb":{"@id":"https:\/\/www.oliferm.com\/de\/producte\/oliven-bodeferm-450gr\/#breadcrumb"},"inLanguage":"de","potentialAction":[{"@type":"ReadAction","target":["https:\/\/www.oliferm.com\/de\/producte\/oliven-bodeferm-450gr\/"]}]},{"@type":"ImageObject","inLanguage":"de","@id":"https:\/\/www.oliferm.com\/de\/producte\/oliven-bodeferm-450gr\/#primaryimage","url":"https:\/\/www.oliferm.com\/wp-content\/uploads\/2022\/02\/ARBEQUIN-KG_2048x.png","contentUrl":"https:\/\/www.oliferm.com\/wp-content\/uploads\/2022\/02\/ARBEQUIN-KG_2048x.png","width":1873,"height":1874,"caption":"bote de olivas Bo de Ferm"},{"@type":"BreadcrumbList","@id":"https:\/\/www.oliferm.com\/de\/producte\/oliven-bodeferm-450gr\/#breadcrumb","itemListElement":[{"@type":"ListItem","position":1,"name":"Inici","item":"https:\/\/www.oliferm.com\/de\/"},{"@type":"ListItem","position":2,"name":"Alle Produkte","item":"https:\/\/www.oliferm.com\/tots-els-productes\/"},{"@type":"ListItem","position":3,"name":"Olives i Pat\u00e9s","item":"https:\/\/www.oliferm.com\/categoria-producte\/olives-i-pates\/"},{"@type":"ListItem","position":4,"name":"BOdeFERM Arbequina-Oliven 450gr"}]},{"@type":"WebSite","@id":"https:\/\/www.oliferm.com\/#website","url":"https:\/\/www.oliferm.com\/","name":"OliFERM - Oli d&#039;Oliva Verge Extra","description":"Cooperativa de Castelldans","publisher":{"@id":"https:\/\/www.oliferm.com\/#organization"},"potentialAction":[{"@type":"SearchAction","target":{"@type":"EntryPoint","urlTemplate":"https:\/\/www.oliferm.com\/?s={search_term_string}"},"query-input":{"@type":"PropertyValueSpecification","valueRequired":true,"valueName":"search_term_string"}}],"inLanguage":"de"},{"@type":"Organization","@id":"https:\/\/www.oliferm.com\/#organization","name":"OliFERM - Cooperativa de Castelldans","url":"https:\/\/www.oliferm.com\/","logo":{"@type":"ImageObject","inLanguage":"de","@id":"https:\/\/www.oliferm.com\/#\/schema\/logo\/image\/","url":"https:\/\/www.oliferm.com\/wp-content\/uploads\/2022\/02\/logo-ppal.png","contentUrl":"https:\/\/www.oliferm.com\/wp-content\/uploads\/2022\/02\/logo-ppal.png","width":700,"height":542,"caption":"OliFERM - Cooperativa de Castelldans"},"image":{"@id":"https:\/\/www.oliferm.com\/#\/schema\/logo\/image\/"},"sameAs":["https:\/\/www.facebook.com\/oliferm","https:\/\/www.instagram.com\/cooperativacastelldans\/"]}]}},"_links":{"self":[{"href":"https:\/\/www.oliferm.com\/de\/wp-json\/wp\/v2\/product\/623","targetHints":{"allow":["GET"]}}],"collection":[{"href":"https:\/\/www.oliferm.com\/de\/wp-json\/wp\/v2\/product"}],"about":[{"href":"https:\/\/www.oliferm.com\/de\/wp-json\/wp\/v2\/types\/product"}],"replies":[{"embeddable":true,"href":"https:\/\/www.oliferm.com\/de\/wp-json\/wp\/v2\/comments?post=623"}],"wp:featuredmedia":[{"embeddable":true,"href":"https:\/\/www.oliferm.com\/de\/wp-json\/wp\/v2\/media\/521"}],"wp:attachment":[{"href":"https:\/\/www.oliferm.com\/de\/wp-json\/wp\/v2\/media?parent=623"}],"wp:term":[{"taxonomy":"product_brand","embeddable":true,"href":"https:\/\/www.oliferm.com\/de\/wp-json\/wp\/v2\/product_brand?post=623"},{"taxonomy":"product_cat","embeddable":true,"href":"https:\/\/www.oliferm.com\/de\/wp-json\/wp\/v2\/product_cat?post=623"},{"taxonomy":"product_tag","embeddable":true,"href":"https:\/\/www.oliferm.com\/de\/wp-json\/wp\/v2\/product_tag?post=623"}],"curies":[{"name":"wp","href":"https:\/\/api.w.org\/{rel}","templated":true}]}}