{"id":699,"date":"2022-02-24T12:12:49","date_gmt":"2023-05-11T15:38:01","guid":{"rendered":"https:\/\/www.oliferm.com\/producte\/bodeferm-rotwein-5l\/"},"modified":"2025-05-29T08:59:19","modified_gmt":"2025-05-29T08:59:19","slug":"rotwein-bodeferm-5l","status":"publish","type":"product","link":"https:\/\/www.oliferm.com\/de\/producte\/rotwein-bodeferm-5l\/","title":{"rendered":"BOdeFERM Rotwein 5L"},"content":{"rendered":"<p data-start=\"0\" data-end=\"61\"><strong data-start=\"0\" data-end=\"61\">BODEFERM 5-Liter Rotwein \u2013 Beste Preis-Leistung aus Lleida<\/strong><\/p>\n<p data-start=\"63\" data-end=\"301\">Der <strong data-start=\"0\" data-end=\"61\">BODEFERM<\/strong><strong data-start=\"67\" data-end=\"94\">\u00a05-Liter Rotwein<\/strong> bietet dir herausragende <strong data-start=\"120\" data-end=\"138\">Preis-Leistung<\/strong>. Aus der renommierten Weinregion Lleida stammend, \u00fcberzeugt er mit einem ausgewogenen, fruchtigen Geschmack und weichen Tanninen \u2013 ideal f\u00fcr den t\u00e4glichen Genuss.<\/p>\n<p data-start=\"303\" data-end=\"340\"><strong data-start=\"303\" data-end=\"340\">Warum BODEFERM der beste Wert ist:<\/strong><\/p>\n<ul data-start=\"341\" data-end=\"567\">\n<li data-start=\"341\" data-end=\"420\">\n<p data-start=\"343\" data-end=\"420\"><strong data-start=\"343\" data-end=\"361\">Gro\u00dfes Volumen<\/strong> \u2013 5 Liter f\u00fcr maximalen Genuss und hervorragende Ersparnis<\/p>\n<\/li>\n<li data-start=\"421\" data-end=\"488\">\n<p data-start=\"423\" data-end=\"488\"><strong data-start=\"423\" data-end=\"447\">Hochwertige Herkunft<\/strong> \u2013 Aus der renommierten Weinregion Lleida<\/p>\n<\/li>\n<li data-start=\"489\" data-end=\"567\">\n<p data-start=\"491\" data-end=\"567\"><strong data-start=\"491\" data-end=\"516\">Vielseitig &amp; Fruchtig<\/strong> \u2013 Perfekt f\u00fcr jede Mahlzeit oder gesellige Anl\u00e4sse, Gastronomie<\/p>\n<\/li>\n<\/ul>\n<p data-start=\"569\" data-end=\"718\" data-is-last-node=\"\" data-is-only-node=\"\">Der <strong data-start=\"0\" data-end=\"61\">BODEFERM<\/strong><strong data-start=\"573\" data-end=\"600\">\u00a05-Liter Rotwein<\/strong> bietet dir Qualit\u00e4t zum besten Preis \u2013 ideal f\u00fcr alle, die guten Wein zu einem fairen Preis genie\u00dfen m\u00f6chten.<\/p>\n","protected":false},"excerpt":{"rendered":"<p>BODEFERM 5-Liter Rotwein \u2013 Beste Preis-Leistung aus Lleida Der BODEFERM\u00a05-Liter Rotwein bietet dir herausragende Preis-Leistung. Aus der renommierten Weinregion Lleida stammend, \u00fcberzeugt er mit einem ausgewogenen, fruchtigen Geschmack und weichen Tanninen \u2013 ideal f\u00fcr den t\u00e4glichen Genuss. Warum BODEFERM der beste Wert ist: Gro\u00dfes Volumen \u2013 5 Liter f\u00fcr maximalen Genuss und hervorragende Ersparnis Hochwertige [&hellip;]<\/p>\n","protected":false},"featured_media":532,"comment_status":"open","ping_status":"closed","template":"","meta":{"_acf_changed":false},"product_brand":[],"product_cat":[61],"product_tag":[],"class_list":{"0":"post-699","1":"product","2":"type-product","3":"status-publish","4":"has-post-thumbnail","6":"product_cat-wein-wermut-und-essig","7":"product_shipping_class-0-kg-de","9":"first","10":"instock","11":"taxable","12":"shipping-taxable","13":"purchasable","14":"product-type-simple"},"acf":[],"yoast_head":"<!-- This site is optimized with the Yoast SEO plugin v27.5 - https:\/\/yoast.com\/product\/yoast-seo-wordpress\/ -->\n<title>BOdeFERM Rotwein 5L - OliFERM - Oli d&#039;Oliva Verge Extra<\/title>\n<meta name=\"robots\" content=\"index, follow, max-snippet:-1, max-image-preview:large, max-video-preview:-1\" \/>\n<link rel=\"canonical\" href=\"https:\/\/www.oliferm.com\/de\/producte\/rotwein-bodeferm-5l\/\" \/>\n<meta property=\"og:locale\" content=\"de_DE\" \/>\n<meta property=\"og:type\" content=\"article\" \/>\n<meta property=\"og:title\" content=\"BOdeFERM Rotwein 5L - OliFERM - Oli d&#039;Oliva Verge Extra\" \/>\n<meta property=\"og:description\" content=\"BODEFERM 5-Liter Rotwein \u2013 Beste Preis-Leistung aus Lleida Der BODEFERM\u00a05-Liter Rotwein bietet dir herausragende Preis-Leistung. Aus der renommierten Weinregion Lleida stammend, \u00fcberzeugt er mit einem ausgewogenen, fruchtigen Geschmack und weichen Tanninen \u2013 ideal f\u00fcr den t\u00e4glichen Genuss. Warum BODEFERM der beste Wert ist: Gro\u00dfes Volumen \u2013 5 Liter f\u00fcr maximalen Genuss und hervorragende Ersparnis Hochwertige [&hellip;]\" \/>\n<meta property=\"og:url\" content=\"https:\/\/www.oliferm.com\/de\/producte\/rotwein-bodeferm-5l\/\" \/>\n<meta property=\"og:site_name\" content=\"OliFERM - Oli d&#039;Oliva Verge Extra\" \/>\n<meta property=\"article:publisher\" content=\"https:\/\/www.facebook.com\/oliferm\" \/>\n<meta property=\"article:modified_time\" content=\"2025-05-29T08:59:19+00:00\" \/>\n<meta property=\"og:image\" content=\"https:\/\/www.oliferm.com\/wp-content\/uploads\/2022\/02\/9.jpg\" \/>\n\t<meta property=\"og:image:width\" content=\"1080\" \/>\n\t<meta property=\"og:image:height\" content=\"1350\" \/>\n\t<meta property=\"og:image:type\" content=\"image\/jpeg\" \/>\n<meta name=\"twitter:card\" content=\"summary_large_image\" \/>\n<meta name=\"twitter:label1\" content=\"Gesch\u00e4tzte Lesezeit\" \/>\n\t<meta name=\"twitter:data1\" content=\"1\u00a0Minute\" \/>\n<!-- \/ Yoast SEO plugin. -->","yoast_head_json":{"title":"BOdeFERM Rotwein 5L - OliFERM - Oli d&#039;Oliva Verge Extra","robots":{"index":"index","follow":"follow","max-snippet":"max-snippet:-1","max-image-preview":"max-image-preview:large","max-video-preview":"max-video-preview:-1"},"canonical":"https:\/\/www.oliferm.com\/de\/producte\/rotwein-bodeferm-5l\/","og_locale":"de_DE","og_type":"article","og_title":"BOdeFERM Rotwein 5L - OliFERM - Oli d&#039;Oliva Verge Extra","og_description":"BODEFERM 5-Liter Rotwein \u2013 Beste Preis-Leistung aus Lleida Der BODEFERM\u00a05-Liter Rotwein bietet dir herausragende Preis-Leistung. Aus der renommierten Weinregion Lleida stammend, \u00fcberzeugt er mit einem ausgewogenen, fruchtigen Geschmack und weichen Tanninen \u2013 ideal f\u00fcr den t\u00e4glichen Genuss. Warum BODEFERM der beste Wert ist: Gro\u00dfes Volumen \u2013 5 Liter f\u00fcr maximalen Genuss und hervorragende Ersparnis Hochwertige [&hellip;]","og_url":"https:\/\/www.oliferm.com\/de\/producte\/rotwein-bodeferm-5l\/","og_site_name":"OliFERM - Oli d&#039;Oliva Verge Extra","article_publisher":"https:\/\/www.facebook.com\/oliferm","article_modified_time":"2025-05-29T08:59:19+00:00","og_image":[{"width":1080,"height":1350,"url":"https:\/\/www.oliferm.com\/wp-content\/uploads\/2022\/02\/9.jpg","type":"image\/jpeg"}],"twitter_card":"summary_large_image","twitter_misc":{"Gesch\u00e4tzte Lesezeit":"1\u00a0Minute"},"schema":{"@context":"https:\/\/schema.org","@graph":[{"@type":"WebPage","@id":"https:\/\/www.oliferm.com\/de\/producte\/rotwein-bodeferm-5l\/","url":"https:\/\/www.oliferm.com\/de\/producte\/rotwein-bodeferm-5l\/","name":"BOdeFERM Rotwein 5L - OliFERM - Oli d&#039;Oliva Verge Extra","isPartOf":{"@id":"https:\/\/www.oliferm.com\/#website"},"primaryImageOfPage":{"@id":"https:\/\/www.oliferm.com\/de\/producte\/rotwein-bodeferm-5l\/#primaryimage"},"image":{"@id":"https:\/\/www.oliferm.com\/de\/producte\/rotwein-bodeferm-5l\/#primaryimage"},"thumbnailUrl":"https:\/\/www.oliferm.com\/wp-content\/uploads\/2022\/02\/9.jpg","datePublished":"2023-05-11T15:38:01+00:00","dateModified":"2025-05-29T08:59:19+00:00","breadcrumb":{"@id":"https:\/\/www.oliferm.com\/de\/producte\/rotwein-bodeferm-5l\/#breadcrumb"},"inLanguage":"de","potentialAction":[{"@type":"ReadAction","target":["https:\/\/www.oliferm.com\/de\/producte\/rotwein-bodeferm-5l\/"]}]},{"@type":"ImageObject","inLanguage":"de","@id":"https:\/\/www.oliferm.com\/de\/producte\/rotwein-bodeferm-5l\/#primaryimage","url":"https:\/\/www.oliferm.com\/wp-content\/uploads\/2022\/02\/9.jpg","contentUrl":"https:\/\/www.oliferm.com\/wp-content\/uploads\/2022\/02\/9.jpg","width":1080,"height":1350,"caption":"vermut negro garrafa de 5l"},{"@type":"BreadcrumbList","@id":"https:\/\/www.oliferm.com\/de\/producte\/rotwein-bodeferm-5l\/#breadcrumb","itemListElement":[{"@type":"ListItem","position":1,"name":"Inici","item":"https:\/\/www.oliferm.com\/de\/"},{"@type":"ListItem","position":2,"name":"Alle Produkte","item":"https:\/\/www.oliferm.com\/tots-els-productes\/"},{"@type":"ListItem","position":3,"name":"Vi, vermut i vinagre","item":"https:\/\/www.oliferm.com\/categoria-producte\/vi-vermut-i-vinagre\/"},{"@type":"ListItem","position":4,"name":"BOdeFERM Rotwein 5L"}]},{"@type":"WebSite","@id":"https:\/\/www.oliferm.com\/#website","url":"https:\/\/www.oliferm.com\/","name":"OliFERM - Oli d&#039;Oliva Verge Extra","description":"Cooperativa de Castelldans","publisher":{"@id":"https:\/\/www.oliferm.com\/#organization"},"potentialAction":[{"@type":"SearchAction","target":{"@type":"EntryPoint","urlTemplate":"https:\/\/www.oliferm.com\/?s={search_term_string}"},"query-input":{"@type":"PropertyValueSpecification","valueRequired":true,"valueName":"search_term_string"}}],"inLanguage":"de"},{"@type":"Organization","@id":"https:\/\/www.oliferm.com\/#organization","name":"OliFERM - Cooperativa de Castelldans","url":"https:\/\/www.oliferm.com\/","logo":{"@type":"ImageObject","inLanguage":"de","@id":"https:\/\/www.oliferm.com\/#\/schema\/logo\/image\/","url":"https:\/\/www.oliferm.com\/wp-content\/uploads\/2022\/02\/logo-ppal.png","contentUrl":"https:\/\/www.oliferm.com\/wp-content\/uploads\/2022\/02\/logo-ppal.png","width":700,"height":542,"caption":"OliFERM - Cooperativa de Castelldans"},"image":{"@id":"https:\/\/www.oliferm.com\/#\/schema\/logo\/image\/"},"sameAs":["https:\/\/www.facebook.com\/oliferm","https:\/\/www.instagram.com\/cooperativacastelldans\/"]}]}},"_links":{"self":[{"href":"https:\/\/www.oliferm.com\/de\/wp-json\/wp\/v2\/product\/699","targetHints":{"allow":["GET"]}}],"collection":[{"href":"https:\/\/www.oliferm.com\/de\/wp-json\/wp\/v2\/product"}],"about":[{"href":"https:\/\/www.oliferm.com\/de\/wp-json\/wp\/v2\/types\/product"}],"replies":[{"embeddable":true,"href":"https:\/\/www.oliferm.com\/de\/wp-json\/wp\/v2\/comments?post=699"}],"wp:featuredmedia":[{"embeddable":true,"href":"https:\/\/www.oliferm.com\/de\/wp-json\/wp\/v2\/media\/532"}],"wp:attachment":[{"href":"https:\/\/www.oliferm.com\/de\/wp-json\/wp\/v2\/media?parent=699"}],"wp:term":[{"taxonomy":"product_brand","embeddable":true,"href":"https:\/\/www.oliferm.com\/de\/wp-json\/wp\/v2\/product_brand?post=699"},{"taxonomy":"product_cat","embeddable":true,"href":"https:\/\/www.oliferm.com\/de\/wp-json\/wp\/v2\/product_cat?post=699"},{"taxonomy":"product_tag","embeddable":true,"href":"https:\/\/www.oliferm.com\/de\/wp-json\/wp\/v2\/product_tag?post=699"}],"curies":[{"name":"wp","href":"https:\/\/api.w.org\/{rel}","templated":true}]}}