{"id":700,"date":"2022-02-24T12:03:39","date_gmt":"2023-05-11T15:39:33","guid":{"rendered":"https:\/\/www.oliferm.com\/producte\/bodeferm-weisswein-5l\/"},"modified":"2025-05-29T09:14:13","modified_gmt":"2025-05-29T09:14:13","slug":"bodeferm-weisswein-5l","status":"publish","type":"product","link":"https:\/\/www.oliferm.com\/de\/producte\/bodeferm-weisswein-5l\/","title":{"rendered":"BOdeFERM Wei\u00dfwein 5L"},"content":{"rendered":"<p data-start=\"0\" data-end=\"73\"><strong data-start=\"0\" data-end=\"73\">BODEFERM 5-Liter Wei\u00dfwein \u2013 Frisch, Fruchtig und Perfekt f\u00fcr Jeden Tag<\/strong><\/p>\n<p data-start=\"75\" data-end=\"396\">Der <strong data-start=\"0\" data-end=\"73\">BODEFERM<\/strong><strong data-start=\"79\" data-end=\"107\">\u00a05-Liter Wei\u00dfwein<\/strong> aus der <strong data-start=\"116\" data-end=\"133\">Region Lleida<\/strong> \u00fcberzeugt mit seiner frischen, fruchtigen Note und ist der ideale Begleiter f\u00fcr jede Mahlzeit oder gesellige Runden. Mit seiner harmonischen Balance aus S\u00e4ure und Fruchtigkeit bietet er dir ein erfrischendes Geschmackserlebnis \u2013 perfekt f\u00fcr den t\u00e4glichen Genuss.<\/p>\n<p data-start=\"398\" data-end=\"433\"><strong data-start=\"398\" data-end=\"433\">Warum BODEFERM 5-Liter Wei\u00dfwein?<\/strong><\/p>\n<ul data-start=\"434\" data-end=\"779\">\n<li data-start=\"434\" data-end=\"563\">\n<p data-start=\"436\" data-end=\"563\"><strong data-start=\"436\" data-end=\"457\">Frisch &amp; Fruchtig<\/strong> \u2013 Ein Wei\u00dfwein mit lebendiger S\u00e4ure und frischen Aromen, ideal zu Fisch, Gefl\u00fcgel und leichten Gerichten.<\/p>\n<\/li>\n<li data-start=\"564\" data-end=\"664\">\n<p data-start=\"566\" data-end=\"664\"><strong data-start=\"566\" data-end=\"584\">Gro\u00dfes Volumen<\/strong> \u2013 5 Liter f\u00fcr den regelm\u00e4\u00dfigen Genuss, ideal f\u00fcr gr\u00f6\u00dfere Haushalte oder Feiern.<\/p>\n<\/li>\n<li data-start=\"665\" data-end=\"779\">\n<p data-start=\"667\" data-end=\"779\"><strong data-start=\"667\" data-end=\"686\">Herkunft Lleida<\/strong> \u2013 Aus einer renommierten Weinregion, die f\u00fcr ihre qualitativ hochwertigen Weine bekannt ist.<\/p>\n<\/li>\n<\/ul>\n<p data-start=\"781\" data-end=\"914\" data-is-last-node=\"\" data-is-only-node=\"\">Genie\u00dfe den <strong data-start=\"0\" data-end=\"73\">BODEFERM<\/strong><strong data-start=\"793\" data-end=\"821\">\u00a05-Liter Wei\u00dfwein<\/strong> \u2013 frischer Genuss und hervorragendes Preis-Leistungs-Verh\u00e4ltnis in einem gro\u00dfz\u00fcgigen Format!<\/p>\n","protected":false},"excerpt":{"rendered":"<p>BODEFERM 5-Liter Wei\u00dfwein \u2013 Frisch, Fruchtig und Perfekt f\u00fcr Jeden Tag Der BODEFERM\u00a05-Liter Wei\u00dfwein aus der Region Lleida \u00fcberzeugt mit seiner frischen, fruchtigen Note und ist der ideale Begleiter f\u00fcr jede Mahlzeit oder gesellige Runden. Mit seiner harmonischen Balance aus S\u00e4ure und Fruchtigkeit bietet er dir ein erfrischendes Geschmackserlebnis \u2013 perfekt f\u00fcr den t\u00e4glichen Genuss. [&hellip;]<\/p>\n","protected":false},"featured_media":530,"comment_status":"open","ping_status":"closed","template":"","meta":{"_acf_changed":false},"product_brand":[],"product_cat":[61],"product_tag":[],"class_list":{"0":"post-700","1":"product","2":"type-product","3":"status-publish","4":"has-post-thumbnail","6":"product_cat-wein-wermut-und-essig","7":"product_shipping_class-0-kg-de","9":"first","10":"instock","11":"taxable","12":"shipping-taxable","13":"purchasable","14":"product-type-simple"},"acf":[],"yoast_head":"<!-- This site is optimized with the Yoast SEO plugin v27.5 - https:\/\/yoast.com\/product\/yoast-seo-wordpress\/ -->\n<title>BOdeFERM Wei\u00dfwein 5L - OliFERM - Oli d&#039;Oliva Verge Extra<\/title>\n<meta name=\"robots\" content=\"index, follow, max-snippet:-1, max-image-preview:large, max-video-preview:-1\" \/>\n<link rel=\"canonical\" href=\"https:\/\/www.oliferm.com\/de\/producte\/bodeferm-weisswein-5l\/\" \/>\n<meta property=\"og:locale\" content=\"de_DE\" \/>\n<meta property=\"og:type\" content=\"article\" \/>\n<meta property=\"og:title\" content=\"BOdeFERM Wei\u00dfwein 5L - OliFERM - Oli d&#039;Oliva Verge Extra\" \/>\n<meta property=\"og:description\" content=\"BODEFERM 5-Liter Wei\u00dfwein \u2013 Frisch, Fruchtig und Perfekt f\u00fcr Jeden Tag Der BODEFERM\u00a05-Liter Wei\u00dfwein aus der Region Lleida \u00fcberzeugt mit seiner frischen, fruchtigen Note und ist der ideale Begleiter f\u00fcr jede Mahlzeit oder gesellige Runden. Mit seiner harmonischen Balance aus S\u00e4ure und Fruchtigkeit bietet er dir ein erfrischendes Geschmackserlebnis \u2013 perfekt f\u00fcr den t\u00e4glichen Genuss. [&hellip;]\" \/>\n<meta property=\"og:url\" content=\"https:\/\/www.oliferm.com\/de\/producte\/bodeferm-weisswein-5l\/\" \/>\n<meta property=\"og:site_name\" content=\"OliFERM - Oli d&#039;Oliva Verge Extra\" \/>\n<meta property=\"article:publisher\" content=\"https:\/\/www.facebook.com\/oliferm\" \/>\n<meta property=\"article:modified_time\" content=\"2025-05-29T09:14:13+00:00\" \/>\n<meta property=\"og:image\" content=\"https:\/\/www.oliferm.com\/wp-content\/uploads\/2022\/02\/7.jpg\" \/>\n\t<meta property=\"og:image:width\" content=\"1080\" \/>\n\t<meta property=\"og:image:height\" content=\"1300\" \/>\n\t<meta property=\"og:image:type\" content=\"image\/jpeg\" \/>\n<meta name=\"twitter:card\" content=\"summary_large_image\" \/>\n<meta name=\"twitter:label1\" content=\"Gesch\u00e4tzte Lesezeit\" \/>\n\t<meta name=\"twitter:data1\" content=\"1\u00a0Minute\" \/>\n<!-- \/ Yoast SEO plugin. -->","yoast_head_json":{"title":"BOdeFERM Wei\u00dfwein 5L - OliFERM - Oli d&#039;Oliva Verge Extra","robots":{"index":"index","follow":"follow","max-snippet":"max-snippet:-1","max-image-preview":"max-image-preview:large","max-video-preview":"max-video-preview:-1"},"canonical":"https:\/\/www.oliferm.com\/de\/producte\/bodeferm-weisswein-5l\/","og_locale":"de_DE","og_type":"article","og_title":"BOdeFERM Wei\u00dfwein 5L - OliFERM - Oli d&#039;Oliva Verge Extra","og_description":"BODEFERM 5-Liter Wei\u00dfwein \u2013 Frisch, Fruchtig und Perfekt f\u00fcr Jeden Tag Der BODEFERM\u00a05-Liter Wei\u00dfwein aus der Region Lleida \u00fcberzeugt mit seiner frischen, fruchtigen Note und ist der ideale Begleiter f\u00fcr jede Mahlzeit oder gesellige Runden. Mit seiner harmonischen Balance aus S\u00e4ure und Fruchtigkeit bietet er dir ein erfrischendes Geschmackserlebnis \u2013 perfekt f\u00fcr den t\u00e4glichen Genuss. [&hellip;]","og_url":"https:\/\/www.oliferm.com\/de\/producte\/bodeferm-weisswein-5l\/","og_site_name":"OliFERM - Oli d&#039;Oliva Verge Extra","article_publisher":"https:\/\/www.facebook.com\/oliferm","article_modified_time":"2025-05-29T09:14:13+00:00","og_image":[{"width":1080,"height":1300,"url":"https:\/\/www.oliferm.com\/wp-content\/uploads\/2022\/02\/7.jpg","type":"image\/jpeg"}],"twitter_card":"summary_large_image","twitter_misc":{"Gesch\u00e4tzte Lesezeit":"1\u00a0Minute"},"schema":{"@context":"https:\/\/schema.org","@graph":[{"@type":"WebPage","@id":"https:\/\/www.oliferm.com\/de\/producte\/bodeferm-weisswein-5l\/","url":"https:\/\/www.oliferm.com\/de\/producte\/bodeferm-weisswein-5l\/","name":"BOdeFERM Wei\u00dfwein 5L - OliFERM - Oli d&#039;Oliva Verge Extra","isPartOf":{"@id":"https:\/\/www.oliferm.com\/#website"},"primaryImageOfPage":{"@id":"https:\/\/www.oliferm.com\/de\/producte\/bodeferm-weisswein-5l\/#primaryimage"},"image":{"@id":"https:\/\/www.oliferm.com\/de\/producte\/bodeferm-weisswein-5l\/#primaryimage"},"thumbnailUrl":"https:\/\/www.oliferm.com\/wp-content\/uploads\/2022\/02\/7.jpg","datePublished":"2023-05-11T15:39:33+00:00","dateModified":"2025-05-29T09:14:13+00:00","breadcrumb":{"@id":"https:\/\/www.oliferm.com\/de\/producte\/bodeferm-weisswein-5l\/#breadcrumb"},"inLanguage":"de","potentialAction":[{"@type":"ReadAction","target":["https:\/\/www.oliferm.com\/de\/producte\/bodeferm-weisswein-5l\/"]}]},{"@type":"ImageObject","inLanguage":"de","@id":"https:\/\/www.oliferm.com\/de\/producte\/bodeferm-weisswein-5l\/#primaryimage","url":"https:\/\/www.oliferm.com\/wp-content\/uploads\/2022\/02\/7.jpg","contentUrl":"https:\/\/www.oliferm.com\/wp-content\/uploads\/2022\/02\/7.jpg","width":1080,"height":1300,"caption":"vermut blanco 5l"},{"@type":"BreadcrumbList","@id":"https:\/\/www.oliferm.com\/de\/producte\/bodeferm-weisswein-5l\/#breadcrumb","itemListElement":[{"@type":"ListItem","position":1,"name":"Inici","item":"https:\/\/www.oliferm.com\/de\/"},{"@type":"ListItem","position":2,"name":"Alle Produkte","item":"https:\/\/www.oliferm.com\/tots-els-productes\/"},{"@type":"ListItem","position":3,"name":"Vi, vermut i vinagre","item":"https:\/\/www.oliferm.com\/categoria-producte\/vi-vermut-i-vinagre\/"},{"@type":"ListItem","position":4,"name":"BOdeFERM Wei\u00dfwein 5L"}]},{"@type":"WebSite","@id":"https:\/\/www.oliferm.com\/#website","url":"https:\/\/www.oliferm.com\/","name":"OliFERM - Oli d&#039;Oliva Verge Extra","description":"Cooperativa de Castelldans","publisher":{"@id":"https:\/\/www.oliferm.com\/#organization"},"potentialAction":[{"@type":"SearchAction","target":{"@type":"EntryPoint","urlTemplate":"https:\/\/www.oliferm.com\/?s={search_term_string}"},"query-input":{"@type":"PropertyValueSpecification","valueRequired":true,"valueName":"search_term_string"}}],"inLanguage":"de"},{"@type":"Organization","@id":"https:\/\/www.oliferm.com\/#organization","name":"OliFERM - Cooperativa de Castelldans","url":"https:\/\/www.oliferm.com\/","logo":{"@type":"ImageObject","inLanguage":"de","@id":"https:\/\/www.oliferm.com\/#\/schema\/logo\/image\/","url":"https:\/\/www.oliferm.com\/wp-content\/uploads\/2022\/02\/logo-ppal.png","contentUrl":"https:\/\/www.oliferm.com\/wp-content\/uploads\/2022\/02\/logo-ppal.png","width":700,"height":542,"caption":"OliFERM - Cooperativa de Castelldans"},"image":{"@id":"https:\/\/www.oliferm.com\/#\/schema\/logo\/image\/"},"sameAs":["https:\/\/www.facebook.com\/oliferm","https:\/\/www.instagram.com\/cooperativacastelldans\/"]}]}},"_links":{"self":[{"href":"https:\/\/www.oliferm.com\/de\/wp-json\/wp\/v2\/product\/700","targetHints":{"allow":["GET"]}}],"collection":[{"href":"https:\/\/www.oliferm.com\/de\/wp-json\/wp\/v2\/product"}],"about":[{"href":"https:\/\/www.oliferm.com\/de\/wp-json\/wp\/v2\/types\/product"}],"replies":[{"embeddable":true,"href":"https:\/\/www.oliferm.com\/de\/wp-json\/wp\/v2\/comments?post=700"}],"wp:featuredmedia":[{"embeddable":true,"href":"https:\/\/www.oliferm.com\/de\/wp-json\/wp\/v2\/media\/530"}],"wp:attachment":[{"href":"https:\/\/www.oliferm.com\/de\/wp-json\/wp\/v2\/media?parent=700"}],"wp:term":[{"taxonomy":"product_brand","embeddable":true,"href":"https:\/\/www.oliferm.com\/de\/wp-json\/wp\/v2\/product_brand?post=700"},{"taxonomy":"product_cat","embeddable":true,"href":"https:\/\/www.oliferm.com\/de\/wp-json\/wp\/v2\/product_cat?post=700"},{"taxonomy":"product_tag","embeddable":true,"href":"https:\/\/www.oliferm.com\/de\/wp-json\/wp\/v2\/product_tag?post=700"}],"curies":[{"name":"wp","href":"https:\/\/api.w.org\/{rel}","templated":true}]}}