{"id":701,"date":"2022-02-24T11:59:41","date_gmt":"2023-05-11T15:39:34","guid":{"rendered":"https:\/\/www.oliferm.com\/producte\/bodeferm-weisswein-2l\/"},"modified":"2025-05-29T09:15:18","modified_gmt":"2025-05-29T09:15:18","slug":"bodeferm-weisswein-2l","status":"publish","type":"product","link":"https:\/\/www.oliferm.com\/de\/producte\/bodeferm-weisswein-2l\/","title":{"rendered":"BOdeFERM Wei\u00dfwein 2L &#8211; AUSVERKAUFT !"},"content":{"rendered":"<div class=\"flex max-w-full flex-col grow\">\n<div class=\"min-h-8 text-message relative flex w-full flex-col items-end gap-2 text-start break-words whitespace-normal [.text-message+&amp;]:mt-5\" dir=\"auto\" data-message-author-role=\"user\" data-message-id=\"bfef20f9-74e7-4f16-86e3-1ff203b909b9\">\n<div class=\"flex w-full flex-col gap-1 empty:hidden items-end rtl:items-start\">\n<div class=\"relative max-w-[var(--user-chat-width,70%)] bg-token-message-surface rounded-3xl px-5 py-2.5\">\n<div class=\"whitespace-pre-wrap\">\n<p data-start=\"0\" data-end=\"71\"><strong data-start=\"0\" data-end=\"71\">BODEFERM 2-Liter Wei\u00dfwein \u2013 Erfrischend und Vielseitig f\u00fcr Jeden Tag<\/strong><\/p>\n<p data-start=\"73\" data-end=\"371\">Der <strong data-start=\"0\" data-end=\"73\">BODEFERM<\/strong><strong data-start=\"77\" data-end=\"105\">\u00a02-Liter Wei\u00dfwein<\/strong> aus der <strong data-start=\"114\" data-end=\"131\">Region Lleida<\/strong> bietet einen frischen, fruchtigen Geschmack, der perfekt zu einer Vielzahl von Gerichten passt. Mit seiner leichten S\u00e4ure und ausgewogenen Aromen ist er der ideale Begleiter f\u00fcr den t\u00e4glichen Genuss, ob zu Fisch, Salaten oder einfach solo.<\/p>\n<p data-start=\"373\" data-end=\"408\"><strong data-start=\"373\" data-end=\"408\">Warum BODEFERM 2-Liter Wei\u00dfwein?<\/strong><\/p>\n<ul data-start=\"409\" data-end=\"641\">\n<li data-start=\"409\" data-end=\"490\">\n<p data-start=\"411\" data-end=\"490\"><strong data-start=\"411\" data-end=\"432\">Frisch &amp; Fruchtig<\/strong> \u2013 Ein lebendiger Wei\u00dfwein, der f\u00fcr frischen Genuss sorgt.<\/p>\n<\/li>\n<li data-start=\"491\" data-end=\"565\">\n<p data-start=\"493\" data-end=\"565\"><strong data-start=\"493\" data-end=\"507\">Vielseitig<\/strong> \u2013 Perfekt zu Fisch, Gefl\u00fcgel oder sommerlichen Gerichten.<\/p>\n<\/li>\n<li data-start=\"566\" data-end=\"641\">\n<p data-start=\"568\" data-end=\"641\"><strong data-start=\"568\" data-end=\"587\">Ideales Volumen<\/strong> \u2013 2 Liter f\u00fcr regelm\u00e4\u00dfigen Genuss oder kleine Feiern.<\/p>\n<\/li>\n<\/ul>\n<p data-start=\"643\" data-end=\"796\" data-is-last-node=\"\" data-is-only-node=\"\">Der <strong data-start=\"0\" data-end=\"73\">BODEFERM<\/strong><strong data-start=\"647\" data-end=\"675\">\u00a02-Liter Wei\u00dfwein<\/strong> ist die perfekte Wahl f\u00fcr all jene, die frischen und fruchtigen Wei\u00dfwein zu einem hervorragenden Preis genie\u00dfen m\u00f6chten.<\/p>\n<\/div>\n<\/div>\n<\/div>\n<\/div>\n<\/div>\n<div class=\"flex justify-end\"><\/div>\n","protected":false},"excerpt":{"rendered":"<p>BODEFERM 2-Liter Wei\u00dfwein \u2013 Erfrischend und Vielseitig f\u00fcr Jeden Tag Der BODEFERM\u00a02-Liter Wei\u00dfwein aus der Region Lleida bietet einen frischen, fruchtigen Geschmack, der perfekt zu einer Vielzahl von Gerichten passt. Mit seiner leichten S\u00e4ure und ausgewogenen Aromen ist er der ideale Begleiter f\u00fcr den t\u00e4glichen Genuss, ob zu Fisch, Salaten oder einfach solo. Warum BODEFERM [&hellip;]<\/p>\n","protected":false},"featured_media":529,"comment_status":"open","ping_status":"closed","template":"","meta":{"_acf_changed":false},"product_brand":[],"product_cat":[61],"product_tag":[],"class_list":{"0":"post-701","1":"product","2":"type-product","3":"status-publish","4":"has-post-thumbnail","6":"product_cat-wein-wermut-und-essig","7":"product_shipping_class-0-kg-de","9":"first","10":"outofstock","11":"taxable","12":"shipping-taxable","13":"purchasable","14":"product-type-simple"},"acf":[],"yoast_head":"<!-- This site is optimized with the Yoast SEO plugin v27.5 - https:\/\/yoast.com\/product\/yoast-seo-wordpress\/ -->\n<title>BOdeFERM Wei\u00dfwein 2L - AUSVERKAUFT ! - OliFERM - Oli d&#039;Oliva Verge Extra<\/title>\n<meta name=\"robots\" content=\"index, follow, max-snippet:-1, max-image-preview:large, max-video-preview:-1\" \/>\n<link rel=\"canonical\" href=\"https:\/\/www.oliferm.com\/de\/producte\/bodeferm-weisswein-2l\/\" \/>\n<meta property=\"og:locale\" content=\"de_DE\" \/>\n<meta property=\"og:type\" content=\"article\" \/>\n<meta property=\"og:title\" content=\"BOdeFERM Wei\u00dfwein 2L - AUSVERKAUFT ! - OliFERM - Oli d&#039;Oliva Verge Extra\" \/>\n<meta property=\"og:description\" content=\"BODEFERM 2-Liter Wei\u00dfwein \u2013 Erfrischend und Vielseitig f\u00fcr Jeden Tag Der BODEFERM\u00a02-Liter Wei\u00dfwein aus der Region Lleida bietet einen frischen, fruchtigen Geschmack, der perfekt zu einer Vielzahl von Gerichten passt. Mit seiner leichten S\u00e4ure und ausgewogenen Aromen ist er der ideale Begleiter f\u00fcr den t\u00e4glichen Genuss, ob zu Fisch, Salaten oder einfach solo. Warum BODEFERM [&hellip;]\" \/>\n<meta property=\"og:url\" content=\"https:\/\/www.oliferm.com\/de\/producte\/bodeferm-weisswein-2l\/\" \/>\n<meta property=\"og:site_name\" content=\"OliFERM - Oli d&#039;Oliva Verge Extra\" \/>\n<meta property=\"article:publisher\" content=\"https:\/\/www.facebook.com\/oliferm\" \/>\n<meta property=\"article:modified_time\" content=\"2025-05-29T09:15:18+00:00\" \/>\n<meta property=\"og:image\" content=\"https:\/\/www.oliferm.com\/wp-content\/uploads\/2022\/02\/6.jpg\" \/>\n\t<meta property=\"og:image:width\" content=\"1296\" \/>\n\t<meta property=\"og:image:height\" content=\"1296\" \/>\n\t<meta property=\"og:image:type\" content=\"image\/jpeg\" \/>\n<meta name=\"twitter:card\" content=\"summary_large_image\" \/>\n<meta name=\"twitter:label1\" content=\"Gesch\u00e4tzte Lesezeit\" \/>\n\t<meta name=\"twitter:data1\" content=\"1\u00a0Minute\" \/>\n<!-- \/ Yoast SEO plugin. -->","yoast_head_json":{"title":"BOdeFERM Wei\u00dfwein 2L - AUSVERKAUFT ! - OliFERM - Oli d&#039;Oliva Verge Extra","robots":{"index":"index","follow":"follow","max-snippet":"max-snippet:-1","max-image-preview":"max-image-preview:large","max-video-preview":"max-video-preview:-1"},"canonical":"https:\/\/www.oliferm.com\/de\/producte\/bodeferm-weisswein-2l\/","og_locale":"de_DE","og_type":"article","og_title":"BOdeFERM Wei\u00dfwein 2L - AUSVERKAUFT ! - OliFERM - Oli d&#039;Oliva Verge Extra","og_description":"BODEFERM 2-Liter Wei\u00dfwein \u2013 Erfrischend und Vielseitig f\u00fcr Jeden Tag Der BODEFERM\u00a02-Liter Wei\u00dfwein aus der Region Lleida bietet einen frischen, fruchtigen Geschmack, der perfekt zu einer Vielzahl von Gerichten passt. Mit seiner leichten S\u00e4ure und ausgewogenen Aromen ist er der ideale Begleiter f\u00fcr den t\u00e4glichen Genuss, ob zu Fisch, Salaten oder einfach solo. Warum BODEFERM [&hellip;]","og_url":"https:\/\/www.oliferm.com\/de\/producte\/bodeferm-weisswein-2l\/","og_site_name":"OliFERM - Oli d&#039;Oliva Verge Extra","article_publisher":"https:\/\/www.facebook.com\/oliferm","article_modified_time":"2025-05-29T09:15:18+00:00","og_image":[{"width":1296,"height":1296,"url":"https:\/\/www.oliferm.com\/wp-content\/uploads\/2022\/02\/6.jpg","type":"image\/jpeg"}],"twitter_card":"summary_large_image","twitter_misc":{"Gesch\u00e4tzte Lesezeit":"1\u00a0Minute"},"schema":{"@context":"https:\/\/schema.org","@graph":[{"@type":"WebPage","@id":"https:\/\/www.oliferm.com\/de\/producte\/bodeferm-weisswein-2l\/","url":"https:\/\/www.oliferm.com\/de\/producte\/bodeferm-weisswein-2l\/","name":"BOdeFERM Wei\u00dfwein 2L - AUSVERKAUFT ! - OliFERM - Oli d&#039;Oliva Verge Extra","isPartOf":{"@id":"https:\/\/www.oliferm.com\/#website"},"primaryImageOfPage":{"@id":"https:\/\/www.oliferm.com\/de\/producte\/bodeferm-weisswein-2l\/#primaryimage"},"image":{"@id":"https:\/\/www.oliferm.com\/de\/producte\/bodeferm-weisswein-2l\/#primaryimage"},"thumbnailUrl":"https:\/\/www.oliferm.com\/wp-content\/uploads\/2022\/02\/6.jpg","datePublished":"2023-05-11T15:39:34+00:00","dateModified":"2025-05-29T09:15:18+00:00","breadcrumb":{"@id":"https:\/\/www.oliferm.com\/de\/producte\/bodeferm-weisswein-2l\/#breadcrumb"},"inLanguage":"de","potentialAction":[{"@type":"ReadAction","target":["https:\/\/www.oliferm.com\/de\/producte\/bodeferm-weisswein-2l\/"]}]},{"@type":"ImageObject","inLanguage":"de","@id":"https:\/\/www.oliferm.com\/de\/producte\/bodeferm-weisswein-2l\/#primaryimage","url":"https:\/\/www.oliferm.com\/wp-content\/uploads\/2022\/02\/6.jpg","contentUrl":"https:\/\/www.oliferm.com\/wp-content\/uploads\/2022\/02\/6.jpg","width":1296,"height":1296,"caption":"vermut blanco 2l"},{"@type":"BreadcrumbList","@id":"https:\/\/www.oliferm.com\/de\/producte\/bodeferm-weisswein-2l\/#breadcrumb","itemListElement":[{"@type":"ListItem","position":1,"name":"Inici","item":"https:\/\/www.oliferm.com\/de\/"},{"@type":"ListItem","position":2,"name":"Alle Produkte","item":"https:\/\/www.oliferm.com\/tots-els-productes\/"},{"@type":"ListItem","position":3,"name":"Vi, vermut i vinagre","item":"https:\/\/www.oliferm.com\/categoria-producte\/vi-vermut-i-vinagre\/"},{"@type":"ListItem","position":4,"name":"BOdeFERM Wei\u00dfwein 2L &#8211; AUSVERKAUFT !"}]},{"@type":"WebSite","@id":"https:\/\/www.oliferm.com\/#website","url":"https:\/\/www.oliferm.com\/","name":"OliFERM - Oli d&#039;Oliva Verge Extra","description":"Cooperativa de Castelldans","publisher":{"@id":"https:\/\/www.oliferm.com\/#organization"},"potentialAction":[{"@type":"SearchAction","target":{"@type":"EntryPoint","urlTemplate":"https:\/\/www.oliferm.com\/?s={search_term_string}"},"query-input":{"@type":"PropertyValueSpecification","valueRequired":true,"valueName":"search_term_string"}}],"inLanguage":"de"},{"@type":"Organization","@id":"https:\/\/www.oliferm.com\/#organization","name":"OliFERM - Cooperativa de Castelldans","url":"https:\/\/www.oliferm.com\/","logo":{"@type":"ImageObject","inLanguage":"de","@id":"https:\/\/www.oliferm.com\/#\/schema\/logo\/image\/","url":"https:\/\/www.oliferm.com\/wp-content\/uploads\/2022\/02\/logo-ppal.png","contentUrl":"https:\/\/www.oliferm.com\/wp-content\/uploads\/2022\/02\/logo-ppal.png","width":700,"height":542,"caption":"OliFERM - Cooperativa de Castelldans"},"image":{"@id":"https:\/\/www.oliferm.com\/#\/schema\/logo\/image\/"},"sameAs":["https:\/\/www.facebook.com\/oliferm","https:\/\/www.instagram.com\/cooperativacastelldans\/"]}]}},"_links":{"self":[{"href":"https:\/\/www.oliferm.com\/de\/wp-json\/wp\/v2\/product\/701","targetHints":{"allow":["GET"]}}],"collection":[{"href":"https:\/\/www.oliferm.com\/de\/wp-json\/wp\/v2\/product"}],"about":[{"href":"https:\/\/www.oliferm.com\/de\/wp-json\/wp\/v2\/types\/product"}],"replies":[{"embeddable":true,"href":"https:\/\/www.oliferm.com\/de\/wp-json\/wp\/v2\/comments?post=701"}],"wp:featuredmedia":[{"embeddable":true,"href":"https:\/\/www.oliferm.com\/de\/wp-json\/wp\/v2\/media\/529"}],"wp:attachment":[{"href":"https:\/\/www.oliferm.com\/de\/wp-json\/wp\/v2\/media?parent=701"}],"wp:term":[{"taxonomy":"product_brand","embeddable":true,"href":"https:\/\/www.oliferm.com\/de\/wp-json\/wp\/v2\/product_brand?post=701"},{"taxonomy":"product_cat","embeddable":true,"href":"https:\/\/www.oliferm.com\/de\/wp-json\/wp\/v2\/product_cat?post=701"},{"taxonomy":"product_tag","embeddable":true,"href":"https:\/\/www.oliferm.com\/de\/wp-json\/wp\/v2\/product_tag?post=701"}],"curies":[{"name":"wp","href":"https:\/\/api.w.org\/{rel}","templated":true}]}}