{"id":205,"date":"2022-06-13T09:24:07","date_gmt":"2022-06-13T09:24:07","guid":{"rendered":"https:\/\/www.oliferm.com\/aviso-legal\/"},"modified":"2023-10-31T16:18:58","modified_gmt":"2023-10-31T16:18:58","slug":"aviso-legal","status":"publish","type":"page","link":"https:\/\/www.oliferm.com\/es\/aviso-legal\/","title":{"rendered":"Aviso Legal"},"content":{"rendered":"<p>Bienvenido a la p\u00e1gina WEB de <strong><em>COOP. CAMP DE CASTELLDANS, SCCL<\/em><\/strong><\/p>\n<p>A continuaci\u00f3n, le exponemos las condiciones de uso de esta p\u00e1gina WEB. La navegaci\u00f3n por esta p\u00e1gina WEB le otorga el rol de usuario de la misma y por tanto, acepta las cl\u00e1usulas detalladas en este documento.<\/p>\n<ul>\n<li><strong>IDENTIFICACI\u00d3N<\/strong><\/li>\n<\/ul>\n<p>De conformidad con lo dispuesto en el art\u00edculo 10 de la Ley 34\/2002 de 11 de julio, de Servicios de la Sociedad de la Informaci\u00f3n y Comercio Electr\u00f3nico, se informa que <a href=\"http:\/\/www.santfortunat.cat\/\">http:\/\/www.santfortunat.cat<\/a> es un dominio de la empresa.  <strong><em>COOP. CAMP DE CASTELLDANS, SCCL<\/em><\/strong> con domicilio social en Cami Ermita, s\/n 25154 Castelldans y con tel\u00e9fono 973120042 y mail castelldanscoop@gmail.com.<\/p>\n<p>La sociedad es llamada <strong><em>COOP. CAMP DE CASTELLDANS, SCCL<\/em><\/strong> con CIF F25011040 que figura inscrita en el Registro del Departamento de Trabajo, Asuntos Sociales y Familia, en la hoja 670, asiento 35.<\/p>\n<p><strong>NORMAS DE UTILIZACI\u00d3N<\/strong><\/p>\n<p>El usuario se compromete a hacer un uso adecuado y l\u00edcito del sitio web as\u00ed como de los contenidos y servicios, de conformidad con la legislaci\u00f3n aplicable en cada momento, la moral y buenas costumbres generalmente aceptadas y el orden p\u00fablico.<\/p>\n<p>Queda prohibido realizar, por su parte, cualquier acci\u00f3n que pueda provocar alteraciones de los contenidos de esta WEB o un mal funcionamiento de la misma, incluyendo la introducci\u00f3n de virus o similares.<\/p>\n<ul>\n<li><strong>PROPIEDAD INTELECTUAL<\/strong><\/li>\n<\/ul>\n<p>Las p\u00e1ginas de la WEB y la informaci\u00f3n o elementos que contiene, incluyendo textos, documentos, fotograf\u00edas, dibujos, representaciones gr\u00e1ficas, base de datos, v\u00eddeos y tambi\u00e9n logotipos, marcas, nombres comerciales u otros signos distintivos, est\u00e1n protegidos por los derechos de propiedad intelectual o industrial, de los que <strong><em>COOP. CAMP DE CASTELLDANS, SCCL<\/em><\/strong> o las empresas de su grupo son titulares o con licencias leg\u00edtimas.<\/p>\n<p>Queda prohibida cualquier modalidad de explotaci\u00f3n, incluyendo cualquier tipo de reproducci\u00f3n, distribuci\u00f3n, cesi\u00f3n a terceros, comunicaci\u00f3n p\u00fablica y transformaci\u00f3n, mediante cualquier tipo de soporte o medio, sin la autorizaci\u00f3n previa y expresa.<\/p>\n<ul>\n<li><strong>RESPONSABILIDAD<\/strong><\/li>\n<\/ul>\n<p>Nuestra intenci\u00f3n es ofrecer un sitio web que ofrezca un funcionamiento continuado y con la m\u00e1xima calidad.<\/p>\n<p>De todas formas, le informen que no podemos garantizar el acceso continuado, y que las p\u00e1ginas se pueden encontrar inhabilitadas, o interrumpidas por factores o circunstancias ajenos a nuestra voluntad.<\/p>\n<p><strong><em>COOP. CAMP DE CASTELLDANS, SCCL<\/em><\/strong> no es responsable de la informaci\u00f3n y otros contenidos integrados en espacios o p\u00e1ginas WEB de terceros accesibles mediante enlaces, hiperv\u00ednculos o links.<\/p>\n<p><strong><em>COOP. CAMP DE CASTELLDANS, SCCL<\/em><\/strong> no es responsable de los perjuicios que se pueden derivar, entre otros:<\/p>\n<ul>\n<li>Interferencias, interrupciones, errores, omisiones, aver\u00edas telef\u00f3nicas, retrasos, bloqueos o desconexiones en el funcionamiento del sistema, motivadas por deficiencias, sobrecargas y errores en las l\u00edneas y redes de telecomunicaciones<\/li>\n<\/ul>\n<p>&nbsp;<\/p>\n<ul>\n<li>Intromisiones ileg\u00edtimas mediante el uso de programas malignos de cualquier tipo o mediante cualquier medio de comunicaci\u00f3n.<\/li>\n<\/ul>\n<p>&nbsp;<\/p>\n<ul>\n<li>Uso indebido o inadecuado del sitio web.<\/li>\n<\/ul>\n<p>&nbsp;<\/p>\n<ul>\n<li>Errores producidos por un mal funcionamiento de los navegadores o por el uso de versiones no actualizadas del mismo<\/li>\n<\/ul>\n<p>&nbsp;<\/p>\n<p>El usuario, en caso de causar da\u00f1os y perjuicios por un uso il\u00edcito o incorrecto del sitio WEB, podr\u00e1 ser reclamado para los da\u00f1os y perjuicios causados.<\/p>\n<p>Asimismo, el usuario responder\u00e1 ante cualquier da\u00f1o y perjuicio, que se derive del uso por parte de \u00abrobots\u00bb, \u00abspiders\u00bb, &#8230; o herramientas similares utilizadas para pedir o extraer datos o de cualquier otra actuaci\u00f3n por su parte que imponga una carga no razonable sobre el funcionamiento del sitio web.<\/p>\n<p><strong><em>5- LEGISLACI\u00d3N<\/em><\/strong><\/p>\n<p>Para la resoluci\u00f3n de cualquier conflicto que pueda surgir fruto de la visita a nuestra WEB aconsejamos que se contacte directamente con nuestra empresa a trav\u00e9s de los datos de contacto que ofrecemos, y exponga el caso, con el fin de llegar a un acuerdo amistoso para ambas partes.<\/p>\n<p>En caso contrario, la ley aplicable en caso de disputa o conflicto de interpretaci\u00f3n de los t\u00e9rminos que conformen este aviso legal, as\u00ed como cualquier cuesti\u00f3n relacionada con los servicios y productos del presente portal, ser\u00e1 la ley espa\u00f1ola.<\/p>\n<p>Nuestra empresa y el Usuario acuerdan someterse a los Jueces y Tribunales de domicilio del Usuario, siempre que el mismo est\u00e9 situado en territorio espa\u00f1ol y act\u00fae en condici\u00f3n de consumidor.<\/p>\n<p>&nbsp;<\/p>\n<h4>LEGISLACI\u00d3N Y RESOLUCI\u00d3N DE LITIGIOS<\/h4>\n<p>Para la resoluci\u00f3n de cualquier conflicto que pueda surgir fruto de la visita a nuestra WEB aconsejamos que se contacte directamente con nuestra empresa a trav\u00e9s de los datos de contacto que ofrecemos, y exponga el caso, con el fin de llegar a un acuerdo amistoso para ambas partes.<\/p>\n<p>Informamos que la Comisi\u00f3n Europea facilita una plataforma de resoluci\u00f3n de litigios online que se encuentra disponible en el siguiente enlace: <a href=\"http:\/\/ec.europa.eu\/consumers\/odr\/\">http:\/\/ec.europa.eu\/consumers\/odr\/<\/a><\/p>\n<p>En caso contrario, la ley aplicable en caso de disputa o conflicto de interpretaci\u00f3n de los t\u00e9rminos que conformen este aviso legal, as\u00ed como cualquier cuesti\u00f3n relacionada con los servicios y productos del presente portal, ser\u00e1 la ley espa\u00f1ola.<\/p>\n<p>Nuestra empresa y usuario acuerden someterse a los Jueces y Tribunales de domicilio del usuario, siempre que el mismo est\u00e9 situado en territorio espa\u00f1ol y act\u00fae en condici\u00f3n de consumidor.<\/p>\n","protected":false},"excerpt":{"rendered":"<p>Bienvenido a la p\u00e1gina WEB de COOP. CAMP DE CASTELLDANS, SCCL A continuaci\u00f3n, le exponemos las condiciones de uso de esta p\u00e1gina WEB. La navegaci\u00f3n por esta p\u00e1gina WEB le otorga el rol de usuario de la misma y por tanto, acepta las cl\u00e1usulas detalladas en este documento. IDENTIFICACI\u00d3N De conformidad con lo dispuesto en [&hellip;]<\/p>\n","protected":false},"author":1,"featured_media":0,"parent":0,"menu_order":0,"comment_status":"closed","ping_status":"closed","template":"","meta":{"_acf_changed":false,"footnotes":""},"class_list":["post-205","page","type-page","status-publish","hentry"],"acf":[],"yoast_head":"<!-- This site is optimized with the Yoast SEO plugin v27.4 - https:\/\/yoast.com\/product\/yoast-seo-wordpress\/ -->\n<title>Aviso Legal - OliFERM - Oli d&#039;Oliva Verge Extra<\/title>\n<meta name=\"robots\" content=\"index, follow, max-snippet:-1, max-image-preview:large, max-video-preview:-1\" \/>\n<link rel=\"canonical\" href=\"https:\/\/www.oliferm.com\/es\/?page_id=205\" \/>\n<meta property=\"og:locale\" content=\"es_ES\" \/>\n<meta property=\"og:type\" content=\"article\" \/>\n<meta property=\"og:title\" content=\"Aviso Legal - OliFERM - Oli d&#039;Oliva Verge Extra\" \/>\n<meta property=\"og:description\" content=\"Bienvenido a la p\u00e1gina WEB de COOP. CAMP DE CASTELLDANS, SCCL A continuaci\u00f3n, le exponemos las condiciones de uso de esta p\u00e1gina WEB. La navegaci\u00f3n por esta p\u00e1gina WEB le otorga el rol de usuario de la misma y por tanto, acepta las cl\u00e1usulas detalladas en este documento. IDENTIFICACI\u00d3N De conformidad con lo dispuesto en [&hellip;]\" \/>\n<meta property=\"og:url\" content=\"https:\/\/www.oliferm.com\/es\/?page_id=205\" \/>\n<meta property=\"og:site_name\" content=\"OliFERM - Oli d&#039;Oliva Verge Extra\" \/>\n<meta property=\"article:publisher\" content=\"https:\/\/www.facebook.com\/oliferm\" \/>\n<meta property=\"article:modified_time\" content=\"2023-10-31T16:18:58+00:00\" \/>\n<meta name=\"twitter:card\" content=\"summary_large_image\" \/>\n<meta name=\"twitter:label1\" content=\"Tiempo de lectura\" \/>\n\t<meta name=\"twitter:data1\" content=\"4 minutos\" \/>\n<!-- \/ Yoast SEO plugin. -->","yoast_head_json":{"title":"Aviso Legal - OliFERM - Oli d&#039;Oliva Verge Extra","robots":{"index":"index","follow":"follow","max-snippet":"max-snippet:-1","max-image-preview":"max-image-preview:large","max-video-preview":"max-video-preview:-1"},"canonical":"https:\/\/www.oliferm.com\/es\/?page_id=205","og_locale":"es_ES","og_type":"article","og_title":"Aviso Legal - OliFERM - Oli d&#039;Oliva Verge Extra","og_description":"Bienvenido a la p\u00e1gina WEB de COOP. CAMP DE CASTELLDANS, SCCL A continuaci\u00f3n, le exponemos las condiciones de uso de esta p\u00e1gina WEB. La navegaci\u00f3n por esta p\u00e1gina WEB le otorga el rol de usuario de la misma y por tanto, acepta las cl\u00e1usulas detalladas en este documento. IDENTIFICACI\u00d3N De conformidad con lo dispuesto en [&hellip;]","og_url":"https:\/\/www.oliferm.com\/es\/?page_id=205","og_site_name":"OliFERM - Oli d&#039;Oliva Verge Extra","article_publisher":"https:\/\/www.facebook.com\/oliferm","article_modified_time":"2023-10-31T16:18:58+00:00","twitter_card":"summary_large_image","twitter_misc":{"Tiempo de lectura":"4 minutos"},"schema":{"@context":"https:\/\/schema.org","@graph":[{"@type":"WebPage","@id":"https:\/\/www.oliferm.com\/es\/?page_id=205","url":"https:\/\/www.oliferm.com\/es\/?page_id=205","name":"Aviso Legal - OliFERM - Oli d&#039;Oliva Verge Extra","isPartOf":{"@id":"https:\/\/www.oliferm.com\/#website"},"datePublished":"2022-06-13T09:24:07+00:00","dateModified":"2023-10-31T16:18:58+00:00","breadcrumb":{"@id":"https:\/\/www.oliferm.com\/es\/?page_id=205#breadcrumb"},"inLanguage":"es","potentialAction":[{"@type":"ReadAction","target":["https:\/\/www.oliferm.com\/es\/?page_id=205"]}]},{"@type":"BreadcrumbList","@id":"https:\/\/www.oliferm.com\/es\/?page_id=205#breadcrumb","itemListElement":[{"@type":"ListItem","position":1,"name":"Inici","item":"https:\/\/www.oliferm.com\/es\/"},{"@type":"ListItem","position":2,"name":"Aviso Legal"}]},{"@type":"WebSite","@id":"https:\/\/www.oliferm.com\/#website","url":"https:\/\/www.oliferm.com\/","name":"OliFERM - Oli d&#039;Oliva Verge Extra","description":"Cooperativa de Castelldans","publisher":{"@id":"https:\/\/www.oliferm.com\/#organization"},"potentialAction":[{"@type":"SearchAction","target":{"@type":"EntryPoint","urlTemplate":"https:\/\/www.oliferm.com\/?s={search_term_string}"},"query-input":{"@type":"PropertyValueSpecification","valueRequired":true,"valueName":"search_term_string"}}],"inLanguage":"es"},{"@type":"Organization","@id":"https:\/\/www.oliferm.com\/#organization","name":"OliFERM - Cooperativa de Castelldans","url":"https:\/\/www.oliferm.com\/","logo":{"@type":"ImageObject","inLanguage":"es","@id":"https:\/\/www.oliferm.com\/#\/schema\/logo\/image\/","url":"https:\/\/www.oliferm.com\/wp-content\/uploads\/2022\/02\/logo-ppal.png","contentUrl":"https:\/\/www.oliferm.com\/wp-content\/uploads\/2022\/02\/logo-ppal.png","width":700,"height":542,"caption":"OliFERM - Cooperativa de Castelldans"},"image":{"@id":"https:\/\/www.oliferm.com\/#\/schema\/logo\/image\/"},"sameAs":["https:\/\/www.facebook.com\/oliferm","https:\/\/www.instagram.com\/cooperativacastelldans\/"]}]}},"_links":{"self":[{"href":"https:\/\/www.oliferm.com\/es\/wp-json\/wp\/v2\/pages\/205","targetHints":{"allow":["GET"]}}],"collection":[{"href":"https:\/\/www.oliferm.com\/es\/wp-json\/wp\/v2\/pages"}],"about":[{"href":"https:\/\/www.oliferm.com\/es\/wp-json\/wp\/v2\/types\/page"}],"author":[{"embeddable":true,"href":"https:\/\/www.oliferm.com\/es\/wp-json\/wp\/v2\/users\/1"}],"replies":[{"embeddable":true,"href":"https:\/\/www.oliferm.com\/es\/wp-json\/wp\/v2\/comments?post=205"}],"version-history":[{"count":0,"href":"https:\/\/www.oliferm.com\/es\/wp-json\/wp\/v2\/pages\/205\/revisions"}],"wp:attachment":[{"href":"https:\/\/www.oliferm.com\/es\/wp-json\/wp\/v2\/media?parent=205"}],"curies":[{"name":"wp","href":"https:\/\/api.w.org\/{rel}","templated":true}]}}