{"id":211,"date":"2022-06-13T09:24:12","date_gmt":"2022-06-13T09:24:12","guid":{"rendered":"https:\/\/www.oliferm.com\/la-cooperativa\/"},"modified":"2024-02-01T21:38:25","modified_gmt":"2024-02-01T21:38:25","slug":"la-cooperativa","status":"publish","type":"page","link":"https:\/\/www.oliferm.com\/es\/la-cooperativa\/","title":{"rendered":"La Cooperativa"},"content":{"rendered":"<p><img loading=\"lazy\" decoding=\"async\" class=\"alignnone size-medium wp-image-60\" src=\"https:\/\/www.oliferm.com\/wp-content\/uploads\/2022\/02\/logo-coop-1-300x204.png\" alt=\"\" width=\"300\" height=\"204\" srcset=\"https:\/\/www.oliferm.com\/wp-content\/uploads\/2022\/02\/logo-coop-1-300x204.png 300w, https:\/\/www.oliferm.com\/wp-content\/uploads\/2022\/02\/logo-coop-1-600x408.png 600w, https:\/\/www.oliferm.com\/wp-content\/uploads\/2022\/02\/logo-coop-1-1024x696.png 1024w, https:\/\/www.oliferm.com\/wp-content\/uploads\/2022\/02\/logo-coop-1-768x522.png 768w, https:\/\/www.oliferm.com\/wp-content\/uploads\/2022\/02\/logo-coop-1-1536x1044.png 1536w, https:\/\/www.oliferm.com\/wp-content\/uploads\/2022\/02\/logo-coop-1-2048x1392.png 2048w\" sizes=\"auto, (max-width: 300px) 100vw, 300px\" \/><\/p>\n<p>&nbsp;<\/p>\n<p>Situada en el coraz\u00f3n de una regi\u00f3n c\u00e9lebre por su oleoturismo, la Cooperativa Camp de <a href=\"https:\/\/www.femturisme.cat\/es\/contacto?ref=\/es\/pueblos\/castelldans\">Castelldans<\/a> se enorgullece de ser el alma detr\u00e1s de <span class=\"hiddenGrammarError\"><strong>OliFERM<\/strong><\/span>, un tesoro l\u00edquido que captura la esencia de nuestro producto m\u00e1s emblem\u00e1tico: el aceite de oliva.<\/p>\n<p>Con muchas d\u00e9cadas de pasi\u00f3n y pericia en la creaci\u00f3n de productos de nuestra tierra, te presentamos un relato que trasciende lo ordinario. En <span class=\"hiddenGrammarError\"><strong>OliFERM<\/strong><\/span>, cada gota de nuestro aceite de oliva virgen extra es una sinfon\u00eda de sabor y tradici\u00f3n. Adem\u00e1s, nuestro secreto reside en la selecta aceituna arbequina, 100% aut\u00f3ctona, cuyas caracter\u00edsticas organol\u00e9pticas \u00fanicas se convierten en el alma de nuestros campos.<\/p>\n<p>Por otro lado, a trav\u00e9s de los a\u00f1os, hemos perfeccionado el arte de la elaboraci\u00f3n de aceite en la cooperativa. <span class=\"hiddenGrammarError\"><strong>OliFERM <\/strong><\/span>no es solo un producto; es el legado de generaciones, una celebraci\u00f3n de la excelencia. Con m\u00e9todos de extracci\u00f3n meticulosamente mec\u00e1nicos, garantizamos que cada botella de <span class=\"hiddenGrammarError\"><strong>OliFERM<\/strong><\/span> conserva la pureza y las virtudes intr\u00ednsecas de nuestras aceitunas.<\/p>\n<p>Por lo tanto, cuando eliges OliFERM, no solo eliges un aceite de oliva; eliges una historia de calidad, dedicaci\u00f3n y respeto por la naturaleza. Cada uso es un viaje sensorial, una oportunidad para conectar con la tierra y sus regalos. Finalmente, d\u00e9jate seducir por la magia de <span class=\"hiddenGrammarError\"><strong>OliFERM<\/strong><\/span> y transforma cada plato en una obra maestra culinaria.<\/p>\n<p>&nbsp;<\/p>\n<p>&nbsp;<\/p>\n","protected":false},"excerpt":{"rendered":"<p>&nbsp; Situada en el coraz\u00f3n de una regi\u00f3n c\u00e9lebre por su oleoturismo, la Cooperativa Camp de Castelldans se enorgullece de ser el alma detr\u00e1s de OliFERM, un tesoro l\u00edquido que captura la esencia de nuestro producto m\u00e1s emblem\u00e1tico: el aceite de oliva. Con muchas d\u00e9cadas de pasi\u00f3n y pericia en la creaci\u00f3n de productos de [&hellip;]<\/p>\n","protected":false},"author":1,"featured_media":15,"parent":0,"menu_order":0,"comment_status":"closed","ping_status":"closed","template":"page-custom2.php","meta":{"_acf_changed":false,"footnotes":""},"class_list":["post-211","page","type-page","status-publish","has-post-thumbnail","hentry"],"acf":[],"yoast_head":"<!-- This site is optimized with the Yoast SEO plugin v27.3 - https:\/\/yoast.com\/product\/yoast-seo-wordpress\/ -->\n<title>La Cooperativa - OliFERM - Oli d&#039;Oliva Verge Extra<\/title>\n<meta name=\"description\" content=\"La Cooperativa Camp de Castelldans es el alma detr\u00e1s de OliFERM, que captura la esencia de nuestro producto m\u00e1s top: el aceite de oliva.\" \/>\n<meta name=\"robots\" content=\"index, follow, max-snippet:-1, max-image-preview:large, max-video-preview:-1\" \/>\n<link rel=\"canonical\" href=\"https:\/\/www.oliferm.com\/es\/la-cooperativa\/\" \/>\n<meta property=\"og:locale\" content=\"es_ES\" \/>\n<meta property=\"og:type\" content=\"article\" \/>\n<meta property=\"og:title\" content=\"La Cooperativa - OliFERM - Oli d&#039;Oliva Verge Extra\" \/>\n<meta property=\"og:description\" content=\"La Cooperativa Camp de Castelldans es el alma detr\u00e1s de OliFERM, que captura la esencia de nuestro producto m\u00e1s top: el aceite de oliva.\" \/>\n<meta property=\"og:url\" content=\"https:\/\/www.oliferm.com\/es\/la-cooperativa\/\" \/>\n<meta property=\"og:site_name\" content=\"OliFERM - Oli d&#039;Oliva Verge Extra\" \/>\n<meta property=\"article:publisher\" content=\"https:\/\/www.facebook.com\/oliferm\" \/>\n<meta property=\"article:modified_time\" content=\"2024-02-01T21:38:25+00:00\" \/>\n<meta property=\"og:image\" content=\"https:\/\/www.oliferm.com\/wp-content\/uploads\/2022\/02\/JVE_9344_7e729287-21c5-4379-a5c2-173c540545e1-scaled.jpeg\" \/>\n\t<meta property=\"og:image:width\" content=\"2560\" \/>\n\t<meta property=\"og:image:height\" content=\"1706\" \/>\n\t<meta property=\"og:image:type\" content=\"image\/jpeg\" \/>\n<meta name=\"twitter:card\" content=\"summary_large_image\" \/>\n<meta name=\"twitter:label1\" content=\"Tiempo de lectura\" \/>\n\t<meta name=\"twitter:data1\" content=\"2 minutos\" \/>\n<!-- \/ Yoast SEO plugin. -->","yoast_head_json":{"title":"La Cooperativa - OliFERM - Oli d&#039;Oliva Verge Extra","description":"La Cooperativa Camp de Castelldans es el alma detr\u00e1s de OliFERM, que captura la esencia de nuestro producto m\u00e1s top: el aceite de oliva.","robots":{"index":"index","follow":"follow","max-snippet":"max-snippet:-1","max-image-preview":"max-image-preview:large","max-video-preview":"max-video-preview:-1"},"canonical":"https:\/\/www.oliferm.com\/es\/la-cooperativa\/","og_locale":"es_ES","og_type":"article","og_title":"La Cooperativa - OliFERM - Oli d&#039;Oliva Verge Extra","og_description":"La Cooperativa Camp de Castelldans es el alma detr\u00e1s de OliFERM, que captura la esencia de nuestro producto m\u00e1s top: el aceite de oliva.","og_url":"https:\/\/www.oliferm.com\/es\/la-cooperativa\/","og_site_name":"OliFERM - Oli d&#039;Oliva Verge Extra","article_publisher":"https:\/\/www.facebook.com\/oliferm","article_modified_time":"2024-02-01T21:38:25+00:00","og_image":[{"width":2560,"height":1706,"url":"https:\/\/www.oliferm.com\/wp-content\/uploads\/2022\/02\/JVE_9344_7e729287-21c5-4379-a5c2-173c540545e1-scaled.jpeg","type":"image\/jpeg"}],"twitter_card":"summary_large_image","twitter_misc":{"Tiempo de lectura":"2 minutos"},"schema":{"@context":"https:\/\/schema.org","@graph":[{"@type":"WebPage","@id":"https:\/\/www.oliferm.com\/es\/la-cooperativa\/","url":"https:\/\/www.oliferm.com\/es\/la-cooperativa\/","name":"La Cooperativa - OliFERM - Oli d&#039;Oliva Verge Extra","isPartOf":{"@id":"https:\/\/www.oliferm.com\/#website"},"primaryImageOfPage":{"@id":"https:\/\/www.oliferm.com\/es\/la-cooperativa\/#primaryimage"},"image":{"@id":"https:\/\/www.oliferm.com\/es\/la-cooperativa\/#primaryimage"},"thumbnailUrl":"https:\/\/www.oliferm.com\/wp-content\/uploads\/2022\/02\/JVE_9344_7e729287-21c5-4379-a5c2-173c540545e1-scaled.jpeg","datePublished":"2022-06-13T09:24:12+00:00","dateModified":"2024-02-01T21:38:25+00:00","description":"La Cooperativa Camp de Castelldans es el alma detr\u00e1s de OliFERM, que captura la esencia de nuestro producto m\u00e1s top: el aceite de oliva.","breadcrumb":{"@id":"https:\/\/www.oliferm.com\/es\/la-cooperativa\/#breadcrumb"},"inLanguage":"es","potentialAction":[{"@type":"ReadAction","target":["https:\/\/www.oliferm.com\/es\/la-cooperativa\/"]}]},{"@type":"ImageObject","inLanguage":"es","@id":"https:\/\/www.oliferm.com\/es\/la-cooperativa\/#primaryimage","url":"https:\/\/www.oliferm.com\/wp-content\/uploads\/2022\/02\/JVE_9344_7e729287-21c5-4379-a5c2-173c540545e1-scaled.jpeg","contentUrl":"https:\/\/www.oliferm.com\/wp-content\/uploads\/2022\/02\/JVE_9344_7e729287-21c5-4379-a5c2-173c540545e1-scaled.jpeg","width":2560,"height":1706,"caption":"diferentes botellas de oliferm en un campo de olivos en castelldans"},{"@type":"BreadcrumbList","@id":"https:\/\/www.oliferm.com\/es\/la-cooperativa\/#breadcrumb","itemListElement":[{"@type":"ListItem","position":1,"name":"Inici","item":"https:\/\/www.oliferm.com\/es\/"},{"@type":"ListItem","position":2,"name":"La Cooperativa"}]},{"@type":"WebSite","@id":"https:\/\/www.oliferm.com\/#website","url":"https:\/\/www.oliferm.com\/","name":"OliFERM - Oli d&#039;Oliva Verge Extra","description":"Cooperativa de Castelldans","publisher":{"@id":"https:\/\/www.oliferm.com\/#organization"},"potentialAction":[{"@type":"SearchAction","target":{"@type":"EntryPoint","urlTemplate":"https:\/\/www.oliferm.com\/?s={search_term_string}"},"query-input":{"@type":"PropertyValueSpecification","valueRequired":true,"valueName":"search_term_string"}}],"inLanguage":"es"},{"@type":"Organization","@id":"https:\/\/www.oliferm.com\/#organization","name":"OliFERM - Cooperativa de Castelldans","url":"https:\/\/www.oliferm.com\/","logo":{"@type":"ImageObject","inLanguage":"es","@id":"https:\/\/www.oliferm.com\/#\/schema\/logo\/image\/","url":"https:\/\/www.oliferm.com\/wp-content\/uploads\/2022\/02\/logo-ppal.png","contentUrl":"https:\/\/www.oliferm.com\/wp-content\/uploads\/2022\/02\/logo-ppal.png","width":700,"height":542,"caption":"OliFERM - Cooperativa de Castelldans"},"image":{"@id":"https:\/\/www.oliferm.com\/#\/schema\/logo\/image\/"},"sameAs":["https:\/\/www.facebook.com\/oliferm","https:\/\/www.instagram.com\/cooperativacastelldans\/"]}]}},"_links":{"self":[{"href":"https:\/\/www.oliferm.com\/es\/wp-json\/wp\/v2\/pages\/211","targetHints":{"allow":["GET"]}}],"collection":[{"href":"https:\/\/www.oliferm.com\/es\/wp-json\/wp\/v2\/pages"}],"about":[{"href":"https:\/\/www.oliferm.com\/es\/wp-json\/wp\/v2\/types\/page"}],"author":[{"embeddable":true,"href":"https:\/\/www.oliferm.com\/es\/wp-json\/wp\/v2\/users\/1"}],"replies":[{"embeddable":true,"href":"https:\/\/www.oliferm.com\/es\/wp-json\/wp\/v2\/comments?post=211"}],"version-history":[{"count":0,"href":"https:\/\/www.oliferm.com\/es\/wp-json\/wp\/v2\/pages\/211\/revisions"}],"wp:featuredmedia":[{"embeddable":true,"href":"https:\/\/www.oliferm.com\/es\/wp-json\/wp\/v2\/media\/15"}],"wp:attachment":[{"href":"https:\/\/www.oliferm.com\/es\/wp-json\/wp\/v2\/media?parent=211"}],"curies":[{"name":"wp","href":"https:\/\/api.w.org\/{rel}","templated":true}]}}