{"id":218,"date":"2022-02-24T12:03:39","date_gmt":"2022-06-13T09:24:33","guid":{"rendered":"https:\/\/www.oliferm.com\/producte\/vino-blanco-bodeferm-5l\/"},"modified":"2025-04-16T17:36:34","modified_gmt":"2025-04-16T17:36:34","slug":"vino-blanco-bodeferm-5l","status":"publish","type":"product","link":"https:\/\/www.oliferm.com\/es\/producte\/vino-blanco-bodeferm-5l\/","title":{"rendered":"Vino Blanco BOdeFERM 5L"},"content":{"rendered":"<p class=\"\" data-start=\"915\" data-end=\"1162\">Vino blanco BOdeFERM en garrafa de 5 litros, elaborado artesanalmente con uvas seleccionadas de nuestra peque\u00f1a producci\u00f3n en Castelldans<\/p>\n<p class=\"\" data-start=\"915\" data-end=\"1162\">Este vino blanco, fresco y equilibrado, nace como una expresi\u00f3n sincera del entorno rural que nos rodea. Su producci\u00f3n limitada y su car\u00e1cter casero lo convierten en una opci\u00f3n ideal para quienes buscan sabores aut\u00e9nticos y productos con historia.<\/p>\n<p class=\"\" data-start=\"1164\" data-end=\"1373\">\u2714 Vino blanco artesanal de edici\u00f3n limitada<br data-start=\"1211\" data-end=\"1214\" \/>\u2714 Uvas seleccionadas de nuestra cosecha propia en Castelldans<br data-start=\"1279\" data-end=\"1282\" \/>\u2714 Formato de 5L pr\u00e1ctico y econ\u00f3mico<br data-start=\"1322\" data-end=\"1325\" \/>\u2714 Fresco, suave y perfecto para el d\u00eda a d\u00eda<\/p>\n<p class=\"\" data-start=\"1375\" data-end=\"1461\">\u26a0 Producto alcoh\u00f3lico. Venta prohibida a menores de 18 a\u00f1os. Beber con moderaci\u00f3n.<\/p>\n","protected":false},"excerpt":{"rendered":"<p>Vino blanco BOdeFERM en garrafa de 5 litros, elaborado artesanalmente con uvas seleccionadas de nuestra peque\u00f1a producci\u00f3n en Castelldans Este vino blanco, fresco y equilibrado, nace como una expresi\u00f3n sincera del entorno rural que nos rodea. Su producci\u00f3n limitada y su car\u00e1cter casero lo convierten en una opci\u00f3n ideal para quienes buscan sabores aut\u00e9nticos y [&hellip;]<\/p>\n","protected":false},"featured_media":132,"comment_status":"open","ping_status":"closed","template":"","meta":{"_acf_changed":false},"product_brand":[],"product_cat":[34],"product_tag":[],"class_list":{"0":"post-218","1":"product","2":"type-product","3":"status-publish","4":"has-post-thumbnail","6":"product_cat-vino-vermu-y-vinagre","7":"product_shipping_class-0kg","9":"first","10":"instock","11":"taxable","12":"shipping-taxable","13":"purchasable","14":"product-type-simple"},"acf":[],"yoast_head":"<!-- This site is optimized with the Yoast SEO plugin v27.5 - https:\/\/yoast.com\/product\/yoast-seo-wordpress\/ -->\n<title>Vino Blanco BOdeFERM 5L - OliFERM - Oli d&#039;Oliva Verge Extra<\/title>\n<meta name=\"description\" content=\"Vino blanco BOdeFERM en garrafa de 5 litros, elaborado artesanalmente con uvas seleccionadas de nuestra peque\u00f1a producci\u00f3n en Castelldans\" \/>\n<meta name=\"robots\" content=\"index, follow, max-snippet:-1, max-image-preview:large, max-video-preview:-1\" \/>\n<link rel=\"canonical\" href=\"https:\/\/www.oliferm.com\/es\/producte\/vino-blanco-bodeferm-5l\/\" \/>\n<meta property=\"og:locale\" content=\"es_ES\" \/>\n<meta property=\"og:type\" content=\"article\" \/>\n<meta property=\"og:title\" content=\"Vino Blanco BOdeFERM 5L - OliFERM - Oli d&#039;Oliva Verge Extra\" \/>\n<meta property=\"og:description\" content=\"Vino blanco BOdeFERM en garrafa de 5 litros, elaborado artesanalmente con uvas seleccionadas de nuestra peque\u00f1a producci\u00f3n en Castelldans\" \/>\n<meta property=\"og:url\" content=\"https:\/\/www.oliferm.com\/es\/producte\/vino-blanco-bodeferm-5l\/\" \/>\n<meta property=\"og:site_name\" content=\"OliFERM - Oli d&#039;Oliva Verge Extra\" \/>\n<meta property=\"article:publisher\" content=\"https:\/\/www.facebook.com\/oliferm\" \/>\n<meta property=\"article:modified_time\" content=\"2025-04-16T17:36:34+00:00\" \/>\n<meta property=\"og:image\" content=\"https:\/\/www.oliferm.com\/wp-content\/uploads\/2022\/02\/7.jpg\" \/>\n\t<meta property=\"og:image:width\" content=\"1080\" \/>\n\t<meta property=\"og:image:height\" content=\"1300\" \/>\n\t<meta property=\"og:image:type\" content=\"image\/jpeg\" \/>\n<meta name=\"twitter:card\" content=\"summary_large_image\" \/>\n<meta name=\"twitter:label1\" content=\"Tiempo de lectura\" \/>\n\t<meta name=\"twitter:data1\" content=\"1 minuto\" \/>\n<!-- \/ Yoast SEO plugin. -->","yoast_head_json":{"title":"Vino Blanco BOdeFERM 5L - OliFERM - Oli d&#039;Oliva Verge Extra","description":"Vino blanco BOdeFERM en garrafa de 5 litros, elaborado artesanalmente con uvas seleccionadas de nuestra peque\u00f1a producci\u00f3n en Castelldans","robots":{"index":"index","follow":"follow","max-snippet":"max-snippet:-1","max-image-preview":"max-image-preview:large","max-video-preview":"max-video-preview:-1"},"canonical":"https:\/\/www.oliferm.com\/es\/producte\/vino-blanco-bodeferm-5l\/","og_locale":"es_ES","og_type":"article","og_title":"Vino Blanco BOdeFERM 5L - OliFERM - Oli d&#039;Oliva Verge Extra","og_description":"Vino blanco BOdeFERM en garrafa de 5 litros, elaborado artesanalmente con uvas seleccionadas de nuestra peque\u00f1a producci\u00f3n en Castelldans","og_url":"https:\/\/www.oliferm.com\/es\/producte\/vino-blanco-bodeferm-5l\/","og_site_name":"OliFERM - Oli d&#039;Oliva Verge Extra","article_publisher":"https:\/\/www.facebook.com\/oliferm","article_modified_time":"2025-04-16T17:36:34+00:00","og_image":[{"width":1080,"height":1300,"url":"https:\/\/www.oliferm.com\/wp-content\/uploads\/2022\/02\/7.jpg","type":"image\/jpeg"}],"twitter_card":"summary_large_image","twitter_misc":{"Tiempo de lectura":"1 minuto"},"schema":{"@context":"https:\/\/schema.org","@graph":[{"@type":"WebPage","@id":"https:\/\/www.oliferm.com\/es\/producte\/vino-blanco-bodeferm-5l\/","url":"https:\/\/www.oliferm.com\/es\/producte\/vino-blanco-bodeferm-5l\/","name":"Vino Blanco BOdeFERM 5L - OliFERM - Oli d&#039;Oliva Verge Extra","isPartOf":{"@id":"https:\/\/www.oliferm.com\/#website"},"primaryImageOfPage":{"@id":"https:\/\/www.oliferm.com\/es\/producte\/vino-blanco-bodeferm-5l\/#primaryimage"},"image":{"@id":"https:\/\/www.oliferm.com\/es\/producte\/vino-blanco-bodeferm-5l\/#primaryimage"},"thumbnailUrl":"https:\/\/www.oliferm.com\/wp-content\/uploads\/2022\/02\/7.jpg","datePublished":"2022-06-13T09:24:33+00:00","dateModified":"2025-04-16T17:36:34+00:00","description":"Vino blanco BOdeFERM en garrafa de 5 litros, elaborado artesanalmente con uvas seleccionadas de nuestra peque\u00f1a producci\u00f3n en Castelldans","breadcrumb":{"@id":"https:\/\/www.oliferm.com\/es\/producte\/vino-blanco-bodeferm-5l\/#breadcrumb"},"inLanguage":"es","potentialAction":[{"@type":"ReadAction","target":["https:\/\/www.oliferm.com\/es\/producte\/vino-blanco-bodeferm-5l\/"]}]},{"@type":"ImageObject","inLanguage":"es","@id":"https:\/\/www.oliferm.com\/es\/producte\/vino-blanco-bodeferm-5l\/#primaryimage","url":"https:\/\/www.oliferm.com\/wp-content\/uploads\/2022\/02\/7.jpg","contentUrl":"https:\/\/www.oliferm.com\/wp-content\/uploads\/2022\/02\/7.jpg","width":1080,"height":1300,"caption":"vermut blanco 5l"},{"@type":"BreadcrumbList","@id":"https:\/\/www.oliferm.com\/es\/producte\/vino-blanco-bodeferm-5l\/#breadcrumb","itemListElement":[{"@type":"ListItem","position":1,"name":"Inici","item":"https:\/\/www.oliferm.com\/es\/"},{"@type":"ListItem","position":2,"name":"Todos los productos","item":"https:\/\/www.oliferm.com\/es\/?page_id=245"},{"@type":"ListItem","position":3,"name":"Vino, verm\u00fa y vinagre","item":"https:\/\/www.oliferm.com\/es\/categoria-producte\/vino-vermu-y-vinagre\/"},{"@type":"ListItem","position":4,"name":"Vino Blanco BOdeFERM 5L"}]},{"@type":"WebSite","@id":"https:\/\/www.oliferm.com\/#website","url":"https:\/\/www.oliferm.com\/","name":"OliFERM - Oli d&#039;Oliva Verge Extra","description":"Cooperativa de Castelldans","publisher":{"@id":"https:\/\/www.oliferm.com\/#organization"},"potentialAction":[{"@type":"SearchAction","target":{"@type":"EntryPoint","urlTemplate":"https:\/\/www.oliferm.com\/?s={search_term_string}"},"query-input":{"@type":"PropertyValueSpecification","valueRequired":true,"valueName":"search_term_string"}}],"inLanguage":"es"},{"@type":"Organization","@id":"https:\/\/www.oliferm.com\/#organization","name":"OliFERM - Cooperativa de Castelldans","url":"https:\/\/www.oliferm.com\/","logo":{"@type":"ImageObject","inLanguage":"es","@id":"https:\/\/www.oliferm.com\/#\/schema\/logo\/image\/","url":"https:\/\/www.oliferm.com\/wp-content\/uploads\/2022\/02\/logo-ppal.png","contentUrl":"https:\/\/www.oliferm.com\/wp-content\/uploads\/2022\/02\/logo-ppal.png","width":700,"height":542,"caption":"OliFERM - Cooperativa de Castelldans"},"image":{"@id":"https:\/\/www.oliferm.com\/#\/schema\/logo\/image\/"},"sameAs":["https:\/\/www.facebook.com\/oliferm","https:\/\/www.instagram.com\/cooperativacastelldans\/"]}]}},"_links":{"self":[{"href":"https:\/\/www.oliferm.com\/es\/wp-json\/wp\/v2\/product\/218","targetHints":{"allow":["GET"]}}],"collection":[{"href":"https:\/\/www.oliferm.com\/es\/wp-json\/wp\/v2\/product"}],"about":[{"href":"https:\/\/www.oliferm.com\/es\/wp-json\/wp\/v2\/types\/product"}],"replies":[{"embeddable":true,"href":"https:\/\/www.oliferm.com\/es\/wp-json\/wp\/v2\/comments?post=218"}],"wp:featuredmedia":[{"embeddable":true,"href":"https:\/\/www.oliferm.com\/es\/wp-json\/wp\/v2\/media\/132"}],"wp:attachment":[{"href":"https:\/\/www.oliferm.com\/es\/wp-json\/wp\/v2\/media?parent=218"}],"wp:term":[{"taxonomy":"product_brand","embeddable":true,"href":"https:\/\/www.oliferm.com\/es\/wp-json\/wp\/v2\/product_brand?post=218"},{"taxonomy":"product_cat","embeddable":true,"href":"https:\/\/www.oliferm.com\/es\/wp-json\/wp\/v2\/product_cat?post=218"},{"taxonomy":"product_tag","embeddable":true,"href":"https:\/\/www.oliferm.com\/es\/wp-json\/wp\/v2\/product_tag?post=218"}],"curies":[{"name":"wp","href":"https:\/\/api.w.org\/{rel}","templated":true}]}}