{"id":220,"date":"2022-02-24T11:57:40","date_gmt":"2022-06-13T09:24:35","guid":{"rendered":"https:\/\/www.oliferm.com\/producte\/vermu-negro-bodeferm-2l\/"},"modified":"2025-04-16T17:45:32","modified_gmt":"2025-04-16T17:45:32","slug":"vermut-negro-bodeferm-garrafa-2l","status":"publish","type":"product","link":"https:\/\/www.oliferm.com\/es\/producte\/vermut-negro-bodeferm-garrafa-2l\/","title":{"rendered":"Verm\u00fa Negro BOdeFERM 2L"},"content":{"rendered":"<p class=\"\" data-start=\"416\" data-end=\"716\">Vermut negro BOdeFERM en garrafa de 2 litros, elaborado de forma artesanal con una cuidada mezcla de vino, hierbas arom\u00e1ticas y especias tradicionales. Nacido en Castelldans, en plena tierra de olivos, este vermut representa la esencia de nuestras reuniones familiares y del buen hacer de pueblo.<\/p>\n<p class=\"\" data-start=\"718\" data-end=\"904\">Con su sabor equilibrado, ligeramente amargo y dulce a la vez, es ideal para el aperitivo, acompa\u00f1ado de aceitunas, patatas o frutos secos. Un vermut hecho con cari\u00f1o, como los de antes.<\/p>\n<p class=\"\" data-start=\"906\" data-end=\"1101\">\u2714 Vermut negro artesanal y de proximidad<br data-start=\"950\" data-end=\"953\" \/>\u2714 Elaborado en Castelldans, Lleida<br data-start=\"991\" data-end=\"994\" \/>\u2714 Garrafa de 2L \u2013 ideal para reuniones y celebraciones<br data-start=\"1052\" data-end=\"1055\" \/>\u2714 Sabor tradicional, con hierbas naturales<\/p>\n<p class=\"\" data-start=\"1103\" data-end=\"1189\">\u26a0 Producto alcoh\u00f3lico. Venta prohibida a menores de 18 a\u00f1os. Beber con moderaci\u00f3n.<\/p>\n","protected":false},"excerpt":{"rendered":"<p>Vermut negro BOdeFERM en garrafa de 2 litros, elaborado de forma artesanal con una cuidada mezcla de vino, hierbas arom\u00e1ticas y especias tradicionales. Nacido en Castelldans, en plena tierra de olivos, este vermut representa la esencia de nuestras reuniones familiares y del buen hacer de pueblo. Con su sabor equilibrado, ligeramente amargo y dulce a [&hellip;]<\/p>\n","protected":false},"featured_media":126,"comment_status":"open","ping_status":"closed","template":"","meta":{"_acf_changed":false},"product_brand":[],"product_cat":[34],"product_tag":[],"class_list":{"0":"post-220","1":"product","2":"type-product","3":"status-publish","4":"has-post-thumbnail","6":"product_cat-vino-vermu-y-vinagre","7":"product_shipping_class-0kg","9":"first","10":"instock","11":"taxable","12":"shipping-taxable","13":"purchasable","14":"product-type-simple"},"acf":[],"yoast_head":"<!-- This site is optimized with the Yoast SEO plugin v27.5 - https:\/\/yoast.com\/product\/yoast-seo-wordpress\/ -->\n<title>Verm\u00fa Negro BOdeFERM 2L - OliFERM - Oli d&#039;Oliva Verge Extra<\/title>\n<meta name=\"description\" content=\"Vermut negro BOdeFERM en garrafa de 2 litros, elaborado de forma artesanal con una cuidada mezcla de vino, hierbas arom\u00e1ticas y especias tradicionales.\" \/>\n<meta name=\"robots\" content=\"index, follow, max-snippet:-1, max-image-preview:large, max-video-preview:-1\" \/>\n<link rel=\"canonical\" href=\"https:\/\/www.oliferm.com\/es\/producte\/vermut-negro-bodeferm-garrafa-2l\/\" \/>\n<meta property=\"og:locale\" content=\"es_ES\" \/>\n<meta property=\"og:type\" content=\"article\" \/>\n<meta property=\"og:title\" content=\"Verm\u00fa Negro BOdeFERM 2L - OliFERM - Oli d&#039;Oliva Verge Extra\" \/>\n<meta property=\"og:description\" content=\"Vermut negro BOdeFERM en garrafa de 2 litros, elaborado de forma artesanal con una cuidada mezcla de vino, hierbas arom\u00e1ticas y especias tradicionales.\" \/>\n<meta property=\"og:url\" content=\"https:\/\/www.oliferm.com\/es\/producte\/vermut-negro-bodeferm-garrafa-2l\/\" \/>\n<meta property=\"og:site_name\" content=\"OliFERM - Oli d&#039;Oliva Verge Extra\" \/>\n<meta property=\"article:publisher\" content=\"https:\/\/www.facebook.com\/oliferm\" \/>\n<meta property=\"article:modified_time\" content=\"2025-04-16T17:45:32+00:00\" \/>\n<meta property=\"og:image\" content=\"https:\/\/www.oliferm.com\/wp-content\/uploads\/2022\/02\/5.png\" \/>\n\t<meta property=\"og:image:width\" content=\"1296\" \/>\n\t<meta property=\"og:image:height\" content=\"1296\" \/>\n\t<meta property=\"og:image:type\" content=\"image\/png\" \/>\n<meta name=\"twitter:card\" content=\"summary_large_image\" \/>\n<meta name=\"twitter:label1\" content=\"Tiempo de lectura\" \/>\n\t<meta name=\"twitter:data1\" content=\"1 minuto\" \/>\n<!-- \/ Yoast SEO plugin. -->","yoast_head_json":{"title":"Verm\u00fa Negro BOdeFERM 2L - OliFERM - Oli d&#039;Oliva Verge Extra","description":"Vermut negro BOdeFERM en garrafa de 2 litros, elaborado de forma artesanal con una cuidada mezcla de vino, hierbas arom\u00e1ticas y especias tradicionales.","robots":{"index":"index","follow":"follow","max-snippet":"max-snippet:-1","max-image-preview":"max-image-preview:large","max-video-preview":"max-video-preview:-1"},"canonical":"https:\/\/www.oliferm.com\/es\/producte\/vermut-negro-bodeferm-garrafa-2l\/","og_locale":"es_ES","og_type":"article","og_title":"Verm\u00fa Negro BOdeFERM 2L - OliFERM - Oli d&#039;Oliva Verge Extra","og_description":"Vermut negro BOdeFERM en garrafa de 2 litros, elaborado de forma artesanal con una cuidada mezcla de vino, hierbas arom\u00e1ticas y especias tradicionales.","og_url":"https:\/\/www.oliferm.com\/es\/producte\/vermut-negro-bodeferm-garrafa-2l\/","og_site_name":"OliFERM - Oli d&#039;Oliva Verge Extra","article_publisher":"https:\/\/www.facebook.com\/oliferm","article_modified_time":"2025-04-16T17:45:32+00:00","og_image":[{"width":1296,"height":1296,"url":"https:\/\/www.oliferm.com\/wp-content\/uploads\/2022\/02\/5.png","type":"image\/png"}],"twitter_card":"summary_large_image","twitter_misc":{"Tiempo de lectura":"1 minuto"},"schema":{"@context":"https:\/\/schema.org","@graph":[{"@type":"WebPage","@id":"https:\/\/www.oliferm.com\/es\/producte\/vermut-negro-bodeferm-garrafa-2l\/","url":"https:\/\/www.oliferm.com\/es\/producte\/vermut-negro-bodeferm-garrafa-2l\/","name":"Verm\u00fa Negro BOdeFERM 2L - OliFERM - Oli d&#039;Oliva Verge Extra","isPartOf":{"@id":"https:\/\/www.oliferm.com\/#website"},"primaryImageOfPage":{"@id":"https:\/\/www.oliferm.com\/es\/producte\/vermut-negro-bodeferm-garrafa-2l\/#primaryimage"},"image":{"@id":"https:\/\/www.oliferm.com\/es\/producte\/vermut-negro-bodeferm-garrafa-2l\/#primaryimage"},"thumbnailUrl":"https:\/\/www.oliferm.com\/wp-content\/uploads\/2022\/02\/5.png","datePublished":"2022-06-13T09:24:35+00:00","dateModified":"2025-04-16T17:45:32+00:00","description":"Vermut negro BOdeFERM en garrafa de 2 litros, elaborado de forma artesanal con una cuidada mezcla de vino, hierbas arom\u00e1ticas y especias tradicionales.","breadcrumb":{"@id":"https:\/\/www.oliferm.com\/es\/producte\/vermut-negro-bodeferm-garrafa-2l\/#breadcrumb"},"inLanguage":"es","potentialAction":[{"@type":"ReadAction","target":["https:\/\/www.oliferm.com\/es\/producte\/vermut-negro-bodeferm-garrafa-2l\/"]}]},{"@type":"ImageObject","inLanguage":"es","@id":"https:\/\/www.oliferm.com\/es\/producte\/vermut-negro-bodeferm-garrafa-2l\/#primaryimage","url":"https:\/\/www.oliferm.com\/wp-content\/uploads\/2022\/02\/5.png","contentUrl":"https:\/\/www.oliferm.com\/wp-content\/uploads\/2022\/02\/5.png","width":1296,"height":1296,"caption":"garrafa vermut negro 2l"},{"@type":"BreadcrumbList","@id":"https:\/\/www.oliferm.com\/es\/producte\/vermut-negro-bodeferm-garrafa-2l\/#breadcrumb","itemListElement":[{"@type":"ListItem","position":1,"name":"Inici","item":"https:\/\/www.oliferm.com\/es\/"},{"@type":"ListItem","position":2,"name":"Todos los productos","item":"https:\/\/www.oliferm.com\/es\/?page_id=245"},{"@type":"ListItem","position":3,"name":"Vino, verm\u00fa y vinagre","item":"https:\/\/www.oliferm.com\/es\/categoria-producte\/vino-vermu-y-vinagre\/"},{"@type":"ListItem","position":4,"name":"Verm\u00fa Negro BOdeFERM 2L"}]},{"@type":"WebSite","@id":"https:\/\/www.oliferm.com\/#website","url":"https:\/\/www.oliferm.com\/","name":"OliFERM - Oli d&#039;Oliva Verge Extra","description":"Cooperativa de Castelldans","publisher":{"@id":"https:\/\/www.oliferm.com\/#organization"},"potentialAction":[{"@type":"SearchAction","target":{"@type":"EntryPoint","urlTemplate":"https:\/\/www.oliferm.com\/?s={search_term_string}"},"query-input":{"@type":"PropertyValueSpecification","valueRequired":true,"valueName":"search_term_string"}}],"inLanguage":"es"},{"@type":"Organization","@id":"https:\/\/www.oliferm.com\/#organization","name":"OliFERM - Cooperativa de Castelldans","url":"https:\/\/www.oliferm.com\/","logo":{"@type":"ImageObject","inLanguage":"es","@id":"https:\/\/www.oliferm.com\/#\/schema\/logo\/image\/","url":"https:\/\/www.oliferm.com\/wp-content\/uploads\/2022\/02\/logo-ppal.png","contentUrl":"https:\/\/www.oliferm.com\/wp-content\/uploads\/2022\/02\/logo-ppal.png","width":700,"height":542,"caption":"OliFERM - Cooperativa de Castelldans"},"image":{"@id":"https:\/\/www.oliferm.com\/#\/schema\/logo\/image\/"},"sameAs":["https:\/\/www.facebook.com\/oliferm","https:\/\/www.instagram.com\/cooperativacastelldans\/"]}]}},"_links":{"self":[{"href":"https:\/\/www.oliferm.com\/es\/wp-json\/wp\/v2\/product\/220","targetHints":{"allow":["GET"]}}],"collection":[{"href":"https:\/\/www.oliferm.com\/es\/wp-json\/wp\/v2\/product"}],"about":[{"href":"https:\/\/www.oliferm.com\/es\/wp-json\/wp\/v2\/types\/product"}],"replies":[{"embeddable":true,"href":"https:\/\/www.oliferm.com\/es\/wp-json\/wp\/v2\/comments?post=220"}],"wp:featuredmedia":[{"embeddable":true,"href":"https:\/\/www.oliferm.com\/es\/wp-json\/wp\/v2\/media\/126"}],"wp:attachment":[{"href":"https:\/\/www.oliferm.com\/es\/wp-json\/wp\/v2\/media?parent=220"}],"wp:term":[{"taxonomy":"product_brand","embeddable":true,"href":"https:\/\/www.oliferm.com\/es\/wp-json\/wp\/v2\/product_brand?post=220"},{"taxonomy":"product_cat","embeddable":true,"href":"https:\/\/www.oliferm.com\/es\/wp-json\/wp\/v2\/product_cat?post=220"},{"taxonomy":"product_tag","embeddable":true,"href":"https:\/\/www.oliferm.com\/es\/wp-json\/wp\/v2\/product_tag?post=220"}],"curies":[{"name":"wp","href":"https:\/\/api.w.org\/{rel}","templated":true}]}}