{"id":222,"date":"2022-02-24T11:52:43","date_gmt":"2022-06-13T09:24:37","guid":{"rendered":"https:\/\/www.oliferm.com\/producte\/miel-de-mil-flores-bodeferm-500gr\/"},"modified":"2022-06-13T10:17:07","modified_gmt":"2022-06-13T10:17:07","slug":"miel-de-mil-flores-bodeferm-500gr","status":"publish","type":"product","link":"https:\/\/www.oliferm.com\/es\/producte\/miel-de-mil-flores-bodeferm-500gr\/","title":{"rendered":"Miel de Mil Flores BOdeFERM 500gr"},"content":{"rendered":"<p>Miel de Mil Flores BOdeFERM de 500gr, genial para las reuniones familiares.<br \/>\nUn producto de elaboraci\u00f3n artesanal que representa a la perfecci\u00f3n nuestra querida zona.<br \/>\nTe ofrecemos una experiencia gastron\u00f3mica \u00fanica.<\/p>\n","protected":false},"excerpt":{"rendered":"<p>Miel de Mil Flores BOdeFERM de 500gr, genial para las reuniones familiares. Un producto de elaboraci\u00f3n artesanal que representa a la perfecci\u00f3n nuestra querida zona. Te ofrecemos una experiencia gastron\u00f3mica \u00fanica.<\/p>\n","protected":false},"featured_media":120,"comment_status":"open","ping_status":"closed","template":"","meta":{"_acf_changed":false},"product_brand":[],"product_cat":[35],"product_tag":[],"class_list":{"0":"post-222","1":"product","2":"type-product","3":"status-publish","4":"has-post-thumbnail","6":"product_cat-almendras-y-miel","7":"product_shipping_class-0kg","9":"first","10":"instock","11":"taxable","12":"shipping-taxable","13":"purchasable","14":"product-type-simple"},"acf":[],"yoast_head":"<!-- This site is optimized with the Yoast SEO plugin v27.5 - https:\/\/yoast.com\/product\/yoast-seo-wordpress\/ -->\n<title>Miel de Mil Flores BOdeFERM 500gr - OliFERM - Oli d&#039;Oliva Verge Extra<\/title>\n<meta name=\"robots\" content=\"index, follow, max-snippet:-1, max-image-preview:large, max-video-preview:-1\" \/>\n<link rel=\"canonical\" href=\"https:\/\/www.oliferm.com\/es\/producte\/miel-de-mil-flores-bodeferm-500gr\/\" \/>\n<meta property=\"og:locale\" content=\"es_ES\" \/>\n<meta property=\"og:type\" content=\"article\" \/>\n<meta property=\"og:title\" content=\"Miel de Mil Flores BOdeFERM 500gr - OliFERM - Oli d&#039;Oliva Verge Extra\" \/>\n<meta property=\"og:description\" content=\"Miel de Mil Flores BOdeFERM de 500gr, genial para las reuniones familiares. Un producto de elaboraci\u00f3n artesanal que representa a la perfecci\u00f3n nuestra querida zona. Te ofrecemos una experiencia gastron\u00f3mica \u00fanica.\" \/>\n<meta property=\"og:url\" content=\"https:\/\/www.oliferm.com\/es\/producte\/miel-de-mil-flores-bodeferm-500gr\/\" \/>\n<meta property=\"og:site_name\" content=\"OliFERM - Oli d&#039;Oliva Verge Extra\" \/>\n<meta property=\"article:publisher\" content=\"https:\/\/www.facebook.com\/oliferm\" \/>\n<meta property=\"article:modified_time\" content=\"2022-06-13T10:17:07+00:00\" \/>\n<meta property=\"og:image\" content=\"https:\/\/www.oliferm.com\/wp-content\/uploads\/2022\/02\/3.png\" \/>\n\t<meta property=\"og:image:width\" content=\"1080\" \/>\n\t<meta property=\"og:image:height\" content=\"1080\" \/>\n\t<meta property=\"og:image:type\" content=\"image\/png\" \/>\n<meta name=\"twitter:card\" content=\"summary_large_image\" \/>\n<!-- \/ Yoast SEO plugin. -->","yoast_head_json":{"title":"Miel de Mil Flores BOdeFERM 500gr - OliFERM - Oli d&#039;Oliva Verge Extra","robots":{"index":"index","follow":"follow","max-snippet":"max-snippet:-1","max-image-preview":"max-image-preview:large","max-video-preview":"max-video-preview:-1"},"canonical":"https:\/\/www.oliferm.com\/es\/producte\/miel-de-mil-flores-bodeferm-500gr\/","og_locale":"es_ES","og_type":"article","og_title":"Miel de Mil Flores BOdeFERM 500gr - OliFERM - Oli d&#039;Oliva Verge Extra","og_description":"Miel de Mil Flores BOdeFERM de 500gr, genial para las reuniones familiares. Un producto de elaboraci\u00f3n artesanal que representa a la perfecci\u00f3n nuestra querida zona. Te ofrecemos una experiencia gastron\u00f3mica \u00fanica.","og_url":"https:\/\/www.oliferm.com\/es\/producte\/miel-de-mil-flores-bodeferm-500gr\/","og_site_name":"OliFERM - Oli d&#039;Oliva Verge Extra","article_publisher":"https:\/\/www.facebook.com\/oliferm","article_modified_time":"2022-06-13T10:17:07+00:00","og_image":[{"width":1080,"height":1080,"url":"https:\/\/www.oliferm.com\/wp-content\/uploads\/2022\/02\/3.png","type":"image\/png"}],"twitter_card":"summary_large_image","schema":{"@context":"https:\/\/schema.org","@graph":[{"@type":"WebPage","@id":"https:\/\/www.oliferm.com\/es\/producte\/miel-de-mil-flores-bodeferm-500gr\/","url":"https:\/\/www.oliferm.com\/es\/producte\/miel-de-mil-flores-bodeferm-500gr\/","name":"Miel de Mil Flores BOdeFERM 500gr - OliFERM - Oli d&#039;Oliva Verge Extra","isPartOf":{"@id":"https:\/\/www.oliferm.com\/#website"},"primaryImageOfPage":{"@id":"https:\/\/www.oliferm.com\/es\/producte\/miel-de-mil-flores-bodeferm-500gr\/#primaryimage"},"image":{"@id":"https:\/\/www.oliferm.com\/es\/producte\/miel-de-mil-flores-bodeferm-500gr\/#primaryimage"},"thumbnailUrl":"https:\/\/www.oliferm.com\/wp-content\/uploads\/2022\/02\/3.png","datePublished":"2022-06-13T09:24:37+00:00","dateModified":"2022-06-13T10:17:07+00:00","breadcrumb":{"@id":"https:\/\/www.oliferm.com\/es\/producte\/miel-de-mil-flores-bodeferm-500gr\/#breadcrumb"},"inLanguage":"es","potentialAction":[{"@type":"ReadAction","target":["https:\/\/www.oliferm.com\/es\/producte\/miel-de-mil-flores-bodeferm-500gr\/"]}]},{"@type":"ImageObject","inLanguage":"es","@id":"https:\/\/www.oliferm.com\/es\/producte\/miel-de-mil-flores-bodeferm-500gr\/#primaryimage","url":"https:\/\/www.oliferm.com\/wp-content\/uploads\/2022\/02\/3.png","contentUrl":"https:\/\/www.oliferm.com\/wp-content\/uploads\/2022\/02\/3.png","width":1080,"height":1080,"caption":"Bote de miel de flores Bo de Ferm"},{"@type":"BreadcrumbList","@id":"https:\/\/www.oliferm.com\/es\/producte\/miel-de-mil-flores-bodeferm-500gr\/#breadcrumb","itemListElement":[{"@type":"ListItem","position":1,"name":"Inici","item":"https:\/\/www.oliferm.com\/es\/"},{"@type":"ListItem","position":2,"name":"Todos los productos","item":"https:\/\/www.oliferm.com\/es\/?page_id=245"},{"@type":"ListItem","position":3,"name":"Almendras y Miel","item":"https:\/\/www.oliferm.com\/es\/categoria-producte\/almendras-y-miel\/"},{"@type":"ListItem","position":4,"name":"Miel de Mil Flores BOdeFERM 500gr"}]},{"@type":"WebSite","@id":"https:\/\/www.oliferm.com\/#website","url":"https:\/\/www.oliferm.com\/","name":"OliFERM - Oli d&#039;Oliva Verge Extra","description":"Cooperativa de Castelldans","publisher":{"@id":"https:\/\/www.oliferm.com\/#organization"},"potentialAction":[{"@type":"SearchAction","target":{"@type":"EntryPoint","urlTemplate":"https:\/\/www.oliferm.com\/?s={search_term_string}"},"query-input":{"@type":"PropertyValueSpecification","valueRequired":true,"valueName":"search_term_string"}}],"inLanguage":"es"},{"@type":"Organization","@id":"https:\/\/www.oliferm.com\/#organization","name":"OliFERM - Cooperativa de Castelldans","url":"https:\/\/www.oliferm.com\/","logo":{"@type":"ImageObject","inLanguage":"es","@id":"https:\/\/www.oliferm.com\/#\/schema\/logo\/image\/","url":"https:\/\/www.oliferm.com\/wp-content\/uploads\/2022\/02\/logo-ppal.png","contentUrl":"https:\/\/www.oliferm.com\/wp-content\/uploads\/2022\/02\/logo-ppal.png","width":700,"height":542,"caption":"OliFERM - Cooperativa de Castelldans"},"image":{"@id":"https:\/\/www.oliferm.com\/#\/schema\/logo\/image\/"},"sameAs":["https:\/\/www.facebook.com\/oliferm","https:\/\/www.instagram.com\/cooperativacastelldans\/"]}]}},"_links":{"self":[{"href":"https:\/\/www.oliferm.com\/es\/wp-json\/wp\/v2\/product\/222","targetHints":{"allow":["GET"]}}],"collection":[{"href":"https:\/\/www.oliferm.com\/es\/wp-json\/wp\/v2\/product"}],"about":[{"href":"https:\/\/www.oliferm.com\/es\/wp-json\/wp\/v2\/types\/product"}],"replies":[{"embeddable":true,"href":"https:\/\/www.oliferm.com\/es\/wp-json\/wp\/v2\/comments?post=222"}],"wp:featuredmedia":[{"embeddable":true,"href":"https:\/\/www.oliferm.com\/es\/wp-json\/wp\/v2\/media\/120"}],"wp:attachment":[{"href":"https:\/\/www.oliferm.com\/es\/wp-json\/wp\/v2\/media?parent=222"}],"wp:term":[{"taxonomy":"product_brand","embeddable":true,"href":"https:\/\/www.oliferm.com\/es\/wp-json\/wp\/v2\/product_brand?post=222"},{"taxonomy":"product_cat","embeddable":true,"href":"https:\/\/www.oliferm.com\/es\/wp-json\/wp\/v2\/product_cat?post=222"},{"taxonomy":"product_tag","embeddable":true,"href":"https:\/\/www.oliferm.com\/es\/wp-json\/wp\/v2\/product_tag?post=222"}],"curies":[{"name":"wp","href":"https:\/\/api.w.org\/{rel}","templated":true}]}}