{"id":2366,"date":"2024-10-21T07:10:29","date_gmt":"2024-10-21T07:10:29","guid":{"rendered":"https:\/\/www.oliferm.com\/?post_type=product&#038;p=2366"},"modified":"2024-10-21T15:39:40","modified_gmt":"2024-10-21T15:39:40","slug":"aceitunas-bodeferm-220gr-copia","status":"publish","type":"product","link":"https:\/\/www.oliferm.com\/es\/producte\/aceitunas-bodeferm-220gr-copia\/","title":{"rendered":"Aceitunas negras arrugadas eco BOdeFERM 220gr"},"content":{"rendered":"<p>Aceitunas negras arrugadas ecol\u00f3gico BOdeFERM de 220gr. de nuestros propios olivos.<br \/>\n Un producto de elaboraci\u00f3n artesanal que representa a la perfecci\u00f3n nuestra querida zona.<br \/>\n Te ofrecemos una experiencia gastron\u00f3mica \u00fanica. <\/p>\n","protected":false},"excerpt":{"rendered":"<p>Aceitunas negras arrugadas ecol\u00f3gico BOdeFERM de 220gr. de nuestros propios olivos. Un producto de elaboraci\u00f3n artesanal que representa a la perfecci\u00f3n nuestra querida zona. Te ofrecemos una experiencia gastron\u00f3mica \u00fanica.<\/p>\n","protected":false},"featured_media":2409,"comment_status":"open","ping_status":"closed","template":"","meta":{"_acf_changed":false},"product_brand":[],"product_cat":[36],"product_tag":[],"class_list":{"0":"post-2366","1":"product","2":"type-product","3":"status-publish","4":"has-post-thumbnail","6":"product_cat-olivas-y-pates","7":"product_shipping_class-0kg","9":"first","10":"instock","11":"taxable","12":"shipping-taxable","13":"purchasable","14":"product-type-simple"},"acf":[],"yoast_head":"<!-- This site is optimized with the Yoast SEO plugin v27.5 - https:\/\/yoast.com\/product\/yoast-seo-wordpress\/ -->\n<title>Aceitunas negras arrugadas eco BOdeFERM 220gr - OliFERM - Oli d&#039;Oliva Verge Extra<\/title>\n<meta name=\"robots\" content=\"index, follow, max-snippet:-1, max-image-preview:large, max-video-preview:-1\" \/>\n<link rel=\"canonical\" href=\"https:\/\/www.oliferm.com\/producte\/olives-negra-arrugada-eco-bodeferm-220gr\/\" \/>\n<meta property=\"og:locale\" content=\"es_ES\" \/>\n<meta property=\"og:type\" content=\"article\" \/>\n<meta property=\"og:title\" content=\"Aceitunas negras arrugadas eco BOdeFERM 220gr - OliFERM - Oli d&#039;Oliva Verge Extra\" \/>\n<meta property=\"og:description\" content=\"Aceitunas negras arrugadas ecol\u00f3gico BOdeFERM de 220gr. de nuestros propios olivos. Un producto de elaboraci\u00f3n artesanal que representa a la perfecci\u00f3n nuestra querida zona. Te ofrecemos una experiencia gastron\u00f3mica \u00fanica.\" \/>\n<meta property=\"og:url\" content=\"https:\/\/www.oliferm.com\/producte\/olives-negra-arrugada-eco-bodeferm-220gr\/\" \/>\n<meta property=\"og:site_name\" content=\"OliFERM - Oli d&#039;Oliva Verge Extra\" \/>\n<meta property=\"article:publisher\" content=\"https:\/\/www.facebook.com\/oliferm\" \/>\n<meta property=\"article:modified_time\" content=\"2024-10-21T15:39:40+00:00\" \/>\n<meta property=\"og:image\" content=\"https:\/\/www.oliferm.com\/wp-content\/uploads\/2024\/10\/OLIVES-NEGRES-e1729522820924.png\" \/>\n\t<meta property=\"og:image:width\" content=\"2369\" \/>\n\t<meta property=\"og:image:height\" content=\"2369\" \/>\n\t<meta property=\"og:image:type\" content=\"image\/png\" \/>\n<meta name=\"twitter:card\" content=\"summary_large_image\" \/>\n<meta name=\"twitter:label1\" content=\"Tiempo de lectura\" \/>\n\t<meta name=\"twitter:data1\" content=\"1 minuto\" \/>\n<!-- \/ Yoast SEO plugin. -->","yoast_head_json":{"title":"Aceitunas negras arrugadas eco BOdeFERM 220gr - OliFERM - Oli d&#039;Oliva Verge Extra","robots":{"index":"index","follow":"follow","max-snippet":"max-snippet:-1","max-image-preview":"max-image-preview:large","max-video-preview":"max-video-preview:-1"},"canonical":"https:\/\/www.oliferm.com\/producte\/olives-negra-arrugada-eco-bodeferm-220gr\/","og_locale":"es_ES","og_type":"article","og_title":"Aceitunas negras arrugadas eco BOdeFERM 220gr - OliFERM - Oli d&#039;Oliva Verge Extra","og_description":"Aceitunas negras arrugadas ecol\u00f3gico BOdeFERM de 220gr. de nuestros propios olivos. Un producto de elaboraci\u00f3n artesanal que representa a la perfecci\u00f3n nuestra querida zona. Te ofrecemos una experiencia gastron\u00f3mica \u00fanica.","og_url":"https:\/\/www.oliferm.com\/producte\/olives-negra-arrugada-eco-bodeferm-220gr\/","og_site_name":"OliFERM - Oli d&#039;Oliva Verge Extra","article_publisher":"https:\/\/www.facebook.com\/oliferm","article_modified_time":"2024-10-21T15:39:40+00:00","og_image":[{"width":2369,"height":2369,"url":"https:\/\/www.oliferm.com\/wp-content\/uploads\/2024\/10\/OLIVES-NEGRES-e1729522820924.png","type":"image\/png"}],"twitter_card":"summary_large_image","twitter_misc":{"Tiempo de lectura":"1 minuto"},"schema":{"@context":"https:\/\/schema.org","@graph":[{"@type":"WebPage","@id":"https:\/\/www.oliferm.com\/producte\/olives-negra-arrugada-eco-bodeferm-220gr\/","url":"https:\/\/www.oliferm.com\/producte\/olives-negra-arrugada-eco-bodeferm-220gr\/","name":"Aceitunas negras arrugadas eco BOdeFERM 220gr - OliFERM - Oli d&#039;Oliva Verge Extra","isPartOf":{"@id":"https:\/\/www.oliferm.com\/#website"},"primaryImageOfPage":{"@id":"https:\/\/www.oliferm.com\/producte\/olives-negra-arrugada-eco-bodeferm-220gr\/#primaryimage"},"image":{"@id":"https:\/\/www.oliferm.com\/producte\/olives-negra-arrugada-eco-bodeferm-220gr\/#primaryimage"},"thumbnailUrl":"https:\/\/www.oliferm.com\/wp-content\/uploads\/2024\/10\/OLIVES-NEGRES-e1729522820924.png","datePublished":"2024-10-21T07:10:29+00:00","dateModified":"2024-10-21T15:39:40+00:00","breadcrumb":{"@id":"https:\/\/www.oliferm.com\/producte\/olives-negra-arrugada-eco-bodeferm-220gr\/#breadcrumb"},"inLanguage":"es","potentialAction":[{"@type":"ReadAction","target":["https:\/\/www.oliferm.com\/producte\/olives-negra-arrugada-eco-bodeferm-220gr\/"]}]},{"@type":"ImageObject","inLanguage":"es","@id":"https:\/\/www.oliferm.com\/producte\/olives-negra-arrugada-eco-bodeferm-220gr\/#primaryimage","url":"https:\/\/www.oliferm.com\/wp-content\/uploads\/2024\/10\/OLIVES-NEGRES-e1729522820924.png","contentUrl":"https:\/\/www.oliferm.com\/wp-content\/uploads\/2024\/10\/OLIVES-NEGRES-e1729522820924.png","width":2369,"height":2369,"caption":"olives negres arrugades"},{"@type":"BreadcrumbList","@id":"https:\/\/www.oliferm.com\/producte\/olives-negra-arrugada-eco-bodeferm-220gr\/#breadcrumb","itemListElement":[{"@type":"ListItem","position":1,"name":"Inici","item":"https:\/\/www.oliferm.com\/es\/"},{"@type":"ListItem","position":2,"name":"Todos los productos","item":"https:\/\/www.oliferm.com\/es\/?page_id=245"},{"@type":"ListItem","position":3,"name":"Olivas y Pat\u00e9s","item":"https:\/\/www.oliferm.com\/es\/categoria-producte\/olivas-y-pates\/"},{"@type":"ListItem","position":4,"name":"Aceitunas negras arrugadas eco BOdeFERM 220gr"}]},{"@type":"WebSite","@id":"https:\/\/www.oliferm.com\/#website","url":"https:\/\/www.oliferm.com\/","name":"OliFERM - Oli d&#039;Oliva Verge Extra","description":"Cooperativa de Castelldans","publisher":{"@id":"https:\/\/www.oliferm.com\/#organization"},"potentialAction":[{"@type":"SearchAction","target":{"@type":"EntryPoint","urlTemplate":"https:\/\/www.oliferm.com\/?s={search_term_string}"},"query-input":{"@type":"PropertyValueSpecification","valueRequired":true,"valueName":"search_term_string"}}],"inLanguage":"es"},{"@type":"Organization","@id":"https:\/\/www.oliferm.com\/#organization","name":"OliFERM - Cooperativa de Castelldans","url":"https:\/\/www.oliferm.com\/","logo":{"@type":"ImageObject","inLanguage":"es","@id":"https:\/\/www.oliferm.com\/#\/schema\/logo\/image\/","url":"https:\/\/www.oliferm.com\/wp-content\/uploads\/2022\/02\/logo-ppal.png","contentUrl":"https:\/\/www.oliferm.com\/wp-content\/uploads\/2022\/02\/logo-ppal.png","width":700,"height":542,"caption":"OliFERM - Cooperativa de Castelldans"},"image":{"@id":"https:\/\/www.oliferm.com\/#\/schema\/logo\/image\/"},"sameAs":["https:\/\/www.facebook.com\/oliferm","https:\/\/www.instagram.com\/cooperativacastelldans\/"]}]}},"_links":{"self":[{"href":"https:\/\/www.oliferm.com\/es\/wp-json\/wp\/v2\/product\/2366","targetHints":{"allow":["GET"]}}],"collection":[{"href":"https:\/\/www.oliferm.com\/es\/wp-json\/wp\/v2\/product"}],"about":[{"href":"https:\/\/www.oliferm.com\/es\/wp-json\/wp\/v2\/types\/product"}],"replies":[{"embeddable":true,"href":"https:\/\/www.oliferm.com\/es\/wp-json\/wp\/v2\/comments?post=2366"}],"wp:featuredmedia":[{"embeddable":true,"href":"https:\/\/www.oliferm.com\/es\/wp-json\/wp\/v2\/media\/2409"}],"wp:attachment":[{"href":"https:\/\/www.oliferm.com\/es\/wp-json\/wp\/v2\/media?parent=2366"}],"wp:term":[{"taxonomy":"product_brand","embeddable":true,"href":"https:\/\/www.oliferm.com\/es\/wp-json\/wp\/v2\/product_brand?post=2366"},{"taxonomy":"product_cat","embeddable":true,"href":"https:\/\/www.oliferm.com\/es\/wp-json\/wp\/v2\/product_cat?post=2366"},{"taxonomy":"product_tag","embeddable":true,"href":"https:\/\/www.oliferm.com\/es\/wp-json\/wp\/v2\/product_tag?post=2366"}],"curies":[{"name":"wp","href":"https:\/\/api.w.org\/{rel}","templated":true}]}}