{"id":367,"date":"2022-05-23T08:40:30","date_gmt":"2022-05-23T08:40:30","guid":{"rendered":"https:\/\/www.oliferm.com\/producte\/vinagre-balsamico-bodeferm-250ml\/"},"modified":"2022-06-13T10:14:54","modified_gmt":"2022-06-13T10:14:54","slug":"vinagre-balsamico-bodeferm-250ml","status":"publish","type":"product","link":"https:\/\/www.oliferm.com\/es\/producte\/vinagre-balsamico-bodeferm-250ml\/","title":{"rendered":"Vinagre bals\u00e1mico BOdeFERM &#8211; 250ml"},"content":{"rendered":"<p>Vinagre bals\u00e1mico de M\u00f3dena de 250ml<\/p>\n","protected":false},"excerpt":{"rendered":"<p>Vinagre bals\u00e1mico de M\u00f3dena de 250ml<\/p>\n","protected":false},"featured_media":196,"comment_status":"open","ping_status":"closed","template":"","meta":{"_acf_changed":false},"product_brand":[],"product_cat":[34],"product_tag":[],"class_list":{"0":"post-367","1":"product","2":"type-product","3":"status-publish","4":"has-post-thumbnail","6":"product_cat-vino-vermu-y-vinagre","7":"product_shipping_class-0kg","9":"first","10":"instock","11":"taxable","12":"shipping-taxable","13":"purchasable","14":"product-type-simple"},"acf":[],"yoast_head":"<!-- This site is optimized with the Yoast SEO plugin v27.5 - https:\/\/yoast.com\/product\/yoast-seo-wordpress\/ -->\n<title>Vinagre bals\u00e1mico BOdeFERM - 250ml - OliFERM - Oli d&#039;Oliva Verge Extra<\/title>\n<meta name=\"robots\" content=\"index, follow, max-snippet:-1, max-image-preview:large, max-video-preview:-1\" \/>\n<link rel=\"canonical\" href=\"https:\/\/www.oliferm.com\/es\/producte\/vinagre-balsamico-bodeferm-250ml\/\" \/>\n<meta property=\"og:locale\" content=\"es_ES\" \/>\n<meta property=\"og:type\" content=\"article\" \/>\n<meta property=\"og:title\" content=\"Vinagre bals\u00e1mico BOdeFERM - 250ml - OliFERM - Oli d&#039;Oliva Verge Extra\" \/>\n<meta property=\"og:description\" content=\"Vinagre bals\u00e1mico de M\u00f3dena de 250ml\" \/>\n<meta property=\"og:url\" content=\"https:\/\/www.oliferm.com\/es\/producte\/vinagre-balsamico-bodeferm-250ml\/\" \/>\n<meta property=\"og:site_name\" content=\"OliFERM - Oli d&#039;Oliva Verge Extra\" \/>\n<meta property=\"article:publisher\" content=\"https:\/\/www.facebook.com\/oliferm\" \/>\n<meta property=\"article:modified_time\" content=\"2022-06-13T10:14:54+00:00\" \/>\n<meta property=\"og:image\" content=\"https:\/\/www.oliferm.com\/wp-content\/uploads\/2022\/05\/WhatsApp-Image-2022-05-23-at-10.14.56.jpeg\" \/>\n\t<meta property=\"og:image:width\" content=\"1068\" \/>\n\t<meta property=\"og:image:height\" content=\"1600\" \/>\n\t<meta property=\"og:image:type\" content=\"image\/jpeg\" \/>\n<meta name=\"twitter:card\" content=\"summary_large_image\" \/>\n<!-- \/ Yoast SEO plugin. -->","yoast_head_json":{"title":"Vinagre bals\u00e1mico BOdeFERM - 250ml - OliFERM - Oli d&#039;Oliva Verge Extra","robots":{"index":"index","follow":"follow","max-snippet":"max-snippet:-1","max-image-preview":"max-image-preview:large","max-video-preview":"max-video-preview:-1"},"canonical":"https:\/\/www.oliferm.com\/es\/producte\/vinagre-balsamico-bodeferm-250ml\/","og_locale":"es_ES","og_type":"article","og_title":"Vinagre bals\u00e1mico BOdeFERM - 250ml - OliFERM - Oli d&#039;Oliva Verge Extra","og_description":"Vinagre bals\u00e1mico de M\u00f3dena de 250ml","og_url":"https:\/\/www.oliferm.com\/es\/producte\/vinagre-balsamico-bodeferm-250ml\/","og_site_name":"OliFERM - Oli d&#039;Oliva Verge Extra","article_publisher":"https:\/\/www.facebook.com\/oliferm","article_modified_time":"2022-06-13T10:14:54+00:00","og_image":[{"width":1068,"height":1600,"url":"https:\/\/www.oliferm.com\/wp-content\/uploads\/2022\/05\/WhatsApp-Image-2022-05-23-at-10.14.56.jpeg","type":"image\/jpeg"}],"twitter_card":"summary_large_image","schema":{"@context":"https:\/\/schema.org","@graph":[{"@type":"WebPage","@id":"https:\/\/www.oliferm.com\/es\/producte\/vinagre-balsamico-bodeferm-250ml\/","url":"https:\/\/www.oliferm.com\/es\/producte\/vinagre-balsamico-bodeferm-250ml\/","name":"Vinagre bals\u00e1mico BOdeFERM - 250ml - OliFERM - Oli d&#039;Oliva Verge Extra","isPartOf":{"@id":"https:\/\/www.oliferm.com\/#website"},"primaryImageOfPage":{"@id":"https:\/\/www.oliferm.com\/es\/producte\/vinagre-balsamico-bodeferm-250ml\/#primaryimage"},"image":{"@id":"https:\/\/www.oliferm.com\/es\/producte\/vinagre-balsamico-bodeferm-250ml\/#primaryimage"},"thumbnailUrl":"https:\/\/www.oliferm.com\/wp-content\/uploads\/2022\/05\/WhatsApp-Image-2022-05-23-at-10.14.56.jpeg","datePublished":"2022-05-23T08:40:30+00:00","dateModified":"2022-06-13T10:14:54+00:00","breadcrumb":{"@id":"https:\/\/www.oliferm.com\/es\/producte\/vinagre-balsamico-bodeferm-250ml\/#breadcrumb"},"inLanguage":"es","potentialAction":[{"@type":"ReadAction","target":["https:\/\/www.oliferm.com\/es\/producte\/vinagre-balsamico-bodeferm-250ml\/"]}]},{"@type":"ImageObject","inLanguage":"es","@id":"https:\/\/www.oliferm.com\/es\/producte\/vinagre-balsamico-bodeferm-250ml\/#primaryimage","url":"https:\/\/www.oliferm.com\/wp-content\/uploads\/2022\/05\/WhatsApp-Image-2022-05-23-at-10.14.56.jpeg","contentUrl":"https:\/\/www.oliferm.com\/wp-content\/uploads\/2022\/05\/WhatsApp-Image-2022-05-23-at-10.14.56.jpeg","width":1068,"height":1600,"caption":"botella de vidrio de 250ml de Oliferm"},{"@type":"BreadcrumbList","@id":"https:\/\/www.oliferm.com\/es\/producte\/vinagre-balsamico-bodeferm-250ml\/#breadcrumb","itemListElement":[{"@type":"ListItem","position":1,"name":"Inici","item":"https:\/\/www.oliferm.com\/es\/"},{"@type":"ListItem","position":2,"name":"Todos los productos","item":"https:\/\/www.oliferm.com\/es\/?page_id=245"},{"@type":"ListItem","position":3,"name":"Vino, verm\u00fa y vinagre","item":"https:\/\/www.oliferm.com\/es\/categoria-producte\/vino-vermu-y-vinagre\/"},{"@type":"ListItem","position":4,"name":"Vinagre bals\u00e1mico BOdeFERM &#8211; 250ml"}]},{"@type":"WebSite","@id":"https:\/\/www.oliferm.com\/#website","url":"https:\/\/www.oliferm.com\/","name":"OliFERM - Oli d&#039;Oliva Verge Extra","description":"Cooperativa de Castelldans","publisher":{"@id":"https:\/\/www.oliferm.com\/#organization"},"potentialAction":[{"@type":"SearchAction","target":{"@type":"EntryPoint","urlTemplate":"https:\/\/www.oliferm.com\/?s={search_term_string}"},"query-input":{"@type":"PropertyValueSpecification","valueRequired":true,"valueName":"search_term_string"}}],"inLanguage":"es"},{"@type":"Organization","@id":"https:\/\/www.oliferm.com\/#organization","name":"OliFERM - Cooperativa de Castelldans","url":"https:\/\/www.oliferm.com\/","logo":{"@type":"ImageObject","inLanguage":"es","@id":"https:\/\/www.oliferm.com\/#\/schema\/logo\/image\/","url":"https:\/\/www.oliferm.com\/wp-content\/uploads\/2022\/02\/logo-ppal.png","contentUrl":"https:\/\/www.oliferm.com\/wp-content\/uploads\/2022\/02\/logo-ppal.png","width":700,"height":542,"caption":"OliFERM - Cooperativa de Castelldans"},"image":{"@id":"https:\/\/www.oliferm.com\/#\/schema\/logo\/image\/"},"sameAs":["https:\/\/www.facebook.com\/oliferm","https:\/\/www.instagram.com\/cooperativacastelldans\/"]}]}},"_links":{"self":[{"href":"https:\/\/www.oliferm.com\/es\/wp-json\/wp\/v2\/product\/367","targetHints":{"allow":["GET"]}}],"collection":[{"href":"https:\/\/www.oliferm.com\/es\/wp-json\/wp\/v2\/product"}],"about":[{"href":"https:\/\/www.oliferm.com\/es\/wp-json\/wp\/v2\/types\/product"}],"replies":[{"embeddable":true,"href":"https:\/\/www.oliferm.com\/es\/wp-json\/wp\/v2\/comments?post=367"}],"wp:featuredmedia":[{"embeddable":true,"href":"https:\/\/www.oliferm.com\/es\/wp-json\/wp\/v2\/media\/196"}],"wp:attachment":[{"href":"https:\/\/www.oliferm.com\/es\/wp-json\/wp\/v2\/media?parent=367"}],"wp:term":[{"taxonomy":"product_brand","embeddable":true,"href":"https:\/\/www.oliferm.com\/es\/wp-json\/wp\/v2\/product_brand?post=367"},{"taxonomy":"product_cat","embeddable":true,"href":"https:\/\/www.oliferm.com\/es\/wp-json\/wp\/v2\/product_cat?post=367"},{"taxonomy":"product_tag","embeddable":true,"href":"https:\/\/www.oliferm.com\/es\/wp-json\/wp\/v2\/product_tag?post=367"}],"curies":[{"name":"wp","href":"https:\/\/api.w.org\/{rel}","templated":true}]}}