{"id":885,"date":"2023-10-30T17:37:17","date_gmt":"2023-10-30T17:37:17","guid":{"rendered":"https:\/\/www.oliferm.com\/la-cooperative\/"},"modified":"2023-10-31T17:16:56","modified_gmt":"2023-10-31T17:16:56","slug":"la-cooperative","status":"publish","type":"page","link":"https:\/\/www.oliferm.com\/fr\/la-cooperative\/","title":{"rendered":"La Coop\u00e9rative"},"content":{"rendered":"<p><img loading=\"lazy\" decoding=\"async\" class=\"alignnone size-medium wp-image-60\" src=\"https:\/\/www.oliferm.com\/wp-content\/uploads\/2022\/02\/logo-coop-1-300x204.png\" alt=\"\" width=\"300\" height=\"204\" srcset=\"https:\/\/www.oliferm.com\/wp-content\/uploads\/2022\/02\/logo-coop-1-300x204.png 300w, https:\/\/www.oliferm.com\/wp-content\/uploads\/2022\/02\/logo-coop-1-600x408.png 600w, https:\/\/www.oliferm.com\/wp-content\/uploads\/2022\/02\/logo-coop-1-1024x696.png 1024w, https:\/\/www.oliferm.com\/wp-content\/uploads\/2022\/02\/logo-coop-1-768x522.png 768w, https:\/\/www.oliferm.com\/wp-content\/uploads\/2022\/02\/logo-coop-1-1536x1044.png 1536w, https:\/\/www.oliferm.com\/wp-content\/uploads\/2022\/02\/logo-coop-1-2048x1392.png 2048w\" sizes=\"auto, (max-width: 300px) 100vw, 300px\" \/><\/p>\n<p>&nbsp;<\/p>\n<p>Situ\u00e9e dans une r\u00e9gion <span class=\"hiddenSpellError\">privil\u00e9gi\u00e9e du tourisme<\/span> ol\u00e9icole, la coop\u00e9rative Camp de Castelldans veut donner une valeur ajout\u00e9e au produit le plus repr\u00e9sentatif de celle-ci, l\u2019huile d\u2019olive. Sous le nom <span class=\"hiddenGrammarError\"><strong>d\u2019OliFERM<\/strong><\/span> et gr\u00e2ce \u00e0 la vari\u00e9t\u00e9 d\u2019olive 100% Arbequina, notre huile poss\u00e8de des propri\u00e9t\u00e9s organoleptiques caract\u00e9ristiques.<\/p>\n<p>&nbsp;<\/p>\n<p>Apr\u00e8s une longue p\u00e9riode de production d\u2019huile et d\u2019am\u00e9lioration de nos processus, <strong><br \/>\n<span class=\"hiddenSpellError\">OliFERM<\/span><br \/>\n<\/strong> est devenu le produit qu\u2019il est aujourd\u2019hui, une huile d\u2019olive extra vierge d\u2019excellente qualit\u00e9, extraite des olives par des proc\u00e9d\u00e9s m\u00e9caniques qui pr\u00e9servent les principales vertus de la mati\u00e8re premi\u00e8re.<\/p>\n","protected":false},"excerpt":{"rendered":"<p>&nbsp; Situ\u00e9e dans une r\u00e9gion privil\u00e9gi\u00e9e du tourisme ol\u00e9icole, la coop\u00e9rative Camp de Castelldans veut donner une valeur ajout\u00e9e au produit le plus repr\u00e9sentatif de celle-ci, l\u2019huile d\u2019olive. Sous le nom d\u2019OliFERM et gr\u00e2ce \u00e0 la vari\u00e9t\u00e9 d\u2019olive 100% Arbequina, notre huile poss\u00e8de des propri\u00e9t\u00e9s organoleptiques caract\u00e9ristiques. &nbsp; Apr\u00e8s une longue p\u00e9riode de production d\u2019huile [&hellip;]<\/p>\n","protected":false},"author":1,"featured_media":887,"parent":0,"menu_order":0,"comment_status":"closed","ping_status":"closed","template":"page-custom2.php","meta":{"_acf_changed":false,"footnotes":""},"class_list":["post-885","page","type-page","status-publish","has-post-thumbnail","hentry"],"acf":[],"yoast_head":"<!-- This site is optimized with the Yoast SEO plugin v27.6 - https:\/\/yoast.com\/product\/yoast-seo-wordpress\/ -->\n<title>La Coop\u00e9rative - OliFERM - Oli d&#039;Oliva Verge Extra<\/title>\n<meta name=\"robots\" content=\"index, follow, max-snippet:-1, max-image-preview:large, max-video-preview:-1\" \/>\n<link rel=\"canonical\" href=\"https:\/\/www.oliferm.com\/la-cooperativa\/\" \/>\n<meta property=\"og:locale\" content=\"fr_FR\" \/>\n<meta property=\"og:type\" content=\"article\" \/>\n<meta property=\"og:title\" content=\"La Coop\u00e9rative - OliFERM - Oli d&#039;Oliva Verge Extra\" \/>\n<meta property=\"og:description\" content=\"&nbsp; Situ\u00e9e dans une r\u00e9gion privil\u00e9gi\u00e9e du tourisme ol\u00e9icole, la coop\u00e9rative Camp de Castelldans veut donner une valeur ajout\u00e9e au produit le plus repr\u00e9sentatif de celle-ci, l\u2019huile d\u2019olive. Sous le nom d\u2019OliFERM et gr\u00e2ce \u00e0 la vari\u00e9t\u00e9 d\u2019olive 100% Arbequina, notre huile poss\u00e8de des propri\u00e9t\u00e9s organoleptiques caract\u00e9ristiques. &nbsp; Apr\u00e8s une longue p\u00e9riode de production d\u2019huile [&hellip;]\" \/>\n<meta property=\"og:url\" content=\"https:\/\/www.oliferm.com\/la-cooperativa\/\" \/>\n<meta property=\"og:site_name\" content=\"OliFERM - Oli d&#039;Oliva Verge Extra\" \/>\n<meta property=\"article:publisher\" content=\"https:\/\/www.facebook.com\/oliferm\" \/>\n<meta property=\"article:modified_time\" content=\"2023-10-31T17:16:56+00:00\" \/>\n<meta property=\"og:image\" content=\"https:\/\/www.oliferm.com\/wp-content\/uploads\/2022\/02\/JVE_9344_7e729287-21c5-4379-a5c2-173c540545e1-scaled.jpeg\" \/>\n\t<meta property=\"og:image:width\" content=\"2560\" \/>\n\t<meta property=\"og:image:height\" content=\"1706\" \/>\n\t<meta property=\"og:image:type\" content=\"image\/jpeg\" \/>\n<meta name=\"twitter:card\" content=\"summary_large_image\" \/>\n<meta name=\"twitter:label1\" content=\"Dur\u00e9e de lecture estim\u00e9e\" \/>\n\t<meta name=\"twitter:data1\" content=\"1 minute\" \/>\n<!-- \/ Yoast SEO plugin. -->","yoast_head_json":{"title":"La Coop\u00e9rative - OliFERM - Oli d&#039;Oliva Verge Extra","robots":{"index":"index","follow":"follow","max-snippet":"max-snippet:-1","max-image-preview":"max-image-preview:large","max-video-preview":"max-video-preview:-1"},"canonical":"https:\/\/www.oliferm.com\/la-cooperativa\/","og_locale":"fr_FR","og_type":"article","og_title":"La Coop\u00e9rative - OliFERM - Oli d&#039;Oliva Verge Extra","og_description":"&nbsp; Situ\u00e9e dans une r\u00e9gion privil\u00e9gi\u00e9e du tourisme ol\u00e9icole, la coop\u00e9rative Camp de Castelldans veut donner une valeur ajout\u00e9e au produit le plus repr\u00e9sentatif de celle-ci, l\u2019huile d\u2019olive. Sous le nom d\u2019OliFERM et gr\u00e2ce \u00e0 la vari\u00e9t\u00e9 d\u2019olive 100% Arbequina, notre huile poss\u00e8de des propri\u00e9t\u00e9s organoleptiques caract\u00e9ristiques. &nbsp; Apr\u00e8s une longue p\u00e9riode de production d\u2019huile [&hellip;]","og_url":"https:\/\/www.oliferm.com\/la-cooperativa\/","og_site_name":"OliFERM - Oli d&#039;Oliva Verge Extra","article_publisher":"https:\/\/www.facebook.com\/oliferm","article_modified_time":"2023-10-31T17:16:56+00:00","og_image":[{"width":2560,"height":1706,"url":"https:\/\/www.oliferm.com\/wp-content\/uploads\/2022\/02\/JVE_9344_7e729287-21c5-4379-a5c2-173c540545e1-scaled.jpeg","type":"image\/jpeg"}],"twitter_card":"summary_large_image","twitter_misc":{"Dur\u00e9e de lecture estim\u00e9e":"1 minute"},"schema":{"@context":"https:\/\/schema.org","@graph":[{"@type":"WebPage","@id":"https:\/\/www.oliferm.com\/la-cooperativa\/","url":"https:\/\/www.oliferm.com\/la-cooperativa\/","name":"La Coop\u00e9rative - OliFERM - Oli d&#039;Oliva Verge Extra","isPartOf":{"@id":"https:\/\/www.oliferm.com\/#website"},"primaryImageOfPage":{"@id":"https:\/\/www.oliferm.com\/la-cooperativa\/#primaryimage"},"image":{"@id":"https:\/\/www.oliferm.com\/la-cooperativa\/#primaryimage"},"thumbnailUrl":"https:\/\/www.oliferm.com\/wp-content\/uploads\/2022\/02\/JVE_9344_7e729287-21c5-4379-a5c2-173c540545e1-scaled.jpeg","datePublished":"2023-10-30T17:37:17+00:00","dateModified":"2023-10-31T17:16:56+00:00","breadcrumb":{"@id":"https:\/\/www.oliferm.com\/la-cooperativa\/#breadcrumb"},"inLanguage":"fr-FR","potentialAction":[{"@type":"ReadAction","target":["https:\/\/www.oliferm.com\/la-cooperativa\/"]}]},{"@type":"ImageObject","inLanguage":"fr-FR","@id":"https:\/\/www.oliferm.com\/la-cooperativa\/#primaryimage","url":"https:\/\/www.oliferm.com\/wp-content\/uploads\/2022\/02\/JVE_9344_7e729287-21c5-4379-a5c2-173c540545e1-scaled.jpeg","contentUrl":"https:\/\/www.oliferm.com\/wp-content\/uploads\/2022\/02\/JVE_9344_7e729287-21c5-4379-a5c2-173c540545e1-scaled.jpeg","width":2560,"height":1706,"caption":"diferentes botellas de oliferm en un campo de olivos en castelldans"},{"@type":"BreadcrumbList","@id":"https:\/\/www.oliferm.com\/la-cooperativa\/#breadcrumb","itemListElement":[{"@type":"ListItem","position":1,"name":"Inici","item":"https:\/\/www.oliferm.com\/fr\/"},{"@type":"ListItem","position":2,"name":"La Coop\u00e9rative"}]},{"@type":"WebSite","@id":"https:\/\/www.oliferm.com\/#website","url":"https:\/\/www.oliferm.com\/","name":"OliFERM - Oli d&#039;Oliva Verge Extra","description":"Cooperativa de Castelldans","publisher":{"@id":"https:\/\/www.oliferm.com\/#organization"},"potentialAction":[{"@type":"SearchAction","target":{"@type":"EntryPoint","urlTemplate":"https:\/\/www.oliferm.com\/?s={search_term_string}"},"query-input":{"@type":"PropertyValueSpecification","valueRequired":true,"valueName":"search_term_string"}}],"inLanguage":"fr-FR"},{"@type":"Organization","@id":"https:\/\/www.oliferm.com\/#organization","name":"OliFERM - Cooperativa de Castelldans","url":"https:\/\/www.oliferm.com\/","logo":{"@type":"ImageObject","inLanguage":"fr-FR","@id":"https:\/\/www.oliferm.com\/#\/schema\/logo\/image\/","url":"https:\/\/www.oliferm.com\/wp-content\/uploads\/2022\/02\/logo-ppal.png","contentUrl":"https:\/\/www.oliferm.com\/wp-content\/uploads\/2022\/02\/logo-ppal.png","width":700,"height":542,"caption":"OliFERM - Cooperativa de Castelldans"},"image":{"@id":"https:\/\/www.oliferm.com\/#\/schema\/logo\/image\/"},"sameAs":["https:\/\/www.facebook.com\/oliferm","https:\/\/www.instagram.com\/cooperativacastelldans\/"]}]}},"_links":{"self":[{"href":"https:\/\/www.oliferm.com\/fr\/wp-json\/wp\/v2\/pages\/885","targetHints":{"allow":["GET"]}}],"collection":[{"href":"https:\/\/www.oliferm.com\/fr\/wp-json\/wp\/v2\/pages"}],"about":[{"href":"https:\/\/www.oliferm.com\/fr\/wp-json\/wp\/v2\/types\/page"}],"author":[{"embeddable":true,"href":"https:\/\/www.oliferm.com\/fr\/wp-json\/wp\/v2\/users\/1"}],"replies":[{"embeddable":true,"href":"https:\/\/www.oliferm.com\/fr\/wp-json\/wp\/v2\/comments?post=885"}],"version-history":[{"count":0,"href":"https:\/\/www.oliferm.com\/fr\/wp-json\/wp\/v2\/pages\/885\/revisions"}],"wp:featuredmedia":[{"embeddable":true,"href":"https:\/\/www.oliferm.com\/fr\/wp-json\/wp\/v2\/media\/887"}],"wp:attachment":[{"href":"https:\/\/www.oliferm.com\/fr\/wp-json\/wp\/v2\/media?parent=885"}],"curies":[{"name":"wp","href":"https:\/\/api.w.org\/{rel}","templated":true}]}}