{"id":2650,"date":"2025-02-10T08:10:08","date_gmt":"2025-02-10T08:10:08","guid":{"rendered":"https:\/\/www.oliferm.com\/?post_type=product&#038;p=2650"},"modified":"2025-02-10T08:11:39","modified_gmt":"2025-02-10T08:11:39","slug":"amandes-grillees-500gr-copia","status":"publish","type":"product","link":"https:\/\/www.oliferm.com\/fr\/producte\/amandes-grillees-500gr-copia\/","title":{"rendered":"Amandes crues en peau 500gr"},"content":{"rendered":"<p>Amandes crues avec peau emball\u00e9es sous vide 500gr.<br \/>\n Un processus de production contr\u00f4l\u00e9 pour extraire la qualit\u00e9 maximale fait de nos amandes un produit incroyable.<br \/>\n Amandes de cat\u00e9gorie extra, avec une saveur et un go\u00fbt incomparables.<\/p>\n","protected":false},"excerpt":{"rendered":"<p>Amandes crues avec peau emball\u00e9es sous vide 500gr. Un processus de production contr\u00f4l\u00e9 pour extraire la qualit\u00e9 maximale fait de nos amandes un produit incroyable. Amandes de cat\u00e9gorie extra, avec une saveur et un go\u00fbt incomparables.<\/p>\n","protected":false},"featured_media":2653,"comment_status":"open","ping_status":"closed","template":"","meta":{"_acf_changed":false},"product_brand":[],"product_cat":[91],"product_tag":[],"class_list":{"0":"post-2650","1":"product","2":"type-product","3":"status-publish","4":"has-post-thumbnail","6":"product_cat-amandes-et-miel","8":"first","9":"outofstock","10":"taxable","11":"shipping-taxable","12":"purchasable","13":"product-type-simple"},"acf":[],"yoast_head":"<!-- This site is optimized with the Yoast SEO plugin v27.5 - https:\/\/yoast.com\/product\/yoast-seo-wordpress\/ -->\n<title>Amandes crues en peau 500gr - OliFERM - Oli d&#039;Oliva Verge Extra<\/title>\n<meta name=\"robots\" content=\"index, follow, max-snippet:-1, max-image-preview:large, max-video-preview:-1\" \/>\n<link rel=\"canonical\" href=\"https:\/\/www.oliferm.com\/producte\/ametlles-crua-pell-500gr\/\" \/>\n<meta property=\"og:locale\" content=\"fr_FR\" \/>\n<meta property=\"og:type\" content=\"article\" \/>\n<meta property=\"og:title\" content=\"Amandes crues en peau 500gr - OliFERM - Oli d&#039;Oliva Verge Extra\" \/>\n<meta property=\"og:description\" content=\"Amandes crues avec peau emball\u00e9es sous vide 500gr. Un processus de production contr\u00f4l\u00e9 pour extraire la qualit\u00e9 maximale fait de nos amandes un produit incroyable. Amandes de cat\u00e9gorie extra, avec une saveur et un go\u00fbt incomparables.\" \/>\n<meta property=\"og:url\" content=\"https:\/\/www.oliferm.com\/producte\/ametlles-crua-pell-500gr\/\" \/>\n<meta property=\"og:site_name\" content=\"OliFERM - Oli d&#039;Oliva Verge Extra\" \/>\n<meta property=\"article:publisher\" content=\"https:\/\/www.facebook.com\/oliferm\" \/>\n<meta property=\"article:modified_time\" content=\"2025-02-10T08:11:39+00:00\" \/>\n<meta property=\"og:image\" content=\"https:\/\/www.oliferm.com\/wp-content\/uploads\/2025\/02\/Imagen-de-WhatsApp-2025-02-10-a-las-09.14.46_d04846d0-e1739175592115.jpg\" \/>\n\t<meta property=\"og:image:width\" content=\"1200\" \/>\n\t<meta property=\"og:image:height\" content=\"1600\" \/>\n\t<meta property=\"og:image:type\" content=\"image\/jpeg\" \/>\n<meta name=\"twitter:card\" content=\"summary_large_image\" \/>\n<!-- \/ Yoast SEO plugin. -->","yoast_head_json":{"title":"Amandes crues en peau 500gr - OliFERM - Oli d&#039;Oliva Verge Extra","robots":{"index":"index","follow":"follow","max-snippet":"max-snippet:-1","max-image-preview":"max-image-preview:large","max-video-preview":"max-video-preview:-1"},"canonical":"https:\/\/www.oliferm.com\/producte\/ametlles-crua-pell-500gr\/","og_locale":"fr_FR","og_type":"article","og_title":"Amandes crues en peau 500gr - OliFERM - Oli d&#039;Oliva Verge Extra","og_description":"Amandes crues avec peau emball\u00e9es sous vide 500gr. Un processus de production contr\u00f4l\u00e9 pour extraire la qualit\u00e9 maximale fait de nos amandes un produit incroyable. Amandes de cat\u00e9gorie extra, avec une saveur et un go\u00fbt incomparables.","og_url":"https:\/\/www.oliferm.com\/producte\/ametlles-crua-pell-500gr\/","og_site_name":"OliFERM - Oli d&#039;Oliva Verge Extra","article_publisher":"https:\/\/www.facebook.com\/oliferm","article_modified_time":"2025-02-10T08:11:39+00:00","og_image":[{"width":1200,"height":1600,"url":"https:\/\/www.oliferm.com\/wp-content\/uploads\/2025\/02\/Imagen-de-WhatsApp-2025-02-10-a-las-09.14.46_d04846d0-e1739175592115.jpg","type":"image\/jpeg"}],"twitter_card":"summary_large_image","schema":{"@context":"https:\/\/schema.org","@graph":[{"@type":"WebPage","@id":"https:\/\/www.oliferm.com\/producte\/ametlles-crua-pell-500gr\/","url":"https:\/\/www.oliferm.com\/producte\/ametlles-crua-pell-500gr\/","name":"Amandes crues en peau 500gr - OliFERM - Oli d&#039;Oliva Verge Extra","isPartOf":{"@id":"https:\/\/www.oliferm.com\/#website"},"primaryImageOfPage":{"@id":"https:\/\/www.oliferm.com\/producte\/ametlles-crua-pell-500gr\/#primaryimage"},"image":{"@id":"https:\/\/www.oliferm.com\/producte\/ametlles-crua-pell-500gr\/#primaryimage"},"thumbnailUrl":"https:\/\/www.oliferm.com\/wp-content\/uploads\/2025\/02\/Imagen-de-WhatsApp-2025-02-10-a-las-09.14.46_d04846d0-e1739175592115.jpg","datePublished":"2025-02-10T08:10:08+00:00","dateModified":"2025-02-10T08:11:39+00:00","breadcrumb":{"@id":"https:\/\/www.oliferm.com\/producte\/ametlles-crua-pell-500gr\/#breadcrumb"},"inLanguage":"fr-FR","potentialAction":[{"@type":"ReadAction","target":["https:\/\/www.oliferm.com\/producte\/ametlles-crua-pell-500gr\/"]}]},{"@type":"ImageObject","inLanguage":"fr-FR","@id":"https:\/\/www.oliferm.com\/producte\/ametlles-crua-pell-500gr\/#primaryimage","url":"https:\/\/www.oliferm.com\/wp-content\/uploads\/2025\/02\/Imagen-de-WhatsApp-2025-02-10-a-las-09.14.46_d04846d0-e1739175592115.jpg","contentUrl":"https:\/\/www.oliferm.com\/wp-content\/uploads\/2025\/02\/Imagen-de-WhatsApp-2025-02-10-a-las-09.14.46_d04846d0-e1739175592115.jpg","width":1200,"height":1600},{"@type":"BreadcrumbList","@id":"https:\/\/www.oliferm.com\/producte\/ametlles-crua-pell-500gr\/#breadcrumb","itemListElement":[{"@type":"ListItem","position":1,"name":"Inici","item":"https:\/\/www.oliferm.com\/fr\/"},{"@type":"ListItem","position":2,"name":"Tous les produits","item":"https:\/\/www.oliferm.com\/tots-els-productes\/"},{"@type":"ListItem","position":3,"name":"Ametlles i Mel","item":"https:\/\/www.oliferm.com\/categoria-producte\/ametlles-i-mel\/"},{"@type":"ListItem","position":4,"name":"Amandes crues en peau 500gr"}]},{"@type":"WebSite","@id":"https:\/\/www.oliferm.com\/#website","url":"https:\/\/www.oliferm.com\/","name":"OliFERM - Oli d&#039;Oliva Verge Extra","description":"Cooperativa de Castelldans","publisher":{"@id":"https:\/\/www.oliferm.com\/#organization"},"potentialAction":[{"@type":"SearchAction","target":{"@type":"EntryPoint","urlTemplate":"https:\/\/www.oliferm.com\/?s={search_term_string}"},"query-input":{"@type":"PropertyValueSpecification","valueRequired":true,"valueName":"search_term_string"}}],"inLanguage":"fr-FR"},{"@type":"Organization","@id":"https:\/\/www.oliferm.com\/#organization","name":"OliFERM - Cooperativa de Castelldans","url":"https:\/\/www.oliferm.com\/","logo":{"@type":"ImageObject","inLanguage":"fr-FR","@id":"https:\/\/www.oliferm.com\/#\/schema\/logo\/image\/","url":"https:\/\/www.oliferm.com\/wp-content\/uploads\/2022\/02\/logo-ppal.png","contentUrl":"https:\/\/www.oliferm.com\/wp-content\/uploads\/2022\/02\/logo-ppal.png","width":700,"height":542,"caption":"OliFERM - Cooperativa de Castelldans"},"image":{"@id":"https:\/\/www.oliferm.com\/#\/schema\/logo\/image\/"},"sameAs":["https:\/\/www.facebook.com\/oliferm","https:\/\/www.instagram.com\/cooperativacastelldans\/"]}]}},"_links":{"self":[{"href":"https:\/\/www.oliferm.com\/fr\/wp-json\/wp\/v2\/product\/2650","targetHints":{"allow":["GET"]}}],"collection":[{"href":"https:\/\/www.oliferm.com\/fr\/wp-json\/wp\/v2\/product"}],"about":[{"href":"https:\/\/www.oliferm.com\/fr\/wp-json\/wp\/v2\/types\/product"}],"replies":[{"embeddable":true,"href":"https:\/\/www.oliferm.com\/fr\/wp-json\/wp\/v2\/comments?post=2650"}],"wp:featuredmedia":[{"embeddable":true,"href":"https:\/\/www.oliferm.com\/fr\/wp-json\/wp\/v2\/media\/2653"}],"wp:attachment":[{"href":"https:\/\/www.oliferm.com\/fr\/wp-json\/wp\/v2\/media?parent=2650"}],"wp:term":[{"taxonomy":"product_brand","embeddable":true,"href":"https:\/\/www.oliferm.com\/fr\/wp-json\/wp\/v2\/product_brand?post=2650"},{"taxonomy":"product_cat","embeddable":true,"href":"https:\/\/www.oliferm.com\/fr\/wp-json\/wp\/v2\/product_cat?post=2650"},{"taxonomy":"product_tag","embeddable":true,"href":"https:\/\/www.oliferm.com\/fr\/wp-json\/wp\/v2\/product_tag?post=2650"}],"curies":[{"name":"wp","href":"https:\/\/api.w.org\/{rel}","templated":true}]}}