{"id":935,"date":"2022-02-24T11:20:28","date_gmt":"2022-02-24T11:20:28","guid":{"rendered":"https:\/\/www.oliferm.com\/producte\/pate-dolives-bodeferm-100gr\/"},"modified":"2023-10-30T17:40:29","modified_gmt":"2023-10-30T17:40:29","slug":"pate-dolives-bodeferm-100gr","status":"publish","type":"product","link":"https:\/\/www.oliferm.com\/fr\/producte\/pate-dolives-bodeferm-100gr\/","title":{"rendered":"P\u00e2t\u00e9 d\u2019olives BOdeFERM 100gr"},"content":{"rendered":"<p>P\u00e2t\u00e9 de nos olives BOdeFERM de 100gr.<br \/>\nUn produit exquis pour les amateurs de nos olives, avec une qualit\u00e9 et une saveur difficiles \u00e0 \u00e9galer.<br \/>\nSavourez le go\u00fbt de nos olives avec une \u00e9laboration gourmande.<\/p>\n","protected":false},"excerpt":{"rendered":"<p>P\u00e2t\u00e9 de nos olives BOdeFERM de 100gr. Un produit exquis pour les amateurs de nos olives, avec une qualit\u00e9 et une saveur difficiles \u00e0 \u00e9galer. Savourez le go\u00fbt de nos olives avec une \u00e9laboration gourmande.<\/p>\n","protected":false},"featured_media":937,"comment_status":"open","ping_status":"closed","template":"","meta":{"_acf_changed":false},"product_brand":[],"product_cat":[95],"product_tag":[],"class_list":{"0":"post-935","1":"product","2":"type-product","3":"status-publish","4":"has-post-thumbnail","6":"product_cat-olives-et-pates","7":"product_shipping_class-0kg-fr","9":"first","10":"instock","11":"taxable","12":"shipping-taxable","13":"purchasable","14":"product-type-simple"},"acf":[],"yoast_head":"<!-- This site is optimized with the Yoast SEO plugin v27.5 - https:\/\/yoast.com\/product\/yoast-seo-wordpress\/ -->\n<title>P\u00e2t\u00e9 d\u2019olives BOdeFERM 100gr - OliFERM - Oli d&#039;Oliva Verge Extra<\/title>\n<meta name=\"robots\" content=\"index, follow, max-snippet:-1, max-image-preview:large, max-video-preview:-1\" \/>\n<link rel=\"canonical\" href=\"https:\/\/www.oliferm.com\/fr\/producte\/pate-dolives-bodeferm-100gr\/\" \/>\n<meta property=\"og:locale\" content=\"fr_FR\" \/>\n<meta property=\"og:type\" content=\"article\" \/>\n<meta property=\"og:title\" content=\"P\u00e2t\u00e9 d\u2019olives BOdeFERM 100gr - OliFERM - Oli d&#039;Oliva Verge Extra\" \/>\n<meta property=\"og:description\" content=\"P\u00e2t\u00e9 de nos olives BOdeFERM de 100gr. Un produit exquis pour les amateurs de nos olives, avec une qualit\u00e9 et une saveur difficiles \u00e0 \u00e9galer. Savourez le go\u00fbt de nos olives avec une \u00e9laboration gourmande.\" \/>\n<meta property=\"og:url\" content=\"https:\/\/www.oliferm.com\/fr\/producte\/pate-dolives-bodeferm-100gr\/\" \/>\n<meta property=\"og:site_name\" content=\"OliFERM - Oli d&#039;Oliva Verge Extra\" \/>\n<meta property=\"article:publisher\" content=\"https:\/\/www.facebook.com\/oliferm\" \/>\n<meta property=\"article:modified_time\" content=\"2023-10-30T17:40:29+00:00\" \/>\n<meta property=\"og:image\" content=\"https:\/\/www.oliferm.com\/wp-content\/uploads\/2022\/02\/OLIVADA_b4113b5e-a11d-4c4e-8611-b3ac60e392bc_1728x-1.png\" \/>\n\t<meta property=\"og:image:width\" content=\"1300\" \/>\n\t<meta property=\"og:image:height\" content=\"1300\" \/>\n\t<meta property=\"og:image:type\" content=\"image\/png\" \/>\n<meta name=\"twitter:card\" content=\"summary_large_image\" \/>\n<!-- \/ Yoast SEO plugin. -->","yoast_head_json":{"title":"P\u00e2t\u00e9 d\u2019olives BOdeFERM 100gr - OliFERM - Oli d&#039;Oliva Verge Extra","robots":{"index":"index","follow":"follow","max-snippet":"max-snippet:-1","max-image-preview":"max-image-preview:large","max-video-preview":"max-video-preview:-1"},"canonical":"https:\/\/www.oliferm.com\/fr\/producte\/pate-dolives-bodeferm-100gr\/","og_locale":"fr_FR","og_type":"article","og_title":"P\u00e2t\u00e9 d\u2019olives BOdeFERM 100gr - OliFERM - Oli d&#039;Oliva Verge Extra","og_description":"P\u00e2t\u00e9 de nos olives BOdeFERM de 100gr. Un produit exquis pour les amateurs de nos olives, avec une qualit\u00e9 et une saveur difficiles \u00e0 \u00e9galer. Savourez le go\u00fbt de nos olives avec une \u00e9laboration gourmande.","og_url":"https:\/\/www.oliferm.com\/fr\/producte\/pate-dolives-bodeferm-100gr\/","og_site_name":"OliFERM - Oli d&#039;Oliva Verge Extra","article_publisher":"https:\/\/www.facebook.com\/oliferm","article_modified_time":"2023-10-30T17:40:29+00:00","og_image":[{"width":1300,"height":1300,"url":"https:\/\/www.oliferm.com\/wp-content\/uploads\/2022\/02\/OLIVADA_b4113b5e-a11d-4c4e-8611-b3ac60e392bc_1728x-1.png","type":"image\/png"}],"twitter_card":"summary_large_image","schema":{"@context":"https:\/\/schema.org","@graph":[{"@type":"WebPage","@id":"https:\/\/www.oliferm.com\/fr\/producte\/pate-dolives-bodeferm-100gr\/","url":"https:\/\/www.oliferm.com\/fr\/producte\/pate-dolives-bodeferm-100gr\/","name":"P\u00e2t\u00e9 d\u2019olives BOdeFERM 100gr - OliFERM - Oli d&#039;Oliva Verge Extra","isPartOf":{"@id":"https:\/\/www.oliferm.com\/#website"},"primaryImageOfPage":{"@id":"https:\/\/www.oliferm.com\/fr\/producte\/pate-dolives-bodeferm-100gr\/#primaryimage"},"image":{"@id":"https:\/\/www.oliferm.com\/fr\/producte\/pate-dolives-bodeferm-100gr\/#primaryimage"},"thumbnailUrl":"https:\/\/www.oliferm.com\/wp-content\/uploads\/2022\/02\/OLIVADA_b4113b5e-a11d-4c4e-8611-b3ac60e392bc_1728x-1.png","datePublished":"2022-02-24T11:20:28+00:00","dateModified":"2023-10-30T17:40:29+00:00","breadcrumb":{"@id":"https:\/\/www.oliferm.com\/fr\/producte\/pate-dolives-bodeferm-100gr\/#breadcrumb"},"inLanguage":"fr-FR","potentialAction":[{"@type":"ReadAction","target":["https:\/\/www.oliferm.com\/fr\/producte\/pate-dolives-bodeferm-100gr\/"]}]},{"@type":"ImageObject","inLanguage":"fr-FR","@id":"https:\/\/www.oliferm.com\/fr\/producte\/pate-dolives-bodeferm-100gr\/#primaryimage","url":"https:\/\/www.oliferm.com\/wp-content\/uploads\/2022\/02\/OLIVADA_b4113b5e-a11d-4c4e-8611-b3ac60e392bc_1728x-1.png","contentUrl":"https:\/\/www.oliferm.com\/wp-content\/uploads\/2022\/02\/OLIVADA_b4113b5e-a11d-4c4e-8611-b3ac60e392bc_1728x-1.png","width":1300,"height":1300,"caption":"olivada de arberquina de Bo de FERM"},{"@type":"BreadcrumbList","@id":"https:\/\/www.oliferm.com\/fr\/producte\/pate-dolives-bodeferm-100gr\/#breadcrumb","itemListElement":[{"@type":"ListItem","position":1,"name":"Inici","item":"https:\/\/www.oliferm.com\/fr\/"},{"@type":"ListItem","position":2,"name":"Tous les produits","item":"https:\/\/www.oliferm.com\/tots-els-productes\/"},{"@type":"ListItem","position":3,"name":"Olives i Pat\u00e9s","item":"https:\/\/www.oliferm.com\/categoria-producte\/olives-i-pates\/"},{"@type":"ListItem","position":4,"name":"P\u00e2t\u00e9 d\u2019olives BOdeFERM 100gr"}]},{"@type":"WebSite","@id":"https:\/\/www.oliferm.com\/#website","url":"https:\/\/www.oliferm.com\/","name":"OliFERM - Oli d&#039;Oliva Verge Extra","description":"Cooperativa de Castelldans","publisher":{"@id":"https:\/\/www.oliferm.com\/#organization"},"potentialAction":[{"@type":"SearchAction","target":{"@type":"EntryPoint","urlTemplate":"https:\/\/www.oliferm.com\/?s={search_term_string}"},"query-input":{"@type":"PropertyValueSpecification","valueRequired":true,"valueName":"search_term_string"}}],"inLanguage":"fr-FR"},{"@type":"Organization","@id":"https:\/\/www.oliferm.com\/#organization","name":"OliFERM - Cooperativa de Castelldans","url":"https:\/\/www.oliferm.com\/","logo":{"@type":"ImageObject","inLanguage":"fr-FR","@id":"https:\/\/www.oliferm.com\/#\/schema\/logo\/image\/","url":"https:\/\/www.oliferm.com\/wp-content\/uploads\/2022\/02\/logo-ppal.png","contentUrl":"https:\/\/www.oliferm.com\/wp-content\/uploads\/2022\/02\/logo-ppal.png","width":700,"height":542,"caption":"OliFERM - Cooperativa de Castelldans"},"image":{"@id":"https:\/\/www.oliferm.com\/#\/schema\/logo\/image\/"},"sameAs":["https:\/\/www.facebook.com\/oliferm","https:\/\/www.instagram.com\/cooperativacastelldans\/"]}]}},"_links":{"self":[{"href":"https:\/\/www.oliferm.com\/fr\/wp-json\/wp\/v2\/product\/935","targetHints":{"allow":["GET"]}}],"collection":[{"href":"https:\/\/www.oliferm.com\/fr\/wp-json\/wp\/v2\/product"}],"about":[{"href":"https:\/\/www.oliferm.com\/fr\/wp-json\/wp\/v2\/types\/product"}],"replies":[{"embeddable":true,"href":"https:\/\/www.oliferm.com\/fr\/wp-json\/wp\/v2\/comments?post=935"}],"wp:featuredmedia":[{"embeddable":true,"href":"https:\/\/www.oliferm.com\/fr\/wp-json\/wp\/v2\/media\/937"}],"wp:attachment":[{"href":"https:\/\/www.oliferm.com\/fr\/wp-json\/wp\/v2\/media?parent=935"}],"wp:term":[{"taxonomy":"product_brand","embeddable":true,"href":"https:\/\/www.oliferm.com\/fr\/wp-json\/wp\/v2\/product_brand?post=935"},{"taxonomy":"product_cat","embeddable":true,"href":"https:\/\/www.oliferm.com\/fr\/wp-json\/wp\/v2\/product_cat?post=935"},{"taxonomy":"product_tag","embeddable":true,"href":"https:\/\/www.oliferm.com\/fr\/wp-json\/wp\/v2\/product_tag?post=935"}],"curies":[{"name":"wp","href":"https:\/\/api.w.org\/{rel}","templated":true}]}}