{"id":944,"date":"2022-02-24T11:36:51","date_gmt":"2022-02-24T11:36:51","guid":{"rendered":"https:\/\/www.oliferm.com\/producte\/olives-bodeferm-450gr\/"},"modified":"2023-10-30T17:40:31","modified_gmt":"2023-10-30T17:40:31","slug":"olives-bodeferm-450gr","status":"publish","type":"product","link":"https:\/\/www.oliferm.com\/fr\/producte\/olives-bodeferm-450gr\/","title":{"rendered":"Olives BOdeFERM 450gr"},"content":{"rendered":"<p>Olives BOdeFERM de 450gr. de nos propres oliviers.<br \/>\nUn produit fait \u00e0 la main qui repr\u00e9sente parfaitement notre r\u00e9gion bien-aim\u00e9e.<br \/>\n<span class=\"goog-text-highlight\">Nous vous offrons une exp\u00e9rience gastronomique unique.<\/span><\/p>\n","protected":false},"excerpt":{"rendered":"<p>Olives BOdeFERM de 450gr. de nos propres oliviers. Un produit fait \u00e0 la main qui repr\u00e9sente parfaitement notre r\u00e9gion bien-aim\u00e9e. Nous vous offrons une exp\u00e9rience gastronomique unique.<\/p>\n","protected":false},"featured_media":945,"comment_status":"open","ping_status":"closed","template":"","meta":{"_acf_changed":false},"product_brand":[],"product_cat":[95],"product_tag":[],"class_list":{"0":"post-944","1":"product","2":"type-product","3":"status-publish","4":"has-post-thumbnail","6":"product_cat-olives-et-pates","7":"product_shipping_class-0kg-fr","9":"first","10":"instock","11":"taxable","12":"shipping-taxable","13":"purchasable","14":"product-type-simple"},"acf":[],"yoast_head":"<!-- This site is optimized with the Yoast SEO plugin v27.5 - https:\/\/yoast.com\/product\/yoast-seo-wordpress\/ -->\n<title>Olives BOdeFERM 450gr - OliFERM - Oli d&#039;Oliva Verge Extra<\/title>\n<meta name=\"robots\" content=\"index, follow, max-snippet:-1, max-image-preview:large, max-video-preview:-1\" \/>\n<link rel=\"canonical\" href=\"https:\/\/www.oliferm.com\/fr\/producte\/olives-bodeferm-450gr\/\" \/>\n<meta property=\"og:locale\" content=\"fr_FR\" \/>\n<meta property=\"og:type\" content=\"article\" \/>\n<meta property=\"og:title\" content=\"Olives BOdeFERM 450gr - OliFERM - Oli d&#039;Oliva Verge Extra\" \/>\n<meta property=\"og:description\" content=\"Olives BOdeFERM de 450gr. de nos propres oliviers. Un produit fait \u00e0 la main qui repr\u00e9sente parfaitement notre r\u00e9gion bien-aim\u00e9e. Nous vous offrons une exp\u00e9rience gastronomique unique.\" \/>\n<meta property=\"og:url\" content=\"https:\/\/www.oliferm.com\/fr\/producte\/olives-bodeferm-450gr\/\" \/>\n<meta property=\"og:site_name\" content=\"OliFERM - Oli d&#039;Oliva Verge Extra\" \/>\n<meta property=\"article:publisher\" content=\"https:\/\/www.facebook.com\/oliferm\" \/>\n<meta property=\"article:modified_time\" content=\"2023-10-30T17:40:31+00:00\" \/>\n<meta property=\"og:image\" content=\"https:\/\/www.oliferm.com\/wp-content\/uploads\/2022\/02\/ARBEQUIN-KG_2048x-1024x1024.png\" \/>\n\t<meta property=\"og:image:width\" content=\"1024\" \/>\n\t<meta property=\"og:image:height\" content=\"1024\" \/>\n\t<meta property=\"og:image:type\" content=\"image\/png\" \/>\n<meta name=\"twitter:card\" content=\"summary_large_image\" \/>\n<!-- \/ Yoast SEO plugin. -->","yoast_head_json":{"title":"Olives BOdeFERM 450gr - OliFERM - Oli d&#039;Oliva Verge Extra","robots":{"index":"index","follow":"follow","max-snippet":"max-snippet:-1","max-image-preview":"max-image-preview:large","max-video-preview":"max-video-preview:-1"},"canonical":"https:\/\/www.oliferm.com\/fr\/producte\/olives-bodeferm-450gr\/","og_locale":"fr_FR","og_type":"article","og_title":"Olives BOdeFERM 450gr - OliFERM - Oli d&#039;Oliva Verge Extra","og_description":"Olives BOdeFERM de 450gr. de nos propres oliviers. Un produit fait \u00e0 la main qui repr\u00e9sente parfaitement notre r\u00e9gion bien-aim\u00e9e. Nous vous offrons une exp\u00e9rience gastronomique unique.","og_url":"https:\/\/www.oliferm.com\/fr\/producte\/olives-bodeferm-450gr\/","og_site_name":"OliFERM - Oli d&#039;Oliva Verge Extra","article_publisher":"https:\/\/www.facebook.com\/oliferm","article_modified_time":"2023-10-30T17:40:31+00:00","og_image":[{"width":1024,"height":1024,"url":"https:\/\/www.oliferm.com\/wp-content\/uploads\/2022\/02\/ARBEQUIN-KG_2048x-1024x1024.png","type":"image\/png"}],"twitter_card":"summary_large_image","schema":{"@context":"https:\/\/schema.org","@graph":[{"@type":"WebPage","@id":"https:\/\/www.oliferm.com\/fr\/producte\/olives-bodeferm-450gr\/","url":"https:\/\/www.oliferm.com\/fr\/producte\/olives-bodeferm-450gr\/","name":"Olives BOdeFERM 450gr - OliFERM - Oli d&#039;Oliva Verge Extra","isPartOf":{"@id":"https:\/\/www.oliferm.com\/#website"},"primaryImageOfPage":{"@id":"https:\/\/www.oliferm.com\/fr\/producte\/olives-bodeferm-450gr\/#primaryimage"},"image":{"@id":"https:\/\/www.oliferm.com\/fr\/producte\/olives-bodeferm-450gr\/#primaryimage"},"thumbnailUrl":"https:\/\/www.oliferm.com\/wp-content\/uploads\/2022\/02\/ARBEQUIN-KG_2048x.png","datePublished":"2022-02-24T11:36:51+00:00","dateModified":"2023-10-30T17:40:31+00:00","breadcrumb":{"@id":"https:\/\/www.oliferm.com\/fr\/producte\/olives-bodeferm-450gr\/#breadcrumb"},"inLanguage":"fr-FR","potentialAction":[{"@type":"ReadAction","target":["https:\/\/www.oliferm.com\/fr\/producte\/olives-bodeferm-450gr\/"]}]},{"@type":"ImageObject","inLanguage":"fr-FR","@id":"https:\/\/www.oliferm.com\/fr\/producte\/olives-bodeferm-450gr\/#primaryimage","url":"https:\/\/www.oliferm.com\/wp-content\/uploads\/2022\/02\/ARBEQUIN-KG_2048x.png","contentUrl":"https:\/\/www.oliferm.com\/wp-content\/uploads\/2022\/02\/ARBEQUIN-KG_2048x.png","width":1873,"height":1874,"caption":"bote de olivas Bo de Ferm"},{"@type":"BreadcrumbList","@id":"https:\/\/www.oliferm.com\/fr\/producte\/olives-bodeferm-450gr\/#breadcrumb","itemListElement":[{"@type":"ListItem","position":1,"name":"Inici","item":"https:\/\/www.oliferm.com\/fr\/"},{"@type":"ListItem","position":2,"name":"Tous les produits","item":"https:\/\/www.oliferm.com\/tots-els-productes\/"},{"@type":"ListItem","position":3,"name":"Olives i Pat\u00e9s","item":"https:\/\/www.oliferm.com\/categoria-producte\/olives-i-pates\/"},{"@type":"ListItem","position":4,"name":"Olives BOdeFERM 450gr"}]},{"@type":"WebSite","@id":"https:\/\/www.oliferm.com\/#website","url":"https:\/\/www.oliferm.com\/","name":"OliFERM - Oli d&#039;Oliva Verge Extra","description":"Cooperativa de Castelldans","publisher":{"@id":"https:\/\/www.oliferm.com\/#organization"},"potentialAction":[{"@type":"SearchAction","target":{"@type":"EntryPoint","urlTemplate":"https:\/\/www.oliferm.com\/?s={search_term_string}"},"query-input":{"@type":"PropertyValueSpecification","valueRequired":true,"valueName":"search_term_string"}}],"inLanguage":"fr-FR"},{"@type":"Organization","@id":"https:\/\/www.oliferm.com\/#organization","name":"OliFERM - Cooperativa de Castelldans","url":"https:\/\/www.oliferm.com\/","logo":{"@type":"ImageObject","inLanguage":"fr-FR","@id":"https:\/\/www.oliferm.com\/#\/schema\/logo\/image\/","url":"https:\/\/www.oliferm.com\/wp-content\/uploads\/2022\/02\/logo-ppal.png","contentUrl":"https:\/\/www.oliferm.com\/wp-content\/uploads\/2022\/02\/logo-ppal.png","width":700,"height":542,"caption":"OliFERM - Cooperativa de Castelldans"},"image":{"@id":"https:\/\/www.oliferm.com\/#\/schema\/logo\/image\/"},"sameAs":["https:\/\/www.facebook.com\/oliferm","https:\/\/www.instagram.com\/cooperativacastelldans\/"]}]}},"_links":{"self":[{"href":"https:\/\/www.oliferm.com\/fr\/wp-json\/wp\/v2\/product\/944","targetHints":{"allow":["GET"]}}],"collection":[{"href":"https:\/\/www.oliferm.com\/fr\/wp-json\/wp\/v2\/product"}],"about":[{"href":"https:\/\/www.oliferm.com\/fr\/wp-json\/wp\/v2\/types\/product"}],"replies":[{"embeddable":true,"href":"https:\/\/www.oliferm.com\/fr\/wp-json\/wp\/v2\/comments?post=944"}],"wp:featuredmedia":[{"embeddable":true,"href":"https:\/\/www.oliferm.com\/fr\/wp-json\/wp\/v2\/media\/945"}],"wp:attachment":[{"href":"https:\/\/www.oliferm.com\/fr\/wp-json\/wp\/v2\/media?parent=944"}],"wp:term":[{"taxonomy":"product_brand","embeddable":true,"href":"https:\/\/www.oliferm.com\/fr\/wp-json\/wp\/v2\/product_brand?post=944"},{"taxonomy":"product_cat","embeddable":true,"href":"https:\/\/www.oliferm.com\/fr\/wp-json\/wp\/v2\/product_cat?post=944"},{"taxonomy":"product_tag","embeddable":true,"href":"https:\/\/www.oliferm.com\/fr\/wp-json\/wp\/v2\/product_tag?post=944"}],"curies":[{"name":"wp","href":"https:\/\/api.w.org\/{rel}","templated":true}]}}