{"id":946,"date":"2023-01-04T11:33:07","date_gmt":"2023-10-30T17:40:34","guid":{"rendered":"https:\/\/www.oliferm.com\/producte\/boite-de-3l-nouveau-epuise\/"},"modified":"2025-04-16T17:50:42","modified_gmt":"2025-04-16T17:50:42","slug":"ecrou-de-boite-de-3l","status":"publish","type":"product","link":"https:\/\/www.oliferm.com\/fr\/producte\/ecrou-de-boite-de-3l\/","title":{"rendered":"Bidon de 3L"},"content":{"rendered":"<p>Rejoignez l&rsquo;aventure culinaire avec notre bidon OliFERM de 3 litres, une invitation \u00e0 explorer le go\u00fbt authentique et riche que seule l&rsquo;huile d&rsquo;olive extra vierge peut offrir. Ce bidon n&rsquo;est pas seulement un t\u00e9moignage de la qualit\u00e9 sup\u00e9rieure de notre huile, mais aussi une d\u00e9claration de style, avec un design prim\u00e9 qui parle d&rsquo;\u00e9l\u00e9gance et de sophistication. Son format pratique en fait le compagnon id\u00e9al des amateurs de cuisine qui recherchent l&rsquo;\u00e9quilibre parfait entre fonctionnalit\u00e9 et esth\u00e9tique, en rehaussant la saveur de chaque plat d&rsquo;une touche acide in\u00e9gal\u00e9e et d&rsquo;une pr\u00e9sentation qui capture l&rsquo;essence de notre terre.  <\/p>\n<p>&nbsp;<\/p>\n<p>&nbsp;<\/p>\n<p>&nbsp;<\/p>\n<p><img loading=\"lazy\" decoding=\"async\" class=\"wp-image-1313 aligncenter\" src=\"https:\/\/www.oliferm.com\/wp-content\/uploads\/2024\/03\/VENDA-DE-PROXIMITAT-300x300.webp\" alt=\"logo des ventes de proximit\u00e9\" width=\"89\" height=\"89\"><\/p>\n","protected":false},"excerpt":{"rendered":"<p>Rejoignez l&rsquo;aventure culinaire avec notre bidon OliFERM de 3 litres, une invitation \u00e0 explorer le go\u00fbt authentique et riche que seule l&rsquo;huile d&rsquo;olive extra vierge peut offrir. Ce bidon n&rsquo;est pas seulement un t\u00e9moignage de la qualit\u00e9 sup\u00e9rieure de notre huile, mais aussi une d\u00e9claration de style, avec un design prim\u00e9 qui parle d&rsquo;\u00e9l\u00e9gance et [&hellip;]<\/p>\n","protected":false},"featured_media":1170,"comment_status":"open","ping_status":"closed","template":"","meta":{"_acf_changed":false},"product_brand":[],"product_cat":[96],"product_tag":[110,111,112],"class_list":{"0":"post-946","1":"product","2":"type-product","3":"status-publish","4":"has-post-thumbnail","6":"product_cat-huile-dolive-extra-vierge","7":"product_tag-bidon-3-l","8":"product_tag-evoo-fr","9":"product_tag-huile-dolive","11":"first","12":"instock","13":"taxable","14":"shipping-taxable","15":"purchasable","16":"product-type-simple"},"acf":[],"yoast_head":"<!-- This site is optimized with the Yoast SEO plugin v27.5 - https:\/\/yoast.com\/product\/yoast-seo-wordpress\/ -->\n<title>Bidon de 3L - OliFERM - Oli d&#039;Oliva Verge Extra<\/title>\n<meta name=\"description\" content=\"Notre bidon de 3 litres OliFERM, une invitation \u00e0 explorer le go\u00fbt authentique et riche que seule l&#039;huile d&#039;olive extra vierge peut offrir.\" \/>\n<meta name=\"robots\" content=\"index, follow, max-snippet:-1, max-image-preview:large, max-video-preview:-1\" \/>\n<link rel=\"canonical\" href=\"https:\/\/www.oliferm.com\/fr\/producte\/ecrou-de-boite-de-3l\/\" \/>\n<meta property=\"og:locale\" content=\"fr_FR\" \/>\n<meta property=\"og:type\" content=\"article\" \/>\n<meta property=\"og:title\" content=\"Bidon de 3L - OliFERM - Oli d&#039;Oliva Verge Extra\" \/>\n<meta property=\"og:description\" content=\"Notre bidon de 3 litres OliFERM, une invitation \u00e0 explorer le go\u00fbt authentique et riche que seule l&#039;huile d&#039;olive extra vierge peut offrir.\" \/>\n<meta property=\"og:url\" content=\"https:\/\/www.oliferm.com\/fr\/producte\/ecrou-de-boite-de-3l\/\" \/>\n<meta property=\"og:site_name\" content=\"OliFERM - Oli d&#039;Oliva Verge Extra\" \/>\n<meta property=\"article:publisher\" content=\"https:\/\/www.facebook.com\/oliferm\" \/>\n<meta property=\"article:modified_time\" content=\"2025-04-16T17:50:42+00:00\" \/>\n<meta property=\"og:image\" content=\"https:\/\/www.oliferm.com\/wp-content\/uploads\/2024\/01\/3l.png\" \/>\n\t<meta property=\"og:image:width\" content=\"1080\" \/>\n\t<meta property=\"og:image:height\" content=\"1080\" \/>\n\t<meta property=\"og:image:type\" content=\"image\/png\" \/>\n<meta name=\"twitter:card\" content=\"summary_large_image\" \/>\n<meta name=\"twitter:label1\" content=\"Dur\u00e9e de lecture estim\u00e9e\" \/>\n\t<meta name=\"twitter:data1\" content=\"1 minute\" \/>\n<!-- \/ Yoast SEO plugin. -->","yoast_head_json":{"title":"Bidon de 3L - OliFERM - Oli d&#039;Oliva Verge Extra","description":"Notre bidon de 3 litres OliFERM, une invitation \u00e0 explorer le go\u00fbt authentique et riche que seule l'huile d'olive extra vierge peut offrir.","robots":{"index":"index","follow":"follow","max-snippet":"max-snippet:-1","max-image-preview":"max-image-preview:large","max-video-preview":"max-video-preview:-1"},"canonical":"https:\/\/www.oliferm.com\/fr\/producte\/ecrou-de-boite-de-3l\/","og_locale":"fr_FR","og_type":"article","og_title":"Bidon de 3L - OliFERM - Oli d&#039;Oliva Verge Extra","og_description":"Notre bidon de 3 litres OliFERM, une invitation \u00e0 explorer le go\u00fbt authentique et riche que seule l'huile d'olive extra vierge peut offrir.","og_url":"https:\/\/www.oliferm.com\/fr\/producte\/ecrou-de-boite-de-3l\/","og_site_name":"OliFERM - Oli d&#039;Oliva Verge Extra","article_publisher":"https:\/\/www.facebook.com\/oliferm","article_modified_time":"2025-04-16T17:50:42+00:00","og_image":[{"width":1080,"height":1080,"url":"https:\/\/www.oliferm.com\/wp-content\/uploads\/2024\/01\/3l.png","type":"image\/png"}],"twitter_card":"summary_large_image","twitter_misc":{"Dur\u00e9e de lecture estim\u00e9e":"1 minute"},"schema":{"@context":"https:\/\/schema.org","@graph":[{"@type":"WebPage","@id":"https:\/\/www.oliferm.com\/fr\/producte\/ecrou-de-boite-de-3l\/","url":"https:\/\/www.oliferm.com\/fr\/producte\/ecrou-de-boite-de-3l\/","name":"Bidon de 3L - OliFERM - Oli d&#039;Oliva Verge Extra","isPartOf":{"@id":"https:\/\/www.oliferm.com\/#website"},"primaryImageOfPage":{"@id":"https:\/\/www.oliferm.com\/fr\/producte\/ecrou-de-boite-de-3l\/#primaryimage"},"image":{"@id":"https:\/\/www.oliferm.com\/fr\/producte\/ecrou-de-boite-de-3l\/#primaryimage"},"thumbnailUrl":"https:\/\/www.oliferm.com\/wp-content\/uploads\/2024\/01\/3l.png","datePublished":"2023-10-30T17:40:34+00:00","dateModified":"2025-04-16T17:50:42+00:00","description":"Notre bidon de 3 litres OliFERM, une invitation \u00e0 explorer le go\u00fbt authentique et riche que seule l'huile d'olive extra vierge peut offrir.","breadcrumb":{"@id":"https:\/\/www.oliferm.com\/fr\/producte\/ecrou-de-boite-de-3l\/#breadcrumb"},"inLanguage":"fr-FR","potentialAction":[{"@type":"ReadAction","target":["https:\/\/www.oliferm.com\/fr\/producte\/ecrou-de-boite-de-3l\/"]}]},{"@type":"ImageObject","inLanguage":"fr-FR","@id":"https:\/\/www.oliferm.com\/fr\/producte\/ecrou-de-boite-de-3l\/#primaryimage","url":"https:\/\/www.oliferm.com\/wp-content\/uploads\/2024\/01\/3l.png","contentUrl":"https:\/\/www.oliferm.com\/wp-content\/uploads\/2024\/01\/3l.png","width":1080,"height":1080,"caption":"OliFERM bo\u00eete de 3l"},{"@type":"BreadcrumbList","@id":"https:\/\/www.oliferm.com\/fr\/producte\/ecrou-de-boite-de-3l\/#breadcrumb","itemListElement":[{"@type":"ListItem","position":1,"name":"Inici","item":"https:\/\/www.oliferm.com\/fr\/"},{"@type":"ListItem","position":2,"name":"Tous les produits","item":"https:\/\/www.oliferm.com\/tots-els-productes\/"},{"@type":"ListItem","position":3,"name":"Oli d'Oliva verge extra","item":"https:\/\/www.oliferm.com\/categoria-producte\/oli-doliva-verge-extra\/"},{"@type":"ListItem","position":4,"name":"Bidon de 3L"}]},{"@type":"WebSite","@id":"https:\/\/www.oliferm.com\/#website","url":"https:\/\/www.oliferm.com\/","name":"OliFERM - Oli d&#039;Oliva Verge Extra","description":"Cooperativa de Castelldans","publisher":{"@id":"https:\/\/www.oliferm.com\/#organization"},"potentialAction":[{"@type":"SearchAction","target":{"@type":"EntryPoint","urlTemplate":"https:\/\/www.oliferm.com\/?s={search_term_string}"},"query-input":{"@type":"PropertyValueSpecification","valueRequired":true,"valueName":"search_term_string"}}],"inLanguage":"fr-FR"},{"@type":"Organization","@id":"https:\/\/www.oliferm.com\/#organization","name":"OliFERM - Cooperativa de Castelldans","url":"https:\/\/www.oliferm.com\/","logo":{"@type":"ImageObject","inLanguage":"fr-FR","@id":"https:\/\/www.oliferm.com\/#\/schema\/logo\/image\/","url":"https:\/\/www.oliferm.com\/wp-content\/uploads\/2022\/02\/logo-ppal.png","contentUrl":"https:\/\/www.oliferm.com\/wp-content\/uploads\/2022\/02\/logo-ppal.png","width":700,"height":542,"caption":"OliFERM - Cooperativa de Castelldans"},"image":{"@id":"https:\/\/www.oliferm.com\/#\/schema\/logo\/image\/"},"sameAs":["https:\/\/www.facebook.com\/oliferm","https:\/\/www.instagram.com\/cooperativacastelldans\/"]}]}},"_links":{"self":[{"href":"https:\/\/www.oliferm.com\/fr\/wp-json\/wp\/v2\/product\/946","targetHints":{"allow":["GET"]}}],"collection":[{"href":"https:\/\/www.oliferm.com\/fr\/wp-json\/wp\/v2\/product"}],"about":[{"href":"https:\/\/www.oliferm.com\/fr\/wp-json\/wp\/v2\/types\/product"}],"replies":[{"embeddable":true,"href":"https:\/\/www.oliferm.com\/fr\/wp-json\/wp\/v2\/comments?post=946"}],"wp:featuredmedia":[{"embeddable":true,"href":"https:\/\/www.oliferm.com\/fr\/wp-json\/wp\/v2\/media\/1170"}],"wp:attachment":[{"href":"https:\/\/www.oliferm.com\/fr\/wp-json\/wp\/v2\/media?parent=946"}],"wp:term":[{"taxonomy":"product_brand","embeddable":true,"href":"https:\/\/www.oliferm.com\/fr\/wp-json\/wp\/v2\/product_brand?post=946"},{"taxonomy":"product_cat","embeddable":true,"href":"https:\/\/www.oliferm.com\/fr\/wp-json\/wp\/v2\/product_cat?post=946"},{"taxonomy":"product_tag","embeddable":true,"href":"https:\/\/www.oliferm.com\/fr\/wp-json\/wp\/v2\/product_tag?post=946"}],"curies":[{"name":"wp","href":"https:\/\/api.w.org\/{rel}","templated":true}]}}