{"id":953,"date":"2023-01-04T11:33:48","date_gmt":"2023-10-30T17:40:35","guid":{"rendered":"https:\/\/www.oliferm.com\/producte\/boite-de-5l-nouveau-epuise\/"},"modified":"2025-04-16T17:50:32","modified_gmt":"2025-04-16T17:50:32","slug":"ecrou-de-boite-de-5l","status":"publish","type":"product","link":"https:\/\/www.oliferm.com\/fr\/producte\/ecrou-de-boite-de-5l\/","title":{"rendered":"Bidon 5L &#8211; Nouveau !"},"content":{"rendered":"<p>Notre d\u00e9licieux OliFERM est une exp\u00e9rience gastronomique tout \u00e0 fait inhabituelle. Il rehausse le go\u00fbt des recettes gr\u00e2ce \u00e0 l&rsquo;acidit\u00e9 in\u00e9gal\u00e9e de l&rsquo;huile vierge extra. <\/p>\n","protected":false},"excerpt":{"rendered":"<p>Notre d\u00e9licieux OliFERM est une exp\u00e9rience gastronomique tout \u00e0 fait inhabituelle. Il rehausse le go\u00fbt des recettes gr\u00e2ce \u00e0 l&rsquo;acidit\u00e9 in\u00e9gal\u00e9e de l&rsquo;huile vierge extra.<\/p>\n","protected":false},"featured_media":1165,"comment_status":"open","ping_status":"closed","template":"","meta":{"_acf_changed":false},"product_brand":[],"product_cat":[96],"product_tag":[],"class_list":{"0":"post-953","1":"product","2":"type-product","3":"status-publish","4":"has-post-thumbnail","6":"product_cat-huile-dolive-extra-vierge","7":"product_shipping_class-0kg-fr","9":"first","10":"instock","11":"taxable","12":"shipping-taxable","13":"purchasable","14":"product-type-simple"},"acf":[],"yoast_head":"<!-- This site is optimized with the Yoast SEO plugin v27.5 - https:\/\/yoast.com\/product\/yoast-seo-wordpress\/ -->\n<title>Bidon 5L - Nouveau ! - OliFERM - Oli d&#039;Oliva Verge Extra<\/title>\n<meta name=\"description\" content=\"Notre bidon de 5 litres repr\u00e9sente la fusion parfaite entre quantit\u00e9 et qualit\u00e9. R\u00e9compens\u00e9 pour sa beaut\u00e9 et sa fonctionnalit\u00e9\" \/>\n<meta name=\"robots\" content=\"index, follow, max-snippet:-1, max-image-preview:large, max-video-preview:-1\" \/>\n<link rel=\"canonical\" href=\"https:\/\/www.oliferm.com\/fr\/producte\/ecrou-de-boite-de-5l\/\" \/>\n<meta property=\"og:locale\" content=\"fr_FR\" \/>\n<meta property=\"og:type\" content=\"article\" \/>\n<meta property=\"og:title\" content=\"Bidon 5L - Nouveau ! - OliFERM - Oli d&#039;Oliva Verge Extra\" \/>\n<meta property=\"og:description\" content=\"Notre bidon de 5 litres repr\u00e9sente la fusion parfaite entre quantit\u00e9 et qualit\u00e9. R\u00e9compens\u00e9 pour sa beaut\u00e9 et sa fonctionnalit\u00e9\" \/>\n<meta property=\"og:url\" content=\"https:\/\/www.oliferm.com\/fr\/producte\/ecrou-de-boite-de-5l\/\" \/>\n<meta property=\"og:site_name\" content=\"OliFERM - Oli d&#039;Oliva Verge Extra\" \/>\n<meta property=\"article:publisher\" content=\"https:\/\/www.facebook.com\/oliferm\" \/>\n<meta property=\"article:modified_time\" content=\"2025-04-16T17:50:32+00:00\" \/>\n<meta property=\"og:image\" content=\"https:\/\/www.oliferm.com\/wp-content\/uploads\/2024\/01\/5l.png\" \/>\n\t<meta property=\"og:image:width\" content=\"1080\" \/>\n\t<meta property=\"og:image:height\" content=\"1080\" \/>\n\t<meta property=\"og:image:type\" content=\"image\/png\" \/>\n<meta name=\"twitter:card\" content=\"summary_large_image\" \/>\n<!-- \/ Yoast SEO plugin. -->","yoast_head_json":{"title":"Bidon 5L - Nouveau ! - OliFERM - Oli d&#039;Oliva Verge Extra","description":"Notre bidon de 5 litres repr\u00e9sente la fusion parfaite entre quantit\u00e9 et qualit\u00e9. R\u00e9compens\u00e9 pour sa beaut\u00e9 et sa fonctionnalit\u00e9","robots":{"index":"index","follow":"follow","max-snippet":"max-snippet:-1","max-image-preview":"max-image-preview:large","max-video-preview":"max-video-preview:-1"},"canonical":"https:\/\/www.oliferm.com\/fr\/producte\/ecrou-de-boite-de-5l\/","og_locale":"fr_FR","og_type":"article","og_title":"Bidon 5L - Nouveau ! - OliFERM - Oli d&#039;Oliva Verge Extra","og_description":"Notre bidon de 5 litres repr\u00e9sente la fusion parfaite entre quantit\u00e9 et qualit\u00e9. R\u00e9compens\u00e9 pour sa beaut\u00e9 et sa fonctionnalit\u00e9","og_url":"https:\/\/www.oliferm.com\/fr\/producte\/ecrou-de-boite-de-5l\/","og_site_name":"OliFERM - Oli d&#039;Oliva Verge Extra","article_publisher":"https:\/\/www.facebook.com\/oliferm","article_modified_time":"2025-04-16T17:50:32+00:00","og_image":[{"width":1080,"height":1080,"url":"https:\/\/www.oliferm.com\/wp-content\/uploads\/2024\/01\/5l.png","type":"image\/png"}],"twitter_card":"summary_large_image","schema":{"@context":"https:\/\/schema.org","@graph":[{"@type":"WebPage","@id":"https:\/\/www.oliferm.com\/fr\/producte\/ecrou-de-boite-de-5l\/","url":"https:\/\/www.oliferm.com\/fr\/producte\/ecrou-de-boite-de-5l\/","name":"Bidon 5L - Nouveau ! - OliFERM - Oli d&#039;Oliva Verge Extra","isPartOf":{"@id":"https:\/\/www.oliferm.com\/#website"},"primaryImageOfPage":{"@id":"https:\/\/www.oliferm.com\/fr\/producte\/ecrou-de-boite-de-5l\/#primaryimage"},"image":{"@id":"https:\/\/www.oliferm.com\/fr\/producte\/ecrou-de-boite-de-5l\/#primaryimage"},"thumbnailUrl":"https:\/\/www.oliferm.com\/wp-content\/uploads\/2024\/01\/5l.png","datePublished":"2023-10-30T17:40:35+00:00","dateModified":"2025-04-16T17:50:32+00:00","description":"Notre bidon de 5 litres repr\u00e9sente la fusion parfaite entre quantit\u00e9 et qualit\u00e9. R\u00e9compens\u00e9 pour sa beaut\u00e9 et sa fonctionnalit\u00e9","breadcrumb":{"@id":"https:\/\/www.oliferm.com\/fr\/producte\/ecrou-de-boite-de-5l\/#breadcrumb"},"inLanguage":"fr-FR","potentialAction":[{"@type":"ReadAction","target":["https:\/\/www.oliferm.com\/fr\/producte\/ecrou-de-boite-de-5l\/"]}]},{"@type":"ImageObject","inLanguage":"fr-FR","@id":"https:\/\/www.oliferm.com\/fr\/producte\/ecrou-de-boite-de-5l\/#primaryimage","url":"https:\/\/www.oliferm.com\/wp-content\/uploads\/2024\/01\/5l.png","contentUrl":"https:\/\/www.oliferm.com\/wp-content\/uploads\/2024\/01\/5l.png","width":1080,"height":1080,"caption":"OliFERM 5l bo\u00eete"},{"@type":"BreadcrumbList","@id":"https:\/\/www.oliferm.com\/fr\/producte\/ecrou-de-boite-de-5l\/#breadcrumb","itemListElement":[{"@type":"ListItem","position":1,"name":"Inici","item":"https:\/\/www.oliferm.com\/fr\/"},{"@type":"ListItem","position":2,"name":"Tous les produits","item":"https:\/\/www.oliferm.com\/tots-els-productes\/"},{"@type":"ListItem","position":3,"name":"Oli d'Oliva verge extra","item":"https:\/\/www.oliferm.com\/categoria-producte\/oli-doliva-verge-extra\/"},{"@type":"ListItem","position":4,"name":"Bidon 5L &#8211; Nouveau !"}]},{"@type":"WebSite","@id":"https:\/\/www.oliferm.com\/#website","url":"https:\/\/www.oliferm.com\/","name":"OliFERM - Oli d&#039;Oliva Verge Extra","description":"Cooperativa de Castelldans","publisher":{"@id":"https:\/\/www.oliferm.com\/#organization"},"potentialAction":[{"@type":"SearchAction","target":{"@type":"EntryPoint","urlTemplate":"https:\/\/www.oliferm.com\/?s={search_term_string}"},"query-input":{"@type":"PropertyValueSpecification","valueRequired":true,"valueName":"search_term_string"}}],"inLanguage":"fr-FR"},{"@type":"Organization","@id":"https:\/\/www.oliferm.com\/#organization","name":"OliFERM - Cooperativa de Castelldans","url":"https:\/\/www.oliferm.com\/","logo":{"@type":"ImageObject","inLanguage":"fr-FR","@id":"https:\/\/www.oliferm.com\/#\/schema\/logo\/image\/","url":"https:\/\/www.oliferm.com\/wp-content\/uploads\/2022\/02\/logo-ppal.png","contentUrl":"https:\/\/www.oliferm.com\/wp-content\/uploads\/2022\/02\/logo-ppal.png","width":700,"height":542,"caption":"OliFERM - Cooperativa de Castelldans"},"image":{"@id":"https:\/\/www.oliferm.com\/#\/schema\/logo\/image\/"},"sameAs":["https:\/\/www.facebook.com\/oliferm","https:\/\/www.instagram.com\/cooperativacastelldans\/"]}]}},"_links":{"self":[{"href":"https:\/\/www.oliferm.com\/fr\/wp-json\/wp\/v2\/product\/953","targetHints":{"allow":["GET"]}}],"collection":[{"href":"https:\/\/www.oliferm.com\/fr\/wp-json\/wp\/v2\/product"}],"about":[{"href":"https:\/\/www.oliferm.com\/fr\/wp-json\/wp\/v2\/types\/product"}],"replies":[{"embeddable":true,"href":"https:\/\/www.oliferm.com\/fr\/wp-json\/wp\/v2\/comments?post=953"}],"wp:featuredmedia":[{"embeddable":true,"href":"https:\/\/www.oliferm.com\/fr\/wp-json\/wp\/v2\/media\/1165"}],"wp:attachment":[{"href":"https:\/\/www.oliferm.com\/fr\/wp-json\/wp\/v2\/media?parent=953"}],"wp:term":[{"taxonomy":"product_brand","embeddable":true,"href":"https:\/\/www.oliferm.com\/fr\/wp-json\/wp\/v2\/product_brand?post=953"},{"taxonomy":"product_cat","embeddable":true,"href":"https:\/\/www.oliferm.com\/fr\/wp-json\/wp\/v2\/product_cat?post=953"},{"taxonomy":"product_tag","embeddable":true,"href":"https:\/\/www.oliferm.com\/fr\/wp-json\/wp\/v2\/product_tag?post=953"}],"curies":[{"name":"wp","href":"https:\/\/api.w.org\/{rel}","templated":true}]}}