{"id":985,"date":"2022-11-15T14:43:01","date_gmt":"2022-11-15T14:43:01","guid":{"rendered":"https:\/\/www.oliferm.com\/producte\/bouteille-oliferm-del-raig-de-5l-epuise\/"},"modified":"2025-11-07T08:24:25","modified_gmt":"2025-11-07T08:24:25","slug":"garrafa-5l-oliferm-del-raig","status":"publish","type":"product","link":"https:\/\/www.oliferm.com\/fr\/producte\/garrafa-5l-oliferm-del-raig\/","title":{"rendered":"OliFERM del Raig Bouteille 5L &#8211; nouvelle r\u00e9colte 25\/26 \ud83d\udc9a"},"content":{"rendered":"<p>Notre <strong><em>huile de premi\u00e8re maturit\u00e9<\/em><\/strong> se distingue par son profil sensoriel exclusif avec des notes fra\u00eeches et fruit\u00e9es de tomate verte, d\u2019herbe fra\u00eechement coup\u00e9e et, parfois, m\u00eame une touche d\u2019amande verte. Cette saveur intense et vibrante transforme n\u2019importe quel plat en une exp\u00e9rience gastronomique. Format de <strong>5 litres<\/strong> pour profiter au maximum <strong>de l&rsquo;huile Primer Raig<\/strong> , la premi\u00e8re pression de la r\u00e9colte avec toute la saveur et la fra\u00eecheur de <strong>Castelldans<\/strong> . Cette huile extra vierge, riche en polyph\u00e9nols, est parfaite pour les familles ou les vrais amateurs d&rsquo;huile d&rsquo;olive. Une <strong>\u00e9dition limit\u00e9e<\/strong> qui apporte l&rsquo;essence de la campagne directement \u00e0 votre table, en prenant soin de chaque d\u00e9tail pour que vous profitiez d&rsquo;une qualit\u00e9 in\u00e9gal\u00e9e dans chaque plat. \u00a0 \u00a0 \u00a0 <img loading=\"lazy\" decoding=\"async\" class=\"wp-image-1313 aligncenter\" src=\"https:\/\/www.oliferm.com\/wp-content\/uploads\/2024\/03\/VENDA-DE-PROXIMITAT-300x300.webp\" alt=\"logo de vente de proximit\u00e9\" width=\"104\" height=\"104\" \/><\/p>\n","protected":false},"excerpt":{"rendered":"<p>Notre huile de premi\u00e8re maturit\u00e9 se distingue par son profil sensoriel exclusif avec des notes fra\u00eeches et fruit\u00e9es de tomate verte, d\u2019herbe fra\u00eechement coup\u00e9e et, parfois, m\u00eame une touche d\u2019amande verte. Cette saveur intense et vibrante transforme n\u2019importe quel plat en une exp\u00e9rience gastronomique. Format de 5 litres pour profiter au maximum de l&rsquo;huile Primer [&hellip;]<\/p>\n","protected":false},"featured_media":986,"comment_status":"open","ping_status":"closed","template":"","meta":{"_acf_changed":false},"product_brand":[],"product_cat":[96],"product_tag":[],"class_list":{"0":"post-985","1":"product","2":"type-product","3":"status-publish","4":"has-post-thumbnail","6":"product_cat-huile-dolive-extra-vierge","7":"product_shipping_class-0kg-fr","9":"first","10":"outofstock","11":"taxable","12":"shipping-taxable","13":"purchasable","14":"product-type-simple"},"acf":[],"yoast_head":"<!-- This site is optimized with the Yoast SEO plugin v27.5 - https:\/\/yoast.com\/product\/yoast-seo-wordpress\/ -->\n<title>OliFERM del Raig Bouteille 5L - nouvelle r\u00e9colte 25\/26 \ud83d\udc9a - OliFERM - Oli d&#039;Oliva Verge Extra<\/title>\n<meta name=\"description\" content=\"Format de 5 litres pour profiter au maximum de l&#039;Oli del Primer Raig, le premier pressage de la r\u00e9colte avec toute la saveur et la fra\u00eecheur de Castelldans.\" \/>\n<meta name=\"robots\" content=\"index, follow, max-snippet:-1, max-image-preview:large, max-video-preview:-1\" \/>\n<link rel=\"canonical\" href=\"https:\/\/www.oliferm.com\/fr\/producte\/garrafa-5l-oliferm-del-raig\/\" \/>\n<meta property=\"og:locale\" content=\"fr_FR\" \/>\n<meta property=\"og:type\" content=\"article\" \/>\n<meta property=\"og:title\" content=\"OliFERM del Raig Bouteille 5L - nouvelle r\u00e9colte 25\/26 \ud83d\udc9a - OliFERM - Oli d&#039;Oliva Verge Extra\" \/>\n<meta property=\"og:description\" content=\"Format de 5 litres pour profiter au maximum de l&#039;Oli del Primer Raig, le premier pressage de la r\u00e9colte avec toute la saveur et la fra\u00eecheur de Castelldans.\" \/>\n<meta property=\"og:url\" content=\"https:\/\/www.oliferm.com\/fr\/producte\/garrafa-5l-oliferm-del-raig\/\" \/>\n<meta property=\"og:site_name\" content=\"OliFERM - Oli d&#039;Oliva Verge Extra\" \/>\n<meta property=\"article:publisher\" content=\"https:\/\/www.facebook.com\/oliferm\" \/>\n<meta property=\"article:modified_time\" content=\"2025-11-07T08:24:25+00:00\" \/>\n<meta property=\"og:image\" content=\"https:\/\/www.oliferm.com\/wp-content\/uploads\/2023\/07\/5l-raig2-684x1024.png\" \/>\n\t<meta property=\"og:image:width\" content=\"684\" \/>\n\t<meta property=\"og:image:height\" content=\"1024\" \/>\n\t<meta property=\"og:image:type\" content=\"image\/png\" \/>\n<meta name=\"twitter:card\" content=\"summary_large_image\" \/>\n<meta name=\"twitter:label1\" content=\"Dur\u00e9e de lecture estim\u00e9e\" \/>\n\t<meta name=\"twitter:data1\" content=\"1 minute\" \/>\n<!-- \/ Yoast SEO plugin. -->","yoast_head_json":{"title":"OliFERM del Raig Bouteille 5L - nouvelle r\u00e9colte 25\/26 \ud83d\udc9a - OliFERM - Oli d&#039;Oliva Verge Extra","description":"Format de 5 litres pour profiter au maximum de l'Oli del Primer Raig, le premier pressage de la r\u00e9colte avec toute la saveur et la fra\u00eecheur de Castelldans.","robots":{"index":"index","follow":"follow","max-snippet":"max-snippet:-1","max-image-preview":"max-image-preview:large","max-video-preview":"max-video-preview:-1"},"canonical":"https:\/\/www.oliferm.com\/fr\/producte\/garrafa-5l-oliferm-del-raig\/","og_locale":"fr_FR","og_type":"article","og_title":"OliFERM del Raig Bouteille 5L - nouvelle r\u00e9colte 25\/26 \ud83d\udc9a - OliFERM - Oli d&#039;Oliva Verge Extra","og_description":"Format de 5 litres pour profiter au maximum de l'Oli del Primer Raig, le premier pressage de la r\u00e9colte avec toute la saveur et la fra\u00eecheur de Castelldans.","og_url":"https:\/\/www.oliferm.com\/fr\/producte\/garrafa-5l-oliferm-del-raig\/","og_site_name":"OliFERM - Oli d&#039;Oliva Verge Extra","article_publisher":"https:\/\/www.facebook.com\/oliferm","article_modified_time":"2025-11-07T08:24:25+00:00","og_image":[{"width":684,"height":1024,"url":"https:\/\/www.oliferm.com\/wp-content\/uploads\/2023\/07\/5l-raig2-684x1024.png","type":"image\/png"}],"twitter_card":"summary_large_image","twitter_misc":{"Dur\u00e9e de lecture estim\u00e9e":"1 minute"},"schema":{"@context":"https:\/\/schema.org","@graph":[{"@type":"WebPage","@id":"https:\/\/www.oliferm.com\/fr\/producte\/garrafa-5l-oliferm-del-raig\/","url":"https:\/\/www.oliferm.com\/fr\/producte\/garrafa-5l-oliferm-del-raig\/","name":"OliFERM del Raig Bouteille 5L - nouvelle r\u00e9colte 25\/26 \ud83d\udc9a - OliFERM - Oli d&#039;Oliva Verge Extra","isPartOf":{"@id":"https:\/\/www.oliferm.com\/#website"},"primaryImageOfPage":{"@id":"https:\/\/www.oliferm.com\/fr\/producte\/garrafa-5l-oliferm-del-raig\/#primaryimage"},"image":{"@id":"https:\/\/www.oliferm.com\/fr\/producte\/garrafa-5l-oliferm-del-raig\/#primaryimage"},"thumbnailUrl":"https:\/\/www.oliferm.com\/wp-content\/uploads\/2023\/07\/5l-raig2.png","datePublished":"2022-11-15T14:43:01+00:00","dateModified":"2025-11-07T08:24:25+00:00","description":"Format de 5 litres pour profiter au maximum de l'Oli del Primer Raig, le premier pressage de la r\u00e9colte avec toute la saveur et la fra\u00eecheur de Castelldans.","breadcrumb":{"@id":"https:\/\/www.oliferm.com\/fr\/producte\/garrafa-5l-oliferm-del-raig\/#breadcrumb"},"inLanguage":"fr-FR","potentialAction":[{"@type":"ReadAction","target":["https:\/\/www.oliferm.com\/fr\/producte\/garrafa-5l-oliferm-del-raig\/"]}]},{"@type":"ImageObject","inLanguage":"fr-FR","@id":"https:\/\/www.oliferm.com\/fr\/producte\/garrafa-5l-oliferm-del-raig\/#primaryimage","url":"https:\/\/www.oliferm.com\/wp-content\/uploads\/2023\/07\/5l-raig2.png","contentUrl":"https:\/\/www.oliferm.com\/wp-content\/uploads\/2023\/07\/5l-raig2.png","width":3247,"height":4863,"caption":"Bouteille d'huile de Ray 5l"},{"@type":"BreadcrumbList","@id":"https:\/\/www.oliferm.com\/fr\/producte\/garrafa-5l-oliferm-del-raig\/#breadcrumb","itemListElement":[{"@type":"ListItem","position":1,"name":"Inici","item":"https:\/\/www.oliferm.com\/fr\/"},{"@type":"ListItem","position":2,"name":"Tous les produits","item":"https:\/\/www.oliferm.com\/tots-els-productes\/"},{"@type":"ListItem","position":3,"name":"Oli d'Oliva verge extra","item":"https:\/\/www.oliferm.com\/categoria-producte\/oli-doliva-verge-extra\/"},{"@type":"ListItem","position":4,"name":"OliFERM del Raig Bouteille 5L &#8211; nouvelle r\u00e9colte 25\/26 \ud83d\udc9a"}]},{"@type":"WebSite","@id":"https:\/\/www.oliferm.com\/#website","url":"https:\/\/www.oliferm.com\/","name":"OliFERM - Oli d&#039;Oliva Verge Extra","description":"Cooperativa de Castelldans","publisher":{"@id":"https:\/\/www.oliferm.com\/#organization"},"potentialAction":[{"@type":"SearchAction","target":{"@type":"EntryPoint","urlTemplate":"https:\/\/www.oliferm.com\/?s={search_term_string}"},"query-input":{"@type":"PropertyValueSpecification","valueRequired":true,"valueName":"search_term_string"}}],"inLanguage":"fr-FR"},{"@type":"Organization","@id":"https:\/\/www.oliferm.com\/#organization","name":"OliFERM - Cooperativa de Castelldans","url":"https:\/\/www.oliferm.com\/","logo":{"@type":"ImageObject","inLanguage":"fr-FR","@id":"https:\/\/www.oliferm.com\/#\/schema\/logo\/image\/","url":"https:\/\/www.oliferm.com\/wp-content\/uploads\/2022\/02\/logo-ppal.png","contentUrl":"https:\/\/www.oliferm.com\/wp-content\/uploads\/2022\/02\/logo-ppal.png","width":700,"height":542,"caption":"OliFERM - Cooperativa de Castelldans"},"image":{"@id":"https:\/\/www.oliferm.com\/#\/schema\/logo\/image\/"},"sameAs":["https:\/\/www.facebook.com\/oliferm","https:\/\/www.instagram.com\/cooperativacastelldans\/"]}]}},"_links":{"self":[{"href":"https:\/\/www.oliferm.com\/fr\/wp-json\/wp\/v2\/product\/985","targetHints":{"allow":["GET"]}}],"collection":[{"href":"https:\/\/www.oliferm.com\/fr\/wp-json\/wp\/v2\/product"}],"about":[{"href":"https:\/\/www.oliferm.com\/fr\/wp-json\/wp\/v2\/types\/product"}],"replies":[{"embeddable":true,"href":"https:\/\/www.oliferm.com\/fr\/wp-json\/wp\/v2\/comments?post=985"}],"wp:featuredmedia":[{"embeddable":true,"href":"https:\/\/www.oliferm.com\/fr\/wp-json\/wp\/v2\/media\/986"}],"wp:attachment":[{"href":"https:\/\/www.oliferm.com\/fr\/wp-json\/wp\/v2\/media?parent=985"}],"wp:term":[{"taxonomy":"product_brand","embeddable":true,"href":"https:\/\/www.oliferm.com\/fr\/wp-json\/wp\/v2\/product_brand?post=985"},{"taxonomy":"product_cat","embeddable":true,"href":"https:\/\/www.oliferm.com\/fr\/wp-json\/wp\/v2\/product_cat?post=985"},{"taxonomy":"product_tag","embeddable":true,"href":"https:\/\/www.oliferm.com\/fr\/wp-json\/wp\/v2\/product_tag?post=985"}],"curies":[{"name":"wp","href":"https:\/\/api.w.org\/{rel}","templated":true}]}}