{"id":988,"date":"2022-02-24T12:22:40","date_gmt":"2023-10-30T17:40:43","guid":{"rendered":"https:\/\/www.oliferm.com\/producte\/flacon-500ml-oliferm\/"},"modified":"2025-04-16T17:51:01","modified_gmt":"2025-04-16T17:51:01","slug":"bouteille-500ml-oliferm","status":"publish","type":"product","link":"https:\/\/www.oliferm.com\/fr\/producte\/bouteille-500ml-oliferm\/","title":{"rendered":"Bouteille de 500ML OliFERM"},"content":{"rendered":"<p>Notre d\u00e9licieux OliFERM se m\u00eale \u00e0 votre go\u00fbt et \u00e0 votre odorat pour vous faire vivre une exp\u00e9rience culinaire hors du commun. Il rehausse le go\u00fbt des recettes avec une touche champ\u00eatre unique. <\/p>\n<p>&#8211; Rehaussez la saveur de vos plats.<\/p>\n<p>&#8211; R\u00e9duit le cholest\u00e9rol.<\/p>\n<p>&#8211; Aide \u00e0 perdre du poids.<\/p>\n<p>&#8211; Ar\u00f4me d&rsquo;herbe fra\u00eechement coup\u00e9e.<\/p>\n<p>&#8211; Riche en vitamines (A, D, E et K).<\/p>\n","protected":false},"excerpt":{"rendered":"<p>Notre d\u00e9licieux OliFERM se m\u00eale \u00e0 votre go\u00fbt et \u00e0 votre odorat pour vous faire vivre une exp\u00e9rience culinaire hors du commun. Il rehausse le go\u00fbt des recettes avec une touche champ\u00eatre unique. &#8211; Rehaussez la saveur de vos plats. &#8211; R\u00e9duit le cholest\u00e9rol. &#8211; Aide \u00e0 perdre du poids. &#8211; Ar\u00f4me d&rsquo;herbe fra\u00eechement coup\u00e9e. [&hellip;]<\/p>\n","protected":false},"featured_media":989,"comment_status":"open","ping_status":"closed","template":"","meta":{"_acf_changed":false},"product_brand":[],"product_cat":[96],"product_tag":[],"class_list":{"0":"post-988","1":"product","2":"type-product","3":"status-publish","4":"has-post-thumbnail","6":"product_cat-huile-dolive-extra-vierge","8":"first","9":"instock","10":"taxable","11":"shipping-taxable","12":"purchasable","13":"product-type-simple"},"acf":[],"yoast_head":"<!-- This site is optimized with the Yoast SEO plugin v27.5 - https:\/\/yoast.com\/product\/yoast-seo-wordpress\/ -->\n<title>Bouteille de 500ML OliFERM - OliFERM - Oli d&#039;Oliva Verge Extra<\/title>\n<meta name=\"robots\" content=\"index, follow, max-snippet:-1, max-image-preview:large, max-video-preview:-1\" \/>\n<link rel=\"canonical\" href=\"https:\/\/www.oliferm.com\/fr\/producte\/bouteille-500ml-oliferm\/\" \/>\n<meta property=\"og:locale\" content=\"fr_FR\" \/>\n<meta property=\"og:type\" content=\"article\" \/>\n<meta property=\"og:title\" content=\"Bouteille de 500ML OliFERM - OliFERM - Oli d&#039;Oliva Verge Extra\" \/>\n<meta property=\"og:description\" content=\"Notre d\u00e9licieux OliFERM se m\u00eale \u00e0 votre go\u00fbt et \u00e0 votre odorat pour vous faire vivre une exp\u00e9rience culinaire hors du commun. Il rehausse le go\u00fbt des recettes avec une touche champ\u00eatre unique. &#8211; Rehaussez la saveur de vos plats. &#8211; R\u00e9duit le cholest\u00e9rol. &#8211; Aide \u00e0 perdre du poids. &#8211; Ar\u00f4me d&rsquo;herbe fra\u00eechement coup\u00e9e. [&hellip;]\" \/>\n<meta property=\"og:url\" content=\"https:\/\/www.oliferm.com\/fr\/producte\/bouteille-500ml-oliferm\/\" \/>\n<meta property=\"og:site_name\" content=\"OliFERM - Oli d&#039;Oliva Verge Extra\" \/>\n<meta property=\"article:publisher\" content=\"https:\/\/www.facebook.com\/oliferm\" \/>\n<meta property=\"article:modified_time\" content=\"2025-04-16T17:51:01+00:00\" \/>\n<meta property=\"og:image\" content=\"https:\/\/www.oliferm.com\/wp-content\/uploads\/2022\/02\/12.jpg\" \/>\n\t<meta property=\"og:image:width\" content=\"1080\" \/>\n\t<meta property=\"og:image:height\" content=\"1150\" \/>\n\t<meta property=\"og:image:type\" content=\"image\/jpeg\" \/>\n<meta name=\"twitter:card\" content=\"summary_large_image\" \/>\n<!-- \/ Yoast SEO plugin. -->","yoast_head_json":{"title":"Bouteille de 500ML OliFERM - OliFERM - Oli d&#039;Oliva Verge Extra","robots":{"index":"index","follow":"follow","max-snippet":"max-snippet:-1","max-image-preview":"max-image-preview:large","max-video-preview":"max-video-preview:-1"},"canonical":"https:\/\/www.oliferm.com\/fr\/producte\/bouteille-500ml-oliferm\/","og_locale":"fr_FR","og_type":"article","og_title":"Bouteille de 500ML OliFERM - OliFERM - Oli d&#039;Oliva Verge Extra","og_description":"Notre d\u00e9licieux OliFERM se m\u00eale \u00e0 votre go\u00fbt et \u00e0 votre odorat pour vous faire vivre une exp\u00e9rience culinaire hors du commun. Il rehausse le go\u00fbt des recettes avec une touche champ\u00eatre unique. &#8211; Rehaussez la saveur de vos plats. &#8211; R\u00e9duit le cholest\u00e9rol. &#8211; Aide \u00e0 perdre du poids. &#8211; Ar\u00f4me d&rsquo;herbe fra\u00eechement coup\u00e9e. [&hellip;]","og_url":"https:\/\/www.oliferm.com\/fr\/producte\/bouteille-500ml-oliferm\/","og_site_name":"OliFERM - Oli d&#039;Oliva Verge Extra","article_publisher":"https:\/\/www.facebook.com\/oliferm","article_modified_time":"2025-04-16T17:51:01+00:00","og_image":[{"width":1080,"height":1150,"url":"https:\/\/www.oliferm.com\/wp-content\/uploads\/2022\/02\/12.jpg","type":"image\/jpeg"}],"twitter_card":"summary_large_image","schema":{"@context":"https:\/\/schema.org","@graph":[{"@type":"WebPage","@id":"https:\/\/www.oliferm.com\/fr\/producte\/bouteille-500ml-oliferm\/","url":"https:\/\/www.oliferm.com\/fr\/producte\/bouteille-500ml-oliferm\/","name":"Bouteille de 500ML OliFERM - OliFERM - Oli d&#039;Oliva Verge Extra","isPartOf":{"@id":"https:\/\/www.oliferm.com\/#website"},"primaryImageOfPage":{"@id":"https:\/\/www.oliferm.com\/fr\/producte\/bouteille-500ml-oliferm\/#primaryimage"},"image":{"@id":"https:\/\/www.oliferm.com\/fr\/producte\/bouteille-500ml-oliferm\/#primaryimage"},"thumbnailUrl":"https:\/\/www.oliferm.com\/wp-content\/uploads\/2022\/02\/12.jpg","datePublished":"2023-10-30T17:40:43+00:00","dateModified":"2025-04-16T17:51:01+00:00","breadcrumb":{"@id":"https:\/\/www.oliferm.com\/fr\/producte\/bouteille-500ml-oliferm\/#breadcrumb"},"inLanguage":"fr-FR","potentialAction":[{"@type":"ReadAction","target":["https:\/\/www.oliferm.com\/fr\/producte\/bouteille-500ml-oliferm\/"]}]},{"@type":"ImageObject","inLanguage":"fr-FR","@id":"https:\/\/www.oliferm.com\/fr\/producte\/bouteille-500ml-oliferm\/#primaryimage","url":"https:\/\/www.oliferm.com\/wp-content\/uploads\/2022\/02\/12.jpg","contentUrl":"https:\/\/www.oliferm.com\/wp-content\/uploads\/2022\/02\/12.jpg","width":1080,"height":1150,"caption":"Oliferm 250ml bouteille en verre"},{"@type":"BreadcrumbList","@id":"https:\/\/www.oliferm.com\/fr\/producte\/bouteille-500ml-oliferm\/#breadcrumb","itemListElement":[{"@type":"ListItem","position":1,"name":"Inici","item":"https:\/\/www.oliferm.com\/fr\/"},{"@type":"ListItem","position":2,"name":"Tous les produits","item":"https:\/\/www.oliferm.com\/tots-els-productes\/"},{"@type":"ListItem","position":3,"name":"Oli d'Oliva verge extra","item":"https:\/\/www.oliferm.com\/categoria-producte\/oli-doliva-verge-extra\/"},{"@type":"ListItem","position":4,"name":"Bouteille de 500ML OliFERM"}]},{"@type":"WebSite","@id":"https:\/\/www.oliferm.com\/#website","url":"https:\/\/www.oliferm.com\/","name":"OliFERM - Oli d&#039;Oliva Verge Extra","description":"Cooperativa de Castelldans","publisher":{"@id":"https:\/\/www.oliferm.com\/#organization"},"potentialAction":[{"@type":"SearchAction","target":{"@type":"EntryPoint","urlTemplate":"https:\/\/www.oliferm.com\/?s={search_term_string}"},"query-input":{"@type":"PropertyValueSpecification","valueRequired":true,"valueName":"search_term_string"}}],"inLanguage":"fr-FR"},{"@type":"Organization","@id":"https:\/\/www.oliferm.com\/#organization","name":"OliFERM - Cooperativa de Castelldans","url":"https:\/\/www.oliferm.com\/","logo":{"@type":"ImageObject","inLanguage":"fr-FR","@id":"https:\/\/www.oliferm.com\/#\/schema\/logo\/image\/","url":"https:\/\/www.oliferm.com\/wp-content\/uploads\/2022\/02\/logo-ppal.png","contentUrl":"https:\/\/www.oliferm.com\/wp-content\/uploads\/2022\/02\/logo-ppal.png","width":700,"height":542,"caption":"OliFERM - Cooperativa de Castelldans"},"image":{"@id":"https:\/\/www.oliferm.com\/#\/schema\/logo\/image\/"},"sameAs":["https:\/\/www.facebook.com\/oliferm","https:\/\/www.instagram.com\/cooperativacastelldans\/"]}]}},"_links":{"self":[{"href":"https:\/\/www.oliferm.com\/fr\/wp-json\/wp\/v2\/product\/988","targetHints":{"allow":["GET"]}}],"collection":[{"href":"https:\/\/www.oliferm.com\/fr\/wp-json\/wp\/v2\/product"}],"about":[{"href":"https:\/\/www.oliferm.com\/fr\/wp-json\/wp\/v2\/types\/product"}],"replies":[{"embeddable":true,"href":"https:\/\/www.oliferm.com\/fr\/wp-json\/wp\/v2\/comments?post=988"}],"wp:featuredmedia":[{"embeddable":true,"href":"https:\/\/www.oliferm.com\/fr\/wp-json\/wp\/v2\/media\/989"}],"wp:attachment":[{"href":"https:\/\/www.oliferm.com\/fr\/wp-json\/wp\/v2\/media?parent=988"}],"wp:term":[{"taxonomy":"product_brand","embeddable":true,"href":"https:\/\/www.oliferm.com\/fr\/wp-json\/wp\/v2\/product_brand?post=988"},{"taxonomy":"product_cat","embeddable":true,"href":"https:\/\/www.oliferm.com\/fr\/wp-json\/wp\/v2\/product_cat?post=988"},{"taxonomy":"product_tag","embeddable":true,"href":"https:\/\/www.oliferm.com\/fr\/wp-json\/wp\/v2\/product_tag?post=988"}],"curies":[{"name":"wp","href":"https:\/\/api.w.org\/{rel}","templated":true}]}}